{"id":766,"date":"2019-02-06T23:53:38","date_gmt":"2019-02-06T20:53:38","guid":{"rendered":"http:\/\/hortum.com.tr\/product\/import-placeholder-for-108\/"},"modified":"2024-03-21T17:42:54","modified_gmt":"2024-03-21T14:42:54","slug":"kumlama-kurtagzi-dokum-disi","status":"publish","type":"product","link":"https:\/\/tuzlahortum.com.tr\/en\/product\/kumlama-kurtagzi-dokum-disi\/","title":{"rendered":"Sandblasting Dovetail Casting \u2013 ( Female )"},"content":{"rendered":"<h2>Sandblasting Dovetail Casting \u2013 ( Female )<\/h2>","protected":false},"excerpt":{"rendered":"<p>Sandblasting Dovetail Casting \u2013 ( Female )<\/p>","protected":false},"featured_media":1786,"comment_status":"open","ping_status":"closed","template":"","meta":{"jetpack_post_was_ever_published":false},"product_brand":[],"product_cat":[2325],"product_tag":[257,851,911,923,918],"class_list":{"0":"post-766","1":"product","2":"type-product","3":"status-publish","4":"has-post-thumbnail","6":"product_cat-kurtagzi","7":"product_tag-disi","8":"product_tag-dokum","9":"product_tag-kumlama","10":"product_tag-kumlama-kurtagzi-dokum-disi","11":"product_tag-kurtagzi","13":"first","14":"instock","15":"taxable","16":"shipping-taxable","17":"product-type-variable"},"jetpack-related-posts":[{"id":765,"url":"https:\/\/tuzlahortum.com.tr\/en\/product\/kumlama-kurtagzi-dokum\/","url_meta":{"origin":766,"position":0},"title":"Sandblast Dovetail Casting","author":"admin","date":"6 February 2019","format":false,"excerpt":"Kumlama Kurta\u011fz\u0131 D\u00f6k\u00fcmKumlama Hortumlar\u0131n\u0131 birle\u015ftirmek veya kazan silo gibi devrelere ba\u011flamak i\u00e7in kullanabilece\u011finiz ba\u011flant\u0131 aparat\u0131. Di\u011fer sistemlere g\u00f6re hortum adapt\u00f6r\u00fcn i\u00e7ine monte edildi\u011fi i\u00e7in malzeme ak\u0131\u015f\u0131nda herhangi bir daralma olmaz. 1\" ve 1 1\/4\" kumlama hortumlar\u0131na g\u00f6re kurta\u011fz\u0131 \u00e7e\u015fitleri mevcuttur.","rel":"","context":"Similar post","block_context":{"text":"Similar post","link":""},"img":{"alt_text":"","src":"https:\/\/i0.wp.com\/tuzlahortum.com.tr\/wp-content\/uploads\/urunler\/Kumlama\/kumlama_kurtagzi_dokum.jpg?fit=210%2C240&ssl=1&resize=350%2C200","width":350,"height":200},"classes":[]},{"id":763,"url":"https:\/\/tuzlahortum.com.tr\/en\/product\/kumlama-kurtagzi-contasi\/","url_meta":{"origin":766,"position":1},"title":"Sandblast Dovetail Gasket(Large)","author":"admin","date":"6 February 2019","format":false,"excerpt":"Kumlama Kurta\u011fz\u0131 Contas\u0131(B\u00fcy\u00fck)Kumlama Kurta\u011f\u0131zlar\u0131nda kullan\u0131lan yedek conta","rel":"","context":"Similar post","block_context":{"text":"Similar post","link":""},"img":{"alt_text":"","src":"https:\/\/i0.wp.com\/tuzlahortum.com.tr\/wp-content\/uploads\/urunler\/Kumlama\/kumlama_kurtagzi_contasi.jpg?fit=300%2C300&ssl=1&resize=350%2C200","width":350,"height":200},"classes":[]},{"id":8043,"url":"https:\/\/tuzlahortum.com.tr\/en\/product\/disi-kurtagzi\/","url_meta":{"origin":766,"position":2},"title":"Female Dovetail","author":"\u0130smail \u00c7elik","date":"13 March 2019","format":false,"excerpt":"Female Dovetail","rel":"","context":"Similar post","block_context":{"text":"Similar post","link":""},"img":{"alt_text":"","src":"https:\/\/i0.wp.com\/tuzlahortum.com.tr\/wp-content\/uploads\/2019\/03\/di%C5%9Fi-kurta%C4%9Fz%C4%B1.jpg?fit=640%2C480&ssl=1&resize=350%2C200","width":350,"height":200,"srcset":"https:\/\/i0.wp.com\/tuzlahortum.com.tr\/wp-content\/uploads\/2019\/03\/di%C5%9Fi-kurta%C4%9Fz%C4%B1.jpg?fit=640%2C480&ssl=1&resize=350%2C200 1x, https:\/\/i0.wp.com\/tuzlahortum.com.tr\/wp-content\/uploads\/2019\/03\/di%C5%9Fi-kurta%C4%9Fz%C4%B1.jpg?fit=640%2C480&ssl=1&resize=525%2C300 1.5x"},"classes":[]},{"id":774,"url":"https:\/\/tuzlahortum.com.tr\/en\/product\/kurtagzi-contasi\/","url_meta":{"origin":766,"position":3},"title":"Dovetail Gasket(Small)","author":"admin","date":"6 February 2019","format":false,"excerpt":"Dovetail Gasket(Small)","rel":"","context":"Similar post","block_context":{"text":"Similar post","link":""},"img":{"alt_text":"","src":"https:\/\/i0.wp.com\/tuzlahortum.com.tr\/wp-content\/uploads\/urunler\/Kumlama\/kumlama_kurtagzi_contasi.jpg?fit=300%2C300&ssl=1&resize=350%2C200","width":350,"height":200},"classes":[]},{"id":8037,"url":"https:\/\/tuzlahortum.com.tr\/en\/product\/erkek-kurtagzi\/","url_meta":{"origin":766,"position":4},"title":"Male Dovetail","author":"\u0130smail \u00c7elik","date":"13 March 2019","format":false,"excerpt":"Male Dovetail","rel":"","context":"Similar post","block_context":{"text":"Similar post","link":""},"img":{"alt_text":"","src":"https:\/\/i0.wp.com\/tuzlahortum.com.tr\/wp-content\/uploads\/2019\/03\/erkek-kurta%C4%9Fz%C4%B1.jpg?fit=640%2C480&ssl=1&resize=350%2C200","width":350,"height":200,"srcset":"https:\/\/i0.wp.com\/tuzlahortum.com.tr\/wp-content\/uploads\/2019\/03\/erkek-kurta%C4%9Fz%C4%B1.jpg?fit=640%2C480&ssl=1&resize=350%2C200 1x, https:\/\/i0.wp.com\/tuzlahortum.com.tr\/wp-content\/uploads\/2019\/03\/erkek-kurta%C4%9Fz%C4%B1.jpg?fit=640%2C480&ssl=1&resize=525%2C300 1.5x"},"classes":[]},{"id":8044,"url":"https:\/\/tuzlahortum.com.tr\/en\/product\/uzun-kurtagzi\/","url_meta":{"origin":766,"position":5},"title":"Long Dovetail","author":"\u0130smail \u00c7elik","date":"13 March 2019","format":false,"excerpt":"Long Dovetail","rel":"","context":"Similar post","block_context":{"text":"Similar post","link":""},"img":{"alt_text":"","src":"https:\/\/i0.wp.com\/tuzlahortum.com.tr\/wp-content\/uploads\/2019\/03\/uzun-kurta%C4%9Fz%C4%B1.jpg?fit=640%2C480&ssl=1&resize=350%2C200","width":350,"height":200,"srcset":"https:\/\/i0.wp.com\/tuzlahortum.com.tr\/wp-content\/uploads\/2019\/03\/uzun-kurta%C4%9Fz%C4%B1.jpg?fit=640%2C480&ssl=1&resize=350%2C200 1x, https:\/\/i0.wp.com\/tuzlahortum.com.tr\/wp-content\/uploads\/2019\/03\/uzun-kurta%C4%9Fz%C4%B1.jpg?fit=640%2C480&ssl=1&resize=525%2C300 1.5x"},"classes":[]}],"jetpack_sharing_enabled":true,"jetpack_likes_enabled":true,"_links":{"self":[{"href":"https:\/\/tuzlahortum.com.tr\/en\/wp-json\/wp\/v2\/product\/766","targetHints":{"allow":["GET"]}}],"collection":[{"href":"https:\/\/tuzlahortum.com.tr\/en\/wp-json\/wp\/v2\/product"}],"about":[{"href":"https:\/\/tuzlahortum.com.tr\/en\/wp-json\/wp\/v2\/types\/product"}],"replies":[{"embeddable":true,"href":"https:\/\/tuzlahortum.com.tr\/en\/wp-json\/wp\/v2\/comments?post=766"}],"wp:featuredmedia":[{"embeddable":true,"href":"https:\/\/tuzlahortum.com.tr\/en\/wp-json\/wp\/v2\/media\/1786"}],"wp:attachment":[{"href":"https:\/\/tuzlahortum.com.tr\/en\/wp-json\/wp\/v2\/media?parent=766"}],"wp:term":[{"taxonomy":"product_brand","embeddable":true,"href":"https:\/\/tuzlahortum.com.tr\/en\/wp-json\/wp\/v2\/product_brand?post=766"},{"taxonomy":"product_cat","embeddable":true,"href":"https:\/\/tuzlahortum.com.tr\/en\/wp-json\/wp\/v2\/product_cat?post=766"},{"taxonomy":"product_tag","embeddable":true,"href":"https:\/\/tuzlahortum.com.tr\/en\/wp-json\/wp\/v2\/product_tag?post=766"}],"curies":[{"name":"wp","href":"https:\/\/api.w.org\/{rel}","templated":true}]}}