{"id":759,"date":"2019-02-06T23:53:36","date_gmt":"2019-02-06T20:53:36","guid":{"rendered":"http:\/\/hortum.com.tr\/product\/import-placeholder-for-605\/"},"modified":"2024-03-21T17:42:57","modified_gmt":"2024-03-21T14:42:57","slug":"kraft-hortum","status":"publish","type":"product","link":"https:\/\/tuzlahortum.com.tr\/en\/product\/kraft-hortum\/","title":{"rendered":"Kraft Hose"},"content":{"rendered":"<h2>Kraft Hose<\/h2>\n<p>Kraft hoses; It is a flexible, practical and easy-to-apply aesthetic product that can be used in automotive, textile, ventilation and decoration areas. Our product, which is made of kraft paper and aluminum material, is used for easy and flexible transportation of hot or cold air in ventilation systems of all kinds of motor vehicles, textile, food and printing machines. It can be produced as black and yellow (kraft) in appearance.<\/p>\n<div class=\"video video-fit mb\" style=\"padding-top:56.25%;\"><p><iframe loading=\"lazy\" title=\"Measurement Confusion (Inch, Finger, Haze, Millimeter)\" width=\"1020\" height=\"574\" src=\"https:\/\/www.youtube.com\/embed\/uKk6AG_AZls?feature=oembed\" frameborder=\"0\" allow=\"accelerometer; autoplay; clipboard-write; encrypted-media; gyroscope; picture-in-picture; web-share\" referrerpolicy=\"strict-origin-when-cross-origin\" allowfullscreen><\/iframe><\/p>\n<\/div>\n<p>&nbsp;<\/p>\n<table border=\"0\" cellspacing=\"0\" cellpadding=\"0\">\n<tbody>\n<tr>\n<td>\n<table id=\"t1\">\n<thead>\n<tr>\n<th id=\"n1\" class=\"t1\" scope=\"col\">Technicial Specifications:<\/th>\n<th id=\"n2\" class=\"t1\" scope=\"col\">Flex Hoses<\/th>\n<\/tr>\n<\/thead>\n<tbody>\n<tr class=\"table-alternate row1\">\n<td id=\"n1\" class=\"start\">Manufacturing Types:<\/td>\n<td id=\"n2\">\n<ul>\n<li>KAK : (Outer) Kraft Paper + (Middle) Aluminum + (Inner) Kraft Paper<\/li>\n<li>PAK : (Outer) Plastic + (Middle) Aluminum + (Inner) Kraft Paper<\/li>\n<li>PKA : (Outer) Plastic + (Middle) Kraft Paper + (Inner) Aluminum<\/li>\n<li>PA : (Outer) Plastic + (Inner) Aluminum<\/li>\n<\/ul>\n<\/td>\n<\/tr>\n<tr class=\"table-noalt row2\">\n<td id=\"n1\" class=\"start\">Diameter Range:<\/td>\n<td id=\"n2\">38 \u2013 40 \u2013 42 \u2013 50 \u2013 55 \u2013 60 \u2013 65 \u2013 70 \u2013 75 \u2013 80 \u2013 90 \u2013 100 mm<\/td>\n<\/tr>\n<tr class=\"table-alternate row3\">\n<td id=\"n1\" class=\"start\">Operating temperature:<\/td>\n<td id=\"n2\">-40\u00b0C \/ +130\u00b0C<\/td>\n<\/tr>\n<tr class=\"table-noalt row4\">\n<td id=\"n1\" class=\"start\">Elongation Rate:<\/td>\n<td id=\"n2\">1\/3<\/td>\n<\/tr>\n<tr class=\"table-alternate row5\">\n<td id=\"n1\" class=\"start\">Standard Size:<\/td>\n<td id=\"n2\">It is shipped in the form of a 25 meter vineyard.<\/td>\n<\/tr>\n<tr class=\"table-noalt row6\">\n<td id=\"n1\" class=\"start\">Usage areas:<\/td>\n<td id=\"n2\">It is used for easy and flexible transportation of hot or cold air in ventilation systems of cars, buses, trucks, lorries, ships, caravans and all kinds of motor vehicles, textile and food machinery, printing machines.<\/td>\n<\/tr>\n<\/tbody>\n<\/table>\n<\/td>\n<\/tr>\n<\/tbody>\n<\/table>","protected":false},"excerpt":{"rendered":"<p>Kraft Hortum Kraft hortumlar; otomotiv, tekstil, havaland\u0131rma, dekorasyon alanlar\u0131nda kullan\u0131labilen esnek, pratik ve uygulamas\u0131 kolay estetik bir \u00fcr\u00fcnd\u00fcr. Kraft ka\u011f\u0131d\u0131 ve al\u00fcminyum malzemeden imal edilen \u00fcr\u00fcn\u00fcm\u00fcz\u00a0her t\u00fcrl\u00fc motorlu arac\u0131n havaland\u0131rma sistemlerinde, tekstil, g\u0131da ve matbaa makinelerinde, s\u0131cak veya so\u011fuk havan\u0131n kolay, esnek ta\u015f\u0131nmas\u0131 i\u00e7in kullan\u0131l\u0131r. G\u00f6r\u00fcn\u00fcm olarak\u00a0siyah ve sar\u0131 (kraft) olarak imal edilebilmektedir. &nbsp; Teknik [&#8230;]\n","protected":false},"featured_media":411,"comment_status":"open","ping_status":"closed","template":"","meta":{"jetpack_post_was_ever_published":false},"product_brand":[],"product_cat":[136],"product_tag":[909,222,402,369,290,906,907,491,296,908],"class_list":{"0":"post-759","1":"product","2":"type-product","3":"status-publish","4":"has-post-thumbnail","6":"product_cat-kraft-hortumlar","7":"product_tag-dekorasyon","8":"product_tag-esnek","9":"product_tag-gida","10":"product_tag-havalandirma","11":"product_tag-hortum","12":"product_tag-kraft","13":"product_tag-kraft-hortum","14":"product_tag-matbaa","15":"product_tag-otomotiv","16":"product_tag-tekstil","18":"first","19":"instock","20":"featured","21":"taxable","22":"shipping-taxable","23":"product-type-variable"},"jetpack-related-posts":[],"jetpack_sharing_enabled":true,"jetpack_likes_enabled":true,"_links":{"self":[{"href":"https:\/\/tuzlahortum.com.tr\/en\/wp-json\/wp\/v2\/product\/759","targetHints":{"allow":["GET"]}}],"collection":[{"href":"https:\/\/tuzlahortum.com.tr\/en\/wp-json\/wp\/v2\/product"}],"about":[{"href":"https:\/\/tuzlahortum.com.tr\/en\/wp-json\/wp\/v2\/types\/product"}],"replies":[{"embeddable":true,"href":"https:\/\/tuzlahortum.com.tr\/en\/wp-json\/wp\/v2\/comments?post=759"}],"wp:featuredmedia":[{"embeddable":true,"href":"https:\/\/tuzlahortum.com.tr\/en\/wp-json\/wp\/v2\/media\/411"}],"wp:attachment":[{"href":"https:\/\/tuzlahortum.com.tr\/en\/wp-json\/wp\/v2\/media?parent=759"}],"wp:term":[{"taxonomy":"product_brand","embeddable":true,"href":"https:\/\/tuzlahortum.com.tr\/en\/wp-json\/wp\/v2\/product_brand?post=759"},{"taxonomy":"product_cat","embeddable":true,"href":"https:\/\/tuzlahortum.com.tr\/en\/wp-json\/wp\/v2\/product_cat?post=759"},{"taxonomy":"product_tag","embeddable":true,"href":"https:\/\/tuzlahortum.com.tr\/en\/wp-json\/wp\/v2\/product_tag?post=759"}],"curies":[{"name":"wp","href":"https:\/\/api.w.org\/{rel}","templated":true}]}}