{"id":757,"date":"2019-02-06T23:53:24","date_gmt":"2019-02-06T20:53:24","guid":{"rendered":"http:\/\/hortum.com.tr\/product\/import-placeholder-for-582\/"},"modified":"2024-03-21T17:42:58","modified_gmt":"2024-03-21T14:42:58","slug":"suzgecli-dip-klape","status":"publish","type":"product","link":"https:\/\/tuzlahortum.com.tr\/en\/product\/suzgecli-dip-klape\/","title":{"rendered":"Bottom Valve with Strainer"},"content":{"rendered":"<h2>Bottom Valve with Strainer<\/h2>","protected":false},"excerpt":{"rendered":"<p>Bottom Valve with Strainer<\/p>","protected":false},"featured_media":2695,"comment_status":"open","ping_status":"closed","template":"","meta":{"jetpack_post_was_ever_published":false},"product_brand":[],"product_cat":[198],"product_tag":[902,2172,896,901,2176,903],"class_list":{"0":"post-757","1":"product","2":"type-product","3":"status-publish","4":"has-post-thumbnail","6":"product_cat-klapeler","7":"product_tag-dip","8":"product_tag-klape","9":"product_tag-klepe","10":"product_tag-suzgecli","11":"product_tag-suzgecli-dip-klape","12":"product_tag-suzgecli-dip-klepe","14":"first","15":"instock","16":"taxable","17":"shipping-taxable","18":"product-type-variable"},"jetpack-related-posts":[{"id":754,"url":"https:\/\/tuzlahortum.com.tr\/en\/product\/pik-klape-pik-suzgec\/","url_meta":{"origin":757,"position":0},"title":"Peak Valve(Peak Strainer)","author":"admin","date":"6 February 2019","format":false,"excerpt":"Peak Valve(Peak Strainer)","rel":"","context":"Similar post","block_context":{"text":"Similar post","link":""},"img":{"alt_text":"","src":"https:\/\/i0.wp.com\/tuzlahortum.com.tr\/wp-content\/uploads\/2019\/02\/Pik-KlapePik-S%C3%BCzge%C3%A7.jpg?fit=500%2C372&ssl=1&resize=350%2C200","width":350,"height":200},"classes":[]},{"id":755,"url":"https:\/\/tuzlahortum.com.tr\/en\/product\/sari-klape\/","url_meta":{"origin":757,"position":1},"title":"Yellow Flap","author":"admin","date":"6 February 2019","format":false,"excerpt":"Sar\u0131 Klape\u00a0 ISO 9001 Kalite Sistem Sertfikas\u0131. Maksimum ak\u0131\u015fkanl\u0131k i\u00e7in tam ge\u00e7i\u015f. ISO 228 Di\u015fi X Di\u015fi ba\u011flant\u0131. Maksimum g\u00fcvenlik i\u00e7in EPDM O-ring. End\u00fcstriyel, Tesisat ve sulama sistemlerinde kullan\u0131lmak \u00fczere geni\u015f kullan\u0131m alan\u0131. S\u0131cakl\u0131k -10\u00b0C + 50\u00b0C ANMA \u00d6L\u00c7\u00dcS\u00dc G (mm) d (mm) L (mm) 3\/4\" 20 18 90 1\"\u2026","rel":"","context":"Similar post","block_context":{"text":"Similar post","link":""},"img":{"alt_text":"","src":"https:\/\/i0.wp.com\/tuzlahortum.com.tr\/wp-content\/uploads\/2019\/02\/Sar%C4%B1-Klape.jpg?fit=520%2C350&ssl=1&resize=350%2C200","width":350,"height":200},"classes":[]},{"id":2698,"url":"https:\/\/tuzlahortum.com.tr\/en\/product\/yayli-klape-ekonomik\/","url_meta":{"origin":757,"position":2},"title":"Spring Valve (Economic)","author":"\u0130smail \u00c7elik","date":"14 February 2019","format":false,"excerpt":"Yayl\u0131 Klape (Ekonomik)ISO 9001 Kalite Sistem Sertfikas\u0131. Maksimum ak\u0131\u015fkanl\u0131k i\u00e7in tam ge\u00e7i\u015f. ISO 228 Di\u015fi X Di\u015fi ba\u011flant\u0131. \u00a0 Maksimum g\u00fcvenlik i\u00e7in EPDM O-ring. End\u00fcstriyel, Tesisat ve sulama sistemlerinde kullan\u0131lmak \u00fczere geni\u015f kullan\u0131m alan\u0131. S\u0131cakl\u0131k -10\u00b0C + 50\u00b0C ANMA \u00d6L\u00c7\u00dcS\u00dc d (mm) G (mm) L (mm) 3\/4\" 17 20 85\u2026","rel":"","context":"Similar post","block_context":{"text":"Similar post","link":""},"img":{"alt_text":"","src":"https:\/\/i0.wp.com\/tuzlahortum.com.tr\/wp-content\/uploads\/2019\/02\/yayliKlapeekonomik.jpg?fit=520%2C350&ssl=1&resize=350%2C200","width":350,"height":200},"classes":[]},{"id":756,"url":"https:\/\/tuzlahortum.com.tr\/en\/product\/yayli-klape\/","url_meta":{"origin":757,"position":3},"title":"Spring Valve","author":"admin","date":"6 February 2019","format":false,"excerpt":"Yayl\u0131 KlapeISO 9001 Kalite Sistem Sertfikas\u0131. Maksimum ak\u0131\u015fkanl\u0131k i\u00e7in tam ge\u00e7i\u015f. \u00a0 ISO 228 Di\u015fi X Di\u015fi ba\u011flant\u0131. Maksimum g\u00fcvenlik i\u00e7in EPDM O-ring. End\u00fcstriyel, Tesisat ve sulama sistemlerinde kullan\u0131lmak \u00fczere geni\u015f kullan\u0131m alan\u0131. S\u0131cakl\u0131k -10\u00b0C + 50\u00b0C ANMA \u00d6L\u00c7\u00dcS\u00dc d (mm) G (mm) L (mm) 3\/4\" 18 20 90 1\"\u2026","rel":"","context":"Similar post","block_context":{"text":"Similar post","link":""},"img":{"alt_text":"","src":"https:\/\/i0.wp.com\/tuzlahortum.com.tr\/wp-content\/uploads\/2019\/02\/yayliKlape1.jpg?fit=520%2C350&ssl=1&resize=350%2C200","width":350,"height":200},"classes":[]},{"id":737,"url":"https:\/\/tuzlahortum.com.tr\/en\/product\/pn-16-kelebek-vana-nikel-klapeli\/","url_meta":{"origin":757,"position":4},"title":"PN 16 Butterfly Valve Nickel Flap","author":"admin","date":"6 February 2019","format":false,"excerpt":"PN 16 Kelebek Vana Nikel KlapeliT\u00fcrk Standartlar\u0131 Enstit\u00fcs\u00fc Onay\u0131.ISO 9001 Kalite Sistem Sertfikas\u0131.End\u00fcstriyel, Tesisat ve sulama sistemlerinde kullan\u0131lmak \u00fczere geni\u015f kullan\u0131m alan\u0131.S\u0131cakl\u0131k -10\u00b0C + 120\u00b0C","rel":"","context":"Similar post","block_context":{"text":"Similar post","link":""},"img":{"alt_text":"","src":"https:\/\/i0.wp.com\/tuzlahortum.com.tr\/wp-content\/uploads\/2019\/02\/PN-16-Kelebek-Vana-Nikel-Klapeli.jpg?fit=520%2C350&ssl=1&resize=350%2C200","width":350,"height":200},"classes":[]}],"jetpack_sharing_enabled":true,"jetpack_likes_enabled":true,"_links":{"self":[{"href":"https:\/\/tuzlahortum.com.tr\/en\/wp-json\/wp\/v2\/product\/757","targetHints":{"allow":["GET"]}}],"collection":[{"href":"https:\/\/tuzlahortum.com.tr\/en\/wp-json\/wp\/v2\/product"}],"about":[{"href":"https:\/\/tuzlahortum.com.tr\/en\/wp-json\/wp\/v2\/types\/product"}],"replies":[{"embeddable":true,"href":"https:\/\/tuzlahortum.com.tr\/en\/wp-json\/wp\/v2\/comments?post=757"}],"wp:featuredmedia":[{"embeddable":true,"href":"https:\/\/tuzlahortum.com.tr\/en\/wp-json\/wp\/v2\/media\/2695"}],"wp:attachment":[{"href":"https:\/\/tuzlahortum.com.tr\/en\/wp-json\/wp\/v2\/media?parent=757"}],"wp:term":[{"taxonomy":"product_brand","embeddable":true,"href":"https:\/\/tuzlahortum.com.tr\/en\/wp-json\/wp\/v2\/product_brand?post=757"},{"taxonomy":"product_cat","embeddable":true,"href":"https:\/\/tuzlahortum.com.tr\/en\/wp-json\/wp\/v2\/product_cat?post=757"},{"taxonomy":"product_tag","embeddable":true,"href":"https:\/\/tuzlahortum.com.tr\/en\/wp-json\/wp\/v2\/product_tag?post=757"}],"curies":[{"name":"wp","href":"https:\/\/api.w.org\/{rel}","templated":true}]}}