{"id":751,"date":"2019-02-06T23:53:22","date_gmt":"2019-02-06T20:53:22","guid":{"rendered":"http:\/\/hortum.com.tr\/product\/import-placeholder-for-97\/"},"modified":"2024-03-21T17:43:03","modified_gmt":"2024-03-21T14:43:03","slug":"ozel-solvent-verici-hortum","status":"publish","type":"product","link":"https:\/\/tuzlahortum.com.tr\/en\/product\/ozel-solvent-verici-hortum\/","title":{"rendered":"Special Solvent Dispenser Hose"},"content":{"rendered":"<h2>Special Solvent Dispenser Hose<\/h2>\n<div>USAGE AREAS: Toluol, xylol and similar solvent and chemical substance discharge works in the chemical industry<\/div>\n<div><\/div>\n<div>CONSTRUCTION<\/div>\n<div>Bottom : Vulcanized with special XLPE solid rubber plies, black<\/div>\n<div>Reinforcement: High strength cord fabric, conductive copper wire<\/div>\n<div>Upper : Oil resistant CR, black, smooth, resistant to abrasion, heat, solvents and chemicals<\/div>\n<div><\/div>\n<div><div class=\"video video-fit mb\" style=\"padding-top:56.25%;\"><p><iframe loading=\"lazy\" title=\"Measurement Confusion (Inch, Finger, Haze, Millimeter)\" width=\"1020\" height=\"574\" src=\"https:\/\/www.youtube.com\/embed\/uKk6AG_AZls?feature=oembed\" frameborder=\"0\" allow=\"accelerometer; autoplay; clipboard-write; encrypted-media; gyroscope; picture-in-picture; web-share\" referrerpolicy=\"strict-origin-when-cross-origin\" allowfullscreen><\/iframe><\/p>\n<\/div><\/div>","protected":false},"excerpt":{"rendered":"<p>Special Solvent Transmitter Hose AREAS OF USE : Chemical industry toluol, xylol and similar solvents and chemicals discharge works CONTRUCTION Bottom: vulcanized with special XLPE solid rubber plies, black Reinforcement : High strength cord fabric, conductive copper wire Top : Oil resistant CR, black, smooth, abrasion, heat, solvent and chemical resistant<\/p>","protected":false},"featured_media":1677,"comment_status":"open","ping_status":"closed","template":"","meta":{"jetpack_post_was_ever_published":false},"product_brand":[],"product_cat":[160],"product_tag":[889,890,809,390,885,808,888,806,810,887,2157,891],"class_list":{"0":"post-751","1":"product","2":"type-product","3":"status-publish","4":"has-post-thumbnail","6":"product_cat-kimyevi-madde-hortumlari","7":"product_tag-asit-ve-kimyevi-madde-tahliye-islerinde","8":"product_tag-asit-verici-hortumlar","9":"product_tag-deterjan","10":"product_tag-ilac","11":"product_tag-kimya-sanayisinde-kullanilan-hortum","12":"product_tag-kimyasal-urunler","13":"product_tag-kimyevi-madde-solvent-verici-hortum","14":"product_tag-kimyevi-madde-tahliye-hortumu","15":"product_tag-parfum","16":"product_tag-solvent-verici-hortumlar","17":"product_tag-xlpe","18":"product_tag-yagsiz-icerikli-ur","20":"first","21":"instock","22":"taxable","23":"shipping-taxable","24":"product-type-variable"},"jetpack-related-posts":[{"id":750,"url":"https:\/\/tuzlahortum.com.tr\/en\/product\/ozel-solvent-alici-verici-hortum\/","url_meta":{"origin":751,"position":0},"title":"Special Solvent Transceiver Hose","author":"admin","date":"6 February 2019","format":false,"excerpt":"\u00d6zel Solvent Al\u0131c\u0131-Verici HortumKULLANIM ALANLARI : Kimya sanayisinde toluol, xylol ve benzeri solvent ve kimyevi madde tahliye ve emme i\u015flerinde KONTR\u00dcKS\u0130YON Alt : \u00d6zel XLPE kat\u0131 kau\u00e7uk katlar ile vulkanize edilmi\u015f, siyah Takviye : Y\u00fcksek mukavemetli kord bezi, iletken bak\u0131r tel, katlararas\u0131 \u00e7elik tel \u00dcst : Ya\u011fl\u0131 ortama dayan\u0131kl\u0131 CR,\u2026","rel":"","context":"Similar post","block_context":{"text":"Similar post","link":""},"img":{"alt_text":"","src":"https:\/\/i0.wp.com\/tuzlahortum.com.tr\/wp-content\/uploads\/urunler\/kaucuk\/superlas-ozel-solvent-hortumu.jpg?fit=360%2C270&ssl=1&resize=350%2C200","width":350,"height":200},"classes":[]},{"id":753,"url":"https:\/\/tuzlahortum.com.tr\/en\/product\/asit-solvent-verici-hortumlar\/","url_meta":{"origin":751,"position":1},"title":"Acid Solvent Transmitter Hoses","author":"admin","date":"6 February 2019","format":false,"excerpt":"Asit Solvent Verici HortumlarKULLANIM ALANLARI : Sanayi tesislerinde, asit depolar\u0131nda \u00e7e\u015fitli asit, baz ve kimyevi madde tahliye (Ya\u011fs\u0131z i\u00e7erikli) KONTR\u00dcKS\u0130YON Alt : \u00d6zel sentetik kau\u00e7uk kar\u0131\u015f\u0131m\u0131, siyah,d\u00fcz Takviye : Y\u00fcksek mukavemetli kord bezi, iletken bak\u0131r tel \u00dcst : EPDM, siyah, d\u00fcz, bask\u0131l\u0131 \u015feritli, a\u015f\u0131nmaya ve her t\u00fcrl\u00fc iklim \u015fartlar\u0131na dayan\u0131kl\u0131","rel":"","context":"Similar post","block_context":{"text":"Similar post","link":""},"img":{"alt_text":"","src":"https:\/\/i0.wp.com\/tuzlahortum.com.tr\/wp-content\/uploads\/urunler\/kaucuk\/superlas-silobas-hortumu.jpg?fit=360%2C270&ssl=1&resize=350%2C200","width":350,"height":200},"classes":[]},{"id":723,"url":"https:\/\/tuzlahortum.com.tr\/en\/product\/asit-solvent-alici-verici-hortumlar\/","url_meta":{"origin":751,"position":2},"title":"Acid Solvent Transceiver Hoses","author":"admin","date":"6 February 2019","format":false,"excerpt":"Asit Solvent Al\u0131c\u0131-Verici HortumlarKULLANIM ALANLARI : Sanayi tesislerinde, asit depolar\u0131nda \u00e7e\u015fitli asit, baz ve kimyevi madde tahliye ve emme i\u015flerinde (Ya\u011fs\u0131z i\u00e7erikli) KONTR\u00dcKS\u0130YON Alt : \u00d6zel sentetik kau\u00e7uk kar\u0131\u015f\u0131m\u0131, siyah,d\u00fcz Takviye : Y\u00fcksek mukavemetli kord bezi, iletken bak\u0131r tel ,katlararas\u0131 \u00e7elik tel \u00dcst : EPDM, siyah, d\u00fcz, bask\u0131l\u0131 \u015feritli, a\u015f\u0131nmaya\u2026","rel":"","context":"Similar post","block_context":{"text":"Similar post","link":""},"img":{"alt_text":"","src":"https:\/\/i0.wp.com\/tuzlahortum.com.tr\/wp-content\/uploads\/urunler\/kaucuk\/superlas-solvent-hortumu.jpg?fit=360%2C270&ssl=1&resize=350%2C200","width":350,"height":200},"classes":[]},{"id":899,"url":"https:\/\/tuzlahortum.com.tr\/en\/product\/trelleborg-solvykler\/","url_meta":{"origin":751,"position":3},"title":"Trelleborg SOLVYKS","author":"admin","date":"6 February 2019","format":false,"excerpt":"Trelleborg SOLVYKLERSolventler\/Boyalar\/Cila ve Vernik Ester, keton, alkol bazl\u0131 boyalar ve bir\u00e7ok kimyasal i\u00e7in bas\u0131n\u00e7l\u0131 hizmet hatt\u0131. Avantajlar *Hortum kaplamas\u0131 korozif kimyasal s\u0131\u00e7ramas\u0131na kar\u015f\u0131 dayan\u0131kl\u0131d\u0131r. *Silikon i\u00e7ermez. *Hortum esnekli\u011fini geni\u015f bir s\u0131cakl\u0131k aral\u0131\u011f\u0131nda korur. *Antistatik i\u00e7 lastik. Teknik a\u00e7\u0131klama \u0130\u00e7 t\u00fcp :\u00a0kimyasal maddelere dayan\u0131kl\u0131 EPDM, siyah, d\u00fcz. Takviye :\u00a0sentetik tekstil. Kaplama\u2026","rel":"","context":"Similar post","block_context":{"text":"Similar post","link":""},"img":{"alt_text":"","src":"https:\/\/i0.wp.com\/tuzlahortum.com.tr\/wp-content\/uploads\/2019\/02\/SOLVYKLER.jpg?fit=800%2C800&ssl=1&resize=350%2C200","width":350,"height":200,"srcset":"https:\/\/i0.wp.com\/tuzlahortum.com.tr\/wp-content\/uploads\/2019\/02\/SOLVYKLER.jpg?fit=800%2C800&ssl=1&resize=350%2C200 1x, https:\/\/i0.wp.com\/tuzlahortum.com.tr\/wp-content\/uploads\/2019\/02\/SOLVYKLER.jpg?fit=800%2C800&ssl=1&resize=525%2C300 1.5x, https:\/\/i0.wp.com\/tuzlahortum.com.tr\/wp-content\/uploads\/2019\/02\/SOLVYKLER.jpg?fit=800%2C800&ssl=1&resize=700%2C400 2x"},"classes":[]},{"id":898,"url":"https:\/\/tuzlahortum.com.tr\/en\/product\/trelleborg-multikler\/","url_meta":{"origin":751,"position":4},"title":"Trelleborg MULTICS","author":"admin","date":"6 February 2019","format":false,"excerpt":"Trelleborg MULTIKLERSolvents\/Paints\/Lacquer and Varnish Pressure service line for benzene, toluene and xylene based paints, lacquers, varnishes and certain chemicals. Also industrial paint spraying equipment. Advantages *Hose coating is resistant to abrasion and corrosive chemicals. *Silicone free. *Antistatic inner tube. Technical description Inner tube : NBR resistant to solvent based paints, black, smooth. Reinforcement","rel":"","context":"Similar post","block_context":{"text":"Similar post","link":""},"img":{"alt_text":"","src":"https:\/\/i0.wp.com\/tuzlahortum.com.tr\/wp-content\/uploads\/2019\/02\/MULTIKLER.jpg?fit=800%2C800&ssl=1&resize=350%2C200","width":350,"height":200,"srcset":"https:\/\/i0.wp.com\/tuzlahortum.com.tr\/wp-content\/uploads\/2019\/02\/MULTIKLER.jpg?fit=800%2C800&ssl=1&resize=350%2C200 1x, https:\/\/i0.wp.com\/tuzlahortum.com.tr\/wp-content\/uploads\/2019\/02\/MULTIKLER.jpg?fit=800%2C800&ssl=1&resize=525%2C300 1.5x, https:\/\/i0.wp.com\/tuzlahortum.com.tr\/wp-content\/uploads\/2019\/02\/MULTIKLER.jpg?fit=800%2C800&ssl=1&resize=700%2C400 2x"},"classes":[]},{"id":733,"url":"https:\/\/tuzlahortum.com.tr\/en\/product\/yuksek-isiya-dayanikli-gida-verici-hortum\/","url_meta":{"origin":751,"position":5},"title":"High Temperature Resistant Food Dispenser Hose","author":"admin","date":"6 February 2019","format":false,"excerpt":"Y\u00fcksek Is\u0131ya Dayan\u0131kl\u0131 G\u0131da Verici HortumKULLANIM ALANLARI : Y\u00fcksek \u0131s\u0131daki kat\u0131 ve \u015furup gibi maddelerin fabrika i\u00e7i ve tankerden nakillerinde kullan\u0131l\u0131r. FDA (G\u0131da) Normlar\u0131na Uygun Olarak \u00dcretilmektedir KONTR\u00dcKS\u0130YON Alt : \u00d6zel sentetik kau\u00e7uk, beyaz, g\u0131da t\u00fcz\u00fc\u011f\u00fcne uygun Takviye : Y\u00fcksek mukavemetli kord bezi \u00dcst : \u00d6zel sentetik kau\u00e7uk, mavi, a\u015f\u0131nmaya\u2026","rel":"","context":"Similar post","block_context":{"text":"Similar post","link":""},"img":{"alt_text":"","src":"https:\/\/i0.wp.com\/tuzlahortum.com.tr\/wp-content\/uploads\/urunler\/kaucuk\/superlas-sarap-bira-verici-hortum.jpg?fit=360%2C270&ssl=1&resize=350%2C200","width":350,"height":200},"classes":[]}],"jetpack_sharing_enabled":true,"jetpack_likes_enabled":true,"_links":{"self":[{"href":"https:\/\/tuzlahortum.com.tr\/en\/wp-json\/wp\/v2\/product\/751","targetHints":{"allow":["GET"]}}],"collection":[{"href":"https:\/\/tuzlahortum.com.tr\/en\/wp-json\/wp\/v2\/product"}],"about":[{"href":"https:\/\/tuzlahortum.com.tr\/en\/wp-json\/wp\/v2\/types\/product"}],"replies":[{"embeddable":true,"href":"https:\/\/tuzlahortum.com.tr\/en\/wp-json\/wp\/v2\/comments?post=751"}],"wp:featuredmedia":[{"embeddable":true,"href":"https:\/\/tuzlahortum.com.tr\/en\/wp-json\/wp\/v2\/media\/1677"}],"wp:attachment":[{"href":"https:\/\/tuzlahortum.com.tr\/en\/wp-json\/wp\/v2\/media?parent=751"}],"wp:term":[{"taxonomy":"product_brand","embeddable":true,"href":"https:\/\/tuzlahortum.com.tr\/en\/wp-json\/wp\/v2\/product_brand?post=751"},{"taxonomy":"product_cat","embeddable":true,"href":"https:\/\/tuzlahortum.com.tr\/en\/wp-json\/wp\/v2\/product_cat?post=751"},{"taxonomy":"product_tag","embeddable":true,"href":"https:\/\/tuzlahortum.com.tr\/en\/wp-json\/wp\/v2\/product_tag?post=751"}],"curies":[{"name":"wp","href":"https:\/\/api.w.org\/{rel}","templated":true}]}}