{"id":749,"date":"2019-02-06T23:53:21","date_gmt":"2019-02-06T20:53:21","guid":{"rendered":"http:\/\/hortum.com.tr\/product\/import-placeholder-for-252\/"},"modified":"2024-03-21T17:43:05","modified_gmt":"2024-03-21T14:43:05","slug":"ts-40","status":"publish","type":"product","link":"https:\/\/tuzlahortum.com.tr\/en\/product\/ts-40\/","title":{"rendered":"TS 40"},"content":{"rendered":"<h2>TS 40<\/h2>\n<div>MATERIEL:<\/div>\n<div>Fabric Wall: Silicone coated Glass fiber fabric,<\/div>\n<div>single storey<\/div>\n<div>\u2022 Standard Length: 4 m.<\/div>\n<div>\u2022 Color : Red<\/div>\n<div>Outer Spiral : Helical steel wire<\/div>\n<div><\/div>\n<div><div class=\"video video-fit mb\" style=\"padding-top:56.25%;\"><p><iframe loading=\"lazy\" title=\"Measurement Confusion (Inch, Finger, Haze, Millimeter)\" width=\"1020\" height=\"574\" src=\"https:\/\/www.youtube.com\/embed\/uKk6AG_AZls?feature=oembed\" frameborder=\"0\" allow=\"accelerometer; autoplay; clipboard-write; encrypted-media; gyroscope; picture-in-picture\" allowfullscreen><\/iframe><\/p>\n<\/div><\/div>\n<div><\/div>\n<div>APPS:<\/div>\n<div>\u2022 In shipyards<\/div>\n<div>\u2022 In the transport of hot materials containing gaseous fluid<\/div>\n<div>\u2022 In vehicle construction<\/div>\n<div>\u2022 Hot air transport hose for granule dryers<\/div>\n<div>\u2022 In the plastics industry<\/div>\n<div>\u2022 In aircraft construction<\/div>\n<div>\u2022 General engineering and engine construction<\/div>\n<div>FEATURES:<\/div>\n<div>\u2022 Extremely flexible<\/div>\n<div>\u2022 Light<\/div>\n<div>\u2022 Stable vulcanized hose wall and spiral steel<\/div>\n<div>\u2022 Self-flattening when freed<\/div>\n<div>\u2022 Inner surface is smooth<\/div>\n<div>\u2022 Low bending radius<\/div>\n<div>\u2022 Good chemical resistance<\/div>\n<div>\u2022 Symmetrical bending<\/div>\n<div>\u2022 Halogen Free<\/div>","protected":false},"excerpt":{"rendered":"<p>TS 40 MATERYAL: Kuma\u015f Duvar\u0131 : Silikon kapl\u0131 Cam elyaf kuma\u015f, Tek katl\u0131 \u2022 Standart Uzunluk : 4 mt. \u2022 Renk : K\u0131rm\u0131z\u0131 D\u0131\u015f Spiral : Helisel \u00e7elik tel UYGULAMALAR: \u2022 Tersanelerde \u2022 Gaz ak\u0131\u015fkan ihtiva eden s\u0131cak materyallerin ta\u015f\u0131nmas\u0131nda \u2022 Ta\u015f\u0131t yap\u0131m\u0131nda \u2022 Gran\u00fcl kurutucular i\u00e7in s\u0131cak hava ta\u015f\u0131ma hortumu \u2022 Plastik sanayinde \u2022 [&#8230;]\n","protected":false},"featured_media":6354,"comment_status":"open","ping_status":"closed","template":"","meta":{"jetpack_post_was_ever_published":false},"product_brand":[],"product_cat":[143,145,146],"product_tag":[514,492,498,513,506,512,502,504,501],"class_list":{"0":"post-749","1":"product","2":"type-product","3":"status-publish","4":"has-post-thumbnail","6":"product_cat-havacilik-endustrisi-hortumlari","7":"product_cat-isiya-dayanikli-hortumlar","8":"product_cat-kimyasal-hortumlar","9":"product_tag-halojensiz","10":"product_tag-helisel-celik-dis-spiral","11":"product_tag-isiya-dayanikli","12":"product_tag-kirmizi","13":"product_tag-plastik-sanayinde","14":"product_tag-slikon-kapli-cam-elyaf-kumas","15":"product_tag-tasit-yapiminda","16":"product_tag-tersanelerde","17":"product_tag-ucak-yapiminda","19":"first","20":"instock","21":"taxable","22":"shipping-taxable","23":"product-type-variable"},"jetpack-related-posts":[],"jetpack_sharing_enabled":true,"jetpack_likes_enabled":true,"_links":{"self":[{"href":"https:\/\/tuzlahortum.com.tr\/en\/wp-json\/wp\/v2\/product\/749","targetHints":{"allow":["GET"]}}],"collection":[{"href":"https:\/\/tuzlahortum.com.tr\/en\/wp-json\/wp\/v2\/product"}],"about":[{"href":"https:\/\/tuzlahortum.com.tr\/en\/wp-json\/wp\/v2\/types\/product"}],"replies":[{"embeddable":true,"href":"https:\/\/tuzlahortum.com.tr\/en\/wp-json\/wp\/v2\/comments?post=749"}],"wp:featuredmedia":[{"embeddable":true,"href":"https:\/\/tuzlahortum.com.tr\/en\/wp-json\/wp\/v2\/media\/6354"}],"wp:attachment":[{"href":"https:\/\/tuzlahortum.com.tr\/en\/wp-json\/wp\/v2\/media?parent=749"}],"wp:term":[{"taxonomy":"product_brand","embeddable":true,"href":"https:\/\/tuzlahortum.com.tr\/en\/wp-json\/wp\/v2\/product_brand?post=749"},{"taxonomy":"product_cat","embeddable":true,"href":"https:\/\/tuzlahortum.com.tr\/en\/wp-json\/wp\/v2\/product_cat?post=749"},{"taxonomy":"product_tag","embeddable":true,"href":"https:\/\/tuzlahortum.com.tr\/en\/wp-json\/wp\/v2\/product_tag?post=749"}],"curies":[{"name":"wp","href":"https:\/\/api.w.org\/{rel}","templated":true}]}}