{"id":748,"date":"2019-02-06T23:53:21","date_gmt":"2019-02-06T20:53:21","guid":{"rendered":"http:\/\/hortum.com.tr\/product\/import-placeholder-for-560\/"},"modified":"2024-03-21T17:43:06","modified_gmt":"2024-03-21T14:43:06","slug":"yay-gerilmeli-agir-is-kelepcesi","status":"publish","type":"product","link":"https:\/\/tuzlahortum.com.tr\/en\/product\/yay-gerilmeli-agir-is-kelepcesi\/","title":{"rendered":"Spring Tension Heavy Duty Clamp"},"content":{"rendered":"<h2>Spring Tension Heavy Duty Clamp<\/h2>\n<p>It is a type of spring clamp that works in screw driven logic and absorbs changes in hose diameter under high heat and pressure.\u00a0<\/p>\n<p><img data-recalc-dims=\"1\" loading=\"lazy\" decoding=\"async\" class=\"alignnone size-full wp-image-1744\" src=\"https:\/\/i0.wp.com\/tuzlahortum.com.tr\/wp-content\/uploads\/urunler\/kelepceler\/yay-gerilmeli-agir-is-kelepceleri-1.jpg?resize=394%2C247&#038;ssl=1\" alt=\"\" width=\"394\" height=\"247\" title=\"\"><img data-recalc-dims=\"1\" loading=\"lazy\" decoding=\"async\" class=\"alignnone size-full wp-image-1743\" src=\"https:\/\/i0.wp.com\/tuzlahortum.com.tr\/wp-content\/uploads\/urunler\/kelepceler\/yay-gerilmeli-agir-is-kelepceleri-2.jpg?resize=546%2C467&#038;ssl=1\" alt=\"\" width=\"546\" height=\"467\" title=\"\" srcset=\"https:\/\/i0.wp.com\/tuzlahortum.com.tr\/wp-content\/uploads\/urunler\/kelepceler\/yay-gerilmeli-agir-is-kelepceleri-2.jpg?w=546&amp;ssl=1 546w, https:\/\/i0.wp.com\/tuzlahortum.com.tr\/wp-content\/uploads\/urunler\/kelepceler\/yay-gerilmeli-agir-is-kelepceleri-2.jpg?resize=468%2C400&amp;ssl=1 468w\" sizes=\"auto, (max-width: 546px) 100vw, 546px\" \/><\/p>","protected":false},"excerpt":{"rendered":"<p>Yay Gerilmeli A\u011f\u0131r \u0130\u015f Kelep\u00e7esi Vida s\u00fcr\u00fcml\u00fc mant\u0131\u011f\u0131nda \u00e7al\u0131\u015fan y\u00fcksek \u0131s\u0131 ve bas\u0131n\u00e7 alt\u0131nda hortum \u00e7ap\u0131ndaki de\u011fi\u015fiklikleri absorbe eden yayl\u0131 kelep\u00e7e t\u00fcr\u00fcd\u00fcr.\u00a0<\/p>","protected":false},"featured_media":4106,"comment_status":"open","ping_status":"closed","template":"","meta":{"jetpack_post_was_ever_published":false},"product_brand":[],"product_cat":[113],"product_tag":[882,852,881,883],"class_list":{"0":"post-748","1":"product","2":"type-product","3":"status-publish","4":"has-post-thumbnail","6":"product_cat-vida-surumlu-kelepceler","7":"product_tag-gerilmeli","8":"product_tag-kelepce","9":"product_tag-yay","10":"product_tag-yay-gerilmeli-agir-is-kelepcesi","12":"first","13":"instock","14":"taxable","15":"shipping-taxable","16":"product-type-variable"},"jetpack-related-posts":[],"jetpack_sharing_enabled":true,"jetpack_likes_enabled":true,"_links":{"self":[{"href":"https:\/\/tuzlahortum.com.tr\/en\/wp-json\/wp\/v2\/product\/748","targetHints":{"allow":["GET"]}}],"collection":[{"href":"https:\/\/tuzlahortum.com.tr\/en\/wp-json\/wp\/v2\/product"}],"about":[{"href":"https:\/\/tuzlahortum.com.tr\/en\/wp-json\/wp\/v2\/types\/product"}],"replies":[{"embeddable":true,"href":"https:\/\/tuzlahortum.com.tr\/en\/wp-json\/wp\/v2\/comments?post=748"}],"wp:featuredmedia":[{"embeddable":true,"href":"https:\/\/tuzlahortum.com.tr\/en\/wp-json\/wp\/v2\/media\/4106"}],"wp:attachment":[{"href":"https:\/\/tuzlahortum.com.tr\/en\/wp-json\/wp\/v2\/media?parent=748"}],"wp:term":[{"taxonomy":"product_brand","embeddable":true,"href":"https:\/\/tuzlahortum.com.tr\/en\/wp-json\/wp\/v2\/product_brand?post=748"},{"taxonomy":"product_cat","embeddable":true,"href":"https:\/\/tuzlahortum.com.tr\/en\/wp-json\/wp\/v2\/product_cat?post=748"},{"taxonomy":"product_tag","embeddable":true,"href":"https:\/\/tuzlahortum.com.tr\/en\/wp-json\/wp\/v2\/product_tag?post=748"}],"curies":[{"name":"wp","href":"https:\/\/api.w.org\/{rel}","templated":true}]}}