{"id":747,"date":"2019-02-06T23:53:21","date_gmt":"2019-02-06T20:53:21","guid":{"rendered":"http:\/\/hortum.com.tr\/product\/import-placeholder-for-601\/"},"modified":"2024-03-21T17:43:07","modified_gmt":"2024-03-21T14:43:07","slug":"se-kademesiz-kulakli-kelepceler","status":"publish","type":"product","link":"https:\/\/tuzlahortum.com.tr\/en\/product\/se-kademesiz-kulakli-kelepceler\/","title":{"rendered":"SE \u2013 Stepless Ear Clamps"},"content":{"rendered":"<h2>SE \u2013 Stepless Ear Clamps<\/h2>\n<p>The SE \u2013 Stepless Ear Clamps are a quick to apply, simple and economical clamp for the assembly of many hose connections. It does not damage the hose during tightening. It can be used in air and liquid carrier hoses.<\/p>\n<p><img data-recalc-dims=\"1\" loading=\"lazy\" decoding=\"async\" class=\"wp-image-1774 alignright\" src=\"https:\/\/i0.wp.com\/tuzlahortum.com.tr\/wp-content\/uploads\/urunler\/kelepceler\/Kademesiz-Kulakl%C4%B1-Kelepc%CC%A7eler.jpg?resize=399%2C314&#038;ssl=1\" alt=\"\" width=\"399\" height=\"314\" title=\"\" srcset=\"https:\/\/i0.wp.com\/tuzlahortum.com.tr\/wp-content\/uploads\/urunler\/kelepceler\/Kademesiz-Kulakl%C4%B1-Kelepc%CC%A7eler.jpg?w=301&amp;ssl=1 301w, https:\/\/i0.wp.com\/tuzlahortum.com.tr\/wp-content\/uploads\/urunler\/kelepceler\/Kademesiz-Kulakl%C4%B1-Kelepc%CC%A7eler.jpg?resize=300%2C237&amp;ssl=1 300w\" sizes=\"auto, (max-width: 399px) 100vw, 399px\" \/><\/p>\n<p><img data-recalc-dims=\"1\" loading=\"lazy\" decoding=\"async\" class=\"size-full wp-image-8409 alignleft\" src=\"https:\/\/i0.wp.com\/tuzlahortum.com.tr\/wp-content\/uploads\/2019\/03\/Kademesiz-Kulakl%C4%B1-Kelep%C3%A7eler-3.jpg.jpg?resize=433%2C637&#038;ssl=1\" alt=\"\" width=\"433\" height=\"637\" title=\"\" srcset=\"https:\/\/i0.wp.com\/tuzlahortum.com.tr\/wp-content\/uploads\/2019\/03\/Kademesiz-Kulakl%C4%B1-Kelep%C3%A7eler-3.jpg.jpg?w=433&amp;ssl=1 433w, https:\/\/i0.wp.com\/tuzlahortum.com.tr\/wp-content\/uploads\/2019\/03\/Kademesiz-Kulakl%C4%B1-Kelep%C3%A7eler-3.jpg.jpg?resize=272%2C400&amp;ssl=1 272w\" sizes=\"auto, (max-width: 433px) 100vw, 433px\" \/><\/p>","protected":false},"excerpt":{"rendered":"<p>SE &#8211; Kademesiz Kulakl\u0131 Kelep\u00e7eler SE &#8211; Kademesiz Kulakl\u0131 Kelep\u00e7eler bir\u00e7ok hortum ba\u011flant\u0131lar\u0131 montaj\u0131 i\u00e7in uygulamas\u0131 h\u0131zl\u0131, basit ve ekonomik bir kelep\u00e7edir. S\u0131kma esnas\u0131nda hortuma zarar vermez. Hava ve s\u0131v\u0131 ta\u015f\u0131y\u0131c\u0131 hortumlarda kullan\u0131labilir.<\/p>","protected":false},"featured_media":10432,"comment_status":"open","ping_status":"closed","template":"","meta":{"jetpack_post_was_ever_published":false},"product_brand":[],"product_cat":[110],"product_tag":[880,857,2254,870,856,2255],"class_list":{"0":"post-747","1":"product","2":"type-product","3":"status-publish","4":"has-post-thumbnail","6":"product_cat-kulakli-kelepceler","7":"product_tag-galvaniz-kademesiz-kulakli","8":"product_tag-hortum-kelepcesi","9":"product_tag-kademesiz-kulakli-kelepce","10":"product_tag-korozyon-direnci","11":"product_tag-paslanmaz-celik","12":"product_tag-se-kademesiz-kulakli-kelepceler","14":"first","15":"instock","16":"taxable","17":"shipping-taxable","18":"product-type-variable"},"jetpack-related-posts":[],"jetpack_sharing_enabled":true,"jetpack_likes_enabled":true,"_links":{"self":[{"href":"https:\/\/tuzlahortum.com.tr\/en\/wp-json\/wp\/v2\/product\/747","targetHints":{"allow":["GET"]}}],"collection":[{"href":"https:\/\/tuzlahortum.com.tr\/en\/wp-json\/wp\/v2\/product"}],"about":[{"href":"https:\/\/tuzlahortum.com.tr\/en\/wp-json\/wp\/v2\/types\/product"}],"replies":[{"embeddable":true,"href":"https:\/\/tuzlahortum.com.tr\/en\/wp-json\/wp\/v2\/comments?post=747"}],"wp:featuredmedia":[{"embeddable":true,"href":"https:\/\/tuzlahortum.com.tr\/en\/wp-json\/wp\/v2\/media\/10432"}],"wp:attachment":[{"href":"https:\/\/tuzlahortum.com.tr\/en\/wp-json\/wp\/v2\/media?parent=747"}],"wp:term":[{"taxonomy":"product_brand","embeddable":true,"href":"https:\/\/tuzlahortum.com.tr\/en\/wp-json\/wp\/v2\/product_brand?post=747"},{"taxonomy":"product_cat","embeddable":true,"href":"https:\/\/tuzlahortum.com.tr\/en\/wp-json\/wp\/v2\/product_cat?post=747"},{"taxonomy":"product_tag","embeddable":true,"href":"https:\/\/tuzlahortum.com.tr\/en\/wp-json\/wp\/v2\/product_tag?post=747"}],"curies":[{"name":"wp","href":"https:\/\/api.w.org\/{rel}","templated":true}]}}