{"id":745,"date":"2019-02-06T23:53:20","date_gmt":"2019-02-06T20:53:20","guid":{"rendered":"http:\/\/hortum.com.tr\/product\/import-placeholder-for-132\/"},"modified":"2024-07-19T13:13:09","modified_gmt":"2024-07-19T10:13:09","slug":"12mm-vida-surumlu-kelepceler","status":"publish","type":"product","link":"https:\/\/tuzlahortum.com.tr\/en\/product\/12mm-vida-surumlu-kelepceler\/","title":{"rendered":"12mm Screw Version Clamps"},"content":{"rendered":"<h2>12mm Screw Version Clamps<\/h2>\n<p>at 12mm bandwidth\u00a0<strong>DIN 3017<\/strong>\u00a0Kale screw version hose clamp models, which are produced according to the norm, are easily used in many sectors with their wide diameter options.<\/p>\n<p class=\"ptext-circle-bullet\">With KALE screw version hose clamp models, band\/slot\/screw material combinations (W2B, W2, W3, W4, W5), 7mm hexagonal screw head (with Phillips and flat screwdriver blades), users have the opportunity to choose different alternatives depending on the characteristics of the application point. offers.<\/p>\n<p class=\"ptext-circle-bullet\"><span class=\"p-text\">With a diameter range of 16 mm to 200 mm, a band width of 12 mm and a combination of five different materials, Kale WD series hose clamps provide consumers with a wide range of product alternatives depending on the characteristics of their application points.<\/span><\/p>\n<p class=\"ptext-circle-bullet\">The inner surface of the KALE screw-driven hose clamp models is completely smooth and the clamp band edges are manufactured as convex.<\/p>\n<p class=\"ptext-circle-bullet\">In case of high tightening torque with unsuitable products, the hose or the joint may be damaged. It is recommended to use WD12 series hose clamps especially for thick walled hoses.<\/p>\n<p><img data-recalc-dims=\"1\" loading=\"lazy\" decoding=\"async\" class=\"size-full wp-image-10440 alignright\" src=\"https:\/\/i0.wp.com\/tuzlahortum.com.tr\/wp-content\/uploads\/2019\/02\/12-MM-V%C4%B0DA-S%C3%9CR%C3%9CML%C3%9C-KELEP%C3%87E-3-1.jpg?resize=278%2C714&#038;ssl=1\" alt=\"\" width=\"278\" height=\"714\" title=\"\" srcset=\"https:\/\/i0.wp.com\/tuzlahortum.com.tr\/wp-content\/uploads\/2019\/02\/12-MM-V%C4%B0DA-S%C3%9CR%C3%9CML%C3%9C-KELEP%C3%87E-3-1.jpg?w=278&amp;ssl=1 278w, https:\/\/i0.wp.com\/tuzlahortum.com.tr\/wp-content\/uploads\/2019\/02\/12-MM-V%C4%B0DA-S%C3%9CR%C3%9CML%C3%9C-KELEP%C3%87E-3-1.jpg?resize=156%2C400&amp;ssl=1 156w\" sizes=\"auto, (max-width: 278px) 100vw, 278px\" \/><\/p>\n<p>&nbsp;<\/p>\n<p><img data-recalc-dims=\"1\" loading=\"lazy\" decoding=\"async\" class=\"wp-image-3973 alignleft\" src=\"https:\/\/i0.wp.com\/tuzlahortum.com.tr\/wp-content\/uploads\/2019\/02\/12mm-vida-s%C3%BCr%C3%BCml%C3%BC.jpg?resize=594%2C358&#038;ssl=1\" alt=\"\" width=\"594\" height=\"358\" title=\"\" srcset=\"https:\/\/i0.wp.com\/tuzlahortum.com.tr\/wp-content\/uploads\/2019\/02\/12mm-vida-s%C3%BCr%C3%BCml%C3%BC.jpg?w=633&amp;ssl=1 633w, https:\/\/i0.wp.com\/tuzlahortum.com.tr\/wp-content\/uploads\/2019\/02\/12mm-vida-s%C3%BCr%C3%BCml%C3%BC.jpg?resize=600%2C362&amp;ssl=1 600w\" sizes=\"auto, (max-width: 594px) 100vw, 594px\" \/><img data-recalc-dims=\"1\" loading=\"lazy\" decoding=\"async\" class=\"alignnone size-full wp-image-10417\" src=\"https:\/\/i0.wp.com\/tuzlahortum.com.tr\/wp-content\/uploads\/2019\/02\/12-MM-V%C4%B0DA-S%C3%9CR%C3%9CML%C3%9C-KELEP%C3%87E-2-1.jpg?resize=370%2C359&#038;ssl=1\" alt=\"\" width=\"370\" height=\"359\" title=\"\"><\/p>","protected":false},"excerpt":{"rendered":"<p>12mm Vida S\u00fcr\u00fcml\u00fc Kelep\u00e7eler 12mm bant geni\u015fli\u011finde\u00a0DIN 3017\u00a0normuna g\u00f6re \u00fcretilen Kale vida s\u00fcr\u00fcml\u00fc hortum kelep\u00e7esi modelleri, geni\u015f \u00e7ap se\u00e7enekleri ile bir \u00e7ok sekt\u00f6rde rahatl\u0131kla kullan\u0131lmaktad\u0131r. KALE vida s\u00fcr\u00fcml\u00fc hortum kelep\u00e7esi modelleri, bant\/yuva\/vida malzeme kombinasyonlar\u0131 (W2B, W2, W3, W4, W5), 7mm alt\u0131gen vida ba\u015f\u0131 (y\u0131ld\u0131z ve d\u00fcz tornavida a\u011f\u0131zl\u0131) se\u00e7enekleri ile kullan\u0131c\u0131lara uygulama noktas\u0131n\u0131n \u00f6zelliklerine ba\u011fl\u0131 [&#8230;]\n","protected":false},"featured_media":10410,"comment_status":"open","ping_status":"closed","template":"","meta":{"jetpack_post_was_ever_published":false},"product_brand":[],"product_cat":[113],"product_tag":[873,2241,2242,2262,857,876,877,852,874,875],"class_list":{"0":"post-745","1":"product","2":"type-product","3":"status-publish","4":"has-post-thumbnail","6":"product_cat-vida-surumlu-kelepceler","7":"product_tag-12mm-vida-surumlu-kelepce","8":"product_tag-2241","9":"product_tag-2242","10":"product_tag-2262","11":"product_tag-hortum-kelepcesi","12":"product_tag-kale","13":"product_tag-kale-kelepce","14":"product_tag-kelepce","15":"product_tag-vida","16":"product_tag-vida-surumlu","18":"first","19":"instock","20":"taxable","21":"shipping-taxable","22":"product-type-variable"},"jetpack-related-posts":[],"jetpack_sharing_enabled":true,"jetpack_likes_enabled":true,"_links":{"self":[{"href":"https:\/\/tuzlahortum.com.tr\/en\/wp-json\/wp\/v2\/product\/745","targetHints":{"allow":["GET"]}}],"collection":[{"href":"https:\/\/tuzlahortum.com.tr\/en\/wp-json\/wp\/v2\/product"}],"about":[{"href":"https:\/\/tuzlahortum.com.tr\/en\/wp-json\/wp\/v2\/types\/product"}],"replies":[{"embeddable":true,"href":"https:\/\/tuzlahortum.com.tr\/en\/wp-json\/wp\/v2\/comments?post=745"}],"wp:featuredmedia":[{"embeddable":true,"href":"https:\/\/tuzlahortum.com.tr\/en\/wp-json\/wp\/v2\/media\/10410"}],"wp:attachment":[{"href":"https:\/\/tuzlahortum.com.tr\/en\/wp-json\/wp\/v2\/media?parent=745"}],"wp:term":[{"taxonomy":"product_brand","embeddable":true,"href":"https:\/\/tuzlahortum.com.tr\/en\/wp-json\/wp\/v2\/product_brand?post=745"},{"taxonomy":"product_cat","embeddable":true,"href":"https:\/\/tuzlahortum.com.tr\/en\/wp-json\/wp\/v2\/product_cat?post=745"},{"taxonomy":"product_tag","embeddable":true,"href":"https:\/\/tuzlahortum.com.tr\/en\/wp-json\/wp\/v2\/product_tag?post=745"}],"curies":[{"name":"wp","href":"https:\/\/api.w.org\/{rel}","templated":true}]}}