{"id":743,"date":"2019-02-06T23:53:20","date_gmt":"2019-02-06T20:53:20","guid":{"rendered":"http:\/\/hortum.com.tr\/product\/import-placeholder-for-133\/"},"modified":"2024-03-21T17:43:10","modified_gmt":"2024-03-21T14:43:10","slug":"supra-kelepcew1","status":"publish","type":"product","link":"https:\/\/tuzlahortum.com.tr\/en\/product\/supra-kelepcew1\/","title":{"rendered":"Supra Clamp(W1)"},"content":{"rendered":"<h2>Supra Clamp(W1)<\/h2>\n<p class=\"p-text\">The high-strength grade 8.8 steel nut and T-bolt mean that the Supra clamp can be tightened firmly using many different kinds of tools, while the tapered edges protect the hose from damage.<\/p>\n<p class=\"ptext-circle-bullet\">The super clamp is heavily used in agricultural applications, wastewater extraction, mining, quarrying. It can be used where a robust heavy-duty clamp is required at a competitive price.<\/p>\n<p><img data-recalc-dims=\"1\" loading=\"lazy\" decoding=\"async\" class=\"size-full wp-image-10425 alignright\" src=\"https:\/\/i0.wp.com\/tuzlahortum.com.tr\/wp-content\/uploads\/2019\/02\/SUPRA-KELEP%C3%87E-4.jpg?resize=458%2C760&#038;ssl=1\" alt=\"\" width=\"458\" height=\"760\" title=\"\" srcset=\"https:\/\/i0.wp.com\/tuzlahortum.com.tr\/wp-content\/uploads\/2019\/02\/SUPRA-KELEP%C3%87E-4.jpg?w=458&amp;ssl=1 458w, https:\/\/i0.wp.com\/tuzlahortum.com.tr\/wp-content\/uploads\/2019\/02\/SUPRA-KELEP%C3%87E-4.jpg?resize=241%2C400&amp;ssl=1 241w\" sizes=\"auto, (max-width: 458px) 100vw, 458px\" \/><img data-recalc-dims=\"1\" loading=\"lazy\" decoding=\"async\" class=\"wp-image-10423 alignleft\" src=\"https:\/\/i0.wp.com\/tuzlahortum.com.tr\/wp-content\/uploads\/2019\/02\/SUPRA-KELEP%C3%87E-2.jpg?resize=397%2C254&#038;ssl=1\" alt=\"\" width=\"397\" height=\"254\" title=\"\"><img data-recalc-dims=\"1\" loading=\"lazy\" decoding=\"async\" class=\"wp-image-10424 alignnone\" style=\"font-size: 14.4px;\" src=\"https:\/\/i0.wp.com\/tuzlahortum.com.tr\/wp-content\/uploads\/2019\/02\/SUPRA-KELEP%C3%87E-3.jpg?resize=374%2C363&#038;ssl=1\" alt=\"\" width=\"374\" height=\"363\" title=\"\" srcset=\"https:\/\/i0.wp.com\/tuzlahortum.com.tr\/wp-content\/uploads\/2019\/02\/SUPRA-KELEP%C3%87E-3.jpg?w=489&amp;ssl=1 489w, https:\/\/i0.wp.com\/tuzlahortum.com.tr\/wp-content\/uploads\/2019\/02\/SUPRA-KELEP%C3%87E-3.jpg?resize=413%2C400&amp;ssl=1 413w\" sizes=\"auto, (max-width: 374px) 100vw, 374px\" \/><\/p>","protected":false},"excerpt":{"rendered":"<p>Supra Kelep\u00e7e(W1) Y\u00fcksek mukavemetli 8.8 s\u0131n\u0131f\u0131 \u00e7elik somun ve T-c\u0131vatas\u0131 Supra kelep\u00e7enin, konik kenarlar hortumu hasar g\u00f6rmekten korurken bir\u00e7ok farkl\u0131 \u00e7e\u015fit tak\u0131m kullan\u0131larak sert bir \u015fekilde s\u0131k\u0131labilece\u011fi anlam\u0131na gelmektedir. S\u00fcper kelep\u00e7e tar\u0131m uygulamalar\u0131nda, at\u0131k suyun \u00e7\u0131kart\u0131lmas\u0131nda, madencilikte, ta\u015f ocak\u00e7\u0131l\u0131\u011f\u0131nda yo\u011fun bir \u015fekilde kullan\u0131l\u0131rlar.Rekabet\u00e7i bir \u015fekilde fiyatland\u0131r\u0131lm\u0131\u015f\u00a0 sa\u011flam bir a\u011f\u0131r hizmet kelep\u00e7esinin gerekli oldu\u011fu yerlerde kullan\u0131labilir.<\/p>","protected":false},"featured_media":10421,"comment_status":"open","ping_status":"closed","template":"","meta":{"jetpack_post_was_ever_published":false},"product_brand":[],"product_cat":[108],"product_tag":[864,866,852,867,863,865,868],"class_list":{"0":"post-743","1":"product","2":"type-product","3":"status-publish","4":"has-post-thumbnail","6":"product_cat-cember-kelepceler","7":"product_tag-8-8-sinifi-celik-somun-ve-t-civatasi","8":"product_tag-atik-suyun-cikartilmasinda","9":"product_tag-kelepce","10":"product_tag-madencilikte","11":"product_tag-supra-kelepce","12":"product_tag-tarim-uygulamalarinda","13":"product_tag-tas-ocakciliginda","15":"first","16":"instock","17":"taxable","18":"shipping-taxable","19":"product-type-variable"},"jetpack-related-posts":[{"id":744,"url":"https:\/\/tuzlahortum.com.tr\/en\/product\/supra-paslanmaz-kelepce-w2-w4\/","url_meta":{"origin":743,"position":0},"title":"Supra Stainless Clamp (W2\/W4)","author":"admin","date":"6 February 2019","format":false,"excerpt":"Supra Paslanmaz Kelep\u00e7e (W2\/W4)Supra Paslanmaz Hortum Kelep\u00e7esi devrim niteli\u011findeki \u00fcst k\u00f6pr\u00fcs\u00fcnden dolay\u0131, hortumu \u00e7\u0131kartma gereksinimi olmadan en zorlu uygulamalara monte edilebilir. Supra Paslanmaz Hortum kelep\u00e7esi bir a\u011f\u0131r i\u015f kelep\u00e7esidir. Bu hortum kelep\u00e7esinin montaj\u0131 i\u00e7in hortumun yerinden \u00e7\u0131kar\u0131lmas\u0131na gerek kalmaz. Dolay\u0131s\u0131 ile montaj i\u015flemi \u00e7ok daha kolayla\u015fm\u0131\u015f olur. E\u011fimli kenarlar\u0131 sayesinde,\u2026","rel":"","context":"Similar post","block_context":{"text":"Similar post","link":""},"img":{"alt_text":"","src":"https:\/\/i0.wp.com\/tuzlahortum.com.tr\/wp-content\/uploads\/2019\/02\/SUPRA-KELEP%C3%87E.jpg?fit=764%2C704&ssl=1&resize=350%2C200","width":350,"height":200,"srcset":"https:\/\/i0.wp.com\/tuzlahortum.com.tr\/wp-content\/uploads\/2019\/02\/SUPRA-KELEP%C3%87E.jpg?fit=764%2C704&ssl=1&resize=350%2C200 1x, https:\/\/i0.wp.com\/tuzlahortum.com.tr\/wp-content\/uploads\/2019\/02\/SUPRA-KELEP%C3%87E.jpg?fit=764%2C704&ssl=1&resize=525%2C300 1.5x, https:\/\/i0.wp.com\/tuzlahortum.com.tr\/wp-content\/uploads\/2019\/02\/SUPRA-KELEP%C3%87E.jpg?fit=764%2C704&ssl=1&resize=700%2C400 2x"},"classes":[]},{"id":13221,"url":"https:\/\/tuzlahortum.com.tr\/en\/product\/flow-kelebek-dairesel-fiskiye\/","url_meta":{"origin":743,"position":1},"title":"FLOW BUTTERFLY CIRCULAR FOUNTAIN","author":"admin","date":"28 March 2024","format":false,"excerpt":"FLOW BUTTERFLY CIRCULAR SPRINKLER FLOW Butterfly Circular Sprinkler is designed to water the plants in your garden regularly and effectively. It helps plants grow healthy by distributing the water it sprays evenly over a wide area. Features: Circular Watering Area: Thanks to its butterfly-shaped design, the sprinkler distributes the water it sprays in a 360-degree rotating motion. This way\u2026","rel":"","context":"Similar post","block_context":{"text":"Similar post","link":""},"img":{"alt_text":"FLOW KELEBEK DA\u0130RESEL FISK\u0130YE","src":"https:\/\/i0.wp.com\/tuzlahortum.com.tr\/wp-content\/uploads\/2024\/03\/bahce_fiskiyekelebekli_2.jpg?fit=800%2C800&ssl=1&resize=350%2C200","width":350,"height":200,"srcset":"https:\/\/i0.wp.com\/tuzlahortum.com.tr\/wp-content\/uploads\/2024\/03\/bahce_fiskiyekelebekli_2.jpg?fit=800%2C800&ssl=1&resize=350%2C200 1x, https:\/\/i0.wp.com\/tuzlahortum.com.tr\/wp-content\/uploads\/2024\/03\/bahce_fiskiyekelebekli_2.jpg?fit=800%2C800&ssl=1&resize=525%2C300 1.5x, https:\/\/i0.wp.com\/tuzlahortum.com.tr\/wp-content\/uploads\/2024\/03\/bahce_fiskiyekelebekli_2.jpg?fit=800%2C800&ssl=1&resize=700%2C400 2x"},"classes":[]},{"id":13222,"url":"https:\/\/tuzlahortum.com.tr\/en\/product\/flow-salinimli-fiskiye\/","url_meta":{"origin":743,"position":2},"title":"FLOW SWINGING FOUNTAIN","author":"admin","date":"28 March 2024","format":false,"excerpt":"FLOW SALINIMLI FISK\u0130YE FLOW Sal\u0131n\u0131ml\u0131 F\u0131skiye, bah\u00e7e sulama sistemlerinde kullan\u0131lan ve suyun belirli bir alana d\u00fczenli bir \u015fekilde p\u00fcsk\u00fcrt\u00fclmesini sa\u011flayan bir sulama aksesuar\u0131d\u0131r. \u00d6zellikler: Sal\u0131n\u0131ml\u0131 Tasar\u0131m: F\u0131skiye ba\u015fl\u0131\u011f\u0131, suyun p\u00fcsk\u00fcrt\u00fclme esnas\u0131nda belirli bir sal\u0131n\u0131m hareketi yapmas\u0131n\u0131 sa\u011flayacak \u015fekilde tasarlanm\u0131\u015ft\u0131r. Bu sayede suyun daha geni\u015f bir alana e\u015fit \u015fekilde da\u011f\u0131lmas\u0131 sa\u011flan\u0131r.\u2026","rel":"","context":"Similar post","block_context":{"text":"Similar post","link":""},"img":{"alt_text":"FLOW SALINIMLI FISK\u0130YE","src":"https:\/\/i0.wp.com\/tuzlahortum.com.tr\/wp-content\/uploads\/2024\/03\/dairesel_sulama_3.jpg?fit=800%2C800&ssl=1&resize=350%2C200","width":350,"height":200,"srcset":"https:\/\/i0.wp.com\/tuzlahortum.com.tr\/wp-content\/uploads\/2024\/03\/dairesel_sulama_3.jpg?fit=800%2C800&ssl=1&resize=350%2C200 1x, https:\/\/i0.wp.com\/tuzlahortum.com.tr\/wp-content\/uploads\/2024\/03\/dairesel_sulama_3.jpg?fit=800%2C800&ssl=1&resize=525%2C300 1.5x, https:\/\/i0.wp.com\/tuzlahortum.com.tr\/wp-content\/uploads\/2024\/03\/dairesel_sulama_3.jpg?fit=800%2C800&ssl=1&resize=700%2C400 2x"},"classes":[]},{"id":13224,"url":"https:\/\/tuzlahortum.com.tr\/en\/product\/flow-plastik-hortum-askisi\/","url_meta":{"origin":743,"position":3},"title":"FLOW PLASTIC HOSE HANGER","author":"admin","date":"28 March 2024","format":false,"excerpt":"FLOW PLAST\u0130K HORTUM ASKISI FLOW Plastik Hortum Ask\u0131s\u0131, bah\u00e7e hortumlar\u0131n\u0131z\u0131 d\u00fczenli tutmak ve saklamak i\u00e7in ideal bir \u00e7\u00f6z\u00fcmd\u00fcr. \u00d6zellikler: Dayan\u0131kl\u0131 Plastik Malzeme: Y\u00fcksek kaliteli plastikten \u00fcretilmi\u015ftir, bu da uzun s\u00fcreli kullan\u0131m i\u00e7in dayan\u0131kl\u0131 ve sa\u011flam bir yap\u0131 sa\u011flar. Kolay Montaj: Basit montaj \u00f6zelli\u011fi sayesinde, duvar veya bah\u00e7e duvarlar\u0131na kolayca monte\u2026","rel":"","context":"Similar post","block_context":{"text":"Similar post","link":""},"img":{"alt_text":"","src":"https:\/\/i0.wp.com\/tuzlahortum.com.tr\/wp-content\/uploads\/2024\/03\/hortum_askisi_1.jpg?fit=800%2C800&ssl=1&resize=350%2C200","width":350,"height":200,"srcset":"https:\/\/i0.wp.com\/tuzlahortum.com.tr\/wp-content\/uploads\/2024\/03\/hortum_askisi_1.jpg?fit=800%2C800&ssl=1&resize=350%2C200 1x, https:\/\/i0.wp.com\/tuzlahortum.com.tr\/wp-content\/uploads\/2024\/03\/hortum_askisi_1.jpg?fit=800%2C800&ssl=1&resize=525%2C300 1.5x, https:\/\/i0.wp.com\/tuzlahortum.com.tr\/wp-content\/uploads\/2024\/03\/hortum_askisi_1.jpg?fit=800%2C800&ssl=1&resize=700%2C400 2x"},"classes":[]},{"id":13244,"url":"https:\/\/tuzlahortum.com.tr\/en\/product\/flow-jak-musluk-adaptoru\/","url_meta":{"origin":743,"position":4},"title":"FLOW JACK TAP ADAPTER","author":"admin","date":"28 March 2024","format":false,"excerpt":"FLOW TAP CONNECTOR Designed to make your garden watering systems compatible with taps, the FLOW TAP Connector offers a practical and reliable solution. Features: Universal Compatibility: The FLOW TAP Connector is designed to be compatible with most standard taps. This allows you to easily connect your garden watering equipment to your taps. Durable Material: Made from high-quality materials\u2026","rel":"","context":"Similar post","block_context":{"text":"Similar post","link":""},"img":{"alt_text":"","src":"https:\/\/i0.wp.com\/tuzlahortum.com.tr\/wp-content\/uploads\/2024\/03\/jak_mustuk_adaptoru_2.jpg?fit=800%2C800&ssl=1&resize=350%2C200","width":350,"height":200,"srcset":"https:\/\/i0.wp.com\/tuzlahortum.com.tr\/wp-content\/uploads\/2024\/03\/jak_mustuk_adaptoru_2.jpg?fit=800%2C800&ssl=1&resize=350%2C200 1x, https:\/\/i0.wp.com\/tuzlahortum.com.tr\/wp-content\/uploads\/2024\/03\/jak_mustuk_adaptoru_2.jpg?fit=800%2C800&ssl=1&resize=525%2C300 1.5x, https:\/\/i0.wp.com\/tuzlahortum.com.tr\/wp-content\/uploads\/2024\/03\/jak_mustuk_adaptoru_2.jpg?fit=800%2C800&ssl=1&resize=700%2C400 2x"},"classes":[]},{"id":13079,"url":"https:\/\/tuzlahortum.com.tr\/en\/product\/tabanca-kilifi\/","url_meta":{"origin":743,"position":5},"title":"Holster","author":"admin","date":"16 March 2024","format":false,"excerpt":"Tabanca K\u0131l\u0131f\u0131 11A akaryak\u0131t tabanca k\u0131l\u0131flar\u0131, genellikle akaryak\u0131t istasyonlar\u0131nda kullan\u0131lan 11A tipi tabancalar\u0131n korunmas\u0131 ve ta\u015f\u0131nmas\u0131 i\u00e7in tasarlanm\u0131\u015f \u00f6zel k\u0131l\u0131flard\u0131r. Bu k\u0131l\u0131flar, tabancalar\u0131 \u00e7evresel etkilere kar\u015f\u0131 korurken, kullan\u0131c\u0131lar\u0131n g\u00fcvenli bir \u015fekilde ta\u015f\u0131mas\u0131n\u0131 sa\u011flar. Ayr\u0131ca k\u0131l\u0131flar, tabancalar\u0131n uzun \u00f6m\u00fcrl\u00fc olmas\u0131n\u0131 sa\u011flamak i\u00e7in tasarlanm\u0131\u015f dayan\u0131kl\u0131 malzemelerden \u00fcretilir. Tabanca k\u0131l\u0131flar\u0131, kullan\u0131c\u0131lar\u0131n i\u015flem s\u0131ras\u0131nda\u2026","rel":"","context":"Similar post","block_context":{"text":"Similar post","link":""},"img":{"alt_text":"","src":"https:\/\/i0.wp.com\/tuzlahortum.com.tr\/wp-content\/uploads\/2024\/03\/Akaryakit_Tabanca_Kilifi.jpg?fit=1200%2C1200&ssl=1&resize=350%2C200","width":350,"height":200,"srcset":"https:\/\/i0.wp.com\/tuzlahortum.com.tr\/wp-content\/uploads\/2024\/03\/Akaryakit_Tabanca_Kilifi.jpg?fit=1200%2C1200&ssl=1&resize=350%2C200 1x, https:\/\/i0.wp.com\/tuzlahortum.com.tr\/wp-content\/uploads\/2024\/03\/Akaryakit_Tabanca_Kilifi.jpg?fit=1200%2C1200&ssl=1&resize=525%2C300 1.5x, https:\/\/i0.wp.com\/tuzlahortum.com.tr\/wp-content\/uploads\/2024\/03\/Akaryakit_Tabanca_Kilifi.jpg?fit=1200%2C1200&ssl=1&resize=700%2C400 2x, https:\/\/i0.wp.com\/tuzlahortum.com.tr\/wp-content\/uploads\/2024\/03\/Akaryakit_Tabanca_Kilifi.jpg?fit=1200%2C1200&ssl=1&resize=1050%2C600 3x"},"classes":[]}],"jetpack_sharing_enabled":true,"jetpack_likes_enabled":true,"_links":{"self":[{"href":"https:\/\/tuzlahortum.com.tr\/en\/wp-json\/wp\/v2\/product\/743","targetHints":{"allow":["GET"]}}],"collection":[{"href":"https:\/\/tuzlahortum.com.tr\/en\/wp-json\/wp\/v2\/product"}],"about":[{"href":"https:\/\/tuzlahortum.com.tr\/en\/wp-json\/wp\/v2\/types\/product"}],"replies":[{"embeddable":true,"href":"https:\/\/tuzlahortum.com.tr\/en\/wp-json\/wp\/v2\/comments?post=743"}],"wp:featuredmedia":[{"embeddable":true,"href":"https:\/\/tuzlahortum.com.tr\/en\/wp-json\/wp\/v2\/media\/10421"}],"wp:attachment":[{"href":"https:\/\/tuzlahortum.com.tr\/en\/wp-json\/wp\/v2\/media?parent=743"}],"wp:term":[{"taxonomy":"product_brand","embeddable":true,"href":"https:\/\/tuzlahortum.com.tr\/en\/wp-json\/wp\/v2\/product_brand?post=743"},{"taxonomy":"product_cat","embeddable":true,"href":"https:\/\/tuzlahortum.com.tr\/en\/wp-json\/wp\/v2\/product_cat?post=743"},{"taxonomy":"product_tag","embeddable":true,"href":"https:\/\/tuzlahortum.com.tr\/en\/wp-json\/wp\/v2\/product_tag?post=743"}],"curies":[{"name":"wp","href":"https:\/\/api.w.org\/{rel}","templated":true}]}}