{"id":739,"date":"2019-02-06T23:53:19","date_gmt":"2019-02-06T20:53:19","guid":{"rendered":"http:\/\/hortum.com.tr\/product\/import-placeholder-for-281\/"},"modified":"2024-03-21T17:43:13","modified_gmt":"2024-03-21T14:43:13","slug":"dokum-kelepce","status":"publish","type":"product","link":"https:\/\/tuzlahortum.com.tr\/en\/product\/dokum-kelepce\/","title":{"rendered":"Casting Clamp"},"content":{"rendered":"<h2>Casting Clamp<\/h2>\n<p>It is specially designed for compressor hoses with its two-piece structure. It is suitable for use in high pressure applications.<\/p>\n<p>Available in sizes suitable for standard compressor hoses from 1\/2\u2033 to 10\u2033.<\/p>\n<p><img data-recalc-dims=\"1\" loading=\"lazy\" decoding=\"async\" class=\"alignnone wp-image-10427\" src=\"https:\/\/i0.wp.com\/tuzlahortum.com.tr\/wp-content\/uploads\/2019\/02\/D%C3%96K%C3%9CM-KELEP%C3%87E-2.jpg?resize=346%2C441&#038;ssl=1\" alt=\"\" width=\"346\" height=\"441\" title=\"\" srcset=\"https:\/\/i0.wp.com\/tuzlahortum.com.tr\/wp-content\/uploads\/2019\/02\/D%C3%96K%C3%9CM-KELEP%C3%87E-2.jpg?w=383&amp;ssl=1 383w, https:\/\/i0.wp.com\/tuzlahortum.com.tr\/wp-content\/uploads\/2019\/02\/D%C3%96K%C3%9CM-KELEP%C3%87E-2.jpg?resize=314%2C400&amp;ssl=1 314w\" sizes=\"auto, (max-width: 346px) 100vw, 346px\" \/><\/p>\n<p><img data-recalc-dims=\"1\" loading=\"lazy\" decoding=\"async\" class=\"alignnone size-full wp-image-10428\" src=\"https:\/\/i0.wp.com\/tuzlahortum.com.tr\/wp-content\/uploads\/2019\/02\/D%C3%96K%C3%9CM-KELEP%C3%87E-3.jpg?resize=1020%2C172&#038;ssl=1\" alt=\"\" width=\"1020\" height=\"172\" title=\"\" srcset=\"https:\/\/i0.wp.com\/tuzlahortum.com.tr\/wp-content\/uploads\/2019\/02\/D%C3%96K%C3%9CM-KELEP%C3%87E-3.jpg?w=1053&amp;ssl=1 1053w, https:\/\/i0.wp.com\/tuzlahortum.com.tr\/wp-content\/uploads\/2019\/02\/D%C3%96K%C3%9CM-KELEP%C3%87E-3.jpg?resize=800%2C135&amp;ssl=1 800w, https:\/\/i0.wp.com\/tuzlahortum.com.tr\/wp-content\/uploads\/2019\/02\/D%C3%96K%C3%9CM-KELEP%C3%87E-3.jpg?resize=768%2C130&amp;ssl=1 768w, https:\/\/i0.wp.com\/tuzlahortum.com.tr\/wp-content\/uploads\/2019\/02\/D%C3%96K%C3%9CM-KELEP%C3%87E-3.jpg?resize=600%2C101&amp;ssl=1 600w\" sizes=\"auto, (max-width: 1020px) 100vw, 1020px\" \/><\/p>","protected":false},"excerpt":{"rendered":"<p>D\u00f6k\u00fcm Kelep\u00e7e \u0130ki par\u00e7al\u0131 yap\u0131s\u0131yla, kompres\u00f6r hortumlar\u0131 i\u00e7in \u00f6zel olarak dizayn edilmi\u015ftir. Y\u00fcksek bas\u0131n\u00e7l\u0131 uygulamalarda kullan\u0131ma uygundur. 1\/2&#8243; &#8211; 10&#8243; aras\u0131 standart kompres\u00f6r hortumlar\u0131na uygun \u00f6l\u00e7\u00fcleri mevcuttur.<\/p>","protected":false},"featured_media":1763,"comment_status":"open","ping_status":"closed","template":"","meta":{"jetpack_post_was_ever_published":false},"product_brand":[],"product_cat":[109],"product_tag":[851,853,852,854],"class_list":{"0":"post-739","1":"product","2":"type-product","3":"status-publish","4":"has-post-thumbnail","6":"product_cat-dokum-kelepceler","7":"product_tag-dokum","8":"product_tag-dokum-kelepce","9":"product_tag-kelepce","10":"product_tag-kompresor-hortumlari","12":"first","13":"instock","14":"taxable","15":"shipping-taxable","16":"product-type-variable"},"jetpack-related-posts":[{"id":765,"url":"https:\/\/tuzlahortum.com.tr\/en\/product\/kumlama-kurtagzi-dokum\/","url_meta":{"origin":739,"position":0},"title":"Sandblast Dovetail Casting","author":"admin","date":"6 February 2019","format":false,"excerpt":"Kumlama Kurta\u011fz\u0131 D\u00f6k\u00fcmKumlama Hortumlar\u0131n\u0131 birle\u015ftirmek veya kazan silo gibi devrelere ba\u011flamak i\u00e7in kullanabilece\u011finiz ba\u011flant\u0131 aparat\u0131. Di\u011fer sistemlere g\u00f6re hortum adapt\u00f6r\u00fcn i\u00e7ine monte edildi\u011fi i\u00e7in malzeme ak\u0131\u015f\u0131nda herhangi bir daralma olmaz. 1\" ve 1 1\/4\" kumlama hortumlar\u0131na g\u00f6re kurta\u011fz\u0131 \u00e7e\u015fitleri mevcuttur.","rel":"","context":"Similar post","block_context":{"text":"Similar post","link":""},"img":{"alt_text":"","src":"https:\/\/i0.wp.com\/tuzlahortum.com.tr\/wp-content\/uploads\/urunler\/Kumlama\/kumlama_kurtagzi_dokum.jpg?fit=210%2C240&ssl=1&resize=350%2C200","width":350,"height":200},"classes":[]},{"id":652,"url":"https:\/\/tuzlahortum.com.tr\/en\/product\/duz-kompresor-hortumu\/","url_meta":{"origin":739,"position":1},"title":"Straight Compressor Hose","author":"admin","date":"6 February 2019","format":false,"excerpt":"D\u00fcz Kompres\u00f6r HortumuHava ile \u00e7al\u0131\u015fan aletlerde ve bas\u0131n\u00e7l\u0131 hava tahliyesinde Kompres\u00f6r ya\u011flar\u0131na dayan\u0131kl\u0131 tabii ve sentetik kau\u00e7uk Y\u00fcksek mukavemetli sentetik tekstil A\u015f\u0131nmaya,ozona ve her t\u00fcrl\u00fc hava \u015fartlar\u0131na dayan\u0131kl\u0131 d\u00fcz sentetik kau\u00e7uk \u00a0","rel":"","context":"Similar post","block_context":{"text":"Similar post","link":""},"img":{"alt_text":"","src":"https:\/\/i0.wp.com\/tuzlahortum.com.tr\/wp-content\/uploads\/urunler\/kaucuk\/Du%CC%88z-Kompreso%CC%88r-Hortumu.jpg?fit=300%2C300&ssl=1&resize=350%2C200","width":350,"height":200},"classes":[]},{"id":650,"url":"https:\/\/tuzlahortum.com.tr\/en\/product\/kompresor-hortumlari-agir-tip\/","url_meta":{"origin":739,"position":2},"title":"Compressor Hoses (Heavy Type)","author":"admin","date":"6 February 2019","format":false,"excerpt":"Kompres\u00f6r Hortumlar\u0131 (A\u011f\u0131r Tip)KULLANIM ALANLARI : \u00c7al\u0131\u015fma bas\u0131n\u00e7lar\u0131na g\u00f6re maden ocaklar\u0131nda, end\u00fcstri ve in\u015faat i\u00e7in kullan\u0131\u015fl\u0131, sa\u011flam ve k\u0131r\u0131lmaya dayan\u0131kl\u0131 hava hortumlar\u0131. SERT\u0130F\u0130KALAR : Hortumlar TSE markal\u0131d\u0131r. TS745 EN ISO2398 KONTR\u00dcKS\u0130YON Alt : SBR\/NBR, siyah, su ve ya\u011f buhar\u0131 ihtiva eden bas\u0131n\u00e7l\u0131 havaya dayan\u0131kl\u0131 Takviye : Y\u00fcksek mukavemetli kord bezi\u2026","rel":"","context":"Similar post","block_context":{"text":"Similar post","link":""},"img":{"alt_text":"","src":"https:\/\/i0.wp.com\/tuzlahortum.com.tr\/wp-content\/uploads\/urunler\/kaucuk\/superlas-tip3-kompresor-hortumu.jpg?fit=360%2C270&ssl=1&resize=350%2C200","width":350,"height":200},"classes":[]},{"id":712,"url":"https:\/\/tuzlahortum.com.tr\/en\/product\/kompresor-hortumlari-hafif-tip\/","url_meta":{"origin":739,"position":3},"title":"Compressor Hoses (Light Type)","author":"admin","date":"6 February 2019","format":false,"excerpt":"Kompres\u00f6r Hortumlar\u0131 (Hafif Tip)KULLANIM ALANLARI : \u00c7al\u0131\u015fma bas\u0131n\u00e7lar\u0131na g\u00f6re maden ocaklar\u0131nda, end\u00fcstri ve in\u015faat i\u00e7in kullan\u0131\u015fl\u0131, sa\u011flam ve k\u0131r\u0131lmaya dayan\u0131kl\u0131 hava hortumlar\u0131. SERT\u0130F\u0130KALAR : Hortumlar TSE markal\u0131d\u0131r. TS745 EN ISO2398 KONTR\u00dcKS\u0130YON Alt : SBR\/NBR, siyah, su ve ya\u011f buhar\u0131 ihtiva eden bas\u0131n\u00e7l\u0131 havaya dayan\u0131kl\u0131 Takviye : Y\u00fcksek mukavemetli kord bezi\u2026","rel":"","context":"Similar post","block_context":{"text":"Similar post","link":""},"img":{"alt_text":"","src":"https:\/\/i0.wp.com\/tuzlahortum.com.tr\/wp-content\/uploads\/urunler\/kaucuk\/superlas-tip1-kompresor-hortumu.jpg?fit=360%2C270&ssl=1&resize=350%2C200","width":350,"height":200},"classes":[]},{"id":713,"url":"https:\/\/tuzlahortum.com.tr\/en\/product\/kompresor-hortumlari-orta-tip\/","url_meta":{"origin":739,"position":4},"title":"Compressor Hoses (Middle Type)","author":"admin","date":"6 February 2019","format":false,"excerpt":"Kompres\u00f6r Hortumlar\u0131 (Orta Tip)KULLANIM ALANLARI : \u00c7al\u0131\u015fma bas\u0131n\u00e7lar\u0131na g\u00f6re maden ocaklar\u0131nda, end\u00fcstri ve in\u015faat i\u00e7in kullan\u0131\u015fl\u0131, sa\u011flam ve k\u0131r\u0131lmaya dayan\u0131kl\u0131 hava hortumlar\u0131. SERT\u0130F\u0130KALAR : Hortumlar TSE markal\u0131d\u0131r. TS745 EN ISO2398 KONTR\u00dcKS\u0130YON Alt : SBR\/NBR, siyah, su ve ya\u011f buhar\u0131 ihtiva eden bas\u0131n\u00e7l\u0131 havaya dayan\u0131kl\u0131 Takviye : Y\u00fcksek mukavemetli kord bezi\u2026","rel":"","context":"Similar post","block_context":{"text":"Similar post","link":""},"img":{"alt_text":"","src":"https:\/\/i0.wp.com\/tuzlahortum.com.tr\/wp-content\/uploads\/urunler\/kaucuk\/superlas-tip2-komnpresor-hortumu.jpg?fit=360%2C270&ssl=1&resize=350%2C200","width":350,"height":200},"classes":[]},{"id":937,"url":"https:\/\/tuzlahortum.com.tr\/en\/product\/thermo-kompresor-hortumu-10-bar\/","url_meta":{"origin":739,"position":5},"title":"Thermo Compressor Hose (10 Bar)","author":"admin","date":"6 February 2019","format":false,"excerpt":"Thermo Kompres\u00f6r Hortumu (10 Bar)\u00d6zellikler : \u2022 \u00d6zel Sentetik PVC, y\u00fcksek mukavemetli polyester ile takviye edilmi\u015ftir. \u2022 Kompres\u00f6r ya\u011flar\u0131na ve hert\u00fcrl\u00fc hava \u015fartlar\u0131na kar\u015f\u0131 dayan\u0131kl\u0131d\u0131r. \u2022 -20\u00b0C ile +60\u00b0C aras\u0131nda s\u0131cakl\u0131\u011fa dayan\u0131kl\u0131d\u0131r. Kullan\u0131m Alanlar\u0131 : \u2022 Hert\u00fcrl\u00fc bas\u0131n\u00e7l\u0131 hava tahliyesine ve hava ile \u00e7al\u0131\u015fan aletlerde kullan\u0131l\u0131r.","rel":"","context":"Similar post","block_context":{"text":"Similar post","link":""},"img":{"alt_text":"","src":"https:\/\/i0.wp.com\/hortum.com.tr\/wp-content\/uploads\/urunler\/plastik\/Thermo-Kompreso%CC%88r-Hortumu-10-Bar-1.jpg?resize=350%2C200","width":350,"height":200,"srcset":"https:\/\/i0.wp.com\/hortum.com.tr\/wp-content\/uploads\/urunler\/plastik\/Thermo-Kompreso%CC%88r-Hortumu-10-Bar-1.jpg?resize=350%2C200 1x, https:\/\/i0.wp.com\/hortum.com.tr\/wp-content\/uploads\/urunler\/plastik\/Thermo-Kompreso%CC%88r-Hortumu-10-Bar-1.jpg?resize=525%2C300 1.5x"},"classes":[]}],"jetpack_sharing_enabled":true,"jetpack_likes_enabled":true,"_links":{"self":[{"href":"https:\/\/tuzlahortum.com.tr\/en\/wp-json\/wp\/v2\/product\/739","targetHints":{"allow":["GET"]}}],"collection":[{"href":"https:\/\/tuzlahortum.com.tr\/en\/wp-json\/wp\/v2\/product"}],"about":[{"href":"https:\/\/tuzlahortum.com.tr\/en\/wp-json\/wp\/v2\/types\/product"}],"replies":[{"embeddable":true,"href":"https:\/\/tuzlahortum.com.tr\/en\/wp-json\/wp\/v2\/comments?post=739"}],"wp:featuredmedia":[{"embeddable":true,"href":"https:\/\/tuzlahortum.com.tr\/en\/wp-json\/wp\/v2\/media\/1763"}],"wp:attachment":[{"href":"https:\/\/tuzlahortum.com.tr\/en\/wp-json\/wp\/v2\/media?parent=739"}],"wp:term":[{"taxonomy":"product_brand","embeddable":true,"href":"https:\/\/tuzlahortum.com.tr\/en\/wp-json\/wp\/v2\/product_brand?post=739"},{"taxonomy":"product_cat","embeddable":true,"href":"https:\/\/tuzlahortum.com.tr\/en\/wp-json\/wp\/v2\/product_cat?post=739"},{"taxonomy":"product_tag","embeddable":true,"href":"https:\/\/tuzlahortum.com.tr\/en\/wp-json\/wp\/v2\/product_tag?post=739"}],"curies":[{"name":"wp","href":"https:\/\/api.w.org\/{rel}","templated":true}]}}