{"id":738,"date":"2019-02-06T23:53:18","date_gmt":"2019-02-06T20:53:18","guid":{"rendered":"http:\/\/hortum.com.tr\/product\/import-placeholder-for-138\/"},"modified":"2024-03-21T17:43:14","modified_gmt":"2024-03-21T14:43:14","slug":"cc-kablo-ve-boru-baglanti-kelepcesi","status":"publish","type":"product","link":"https:\/\/tuzlahortum.com.tr\/en\/product\/cc-kablo-ve-boru-baglanti-kelepcesi\/","title":{"rendered":"CC Cable and Pipe Clamp(D1)"},"content":{"rendered":"<h2>CC Cable and Pipe Clamp(D1)<\/h2>\n<p class=\"p-text\">CC Connection clamps,<strong>\u00a0DIN 3016<\/strong> produced according to the norm. These clamp models are especially suitable for fixing cables and pipes.<\/p>\n<p class=\"p-text\">they are used. In vibrating environments, it does not allow permanent deformation in cables and pipes thanks to the rubber clad on the material.<\/p>\n<p class=\"p-text\">These clamp models, produced from different materials, are especially suitable for automotive, air conditioning, generator, agricultural machinery, white goods, etc. also in sectors<\/p>\n<p class=\"p-text\">they are used.<\/p>\n<p><img data-recalc-dims=\"1\" loading=\"lazy\" decoding=\"async\" class=\"size-full wp-image-10406 alignleft\" style=\"font-size: 14.4px;\" src=\"https:\/\/i0.wp.com\/tuzlahortum.com.tr\/wp-content\/uploads\/2019\/02\/CC-KELEP%C3%87E-4.jpg?resize=317%2C324&#038;ssl=1\" alt=\"\" width=\"317\" height=\"324\" title=\"\"><img data-recalc-dims=\"1\" loading=\"lazy\" decoding=\"async\" class=\"wp-image-10408 alignleft\" style=\"font-size: 14.4px;\" src=\"https:\/\/i0.wp.com\/tuzlahortum.com.tr\/wp-content\/uploads\/2019\/02\/CC-KELEP%C3%87E-3.jpg?resize=283%2C170&#038;ssl=1\" alt=\"\" width=\"283\" height=\"170\" title=\"\"><img data-recalc-dims=\"1\" loading=\"lazy\" decoding=\"async\" class=\"wp-image-10407 alignnone\" src=\"https:\/\/i0.wp.com\/tuzlahortum.com.tr\/wp-content\/uploads\/2019\/02\/CC-KELEP%C3%87E-2.jpg?resize=240%2C198&#038;ssl=1\" alt=\"\" width=\"240\" height=\"198\" title=\"\"><\/p>\n<p>&nbsp;<\/p>\n<p>&nbsp;<\/p>\n<p>&nbsp;<\/p>\n<p><img data-recalc-dims=\"1\" loading=\"lazy\" decoding=\"async\" class=\"wp-image-10409 alignleft\" src=\"https:\/\/i0.wp.com\/tuzlahortum.com.tr\/wp-content\/uploads\/2019\/02\/CC-KELEP%C3%87E-5.jpg?resize=556%2C548&#038;ssl=1\" alt=\"\" width=\"556\" height=\"548\" title=\"\" srcset=\"https:\/\/i0.wp.com\/tuzlahortum.com.tr\/wp-content\/uploads\/2019\/02\/CC-KELEP%C3%87E-5.jpg?w=651&amp;ssl=1 651w, https:\/\/i0.wp.com\/tuzlahortum.com.tr\/wp-content\/uploads\/2019\/02\/CC-KELEP%C3%87E-5.jpg?resize=406%2C400&amp;ssl=1 406w, https:\/\/i0.wp.com\/tuzlahortum.com.tr\/wp-content\/uploads\/2019\/02\/CC-KELEP%C3%87E-5.jpg?resize=600%2C592&amp;ssl=1 600w, https:\/\/i0.wp.com\/tuzlahortum.com.tr\/wp-content\/uploads\/2019\/02\/CC-KELEP%C3%87E-5.jpg?resize=100%2C100&amp;ssl=1 100w\" sizes=\"auto, (max-width: 556px) 100vw, 556px\" \/><\/p>","protected":false},"excerpt":{"rendered":"<p>CC Kablo ve Boru Ba\u011flant\u0131 Kelep\u00e7esi(D1) CC Ba\u011flant\u0131 kelep\u00e7eleri,\u00a0DIN 3016 normuna g\u00f6re \u00fcretilmektedir. Bu kelep\u00e7e modelleri, \u00f6zellikle kablo ve borular\u0131n sabitlenmesinde kullan\u0131l\u0131rlar. Titre\u015fimli ortamlarda, malzeme \u00fczerine giydirilen lastik sayesinde kablo ve borularda kal\u0131c\u0131 deformasyona izin vermemektedir. De\u011fi\u015fik malzemelerden \u00fcretilen bu kelep\u00e7e modelleri, \u00f6zellikle otomotiv, klima, jenerat\u00f6r, tar\u0131m makinalar\u0131, beyaz e\u015fya vb. sekt\u00f6rlerde de kullan\u0131l\u0131rlar. &nbsp; [&#8230;]\n","protected":false},"featured_media":9011,"comment_status":"open","ping_status":"closed","template":"","meta":{"jetpack_post_was_ever_published":false},"product_brand":[],"product_cat":[107],"product_tag":[850,2252,2251,848,2253,486,296,849,847],"class_list":{"0":"post-738","1":"product","2":"type-product","3":"status-publish","4":"has-post-thumbnail","6":"product_cat-baglanti-kelepceleri","7":"product_tag-beyaz-esya","8":"product_tag-cc-baglanti-kelepcesi","9":"product_tag-cc-kelepce","10":"product_tag-jenerator","11":"product_tag-kablo-boru-sabitleme","12":"product_tag-klima","13":"product_tag-otomotiv","14":"product_tag-tarim-makinalari","15":"product_tag-titresimli-ortam","17":"first","18":"instock","19":"taxable","20":"shipping-taxable","21":"product-type-variable"},"jetpack-related-posts":[{"id":931,"url":"https:\/\/tuzlahortum.com.tr\/en\/product\/band-buckle-kelepce\/","url_meta":{"origin":738,"position":0},"title":"Band &amp; Buckle Clamp","author":"admin","date":"6 February 2019","format":false,"excerpt":"Band & Buckle Kelep\u00e7eBand & Buckle paslanmaz \u00e7elik serbest boy kelep\u00e7e modelleri standartlar\u0131n \u00fczerindeki \u00e7aplarda s\u0131zd\u0131rmazl\u0131k ve sabitleme ama\u00e7l\u0131 tasarlanm\u0131\u015flard\u0131r. Bu serbest boy kelep\u00e7elerin korozyon diren\u00e7leri y\u00fcksektir. DIN 1.4301 (AISI 304) malzemeden \u00fcretilmektedir. \u0130stenilen \u00e7ap i\u00e7in uygulanmas\u0131 olduk\u00e7a basit olan bu serbest boy paslanmaz hortum kelep\u00e7esi modelleri bir s\u0131kma aparat\u0131\u2026","rel":"","context":"Similar post","block_context":{"text":"Similar post","link":""},"img":{"alt_text":"","src":"https:\/\/i0.wp.com\/tuzlahortum.com.tr\/wp-content\/uploads\/urunler\/kelepceler\/bandbucklekelepce.jpg?fit=500%2C350&ssl=1&resize=350%2C200","width":350,"height":200},"classes":[]},{"id":745,"url":"https:\/\/tuzlahortum.com.tr\/en\/product\/12mm-vida-surumlu-kelepceler\/","url_meta":{"origin":738,"position":1},"title":"12mm Screw Version Clamps","author":"admin","date":"6 February 2019","format":false,"excerpt":"12mm Vida S\u00fcr\u00fcml\u00fc Kelep\u00e7eler 12mm bant geni\u015fli\u011finde\u00a0DIN 3017\u00a0normuna g\u00f6re \u00fcretilen Kale vida s\u00fcr\u00fcml\u00fc hortum kelep\u00e7esi modelleri, geni\u015f \u00e7ap se\u00e7enekleri ile bir \u00e7ok sekt\u00f6rde rahatl\u0131kla kullan\u0131lmaktad\u0131r. KALE vida s\u00fcr\u00fcml\u00fc hortum kelep\u00e7esi modelleri, bant\/yuva\/vida malzeme kombinasyonlar\u0131 (W2B, W2, W3, W4, W5), 7mm alt\u0131gen vida ba\u015f\u0131 (y\u0131ld\u0131z ve d\u00fcz tornavida a\u011f\u0131zl\u0131) se\u00e7enekleri ile\u2026","rel":"","context":"Similar post","block_context":{"text":"Similar post","link":""},"img":{"alt_text":"","src":"https:\/\/i0.wp.com\/tuzlahortum.com.tr\/wp-content\/uploads\/2019\/02\/12-MM-V%C4%B0DA-S%C3%9CR%C3%9CML%C3%9C-KELEP%C3%87E.jpg?fit=691%2C725&ssl=1&resize=350%2C200","width":350,"height":200,"srcset":"https:\/\/i0.wp.com\/tuzlahortum.com.tr\/wp-content\/uploads\/2019\/02\/12-MM-V%C4%B0DA-S%C3%9CR%C3%9CML%C3%9C-KELEP%C3%87E.jpg?fit=691%2C725&ssl=1&resize=350%2C200 1x, https:\/\/i0.wp.com\/tuzlahortum.com.tr\/wp-content\/uploads\/2019\/02\/12-MM-V%C4%B0DA-S%C3%9CR%C3%9CML%C3%9C-KELEP%C3%87E.jpg?fit=691%2C725&ssl=1&resize=525%2C300 1.5x"},"classes":[]},{"id":945,"url":"https:\/\/tuzlahortum.com.tr\/en\/product\/9mm-vida-surumlu-kelepceler\/","url_meta":{"origin":738,"position":2},"title":"9mm Screw Version Clamps","author":"admin","date":"6 February 2019","format":false,"excerpt":"9mm Vida S\u00fcr\u00fcml\u00fc Kelep\u00e7eler 9mm bant geni\u015fli\u011finde\u00a0DIN 3017\u00a0normuna g\u00f6re \u00fcretilen Kale vida s\u00fcr\u00fcml\u00fc hortum kelep\u00e7esi modelleri, geni\u015f \u00e7ap se\u00e7enekleri ile bir \u00e7ok sekt\u00f6rde rahatl\u0131kla kullan\u0131lmaktad\u0131r. KALE vida s\u00fcr\u00fcml\u00fc hortum kelep\u00e7esi modelleri, bant\/yuva\/vida malzeme kombinasyonlar\u0131 (W2B, W2, W3, W4, W5), 7mm alt\u0131gen vida ba\u015f\u0131 (y\u0131ld\u0131z ve d\u00fcz tornavida a\u011f\u0131zl\u0131) se\u00e7enekleri ile\u2026","rel":"","context":"Similar post","block_context":{"text":"Similar post","link":""},"img":{"alt_text":"","src":"https:\/\/i0.wp.com\/tuzlahortum.com.tr\/wp-content\/uploads\/2019\/02\/9-MM-V%C4%B0DA-S%C3%9CR%C3%9CML%C3%9C-KELEP%C3%87E.jpg?fit=699%2C753&ssl=1&resize=350%2C200","width":350,"height":200,"srcset":"https:\/\/i0.wp.com\/tuzlahortum.com.tr\/wp-content\/uploads\/2019\/02\/9-MM-V%C4%B0DA-S%C3%9CR%C3%9CML%C3%9C-KELEP%C3%87E.jpg?fit=699%2C753&ssl=1&resize=350%2C200 1x, https:\/\/i0.wp.com\/tuzlahortum.com.tr\/wp-content\/uploads\/2019\/02\/9-MM-V%C4%B0DA-S%C3%9CR%C3%9CML%C3%9C-KELEP%C3%87E.jpg?fit=699%2C753&ssl=1&resize=525%2C300 1.5x"},"classes":[]},{"id":741,"url":"https:\/\/tuzlahortum.com.tr\/en\/product\/smooth-kelepceler\/","url_meta":{"origin":738,"position":3},"title":"Smooth Clamps","author":"admin","date":"6 February 2019","format":false,"excerpt":"Smooth Kelep\u00e7elerA\u011f\u0131r i\u015f tipi i\u00e7in tasarlanm\u0131\u015f olan bu paslanmaz \u00e7elik Smooth kelep\u00e7eler bir s\u0131kma aparat\u0131 ile montaj edilirler. Band\u0131n \u00e7ekerek s\u0131k\u0131\u015ft\u0131r\u0131lmas\u0131 prensibi ile montaj\u0131 ger\u00e7ekle\u015fen bu hortum kelep\u00e7esi modelleri maksimum s\u0131kma tork de\u011ferlerini rahatl\u0131kla sa\u011flamaktad\u0131rlar.","rel":"","context":"Similar post","block_context":{"text":"Similar post","link":""},"img":{"alt_text":"","src":"https:\/\/i0.wp.com\/tuzlahortum.com.tr\/wp-content\/uploads\/2019\/02\/BJR-SMOOTH-KELEP%C3%87E-3.jpg?fit=930%2C605&ssl=1&resize=350%2C200","width":350,"height":200,"srcset":"https:\/\/i0.wp.com\/tuzlahortum.com.tr\/wp-content\/uploads\/2019\/02\/BJR-SMOOTH-KELEP%C3%87E-3.jpg?fit=930%2C605&ssl=1&resize=350%2C200 1x, https:\/\/i0.wp.com\/tuzlahortum.com.tr\/wp-content\/uploads\/2019\/02\/BJR-SMOOTH-KELEP%C3%87E-3.jpg?fit=930%2C605&ssl=1&resize=525%2C300 1.5x, https:\/\/i0.wp.com\/tuzlahortum.com.tr\/wp-content\/uploads\/2019\/02\/BJR-SMOOTH-KELEP%C3%87E-3.jpg?fit=930%2C605&ssl=1&resize=700%2C400 2x"},"classes":[]},{"id":744,"url":"https:\/\/tuzlahortum.com.tr\/en\/product\/supra-paslanmaz-kelepce-w2-w4\/","url_meta":{"origin":738,"position":4},"title":"Supra Stainless Clamp (W2\/W4)","author":"admin","date":"6 February 2019","format":false,"excerpt":"Supra Paslanmaz Kelep\u00e7e (W2\/W4)Supra Paslanmaz Hortum Kelep\u00e7esi devrim niteli\u011findeki \u00fcst k\u00f6pr\u00fcs\u00fcnden dolay\u0131, hortumu \u00e7\u0131kartma gereksinimi olmadan en zorlu uygulamalara monte edilebilir. Supra Paslanmaz Hortum kelep\u00e7esi bir a\u011f\u0131r i\u015f kelep\u00e7esidir. Bu hortum kelep\u00e7esinin montaj\u0131 i\u00e7in hortumun yerinden \u00e7\u0131kar\u0131lmas\u0131na gerek kalmaz. Dolay\u0131s\u0131 ile montaj i\u015flemi \u00e7ok daha kolayla\u015fm\u0131\u015f olur. E\u011fimli kenarlar\u0131 sayesinde,\u2026","rel":"","context":"Similar post","block_context":{"text":"Similar post","link":""},"img":{"alt_text":"","src":"https:\/\/i0.wp.com\/tuzlahortum.com.tr\/wp-content\/uploads\/2019\/02\/SUPRA-KELEP%C3%87E.jpg?fit=764%2C704&ssl=1&resize=350%2C200","width":350,"height":200,"srcset":"https:\/\/i0.wp.com\/tuzlahortum.com.tr\/wp-content\/uploads\/2019\/02\/SUPRA-KELEP%C3%87E.jpg?fit=764%2C704&ssl=1&resize=350%2C200 1x, https:\/\/i0.wp.com\/tuzlahortum.com.tr\/wp-content\/uploads\/2019\/02\/SUPRA-KELEP%C3%87E.jpg?fit=764%2C704&ssl=1&resize=525%2C300 1.5x, https:\/\/i0.wp.com\/tuzlahortum.com.tr\/wp-content\/uploads\/2019\/02\/SUPRA-KELEP%C3%87E.jpg?fit=764%2C704&ssl=1&resize=700%2C400 2x"},"classes":[]},{"id":21722,"url":"https:\/\/tuzlahortum.com.tr\/en\/product\/isi-cc\/","url_meta":{"origin":738,"position":5},"title":"ISI CC","author":"admin","date":"11 August 2025","format":false,"excerpt":"\u00a0 \u00dcr\u00fcn Ad\u0131: ISI CC \u00dcr\u00fcn Kodu: HWCC115 S\u0131cak Su \u0130\u00e7in Seramik Kaplamal\u0131 D\u0131\u015f Y\u00fczey Kullanim Alan\u0131 : Sanayide su ve s\u0131cak su transferi i\u00e7in, hortumun \u0131s\u0131ya dayan\u0131kl\u0131 olmas\u0131 gereken durumlarda kullan\u0131l\u0131r. Alt Katman : EPDM Kau\u00e7uk. Takviye Katman\u0131 : Y\u00fcksek Mukavemetli Sentetik Tekstil. \u00dcst Katman : Is\u0131 (600\u00b0C`a Kadar),\u2026","rel":"","context":"Similar post","block_context":{"text":"Similar post","link":""},"img":{"alt_text":"","src":"https:\/\/i0.wp.com\/tuzlahortum.com.tr\/wp-content\/uploads\/2025\/08\/isicc-p.png?fit=505%2C505&ssl=1&resize=350%2C200","width":350,"height":200},"classes":[]}],"jetpack_sharing_enabled":true,"jetpack_likes_enabled":true,"_links":{"self":[{"href":"https:\/\/tuzlahortum.com.tr\/en\/wp-json\/wp\/v2\/product\/738","targetHints":{"allow":["GET"]}}],"collection":[{"href":"https:\/\/tuzlahortum.com.tr\/en\/wp-json\/wp\/v2\/product"}],"about":[{"href":"https:\/\/tuzlahortum.com.tr\/en\/wp-json\/wp\/v2\/types\/product"}],"replies":[{"embeddable":true,"href":"https:\/\/tuzlahortum.com.tr\/en\/wp-json\/wp\/v2\/comments?post=738"}],"wp:featuredmedia":[{"embeddable":true,"href":"https:\/\/tuzlahortum.com.tr\/en\/wp-json\/wp\/v2\/media\/9011"}],"wp:attachment":[{"href":"https:\/\/tuzlahortum.com.tr\/en\/wp-json\/wp\/v2\/media?parent=738"}],"wp:term":[{"taxonomy":"product_brand","embeddable":true,"href":"https:\/\/tuzlahortum.com.tr\/en\/wp-json\/wp\/v2\/product_brand?post=738"},{"taxonomy":"product_cat","embeddable":true,"href":"https:\/\/tuzlahortum.com.tr\/en\/wp-json\/wp\/v2\/product_cat?post=738"},{"taxonomy":"product_tag","embeddable":true,"href":"https:\/\/tuzlahortum.com.tr\/en\/wp-json\/wp\/v2\/product_tag?post=738"}],"curies":[{"name":"wp","href":"https:\/\/api.w.org\/{rel}","templated":true}]}}