{"id":737,"date":"2019-02-06T23:53:18","date_gmt":"2019-02-06T20:53:18","guid":{"rendered":"http:\/\/hortum.com.tr\/product\/import-placeholder-for-578\/"},"modified":"2024-03-21T17:43:15","modified_gmt":"2024-03-21T14:43:15","slug":"pn-16-kelebek-vana-nikel-klapeli","status":"publish","type":"product","link":"https:\/\/tuzlahortum.com.tr\/en\/product\/pn-16-kelebek-vana-nikel-klapeli\/","title":{"rendered":"PN 16 Butterfly Valve Nickel Flap"},"content":{"rendered":"<h2>PN 16 Butterfly Valve Nickel Flap<\/h2>\n<p>Turkish Standards Institute Approval.<\/p>\n<p>ISO 9001 Quality System Certificate.<\/p>\n<p>Wide usage area for use in industrial, plumbing and irrigation systems.<\/p>\n<p>Temperature -10\u00b0C + 120\u00b0C<\/p>","protected":false},"excerpt":{"rendered":"<p>PN 16 Kelebek Vana Nikel Klapeli T\u00fcrk Standartlar\u0131 Enstit\u00fcs\u00fc Onay\u0131. ISO 9001 Kalite Sistem Sertfikas\u0131. End\u00fcstriyel, Tesisat ve sulama sistemlerinde kullan\u0131lmak \u00fczere geni\u015f kullan\u0131m alan\u0131. S\u0131cakl\u0131k -10\u00b0C + 120\u00b0C<\/p>","protected":false},"featured_media":2861,"comment_status":"open","ping_status":"closed","template":"","meta":{"jetpack_post_was_ever_published":false},"product_brand":[],"product_cat":[201],"product_tag":[845,846,2274,2273,331],"class_list":{"0":"post-737","1":"product","2":"type-product","3":"status-publish","4":"has-post-thumbnail","6":"product_cat-kelebek-vana-modelleri","7":"product_tag-kelebek","8":"product_tag-kelebek-vana","9":"product_tag-kelebek-vana-nikel-klapeli","10":"product_tag-nikel-klape","11":"product_tag-vana","13":"first","14":"instock","15":"taxable","16":"shipping-taxable","17":"product-type-variable"},"jetpack-related-posts":[],"jetpack_sharing_enabled":true,"jetpack_likes_enabled":true,"_links":{"self":[{"href":"https:\/\/tuzlahortum.com.tr\/en\/wp-json\/wp\/v2\/product\/737","targetHints":{"allow":["GET"]}}],"collection":[{"href":"https:\/\/tuzlahortum.com.tr\/en\/wp-json\/wp\/v2\/product"}],"about":[{"href":"https:\/\/tuzlahortum.com.tr\/en\/wp-json\/wp\/v2\/types\/product"}],"replies":[{"embeddable":true,"href":"https:\/\/tuzlahortum.com.tr\/en\/wp-json\/wp\/v2\/comments?post=737"}],"wp:featuredmedia":[{"embeddable":true,"href":"https:\/\/tuzlahortum.com.tr\/en\/wp-json\/wp\/v2\/media\/2861"}],"wp:attachment":[{"href":"https:\/\/tuzlahortum.com.tr\/en\/wp-json\/wp\/v2\/media?parent=737"}],"wp:term":[{"taxonomy":"product_brand","embeddable":true,"href":"https:\/\/tuzlahortum.com.tr\/en\/wp-json\/wp\/v2\/product_brand?post=737"},{"taxonomy":"product_cat","embeddable":true,"href":"https:\/\/tuzlahortum.com.tr\/en\/wp-json\/wp\/v2\/product_cat?post=737"},{"taxonomy":"product_tag","embeddable":true,"href":"https:\/\/tuzlahortum.com.tr\/en\/wp-json\/wp\/v2\/product_tag?post=737"}],"curies":[{"name":"wp","href":"https:\/\/api.w.org\/{rel}","templated":true}]}}