{"id":736,"date":"2019-02-06T23:53:18","date_gmt":"2019-02-06T20:53:18","guid":{"rendered":"http:\/\/hortum.com.tr\/product\/import-placeholder-for-76\/"},"modified":"2024-03-21T17:43:16","modified_gmt":"2024-03-21T14:43:16","slug":"vibrator-hortumu","status":"publish","type":"product","link":"https:\/\/tuzlahortum.com.tr\/en\/product\/vibrator-hortumu\/","title":{"rendered":"Vibrator Hose"},"content":{"rendered":"<h2>Vibrator Hose<\/h2>\n<div>USAGE AREAS: Hose that prevents gas and air bubbles in concrete and cement castings<\/div>\n<div><\/div>\n<div>CONSTRUCTION<\/div>\n<div>Bottom : SBR, black, smooth and hard<\/div>\n<div>Reinforcement: High strength cord fabric<\/div>\n<div>Upper : SBR\/NR, black, abrasion and weather resistant<\/div>","protected":false},"excerpt":{"rendered":"<p>Vibrator Hose AREAS OF USE : Hose to prevent gas and air bubbles in concrete and cement pours CONTRUCTION Bottom : SBR, black, smooth and hard Reinforcement : High strength cord fabric Top : SBR\/NR, black, resistant to friction and climatic conditions<\/p>","protected":false},"featured_media":1640,"comment_status":"open","ping_status":"closed","template":"","meta":{"jetpack_post_was_ever_published":false},"product_brand":[],"product_cat":[153],"product_tag":[844,843],"class_list":{"0":"post-736","1":"product","2":"type-product","3":"status-publish","4":"has-post-thumbnail","6":"product_cat-beton-hortumlari","7":"product_tag-beton-ve-cimento-dokumlerinde-gaz-ve-hava-kabarcigini-onleyen-hortum","8":"product_tag-vibrator-hortumu","10":"first","11":"instock","12":"taxable","13":"shipping-taxable","14":"product-type-variable"},"jetpack-related-posts":[{"id":734,"url":"https:\/\/tuzlahortum.com.tr\/en\/product\/hava-pompa-hortumlari\/","url_meta":{"origin":736,"position":0},"title":"Air Pump Hoses","author":"admin","date":"6 February 2019","format":false,"excerpt":"Hava Pompa Hortumlar\u0131KULLANIM ALANLARI : Esas olarak servis istasyonlar\u0131ndaki hava pompalar\u0131nda ve tazyikli hava uygulamalar\u0131nda kullan\u0131lmaktad\u0131r. SERT\u0130F\u0130KALAR : Hortumlar TSE markal\u0131d\u0131r. TS 745 EN ISO 2398 KONTR\u00dcKS\u0130YON Alt : SBR\/NBR, siyah, d\u00fcz Takviye : Y\u00fcksek mukavemetli tekstil \u00f6rg\u00fc \u00dcst : SBR\/NBR, siyah, d\u00fcz, iklim \u015fartlar\u0131na ve a\u015f\u0131nmaya dayan\u0131kl\u0131","rel":"","context":"Similar post","block_context":{"text":"Similar post","link":""},"img":{"alt_text":"","src":"https:\/\/i0.wp.com\/tuzlahortum.com.tr\/wp-content\/uploads\/urunler\/kaucuk\/superlas-hava-pompa-hortumu.jpg?fit=360%2C270&ssl=1&resize=350%2C200","width":350,"height":200},"classes":[]},{"id":902,"url":"https:\/\/tuzlahortum.com.tr\/en\/product\/spiralli-su-emici-hortumlar\/","url_meta":{"origin":736,"position":1},"title":"Spiral Water Absorbent Hoses","author":"admin","date":"6 February 2019","format":false,"excerpt":"Spiralli Su Emici HortumlarKULLANIM ALANLARI : Tahliye pompalar\u0131nda verici hortum olarak kullan\u0131lmaktad\u0131r. Sertifikalar : Hortumlar TSE markal\u0131d\u0131r. TS 5365 KONTR\u00dcKS\u0130YON Alt : SBR\/NR siyah, parlak Takviye : Y\u00fcksek mukavemetli kord bezi \u00dcst : SBR siyah, her t\u00fcrl\u00fc iklim \u015fartlar\u0131na dayan\u0131kl\u0131","rel":"","context":"Similar post","block_context":{"text":"Similar post","link":""},"img":{"alt_text":"","src":"https:\/\/i0.wp.com\/tuzlahortum.com.tr\/wp-content\/uploads\/urunler\/kaucuk\/superlas-super-su-hortumu.jpg?fit=360%2C270&ssl=1&resize=350%2C200","width":350,"height":200},"classes":[]},{"id":653,"url":"https:\/\/tuzlahortum.com.tr\/en\/product\/toz-ve-hava-emis-hortumlari\/","url_meta":{"origin":736,"position":2},"title":"Dust and Air Suction Hoses","author":"admin","date":"6 February 2019","format":false,"excerpt":"Toz ve Hava Emi\u015f Hortumlar\u0131KULLANIM ALANLARI : Tar\u0131mda, madenlerde ve fabrikalarda toz ve kirlenmi\u015f hava emme i\u015flerinde kullan\u0131lan emici hortumdur KONTR\u00dcKS\u0130YON Alt : SBR\/NR, siyah, antistatik ve a\u015f\u0131nmaya dayan\u0131kl\u0131 Takviye : Kord bezi, katlararas\u0131nda \u00e7elik spiral tel \u00dcst : SBR\/NR, siyah, s\u00fcrt\u00fcnmeye ve her t\u00fcrl\u00fc iklim \u015fartlar\u0131na dayan\u0131kl\u0131","rel":"","context":"Similar post","block_context":{"text":"Similar post","link":""},"img":{"alt_text":"","src":"https:\/\/i0.wp.com\/tuzlahortum.com.tr\/wp-content\/uploads\/urunler\/kaucuk\/superlas-supurge-hortumu.jpg?fit=360%2C270&ssl=1&resize=350%2C200","width":350,"height":200},"classes":[]},{"id":901,"url":"https:\/\/tuzlahortum.com.tr\/en\/product\/bezli-su-verici-hortum5-bar\/","url_meta":{"origin":736,"position":3},"title":"Cloth Water Dispenser Hose (5 Bar)","author":"admin","date":"6 February 2019","format":false,"excerpt":"Cloth Water Transmitter Hose (5 Bar) AREAS OF USAGE : It is used as a transmitter hose in discharge pumps. Prepared for easy transportation and storage. CONTRUCTION Bottom : SBR\/NR black, glossy Reinforcement : High strength cord fabric Top : SBR black, resistant to all climatic conditions","rel":"","context":"Similar post","block_context":{"text":"Similar post","link":""},"img":{"alt_text":"","src":"https:\/\/i0.wp.com\/tuzlahortum.com.tr\/wp-content\/uploads\/urunler\/kaucuk\/superlas-bezli-su-verici-hortum.jpg?fit=360%2C270&ssl=1&resize=350%2C200","width":350,"height":200},"classes":[]},{"id":8622,"url":"https:\/\/tuzlahortum.com.tr\/en\/product\/bezli-su-verici-hortum10-bar\/","url_meta":{"origin":736,"position":4},"title":"Cloth Water Dispenser Hose (10 Bar)","author":"\u0130smail \u00c7elik","date":"21 March 2019","format":false,"excerpt":"Cloth Water Transmitter Hose (10 Bar) AREAS OF USAGE : Robust, flexible and receiver hose suitable for heavy duty applications in industry, construction and agriculture. CONTRUCTION Bottom : SBR\/NR black, glossy Reinforcement : High strength cord fabric Top : SBR black, resistant to all climatic conditions fghfgh test","rel":"","context":"Similar post","block_context":{"text":"Similar post","link":""},"img":{"alt_text":"","src":"https:\/\/i0.wp.com\/tuzlahortum.com.tr\/wp-content\/uploads\/urunler\/kaucuk\/superlas-bezli-su-verici-hortum.jpg?fit=360%2C270&ssl=1&resize=350%2C200","width":350,"height":200},"classes":[]},{"id":725,"url":"https:\/\/tuzlahortum.com.tr\/en\/product\/bezli-su-hortumlari-orta-tip\/","url_meta":{"origin":736,"position":5},"title":"Clothed Water Hoses (Medium Type)","author":"admin","date":"6 February 2019","format":false,"excerpt":"Bezli Su Hortumlar\u0131 (Orta Tip)KULLANIM ALANLARI : \u00c7al\u0131\u015fma bas\u0131n\u00e7lar\u0131na g\u00f6re sanayi, in\u015faat, tar\u0131m ve spor alanlar\u0131 gibi su nakledilmesi gereken t\u00fcm i\u015flerde kullan\u0131labilir. SERT\u0130F\u0130KALAR : Hortumlar TSE markal\u0131d\u0131r. TS2420 ISO 1403 KONTR\u00dcKS\u0130YON Alt : SBR\/NR siyah neme dayan\u0131kl\u0131 Takviye : Y\u00fcksek mukavemetli kord bezi \u00dcst : SBR siyah hava \u015fartlar\u0131na\u2026","rel":"","context":"Similar post","block_context":{"text":"Similar post","link":""},"img":{"alt_text":"","src":"https:\/\/i0.wp.com\/tuzlahortum.com.tr\/wp-content\/uploads\/urunler\/kaucuk\/superlas-orta-basinc-su-hortum.jpg?fit=360%2C270&ssl=1&resize=350%2C200","width":350,"height":200},"classes":[]}],"jetpack_sharing_enabled":true,"jetpack_likes_enabled":true,"_links":{"self":[{"href":"https:\/\/tuzlahortum.com.tr\/en\/wp-json\/wp\/v2\/product\/736","targetHints":{"allow":["GET"]}}],"collection":[{"href":"https:\/\/tuzlahortum.com.tr\/en\/wp-json\/wp\/v2\/product"}],"about":[{"href":"https:\/\/tuzlahortum.com.tr\/en\/wp-json\/wp\/v2\/types\/product"}],"replies":[{"embeddable":true,"href":"https:\/\/tuzlahortum.com.tr\/en\/wp-json\/wp\/v2\/comments?post=736"}],"wp:featuredmedia":[{"embeddable":true,"href":"https:\/\/tuzlahortum.com.tr\/en\/wp-json\/wp\/v2\/media\/1640"}],"wp:attachment":[{"href":"https:\/\/tuzlahortum.com.tr\/en\/wp-json\/wp\/v2\/media?parent=736"}],"wp:term":[{"taxonomy":"product_brand","embeddable":true,"href":"https:\/\/tuzlahortum.com.tr\/en\/wp-json\/wp\/v2\/product_brand?post=736"},{"taxonomy":"product_cat","embeddable":true,"href":"https:\/\/tuzlahortum.com.tr\/en\/wp-json\/wp\/v2\/product_cat?post=736"},{"taxonomy":"product_tag","embeddable":true,"href":"https:\/\/tuzlahortum.com.tr\/en\/wp-json\/wp\/v2\/product_tag?post=736"}],"curies":[{"name":"wp","href":"https:\/\/api.w.org\/{rel}","templated":true}]}}