{"id":735,"date":"2019-02-06T23:53:17","date_gmt":"2019-02-06T20:53:17","guid":{"rendered":"http:\/\/hortum.com.tr\/product\/import-placeholder-for-62\/"},"modified":"2024-03-21T17:43:17","modified_gmt":"2024-03-21T14:43:17","slug":"telli-su-alici-verici-hortumlar","status":"publish","type":"product","link":"https:\/\/tuzlahortum.com.tr\/en\/product\/telli-su-alici-verici-hortumlar\/","title":{"rendered":"Wired Water Transceiver Hoses"},"content":{"rendered":"<h2>Wired Water Transceiver Hoses<\/h2>\n<div>USAGE AREAS: It is a robust and flexible receiver and transmitter hose suitable for heavy application conditions of industry, construction and agriculture.<\/div>\n<div><\/div>\n<div>CONSTRUCTION<\/div>\n<div>Bottom : SBR\/NR black, resistant to waste water (5 to 9 pH)<\/div>\n<div>Reinforcement: High strength cord fabric, interlayer embedded steel wire<\/div>\n<div>Upper: SBR black, plain, weather and abrasion resistant<\/div>\n<div><\/div>\n<div><div class=\"video video-fit mb\" style=\"padding-top:56.25%;\"><p><iframe loading=\"lazy\" title=\"Measurement Confusion (Inch, Finger, Haze, Millimeter)\" width=\"1020\" height=\"574\" src=\"https:\/\/www.youtube.com\/embed\/uKk6AG_AZls?feature=oembed\" frameborder=\"0\" allow=\"accelerometer; autoplay; clipboard-write; encrypted-media; gyroscope; picture-in-picture; web-share\" referrerpolicy=\"strict-origin-when-cross-origin\" allowfullscreen><\/iframe><\/p>\n<\/div><\/div>","protected":false},"excerpt":{"rendered":"<p>Wire Water Transceiver Hoses AREAS OF USAGE : Robust and flexible receiving and transmitting hose suitable for heavy duty applications in industry, construction and agriculture. CONTRUCTION Bottom : SBR\/NR black, waste water resistant (5 to 9 pH) Reinforcement : High tensile cord fabric, steel wire embedded between layers Top : SBR black, smooth, weather and abrasion resistant<\/p>","protected":false},"featured_media":1682,"comment_status":"open","ping_status":"closed","template":"","meta":[],"product_brand":[],"product_cat":[163],"product_tag":[785,786,787,789,842,788,818,841,793,794,791,792,652,840],"class_list":{"0":"post-735","1":"product","2":"type-product","3":"status-publish","4":"has-post-thumbnail","6":"product_cat-su-hortumlari","7":"product_tag-bezli-su-hortumlari","8":"product_tag-bezli-su-hortumu","9":"product_tag-kaucuk-su-hortumu","10":"product_tag-lastik-su-hortumu","11":"product_tag-sa","12":"product_tag-sargili-su-hortumu","13":"product_tag-siyah-su-hortumu","14":"product_tag-spiralli-su-emici-hortumlar","15":"product_tag-su-basma-hortumu","16":"product_tag-su-bosaltma-hortumu","17":"product_tag-su-nakil","18":"product_tag-su-tahliye-hortumu","19":"product_tag-tarim","20":"product_tag-telli-su-alici-verici-hortumlar","22":"first","23":"instock","24":"featured","25":"taxable","26":"shipping-taxable","27":"product-type-variable"},"jetpack-related-posts":[{"id":8622,"url":"https:\/\/tuzlahortum.com.tr\/en\/product\/bezli-su-verici-hortum10-bar\/","url_meta":{"origin":735,"position":0},"title":"Cloth Water Dispenser Hose (10 Bar)","author":"\u0130smail \u00c7elik","date":"21 March 2019","format":false,"excerpt":"Cloth Water Transmitter Hose (10 Bar) AREAS OF USAGE : Robust, flexible and receiver hose suitable for heavy duty applications in industry, construction and agriculture. CONTRUCTION Bottom : SBR\/NR black, glossy Reinforcement : High strength cord fabric Top : SBR black, resistant to all climatic conditions fghfgh test","rel":"","context":"Similar post","block_context":{"text":"Similar post","link":""},"img":{"alt_text":"","src":"https:\/\/i0.wp.com\/tuzlahortum.com.tr\/wp-content\/uploads\/urunler\/kaucuk\/superlas-bezli-su-verici-hortum.jpg?fit=360%2C270&ssl=1&resize=350%2C200","width":350,"height":200},"classes":[]},{"id":646,"url":"https:\/\/tuzlahortum.com.tr\/en\/product\/gida-icme-suyu-alici-verici-hortumlar\/","url_meta":{"origin":735,"position":1},"title":"Food Drinking Water Transceiver Hoses","author":"admin","date":"6 February 2019","format":false,"excerpt":"G\u0131da \u0130\u00e7me Suyu Al\u0131c\u0131-Verici HortumlarKULLANIM ALANLARI : \u0130ste\u011fe g\u00f6re, her t\u00fcrl\u00fc alkoll\u00fc i\u00e7ecek, ya\u011fl\u0131 g\u0131da ve i\u00e7me suyunun nakil ve emi\u015flerinde kullan\u0131l\u0131r. FDA (G\u0131da) Normlar\u0131na Uygun Olarak \u00dcretilmektedir KONTR\u00dcKS\u0130YON Alt : NR\/NBR, beyaz, d\u00fcz, g\u0131da t\u00fcz\u00fc\u011f\u00fcne uygun Takviye : Y\u00fcksek mukavemetli kord bezi, katlararas\u0131 \u00e7elik tel \u00dcst : NR\/EPDM, NBR\/PVC\/SBR\u2026","rel":"","context":"Similar post","block_context":{"text":"Similar post","link":""},"img":{"alt_text":"","src":"https:\/\/i0.wp.com\/tuzlahortum.com.tr\/wp-content\/uploads\/urunler\/kaucuk\/superlas-sut-yagli-gida-alici-verici-hortum.jpg?fit=360%2C270&ssl=1&resize=350%2C200","width":350,"height":200},"classes":[]},{"id":778,"url":"https:\/\/tuzlahortum.com.tr\/en\/product\/kumlama-alici-verici-hortumlari-vakum\/","url_meta":{"origin":735,"position":2},"title":"Sandblasting Transceiver Hoses (Vacuum)","author":"admin","date":"6 February 2019","format":false,"excerpt":"Kumlama Al\u0131c\u0131-Verici Hortumlar\u0131 (Vakum)KULLANIM ALANLARI : Her t\u00fcrl\u00fc kum emme ve bo\u015faltma i\u015flerinde ve tahliyesinde SERT\u0130F\u0130KALAR : Hortumlar TSE markal\u0131d\u0131r. TS5928 EN ISO 3861 KONTR\u00dcKS\u0130YON Alt : A\u015f\u0131nma mukavemeti y\u00fcksek, siyah, kal\u0131n, d\u00fcz Takviye : Y\u00fcksek mukavemetli kord bezi, iletken bak\u0131r tel, katlararas\u0131 \u00e7elik tel \u00dcst : SBR\/NR, siyah, s\u00fcrt\u00fcnmeye\u2026","rel":"","context":"Similar post","block_context":{"text":"Similar post","link":""},"img":{"alt_text":"","src":"https:\/\/i0.wp.com\/tuzlahortum.com.tr\/wp-content\/uploads\/urunler\/kaucuk\/superlas-silobas-alici-verici-hortum.jpg?fit=360%2C270&ssl=1&resize=350%2C200","width":350,"height":200},"classes":[]},{"id":901,"url":"https:\/\/tuzlahortum.com.tr\/en\/product\/bezli-su-verici-hortum5-bar\/","url_meta":{"origin":735,"position":3},"title":"Cloth Water Dispenser Hose (5 Bar)","author":"admin","date":"6 February 2019","format":false,"excerpt":"Cloth Water Transmitter Hose (5 Bar) AREAS OF USAGE : It is used as a transmitter hose in discharge pumps. Prepared for easy transportation and storage. CONTRUCTION Bottom : SBR\/NR black, glossy Reinforcement : High strength cord fabric Top : SBR black, resistant to all climatic conditions","rel":"","context":"Similar post","block_context":{"text":"Similar post","link":""},"img":{"alt_text":"","src":"https:\/\/i0.wp.com\/tuzlahortum.com.tr\/wp-content\/uploads\/urunler\/kaucuk\/superlas-bezli-su-verici-hortum.jpg?fit=360%2C270&ssl=1&resize=350%2C200","width":350,"height":200},"classes":[]},{"id":543,"url":"https:\/\/tuzlahortum.com.tr\/en\/product\/beton-cimento-alici-verici-hortumlar\/","url_meta":{"origin":735,"position":4},"title":"Concrete \u2013 Cement Transceiver Hoses","author":"admin","date":"6 February 2019","format":false,"excerpt":"Beton - \u00c7imento Al\u0131c\u0131-Verici HortumlarKULLANIM ALANLARI : \u00c7imento fabrikalar\u0131nda ve silolar\u0131nda her t\u00fcrl\u00fc beton ve \u00e7imento (emme), nakletme ve d\u00f6kme i\u015flerinde KONSTR\u00dcKS\u0130YON Alt : Sentetik ve do\u011fal kau\u00e7uk kar\u0131\u015f\u0131m\u0131, siyah,d\u00fcz Takviye : Y\u00fcksek mukavemetli kord bezi, iletken bak\u0131r tel (katlararas\u0131 \u00e7elik tel) \u00dcst : SBR, siyah, s\u00fcrt\u00fcnmeye ve iklim \u015fartlar\u0131na\u2026","rel":"","context":"Similar post","block_context":{"text":"Similar post","link":""},"img":{"alt_text":"","src":"https:\/\/i0.wp.com\/tuzlahortum.com.tr\/wp-content\/uploads\/urunler\/kaucuk\/superlas-silobas-alici-verici-hortum.jpg?fit=360%2C270&ssl=1&resize=350%2C200","width":350,"height":200},"classes":[]},{"id":730,"url":"https:\/\/tuzlahortum.com.tr\/en\/product\/yagli-gida-alici-verici-hortumlar\/","url_meta":{"origin":735,"position":5},"title":"Greasy Food Transceiver Hoses","author":"admin","date":"6 February 2019","format":false,"excerpt":"Ya\u011fl\u0131 G\u0131da Al\u0131c\u0131-Verici HortumlarKULLANIM ALANLARI :\u00a0S\u00fct, ya\u011f ve her t\u00fcrl\u00fc\u00a0alkols\u00fcz i\u00e7ecek\u00a0nakil ve emi\u015flerinde kullan\u0131l\u0131r. FDA (G\u0131da) Normlar\u0131na Uygun Olarak \u00dcretilmektedir KONTR\u00dcKS\u0130YON Alt : NR\/NBR, beyaz, d\u00fcz, g\u0131da t\u00fcz\u00fc\u011f\u00fcne uygun Takviye : Y\u00fcksek mukavemetli kord bezi, katlararas\u0131 \u00e7elik tel \u00dcst : NR\/EPDM, NBR\/PVC\/SBR k\u0131rm\u0131z\u0131 veya mavi, a\u015f\u0131nmaya ve her t\u00fcrl\u00fc iklim\u2026","rel":"","context":"Similar post","block_context":{"text":"Similar post","link":""},"img":{"alt_text":"","src":"https:\/\/i0.wp.com\/tuzlahortum.com.tr\/wp-content\/uploads\/urunler\/kaucuk\/superlas-sut-yagli-gida-alici-verici-hortum.jpg?fit=360%2C270&ssl=1&resize=350%2C200","width":350,"height":200},"classes":[]}],"jetpack_sharing_enabled":true,"jetpack_likes_enabled":true,"_links":{"self":[{"href":"https:\/\/tuzlahortum.com.tr\/en\/wp-json\/wp\/v2\/product\/735","targetHints":{"allow":["GET"]}}],"collection":[{"href":"https:\/\/tuzlahortum.com.tr\/en\/wp-json\/wp\/v2\/product"}],"about":[{"href":"https:\/\/tuzlahortum.com.tr\/en\/wp-json\/wp\/v2\/types\/product"}],"replies":[{"embeddable":true,"href":"https:\/\/tuzlahortum.com.tr\/en\/wp-json\/wp\/v2\/comments?post=735"}],"wp:featuredmedia":[{"embeddable":true,"href":"https:\/\/tuzlahortum.com.tr\/en\/wp-json\/wp\/v2\/media\/1682"}],"wp:attachment":[{"href":"https:\/\/tuzlahortum.com.tr\/en\/wp-json\/wp\/v2\/media?parent=735"}],"wp:term":[{"taxonomy":"product_brand","embeddable":true,"href":"https:\/\/tuzlahortum.com.tr\/en\/wp-json\/wp\/v2\/product_brand?post=735"},{"taxonomy":"product_cat","embeddable":true,"href":"https:\/\/tuzlahortum.com.tr\/en\/wp-json\/wp\/v2\/product_cat?post=735"},{"taxonomy":"product_tag","embeddable":true,"href":"https:\/\/tuzlahortum.com.tr\/en\/wp-json\/wp\/v2\/product_tag?post=735"}],"curies":[{"name":"wp","href":"https:\/\/api.w.org\/{rel}","templated":true}]}}