{"id":7277,"date":"2019-03-08T16:47:51","date_gmt":"2019-03-08T13:47:51","guid":{"rendered":"http:\/\/hortum.com.tr\/?post_type=product&#038;p=7277"},"modified":"2024-03-21T17:38:58","modified_gmt":"2024-03-21T14:38:58","slug":"sari-hava-jak-cesitleri-hortumgovde-uc","status":"publish","type":"product","link":"https:\/\/tuzlahortum.com.tr\/en\/product\/sari-hava-jak-cesitleri-hortumgovde-uc\/","title":{"rendered":"Yellow Air Jack Types (Hose, Body-Tip)"},"content":{"rendered":"<h2>Yellow Air Jack Types (Hose, Body-Tip)<\/h2>\n<div class=\"video video-fit mb\" style=\"padding-top:56.25%;\"><p><iframe loading=\"lazy\" title=\"Air Jacks\" width=\"1020\" height=\"574\" src=\"https:\/\/www.youtube.com\/embed\/YFDzAoEaZfM?feature=oembed\" frameborder=\"0\" allow=\"accelerometer; autoplay; clipboard-write; encrypted-media; gyroscope; picture-in-picture; web-share\" referrerpolicy=\"strict-origin-when-cross-origin\" allowfullscreen><\/iframe><\/p>\n<\/div>","protected":false},"excerpt":{"rendered":"<p>Yellow Air Jack Types (Hose, Body-Tip)<\/p>","protected":false},"featured_media":7286,"comment_status":"open","ping_status":"closed","template":"","meta":[],"product_brand":[],"product_cat":[91],"product_tag":[1130,1128,1129,257,292,2124,2266,2267,2123,1132,1131,1133,465,2268,2125],"class_list":{"0":"post-7277","1":"product","2":"type-product","3":"status-publish","4":"has-post-thumbnail","6":"product_cat-hidrolik-baglanti-elemanlari","7":"product_tag-1-2","8":"product_tag-1-4","9":"product_tag-3-8","10":"product_tag-disi","11":"product_tag-erkek","12":"product_tag-govde","13":"product_tag-hava-jak","14":"product_tag-hava-jaki","15":"product_tag-hortum-govde","16":"product_tag-hortum-uclu","17":"product_tag-jak","18":"product_tag-jak-cesitleri","19":"product_tag-sari","20":"product_tag-sari-hava-jaki","21":"product_tag-sari-jak","23":"first","24":"instock","25":"taxable","26":"shipping-taxable","27":"product-type-variable"},"jetpack-related-posts":[{"id":7222,"url":"https:\/\/tuzlahortum.com.tr\/en\/product\/hava-jak-cesitleri-hortumgovde-uc\/","url_meta":{"origin":7277,"position":0},"title":"Air Jack Types (Hose, Body-End)","author":"\u0130smail \u00c7elik","date":"8 March 2019","format":false,"excerpt":"Air Jack Types (Hose, Body-End)PN25 Series Pneumatic Automatic Connectors can be disassembled and assembled with one hand under pressure. PN25 series springs are chrome nickel.  Pn25 Series Pneumatic Automatic Connectors are used safely in compressed air lines in all industries thanks to their robust and durable structures, high air flow capacities and ease of use. Compatibility Rectus 26 (European Standard)...","rel":"","context":"Similar post","block_context":{"text":"Similar post","link":""},"img":{"alt_text":"","src":"https:\/\/i0.wp.com\/tuzlahortum.com.tr\/wp-content\/uploads\/2019\/03\/hava-jak-%C3%A7e%C5%9Fitleri.jpg?fit=502%2C570&ssl=1&resize=350%2C200","width":350,"height":200},"classes":[]},{"id":875,"url":"https:\/\/tuzlahortum.com.tr\/en\/product\/hava-jak-cesitleri-erkek-disigovde-uc\/","url_meta":{"origin":7277,"position":1},"title":"Air Jack Types (Male-Female,Body-Tip)","author":"admin","date":"6 February 2019","format":false,"excerpt":"Air Jack Types (Male-Female, Body-End)PN25 Series Pneumatic Automatic Connectors can be disassembled and assembled with one hand under pressure. PN25 series springs are chrome nickel.  Pn25 Series Pneumatic Automatic Connectors are used safely in compressed air lines in all industries thanks to their robust and durable structures, high air flow capacities and ease of use. Compatibility Rectus 26 (European Standard)...","rel":"","context":"Similar post","block_context":{"text":"Similar post","link":""},"img":{"alt_text":"","src":"https:\/\/i0.wp.com\/tuzlahortum.com.tr\/wp-content\/uploads\/2019\/03\/hava-jak-%C3%A7e%C5%9Fitleri.jpg?fit=502%2C570&ssl=1&resize=350%2C200","width":350,"height":200},"classes":[]},{"id":935,"url":"https:\/\/tuzlahortum.com.tr\/en\/product\/thermo-hava-hortumlarioksijen\/","url_meta":{"origin":7277,"position":2},"title":"Thermo Air Hoses (Oxygen)","author":"admin","date":"6 February 2019","format":false,"excerpt":"Thermo Air Hoses (Oxygen)\nInner layer made of special PVC compound and high-strength polyester yarn, outer layer made of abrasion-resistant PVC compound.\nWorking Temperature: -10\u00b0C to +50\u00b0C\nAreas of Use: Used in welding jobs and air lines.\nDiameter (inch) Diameter (mm) Working Pressure (bar) Length (mt) 5\/16\" 8 20 100...","rel":"","context":"Similar post","block_context":{"text":"Similar post","link":""},"img":{"alt_text":"","src":"https:\/\/i0.wp.com\/tuzlahortum.com.tr\/wp-content\/uploads\/urunler\/plastik\/THERMO-HAVA-HORTUMLARI.jpg?fit=640%2C480&ssl=1&resize=350%2C200","width":350,"height":200,"srcset":"https:\/\/i0.wp.com\/tuzlahortum.com.tr\/wp-content\/uploads\/urunler\/plastik\/THERMO-HAVA-HORTUMLARI.jpg?fit=640%2C480&ssl=1&resize=350%2C200 1x, https:\/\/i0.wp.com\/tuzlahortum.com.tr\/wp-content\/uploads\/urunler\/plastik\/THERMO-HAVA-HORTUMLARI.jpg?fit=640%2C480&ssl=1&resize=525%2C300 1.5x"},"classes":[]},{"id":13229,"url":"https:\/\/tuzlahortum.com.tr\/en\/product\/flow-luks-jak-3-4-hortum-govde\/","url_meta":{"origin":7277,"position":3},"title":"FLOW LUXURY JACK 3\/4 HOSE BODY","author":"admin","date":"28 March 2024","format":false,"excerpt":"FLOW L\u00dcKS JAK 3\/4 HORTUM G\u00d6VDE FLOW L\u00dcKS JAK - 3\/4\" Hortum G\u00f6vdesi, bah\u00e7e sulama sistemlerinizde su ak\u0131\u015f\u0131n\u0131 y\u00f6nlendirmek ve g\u00fcvenilir bir ba\u011flant\u0131 sa\u011flamak i\u00e7in \u00f6zel olarak tasarlanm\u0131\u015ft\u0131r. \u00d6zellikler: Dayan\u0131kl\u0131 Malzeme: Y\u00fcksek kaliteli malzemeden \u00fcretilmi\u015ftir ve uzun s\u00fcreli kullan\u0131m i\u00e7in sa\u011flam bir yap\u0131ya sahiptir. Paslanmaz \u00e7elik veya sa\u011flam plastik gibi\u2026","rel":"","context":"Similar post","block_context":{"text":"Similar post","link":""},"img":{"alt_text":"","src":"https:\/\/i0.wp.com\/tuzlahortum.com.tr\/wp-content\/uploads\/2024\/03\/jak_luks_hortum_govde_1.jpg?fit=800%2C800&ssl=1&resize=350%2C200","width":350,"height":200,"srcset":"https:\/\/i0.wp.com\/tuzlahortum.com.tr\/wp-content\/uploads\/2024\/03\/jak_luks_hortum_govde_1.jpg?fit=800%2C800&ssl=1&resize=350%2C200 1x, https:\/\/i0.wp.com\/tuzlahortum.com.tr\/wp-content\/uploads\/2024\/03\/jak_luks_hortum_govde_1.jpg?fit=800%2C800&ssl=1&resize=525%2C300 1.5x, https:\/\/i0.wp.com\/tuzlahortum.com.tr\/wp-content\/uploads\/2024\/03\/jak_luks_hortum_govde_1.jpg?fit=800%2C800&ssl=1&resize=700%2C400 2x"},"classes":[]},{"id":13230,"url":"https:\/\/tuzlahortum.com.tr\/en\/product\/flow-luks-jak-1-2-hortum-govde\/","url_meta":{"origin":7277,"position":4},"title":"FLOW LUXURY JACK 1\/2 HOSE BODY","author":"admin","date":"28 March 2024","format":false,"excerpt":"FLOW L\u00dcKS JAK 1\/2 HORTUM G\u00d6VDE FLOW L\u00dcKS JAK 1\/2 Hortum G\u00f6vdesi, bah\u00e7e sulama sistemlerinizde g\u00fcvenilir bir ba\u011flant\u0131 sa\u011flamak i\u00e7in tasarlanm\u0131\u015ft\u0131r. \u00d6zellikler: Dayan\u0131kl\u0131 Yap\u0131: Y\u00fcksek kaliteli malzemeden \u00fcretilmi\u015ftir ve uzun \u00f6m\u00fcrl\u00fc kullan\u0131m i\u00e7in dayan\u0131kl\u0131 bir yap\u0131ya sahiptir. Paslanmaz \u00e7elik veya sa\u011flam plastik gibi malzemeler kullan\u0131larak g\u00fcvenilir bir ba\u011flant\u0131 sa\u011flar. Evrensel\u2026","rel":"","context":"Similar post","block_context":{"text":"Similar post","link":""},"img":{"alt_text":"","src":"https:\/\/i0.wp.com\/tuzlahortum.com.tr\/wp-content\/uploads\/2024\/03\/jak_luks_hortum_govde_7.jpg?fit=800%2C800&ssl=1&resize=350%2C200","width":350,"height":200,"srcset":"https:\/\/i0.wp.com\/tuzlahortum.com.tr\/wp-content\/uploads\/2024\/03\/jak_luks_hortum_govde_7.jpg?fit=800%2C800&ssl=1&resize=350%2C200 1x, https:\/\/i0.wp.com\/tuzlahortum.com.tr\/wp-content\/uploads\/2024\/03\/jak_luks_hortum_govde_7.jpg?fit=800%2C800&ssl=1&resize=525%2C300 1.5x, https:\/\/i0.wp.com\/tuzlahortum.com.tr\/wp-content\/uploads\/2024\/03\/jak_luks_hortum_govde_7.jpg?fit=800%2C800&ssl=1&resize=700%2C400 2x"},"classes":[]},{"id":13245,"url":"https:\/\/tuzlahortum.com.tr\/en\/product\/flow-luks-jak-1-2-3-4-disi-uc\/","url_meta":{"origin":7277,"position":5},"title":"FLOW LUXURY JACK 1\/2 \u2013 3\/4 FEMALE END","author":"admin","date":"28 March 2024","format":false,"excerpt":"FLOW LUX COUPLER 1\/2\" - 3\/4\" FEMALE END Designed to resolve incompatibilities in your garden irrigation systems and simplify your hose connections, the FLOW LUX COUPLER - 1\/2\" - 3\/4\" Female End offers a robust and durable solution. Features: Universal Compatibility: Ideal for connecting irrigation equipment with 1\/2\" and 3\/4\" hose threads. For different diameters\u2026","rel":"","context":"Similar post","block_context":{"text":"Similar post","link":""},"img":{"alt_text":"","src":"https:\/\/i0.wp.com\/tuzlahortum.com.tr\/wp-content\/uploads\/2024\/03\/jak_eko_disi_uc_1.jpg?fit=800%2C800&ssl=1&resize=350%2C200","width":350,"height":200,"srcset":"https:\/\/i0.wp.com\/tuzlahortum.com.tr\/wp-content\/uploads\/2024\/03\/jak_eko_disi_uc_1.jpg?fit=800%2C800&ssl=1&resize=350%2C200 1x, https:\/\/i0.wp.com\/tuzlahortum.com.tr\/wp-content\/uploads\/2024\/03\/jak_eko_disi_uc_1.jpg?fit=800%2C800&ssl=1&resize=525%2C300 1.5x, https:\/\/i0.wp.com\/tuzlahortum.com.tr\/wp-content\/uploads\/2024\/03\/jak_eko_disi_uc_1.jpg?fit=800%2C800&ssl=1&resize=700%2C400 2x"},"classes":[]}],"jetpack_sharing_enabled":true,"jetpack_likes_enabled":true,"_links":{"self":[{"href":"https:\/\/tuzlahortum.com.tr\/en\/wp-json\/wp\/v2\/product\/7277","targetHints":{"allow":["GET"]}}],"collection":[{"href":"https:\/\/tuzlahortum.com.tr\/en\/wp-json\/wp\/v2\/product"}],"about":[{"href":"https:\/\/tuzlahortum.com.tr\/en\/wp-json\/wp\/v2\/types\/product"}],"replies":[{"embeddable":true,"href":"https:\/\/tuzlahortum.com.tr\/en\/wp-json\/wp\/v2\/comments?post=7277"}],"wp:featuredmedia":[{"embeddable":true,"href":"https:\/\/tuzlahortum.com.tr\/en\/wp-json\/wp\/v2\/media\/7286"}],"wp:attachment":[{"href":"https:\/\/tuzlahortum.com.tr\/en\/wp-json\/wp\/v2\/media?parent=7277"}],"wp:term":[{"taxonomy":"product_brand","embeddable":true,"href":"https:\/\/tuzlahortum.com.tr\/en\/wp-json\/wp\/v2\/product_brand?post=7277"},{"taxonomy":"product_cat","embeddable":true,"href":"https:\/\/tuzlahortum.com.tr\/en\/wp-json\/wp\/v2\/product_cat?post=7277"},{"taxonomy":"product_tag","embeddable":true,"href":"https:\/\/tuzlahortum.com.tr\/en\/wp-json\/wp\/v2\/product_tag?post=7277"}],"curies":[{"name":"wp","href":"https:\/\/api.w.org\/{rel}","templated":true}]}}