{"id":724,"date":"2019-02-06T23:52:56","date_gmt":"2019-02-06T20:52:56","guid":{"rendered":"http:\/\/hortum.com.tr\/product\/import-placeholder-for-74\/"},"modified":"2024-03-21T17:43:27","modified_gmt":"2024-03-21T14:43:27","slug":"beton-cimento-verici-hortumlar","status":"publish","type":"product","link":"https:\/\/tuzlahortum.com.tr\/en\/product\/beton-cimento-verici-hortumlar\/","title":{"rendered":"Concrete \u2013 Cement Delivery Hoses"},"content":{"rendered":"<h2>Concrete \u2013 Cement Delivery Hoses<\/h2>\n<div>USAGE AREAS: Hose with high abrasion resistance used in all kinds of concrete and cement transport works in cement factories<\/div>\n<div><\/div>\n<div>CONSTRUCTION<\/div>\n<div>Bottom : Synthetic and natural rubber mix, black, plain<\/div>\n<div>Reinforcement: High strength cord fabric, conductive copper wire<\/div>\n<div>Upper : SBR, black, abrasion and weather resistant<\/div>\n<div><\/div>\n<div>\n<div class=\"video video-fit mb\" style=\"padding-top:56.25%;\"><p><iframe loading=\"lazy\" title=\"Measurement Confusion (Inch, Finger, Haze, Millimeter)\" width=\"1020\" height=\"574\" src=\"https:\/\/www.youtube.com\/embed\/uKk6AG_AZls?feature=oembed\" frameborder=\"0\" allow=\"accelerometer; autoplay; clipboard-write; encrypted-media; gyroscope; picture-in-picture; web-share\" referrerpolicy=\"strict-origin-when-cross-origin\" allowfullscreen><\/iframe><\/p>\n<\/div>\n<div class=\"video video-fit mb\" style=\"padding-top:56.25%;\"><p>https:\/\/www.youtube.com\/watch?v=O8ZlzKEjfEQ%20<\/p>\n<\/div>\n<\/div>","protected":false},"excerpt":{"rendered":"<p>Concrete - Cement Delivery Hoses AREAS OF USE : High abrasion resistant hose used in all kinds of concrete and cement transportation works in cement factories CONTRUCTION Bottom : Synthetic and natural rubber mixture, black, flat Reinforcement : High strength cord fabric, conductive copper wire Top : SBR, black, resistant to friction and climatic conditions<\/p>","protected":false},"featured_media":1692,"comment_status":"open","ping_status":"closed","template":"","meta":[],"product_brand":[],"product_cat":[153],"product_tag":[753,304,303,305,302,306],"class_list":{"0":"post-724","1":"product","2":"type-product","3":"status-publish","4":"has-post-thumbnail","6":"product_cat-beton-hortumlari","7":"product_tag-asinmaya-dayaniklihortum","8":"product_tag-beton-ve-cimento-dokme-hortumu","9":"product_tag-beton-ve-cimento-nakletme-hortumu","10":"product_tag-beton-ve-cimento-verici-hortumlar","11":"product_tag-cimento-fabrikalarinda-kullanilan-hortum","12":"product_tag-silobas-hortumu","14":"first","15":"instock","16":"taxable","17":"shipping-taxable","18":"product-type-variable"},"jetpack-related-posts":[{"id":543,"url":"https:\/\/tuzlahortum.com.tr\/en\/product\/beton-cimento-alici-verici-hortumlar\/","url_meta":{"origin":724,"position":0},"title":"Concrete \u2013 Cement Transceiver Hoses","author":"admin","date":"6 February 2019","format":false,"excerpt":"Beton - \u00c7imento Al\u0131c\u0131-Verici HortumlarKULLANIM ALANLARI : \u00c7imento fabrikalar\u0131nda ve silolar\u0131nda her t\u00fcrl\u00fc beton ve \u00e7imento (emme), nakletme ve d\u00f6kme i\u015flerinde KONSTR\u00dcKS\u0130YON Alt : Sentetik ve do\u011fal kau\u00e7uk kar\u0131\u015f\u0131m\u0131, siyah,d\u00fcz Takviye : Y\u00fcksek mukavemetli kord bezi, iletken bak\u0131r tel (katlararas\u0131 \u00e7elik tel) \u00dcst : SBR, siyah, s\u00fcrt\u00fcnmeye ve iklim \u015fartlar\u0131na\u2026","rel":"","context":"Similar post","block_context":{"text":"Similar post","link":""},"img":{"alt_text":"","src":"https:\/\/i0.wp.com\/tuzlahortum.com.tr\/wp-content\/uploads\/urunler\/kaucuk\/superlas-silobas-alici-verici-hortum.jpg?fit=360%2C270&ssl=1&resize=350%2C200","width":350,"height":200},"classes":[]},{"id":710,"url":"https:\/\/tuzlahortum.com.tr\/en\/product\/beton-enjeksiyon-hortumu\/","url_meta":{"origin":724,"position":1},"title":"Concrete Injection Hose","author":"admin","date":"6 February 2019","format":false,"excerpt":"Beton Enjeksiyon HortumuKULLANIM ALANLARI : Y\u00fcksek bina ve t\u00fcnel in\u015faatlar\u0131nda s\u0131va ve har\u00e7 gibi malzemelerin bas\u0131n\u00e7l\u0131 uygulamalar\u0131nda Alt : Tabi sentetik ve do\u011fal kau\u00e7uk kar\u0131\u015f\u0131m\u0131, siyah,k\u0131r\u0131lmaya dayan\u0131kl\u0131 Takviye : Y\u00fcksek mukavemetli kord bezi, iletken bak\u0131r tel \u00dcst : SBR, siyah, s\u00fcrt\u00fcnmeye ve iklim \u015fartlar\u0131na dayan\u0131kl\u0131 \u00a0 \u00a0 \u00a0 \u00a0 \u00a0\u2026","rel":"","context":"Similar post","block_context":{"text":"Similar post","link":""},"img":{"alt_text":"","src":"https:\/\/i0.wp.com\/tuzlahortum.com.tr\/wp-content\/uploads\/urunler\/kaucuk\/Beton-Enjeksiyon-Hortumu.jpg?fit=535%2C283&ssl=1&resize=350%2C200","width":350,"height":200,"srcset":"https:\/\/i0.wp.com\/tuzlahortum.com.tr\/wp-content\/uploads\/urunler\/kaucuk\/Beton-Enjeksiyon-Hortumu.jpg?fit=535%2C283&ssl=1&resize=350%2C200 1x, https:\/\/i0.wp.com\/tuzlahortum.com.tr\/wp-content\/uploads\/urunler\/kaucuk\/Beton-Enjeksiyon-Hortumu.jpg?fit=535%2C283&ssl=1&resize=525%2C300 1.5x"},"classes":[]},{"id":717,"url":"https:\/\/tuzlahortum.com.tr\/en\/product\/katlanabilir-silobas-hortumu\/","url_meta":{"origin":724,"position":2},"title":"Foldable Truck Hose","author":"admin","date":"6 February 2019","format":false,"excerpt":"Katlanabilir Silobas HortumuKULLANIM ALANLARI : \u0130nce, kolay ta\u015f\u0131nabilir, \u00e7imento, kum gibi a\u015f\u0131nd\u0131r\u0131c\u0131 maddelerin pnomatik ve hidrolik naklinde KONTR\u00dcKS\u0130YON Alt : Sentetik ve do\u011fal kau\u00e7uk kar\u0131\u015f\u0131m\u0131, a\u015f\u0131nmaya dayan\u0131kl\u0131, siyah, d\u00fcz Takviye : Y\u00fcksek mukavemetli kord bezi, g\u00f6m\u00fcl\u00fc bak\u0131r tel \u00dcst : SBR, siyah, s\u00fcrt\u00fcnmeye ve iklim \u015fartlar\u0131na dayan\u0131kl\u0131","rel":"","context":"Similar post","block_context":{"text":"Similar post","link":""},"img":{"alt_text":"","src":"https:\/\/i0.wp.com\/tuzlahortum.com.tr\/wp-content\/uploads\/urunler\/kaucuk\/superlas-silobas-hortumu.jpg?fit=360%2C270&ssl=1&resize=350%2C200","width":350,"height":200},"classes":[]},{"id":773,"url":"https:\/\/tuzlahortum.com.tr\/en\/product\/kumlama-verici-hortumlar\/","url_meta":{"origin":724,"position":3},"title":"Sandblasting Transmitter Hoses","author":"admin","date":"6 February 2019","format":false,"excerpt":"Kumlama Verici HortumlarKULLANIM ALANLARI : Her t\u00fcrl\u00fc kumlama i\u015flerinde ve tahliyesinde, t\u00fcm beton ve metal y\u00fczeylerin kum p\u00fcsk\u00fcrt\u00fclerek temizlenmesi ve parlat\u0131lmas\u0131 i\u015flerinde SERT\u0130F\u0130KALAR : Hortumlar TSE markal\u0131d\u0131r. TS5928 EN ISO 3861 KONTR\u00dcKS\u0130YON Alt : A\u015f\u0131nma mukavemeti y\u00fcksek, siyah, kal\u0131n, d\u00fcz Takviye : Y\u00fcksek mukavemetli kord bezi, iletken bak\u0131r tel \u00dcst\u2026","rel":"","context":"Similar post","block_context":{"text":"Similar post","link":""},"img":{"alt_text":"","src":"https:\/\/i0.wp.com\/tuzlahortum.com.tr\/wp-content\/uploads\/urunler\/kaucuk\/superlas-kumlama-hortumu.jpg?fit=360%2C270&ssl=1&resize=350%2C200","width":350,"height":200},"classes":[]},{"id":572,"url":"https:\/\/tuzlahortum.com.tr\/en\/product\/trelleborg-klegaine-gpu-s\/","url_meta":{"origin":724,"position":4},"title":"Trelleborg KLEGAINE GPU-S","author":"admin","date":"6 February 2019","format":false,"excerpt":"Trelleborg KLEGAINE GPU-SEnd\u00fcstriyel hortumlar\/Poli\u00fcretan Son derece dayan\u0131kl\u0131d\u0131r. Cam tesisleri, \u00e7elik end\u00fcstrisi, mineral i\u015fleme, limanlar, \u00e7imento tesisleri, b\u00fcy\u00fck end\u00fcstriyel elektrikli s\u00fcp\u00fcrgelerde metal tala\u015f\u0131, kum, \u00e7ak\u0131l, buz, vs. gibi son derece a\u015f\u0131nd\u0131r\u0131c\u0131 malzemelerin\u00a0ta\u015f\u0131nmas\u0131 i\u00e7in idealdir. Avantajlar *A\u015f\u0131nma ve delinmeye kar\u015f\u0131 benzersiz dayan\u0131m. *Ezilme, bas\u0131n\u00e7, vakuma dayan\u0131kl\u0131 bak\u0131r kapl\u0131 \u00e7elik helis. Poli\u00fcretan g\u00f6vdeyle\u2026","rel":"","context":"Similar post","block_context":{"text":"Similar post","link":""},"img":{"alt_text":"","src":"https:\/\/i0.wp.com\/tuzlahortum.com.tr\/wp-content\/uploads\/2019\/02\/KLEGAINE-GPU-S.jpg?fit=800%2C800&ssl=1&resize=350%2C200","width":350,"height":200,"srcset":"https:\/\/i0.wp.com\/tuzlahortum.com.tr\/wp-content\/uploads\/2019\/02\/KLEGAINE-GPU-S.jpg?fit=800%2C800&ssl=1&resize=350%2C200 1x, https:\/\/i0.wp.com\/tuzlahortum.com.tr\/wp-content\/uploads\/2019\/02\/KLEGAINE-GPU-S.jpg?fit=800%2C800&ssl=1&resize=525%2C300 1.5x, https:\/\/i0.wp.com\/tuzlahortum.com.tr\/wp-content\/uploads\/2019\/02\/KLEGAINE-GPU-S.jpg?fit=800%2C800&ssl=1&resize=700%2C400 2x"},"classes":[]},{"id":719,"url":"https:\/\/tuzlahortum.com.tr\/en\/product\/akaryakit-alici-verici-hortum\/","url_meta":{"origin":724,"position":5},"title":"Fuel Transceiver Hose","author":"admin","date":"6 February 2019","format":false,"excerpt":"Akaryak\u0131t Al\u0131c\u0131-Verici HortumKULLANIM ALANLARI : Depolardan tankerlere her nevi akaryak\u0131t emme ve nakil i\u015flerinde ve rafineri \u00e7al\u0131\u015fmalar\u0131nda kullan\u0131lan hortumlard\u0131r. SERT\u0130F\u0130KALAR : Hortumlar TSE markal\u0131d\u0131r. TS3916 B T\u00dcR 1 KONTR\u00dcKS\u0130YON Alt : NBR, siyah, iletken Takviye : Y\u00fcksek mukavemetli kord bezi, \u00e7elik tel, iletken bak\u0131r tel \u00dcst CR, siyah, a\u015f\u0131nmaya, akaryak\u0131ta\u2026","rel":"","context":"Similar post","block_context":{"text":"Similar post","link":""},"img":{"alt_text":"","src":"https:\/\/i0.wp.com\/tuzlahortum.com.tr\/wp-content\/uploads\/urunler\/kaucuk\/superlas-yakit-alici-verici-hortum.jpg?fit=360%2C270&ssl=1&resize=350%2C200","width":350,"height":200},"classes":[]}],"jetpack_sharing_enabled":true,"jetpack_likes_enabled":true,"_links":{"self":[{"href":"https:\/\/tuzlahortum.com.tr\/en\/wp-json\/wp\/v2\/product\/724","targetHints":{"allow":["GET"]}}],"collection":[{"href":"https:\/\/tuzlahortum.com.tr\/en\/wp-json\/wp\/v2\/product"}],"about":[{"href":"https:\/\/tuzlahortum.com.tr\/en\/wp-json\/wp\/v2\/types\/product"}],"replies":[{"embeddable":true,"href":"https:\/\/tuzlahortum.com.tr\/en\/wp-json\/wp\/v2\/comments?post=724"}],"wp:featuredmedia":[{"embeddable":true,"href":"https:\/\/tuzlahortum.com.tr\/en\/wp-json\/wp\/v2\/media\/1692"}],"wp:attachment":[{"href":"https:\/\/tuzlahortum.com.tr\/en\/wp-json\/wp\/v2\/media?parent=724"}],"wp:term":[{"taxonomy":"product_brand","embeddable":true,"href":"https:\/\/tuzlahortum.com.tr\/en\/wp-json\/wp\/v2\/product_brand?post=724"},{"taxonomy":"product_cat","embeddable":true,"href":"https:\/\/tuzlahortum.com.tr\/en\/wp-json\/wp\/v2\/product_cat?post=724"},{"taxonomy":"product_tag","embeddable":true,"href":"https:\/\/tuzlahortum.com.tr\/en\/wp-json\/wp\/v2\/product_tag?post=724"}],"curies":[{"name":"wp","href":"https:\/\/api.w.org\/{rel}","templated":true}]}}