{"id":723,"date":"2019-02-06T23:52:56","date_gmt":"2019-02-06T20:52:56","guid":{"rendered":"http:\/\/hortum.com.tr\/product\/import-placeholder-for-92\/"},"modified":"2024-03-21T17:43:28","modified_gmt":"2024-03-21T14:43:28","slug":"asit-solvent-alici-verici-hortumlar","status":"publish","type":"product","link":"https:\/\/tuzlahortum.com.tr\/en\/product\/asit-solvent-alici-verici-hortumlar\/","title":{"rendered":"Acid Solvent Transceiver Hoses"},"content":{"rendered":"<h2>Acid Solvent Transceiver Hoses<\/h2>\n<div>USAGE AREAS: In industrial plants, acid tanks, various acid, base and chemical substances discharge and absorption works (without oil content)<\/div>\n<div><\/div>\n<div>CONSTRUCTION<\/div>\n<div>Bottom : Special synthetic rubber blend, black, plain<\/div>\n<div>Reinforcement: High strength cord fabric, conductive copper wire, interlayer steel wire<\/div>\n<div>Upper : EPDM, black, plain, printed stripe, resistant to abrasion and all kinds of climatic conditions<\/div>\n<div><\/div>\n<div><div class=\"video video-fit mb\" style=\"padding-top:56.25%;\"><p><iframe loading=\"lazy\" title=\"Measurement Confusion (Inch, Finger, Haze, Millimeter)\" width=\"1020\" height=\"574\" src=\"https:\/\/www.youtube.com\/embed\/uKk6AG_AZls?feature=oembed\" frameborder=\"0\" allow=\"accelerometer; autoplay; clipboard-write; encrypted-media; gyroscope; picture-in-picture; web-share\" referrerpolicy=\"strict-origin-when-cross-origin\" allowfullscreen><\/iframe><\/p>\n<\/div><\/div>\n<div><\/div>\n<div><\/div>","protected":false},"excerpt":{"rendered":"<p>Asit Solvent Al\u0131c\u0131-Verici Hortumlar KULLANIM ALANLARI : Sanayi tesislerinde, asit depolar\u0131nda \u00e7e\u015fitli asit, baz ve kimyevi madde tahliye ve emme i\u015flerinde (Ya\u011fs\u0131z i\u00e7erikli) KONTR\u00dcKS\u0130YON Alt : \u00d6zel sentetik kau\u00e7uk kar\u0131\u015f\u0131m\u0131, siyah,d\u00fcz Takviye : Y\u00fcksek mukavemetli kord bezi, iletken bak\u0131r tel ,katlararas\u0131 \u00e7elik tel \u00dcst : EPDM, siyah, d\u00fcz, bask\u0131l\u0131 \u015feritli, a\u015f\u0131nmaya ve her t\u00fcrl\u00fc iklim [&#8230;]\n","protected":false},"featured_media":1690,"comment_status":"open","ping_status":"closed","template":"","meta":{"jetpack_post_was_ever_published":false},"product_brand":[],"product_cat":[160],"product_tag":[805,814,809,816,390,808,807,806,810,815],"class_list":{"0":"post-723","1":"product","2":"type-product","3":"status-publish","4":"has-post-thumbnail","6":"product_cat-kimyevi-madde-hortumlari","7":"product_tag-asit-alici-verici-hortumlar","8":"product_tag-asit-ve-baz-alici-verici-hortumlar","9":"product_tag-deterjan","10":"product_tag-epdm","11":"product_tag-ilac","12":"product_tag-kimyasal-urunler","13":"product_tag-kimyevi-madde-emme-hortumu","14":"product_tag-kimyevi-madde-tahliye-hortumu","15":"product_tag-parfum","16":"product_tag-yagsiz-icerikli-urunlerin-tahliye-ve-emme-islerinde","18":"first","19":"instock","20":"taxable","21":"shipping-taxable","22":"product-type-variable"},"jetpack-related-posts":[],"jetpack_sharing_enabled":true,"jetpack_likes_enabled":true,"_links":{"self":[{"href":"https:\/\/tuzlahortum.com.tr\/en\/wp-json\/wp\/v2\/product\/723","targetHints":{"allow":["GET"]}}],"collection":[{"href":"https:\/\/tuzlahortum.com.tr\/en\/wp-json\/wp\/v2\/product"}],"about":[{"href":"https:\/\/tuzlahortum.com.tr\/en\/wp-json\/wp\/v2\/types\/product"}],"replies":[{"embeddable":true,"href":"https:\/\/tuzlahortum.com.tr\/en\/wp-json\/wp\/v2\/comments?post=723"}],"wp:featuredmedia":[{"embeddable":true,"href":"https:\/\/tuzlahortum.com.tr\/en\/wp-json\/wp\/v2\/media\/1690"}],"wp:attachment":[{"href":"https:\/\/tuzlahortum.com.tr\/en\/wp-json\/wp\/v2\/media?parent=723"}],"wp:term":[{"taxonomy":"product_brand","embeddable":true,"href":"https:\/\/tuzlahortum.com.tr\/en\/wp-json\/wp\/v2\/product_brand?post=723"},{"taxonomy":"product_cat","embeddable":true,"href":"https:\/\/tuzlahortum.com.tr\/en\/wp-json\/wp\/v2\/product_cat?post=723"},{"taxonomy":"product_tag","embeddable":true,"href":"https:\/\/tuzlahortum.com.tr\/en\/wp-json\/wp\/v2\/product_tag?post=723"}],"curies":[{"name":"wp","href":"https:\/\/api.w.org\/{rel}","templated":true}]}}