{"id":7104,"date":"2019-03-08T10:01:50","date_gmt":"2019-03-08T07:01:50","guid":{"rendered":"http:\/\/hortum.com.tr\/?post_type=product&#038;p=7104"},"modified":"2024-03-21T17:39:01","modified_gmt":"2024-03-21T14:39:01","slug":"ptfe-duz-teflon-hortum","status":"publish","type":"product","link":"https:\/\/tuzlahortum.com.tr\/en\/product\/ptfe-duz-teflon-hortum\/","title":{"rendered":"PTFE Straight Teflon Hose"},"content":{"rendered":"<h2>PTFE Straight Teflon Hose<\/h2>\n<p><strong>GENERAL FEATURES<\/strong><\/p>\n<ol>\n<li>Teflon (PTFE), wound, high mechanical resistance, dielectric, and fire resistant<\/li>\n<li>It is used in compressors, gas, steam, water, air, fuel oil, chemistry, food, pharmaceutical industry, solvents, pigments and paint transfer lines.<\/li>\n<li style=\"font-weight: 400;\">Temperature range: -40\u00b0C to 260\u00b0C<\/li>\n<\/ol>\n<div class=\"video video-fit mb\" style=\"padding-top:56.25%;\"><p><iframe loading=\"lazy\" title=\"Measurement Confusion (Inch, Finger, Haze, Millimeter)\" width=\"1020\" height=\"574\" src=\"https:\/\/www.youtube.com\/embed\/uKk6AG_AZls?feature=oembed\" frameborder=\"0\" allow=\"accelerometer; autoplay; clipboard-write; encrypted-media; gyroscope; picture-in-picture; web-share\" referrerpolicy=\"strict-origin-when-cross-origin\" allowfullscreen><\/iframe><\/p>\n<\/div>","protected":false},"excerpt":{"rendered":"<p>PTFE D\u00fcz Teflon Hortum GENEL \u00d6ZELL\u0130KLER Teflon (PTFE), sarg\u0131l\u0131, y\u00fcksek\u00a0mekanik diren\u00e7li, dielektriksel,ve\u00a0 ate\u015fe dayan\u0131kl\u0131 Kompres\u00f6rlerde, gaz, buhar, su, hava, fuel oil,kimya, g\u0131da,ila\u00e7 end\u00fcstrisinde, solventlerde, pigmentlerde, ve boya transfer hatlar\u0131nda\u00a0kullan\u0131lmaktad\u0131r. S\u0131cakl\u0131k aral\u0131\u011f\u0131 :-40\u00b0C ile 260\u00b0C<\/p>","protected":false},"featured_media":7114,"comment_status":"open","ping_status":"closed","template":"","meta":[],"product_brand":[],"product_cat":[88],"product_tag":[2104,689,681,683,676,669,338,402,424,290,685,684,682,679,687,2107,2106,686,555,677],"class_list":{"0":"post-7104","1":"product","2":"type-product","3":"status-publish","4":"has-post-thumbnail","6":"product_cat-hidrolik-hortumlar","7":"product_tag-40c","8":"product_tag-260c","9":"product_tag-atese-dayanikli","10":"product_tag-buhar","11":"product_tag-duz","12":"product_tag-fuel-oil-2","13":"product_tag-gaz","14":"product_tag-gida","15":"product_tag-hava","16":"product_tag-hortum","17":"product_tag-ilac-endustrisinde","18":"product_tag-kimya","19":"product_tag-kompresorlerde","20":"product_tag-mekanik-direncli","21":"product_tag-pigmentlerde","22":"product_tag-ptfe","23":"product_tag-ptfe-duz-teflon-hortum","24":"product_tag-solventlerde","25":"product_tag-su","26":"product_tag-teflon","28":"first","29":"instock","30":"featured","31":"taxable","32":"shipping-taxable","33":"product-type-variable"},"jetpack-related-posts":[],"jetpack_sharing_enabled":true,"jetpack_likes_enabled":true,"_links":{"self":[{"href":"https:\/\/tuzlahortum.com.tr\/en\/wp-json\/wp\/v2\/product\/7104","targetHints":{"allow":["GET"]}}],"collection":[{"href":"https:\/\/tuzlahortum.com.tr\/en\/wp-json\/wp\/v2\/product"}],"about":[{"href":"https:\/\/tuzlahortum.com.tr\/en\/wp-json\/wp\/v2\/types\/product"}],"replies":[{"embeddable":true,"href":"https:\/\/tuzlahortum.com.tr\/en\/wp-json\/wp\/v2\/comments?post=7104"}],"wp:featuredmedia":[{"embeddable":true,"href":"https:\/\/tuzlahortum.com.tr\/en\/wp-json\/wp\/v2\/media\/7114"}],"wp:attachment":[{"href":"https:\/\/tuzlahortum.com.tr\/en\/wp-json\/wp\/v2\/media?parent=7104"}],"wp:term":[{"taxonomy":"product_brand","embeddable":true,"href":"https:\/\/tuzlahortum.com.tr\/en\/wp-json\/wp\/v2\/product_brand?post=7104"},{"taxonomy":"product_cat","embeddable":true,"href":"https:\/\/tuzlahortum.com.tr\/en\/wp-json\/wp\/v2\/product_cat?post=7104"},{"taxonomy":"product_tag","embeddable":true,"href":"https:\/\/tuzlahortum.com.tr\/en\/wp-json\/wp\/v2\/product_tag?post=7104"}],"curies":[{"name":"wp","href":"https:\/\/api.w.org\/{rel}","templated":true}]}}