{"id":710,"date":"2019-02-06T23:52:52","date_gmt":"2019-02-06T20:52:52","guid":{"rendered":"http:\/\/hortum.com.tr\/product\/import-placeholder-for-587\/"},"modified":"2024-03-21T17:43:39","modified_gmt":"2024-03-21T14:43:39","slug":"beton-enjeksiyon-hortumu","status":"publish","type":"product","link":"https:\/\/tuzlahortum.com.tr\/en\/product\/beton-enjeksiyon-hortumu\/","title":{"rendered":"Concrete Injection Hose"},"content":{"rendered":"<h2>Concrete Injection Hose<\/h2>\n<div>USAGE AREAS: Pressure applications of materials such as plaster and mortar in high-rise buildings and tunnel constructions.<\/div>\n<div><\/div>\n<div>Bottom : Natural synthetic and natural rubber mixture, black, break resistant<\/div>\n<div>Reinforcement: High strength cord fabric, conductive copper wire<\/div>\n<div>Upper : SBR, black, abrasion and weather resistant<\/div>\n<div><\/div>\n<div>\n<div class=\"video video-fit mb\" style=\"padding-top:56.25%;\"><p><iframe loading=\"lazy\" title=\"Measurement Confusion (Inch, Finger, Haze, Millimeter)\" width=\"1020\" height=\"574\" src=\"https:\/\/www.youtube.com\/embed\/uKk6AG_AZls?feature=oembed\" frameborder=\"0\" allow=\"accelerometer; autoplay; clipboard-write; encrypted-media; gyroscope; picture-in-picture; web-share\" referrerpolicy=\"strict-origin-when-cross-origin\" allowfullscreen><\/iframe><\/p>\n<\/div>\n<div class=\"video video-fit mb\" style=\"padding-top:56.25%;\"><p>https:\/\/www.youtube.com\/watch?v=O8ZlzKEjfEQ%20<\/p>\n<\/div>\n<\/div>\n<div><img data-recalc-dims=\"1\" loading=\"lazy\" decoding=\"async\" class=\"wp-image-1741 alignleft\" src=\"https:\/\/i0.wp.com\/hortum.com.tr\/wp-content\/uploads\/urunler\/kaucuk\/Beton-Enjeksiyon-Hortumu-2.jpg?resize=468%2C223\" alt=\"\" width=\"468\" height=\"223\" title=\"\"><\/div>\n<p>&nbsp;<\/p>\n<p>&nbsp;<\/p>\n<p>&nbsp;<\/p>\n<p>&nbsp;<\/p>\n<p>&nbsp;<\/p>\n<p>&nbsp;<\/p>\n<p>&nbsp;<\/p>","protected":false},"excerpt":{"rendered":"<p>Beton Enjeksiyon Hortumu KULLANIM ALANLARI : Y\u00fcksek bina ve t\u00fcnel in\u015faatlar\u0131nda s\u0131va ve har\u00e7 gibi malzemelerin bas\u0131n\u00e7l\u0131 uygulamalar\u0131nda Alt : Tabi sentetik ve do\u011fal kau\u00e7uk kar\u0131\u015f\u0131m\u0131, siyah,k\u0131r\u0131lmaya dayan\u0131kl\u0131 Takviye : Y\u00fcksek mukavemetli kord bezi, iletken bak\u0131r tel \u00dcst : SBR, siyah, s\u00fcrt\u00fcnmeye ve iklim \u015fartlar\u0131na dayan\u0131kl\u0131 &nbsp; &nbsp; &nbsp; &nbsp; &nbsp; &nbsp; &nbsp;<\/p>","protected":false},"featured_media":1740,"comment_status":"open","ping_status":"closed","template":"","meta":{"jetpack_post_was_ever_published":false},"product_brand":[],"product_cat":[153],"product_tag":[753,2308,304,303,305,302,306],"class_list":{"0":"post-710","1":"product","2":"type-product","3":"status-publish","4":"has-post-thumbnail","6":"product_cat-beton-hortumlari","7":"product_tag-asinmaya-dayaniklihortum","8":"product_tag-beton-enjeksiyon-hortumu","9":"product_tag-beton-ve-cimento-dokme-hortumu","10":"product_tag-beton-ve-cimento-nakletme-hortumu","11":"product_tag-beton-ve-cimento-verici-hortumlar","12":"product_tag-cimento-fabrikalarinda-kullanilan-hortum","13":"product_tag-silobas-hortumu","15":"first","16":"instock","17":"taxable","18":"shipping-taxable","19":"product-type-variable"},"jetpack-related-posts":[{"id":724,"url":"https:\/\/tuzlahortum.com.tr\/en\/product\/beton-cimento-verici-hortumlar\/","url_meta":{"origin":710,"position":0},"title":"Concrete \u2013 Cement Delivery Hoses","author":"admin","date":"6 February 2019","format":false,"excerpt":"Beton - \u00c7imento Verici HortumlarKULLANIM ALANLARI : \u00c7imento fabrikalar\u0131nda her t\u00fcrl\u00fc beton ve \u00e7imento nakil i\u015flerinde kullan\u0131lan y\u00fcksek a\u015f\u0131nma mukavemeti olan hortum KONTR\u00dcKS\u0130YON Alt : Sentetik ve do\u011fal kau\u00e7uk kar\u0131\u015f\u0131m\u0131, siyah,d\u00fcz Takviye : Y\u00fcksek mukavemetli kord bezi, iletken bak\u0131r tel \u00dcst : SBR, siyah, s\u00fcrt\u00fcnmeye ve iklim \u015fartlar\u0131na dayan\u0131kl\u0131","rel":"","context":"Similar post","block_context":{"text":"Similar post","link":""},"img":{"alt_text":"","src":"https:\/\/i0.wp.com\/tuzlahortum.com.tr\/wp-content\/uploads\/urunler\/kaucuk\/superlas-silobas-hortumu.jpg?fit=360%2C270&ssl=1&resize=350%2C200","width":350,"height":200},"classes":[]},{"id":543,"url":"https:\/\/tuzlahortum.com.tr\/en\/product\/beton-cimento-alici-verici-hortumlar\/","url_meta":{"origin":710,"position":1},"title":"Concrete \u2013 Cement Transceiver Hoses","author":"admin","date":"6 February 2019","format":false,"excerpt":"Beton - \u00c7imento Al\u0131c\u0131-Verici HortumlarKULLANIM ALANLARI : \u00c7imento fabrikalar\u0131nda ve silolar\u0131nda her t\u00fcrl\u00fc beton ve \u00e7imento (emme), nakletme ve d\u00f6kme i\u015flerinde KONSTR\u00dcKS\u0130YON Alt : Sentetik ve do\u011fal kau\u00e7uk kar\u0131\u015f\u0131m\u0131, siyah,d\u00fcz Takviye : Y\u00fcksek mukavemetli kord bezi, iletken bak\u0131r tel (katlararas\u0131 \u00e7elik tel) \u00dcst : SBR, siyah, s\u00fcrt\u00fcnmeye ve iklim \u015fartlar\u0131na\u2026","rel":"","context":"Similar post","block_context":{"text":"Similar post","link":""},"img":{"alt_text":"","src":"https:\/\/i0.wp.com\/tuzlahortum.com.tr\/wp-content\/uploads\/urunler\/kaucuk\/superlas-silobas-alici-verici-hortum.jpg?fit=360%2C270&ssl=1&resize=350%2C200","width":350,"height":200},"classes":[]},{"id":717,"url":"https:\/\/tuzlahortum.com.tr\/en\/product\/katlanabilir-silobas-hortumu\/","url_meta":{"origin":710,"position":2},"title":"Foldable Truck Hose","author":"admin","date":"6 February 2019","format":false,"excerpt":"Katlanabilir Silobas HortumuKULLANIM ALANLARI : \u0130nce, kolay ta\u015f\u0131nabilir, \u00e7imento, kum gibi a\u015f\u0131nd\u0131r\u0131c\u0131 maddelerin pnomatik ve hidrolik naklinde KONTR\u00dcKS\u0130YON Alt : Sentetik ve do\u011fal kau\u00e7uk kar\u0131\u015f\u0131m\u0131, a\u015f\u0131nmaya dayan\u0131kl\u0131, siyah, d\u00fcz Takviye : Y\u00fcksek mukavemetli kord bezi, g\u00f6m\u00fcl\u00fc bak\u0131r tel \u00dcst : SBR, siyah, s\u00fcrt\u00fcnmeye ve iklim \u015fartlar\u0131na dayan\u0131kl\u0131","rel":"","context":"Similar post","block_context":{"text":"Similar post","link":""},"img":{"alt_text":"","src":"https:\/\/i0.wp.com\/tuzlahortum.com.tr\/wp-content\/uploads\/urunler\/kaucuk\/superlas-silobas-hortumu.jpg?fit=360%2C270&ssl=1&resize=350%2C200","width":350,"height":200},"classes":[]},{"id":773,"url":"https:\/\/tuzlahortum.com.tr\/en\/product\/kumlama-verici-hortumlar\/","url_meta":{"origin":710,"position":3},"title":"Sandblasting Transmitter Hoses","author":"admin","date":"6 February 2019","format":false,"excerpt":"Kumlama Verici HortumlarKULLANIM ALANLARI : Her t\u00fcrl\u00fc kumlama i\u015flerinde ve tahliyesinde, t\u00fcm beton ve metal y\u00fczeylerin kum p\u00fcsk\u00fcrt\u00fclerek temizlenmesi ve parlat\u0131lmas\u0131 i\u015flerinde SERT\u0130F\u0130KALAR : Hortumlar TSE markal\u0131d\u0131r. TS5928 EN ISO 3861 KONTR\u00dcKS\u0130YON Alt : A\u015f\u0131nma mukavemeti y\u00fcksek, siyah, kal\u0131n, d\u00fcz Takviye : Y\u00fcksek mukavemetli kord bezi, iletken bak\u0131r tel \u00dcst\u2026","rel":"","context":"Similar post","block_context":{"text":"Similar post","link":""},"img":{"alt_text":"","src":"https:\/\/i0.wp.com\/tuzlahortum.com.tr\/wp-content\/uploads\/urunler\/kaucuk\/superlas-kumlama-hortumu.jpg?fit=360%2C270&ssl=1&resize=350%2C200","width":350,"height":200},"classes":[]},{"id":728,"url":"https:\/\/tuzlahortum.com.tr\/en\/product\/celik-tel-orgulu-buhar-hortumlari\/","url_meta":{"origin":710,"position":4},"title":"Steel Wire Braided Steam Hoses","author":"admin","date":"6 February 2019","format":false,"excerpt":"\u00c7elik Tel \u00d6rg\u00fcl\u00fc Buhar Hortumlar\u0131KULLANIM ALANLARI : Y\u00fcksek tazyik ve \u0131s\u0131 gerektiren rafineri, tersane, kimya ve \u00e7elik fabrikalar\u0131nda, buhar devrelerinde SERT\u0130F\u0130KALAR : Hortumlar TSE markal\u0131d\u0131r. TS2149 SINIF 1 \/ T\u0130P 1 KONTR\u00dcKS\u0130YON Alt : EPDM, siyah, d\u00fcz Takviye : Y\u00fcksek mukavemetli ve \u0131s\u0131ya dayan\u0131kl\u0131 tekstil takviye \u00dcst : EPDM, siyah,\u2026","rel":"","context":"Similar post","block_context":{"text":"Similar post","link":""},"img":{"alt_text":"","src":"https:\/\/i0.wp.com\/tuzlahortum.com.tr\/wp-content\/uploads\/urunler\/kaucuk\/superlas-celik-telli-buhar-hortumu.jpg?fit=360%2C270&ssl=1&resize=350%2C200","width":350,"height":200},"classes":[]},{"id":938,"url":"https:\/\/tuzlahortum.com.tr\/en\/product\/thermo-su-hortumlari-standart\/","url_meta":{"origin":710,"position":5},"title":"Thermo Water Hoses (STANDARD)","author":"admin","date":"6 February 2019","format":false,"excerpt":"Thermo Su Hortumlar\u0131 (STANDART)Alt kat siyah\u00a0PVC ve\u00a0y\u00fcksek mukavemetli polyester iplik, \u00fcst katta a\u015f\u0131nmaya \u00a0dayan\u0131kl\u0131 \u00f6zel kar\u0131\u015f\u0131m PVC ile \u00fcretilmi\u015ftir. Bas\u0131nca dayan\u0131kl\u0131d\u0131r. \u00c7al\u0131\u015fma S\u0131cakl\u0131\u011f\u0131 -10\u00b0C ile +50\u00b0C aras\u0131 Kullan\u0131m Alanlar\u0131 Ev, bah\u00e7e, tarla, sanayi ve in\u015faat sekt\u00f6r\u00fcnde sulama ve tahliye i\u015flerinde kullan\u0131l\u0131r.","rel":"","context":"Similar post","block_context":{"text":"Similar post","link":""},"img":{"alt_text":"","src":"https:\/\/i0.wp.com\/tuzlahortum.com.tr\/wp-content\/uploads\/urunler\/plastik\/THERMO-SU-HORTUMLAR.jpg?fit=640%2C480&ssl=1&resize=350%2C200","width":350,"height":200,"srcset":"https:\/\/i0.wp.com\/tuzlahortum.com.tr\/wp-content\/uploads\/urunler\/plastik\/THERMO-SU-HORTUMLAR.jpg?fit=640%2C480&ssl=1&resize=350%2C200 1x, https:\/\/i0.wp.com\/tuzlahortum.com.tr\/wp-content\/uploads\/urunler\/plastik\/THERMO-SU-HORTUMLAR.jpg?fit=640%2C480&ssl=1&resize=525%2C300 1.5x"},"classes":[]}],"jetpack_sharing_enabled":true,"jetpack_likes_enabled":true,"_links":{"self":[{"href":"https:\/\/tuzlahortum.com.tr\/en\/wp-json\/wp\/v2\/product\/710","targetHints":{"allow":["GET"]}}],"collection":[{"href":"https:\/\/tuzlahortum.com.tr\/en\/wp-json\/wp\/v2\/product"}],"about":[{"href":"https:\/\/tuzlahortum.com.tr\/en\/wp-json\/wp\/v2\/types\/product"}],"replies":[{"embeddable":true,"href":"https:\/\/tuzlahortum.com.tr\/en\/wp-json\/wp\/v2\/comments?post=710"}],"wp:featuredmedia":[{"embeddable":true,"href":"https:\/\/tuzlahortum.com.tr\/en\/wp-json\/wp\/v2\/media\/1740"}],"wp:attachment":[{"href":"https:\/\/tuzlahortum.com.tr\/en\/wp-json\/wp\/v2\/media?parent=710"}],"wp:term":[{"taxonomy":"product_brand","embeddable":true,"href":"https:\/\/tuzlahortum.com.tr\/en\/wp-json\/wp\/v2\/product_brand?post=710"},{"taxonomy":"product_cat","embeddable":true,"href":"https:\/\/tuzlahortum.com.tr\/en\/wp-json\/wp\/v2\/product_cat?post=710"},{"taxonomy":"product_tag","embeddable":true,"href":"https:\/\/tuzlahortum.com.tr\/en\/wp-json\/wp\/v2\/product_tag?post=710"}],"curies":[{"name":"wp","href":"https:\/\/api.w.org\/{rel}","templated":true}]}}