{"id":709,"date":"2019-02-06T23:52:52","date_gmt":"2019-02-06T20:52:52","guid":{"rendered":"http:\/\/hortum.com.tr\/product\/import-placeholder-for-600\/"},"modified":"2024-03-21T17:43:39","modified_gmt":"2024-03-21T14:43:39","slug":"dp-tipi-polipropilen-kamlok","status":"publish","type":"product","link":"https:\/\/tuzlahortum.com.tr\/en\/product\/dp-tipi-polipropilen-kamlok\/","title":{"rendered":"DP Type Polypropylene Camlock"},"content":{"rendered":"<h2>DP Type Polypropylene Camlock<\/h2>\n<p>https:\/\/www.youtube.com\/watch?v=O8ZlzKEjfEQ<\/p>\n<p style=\"text-align: center;\">\n    <a href=\"https:\/\/www.flow-hose.com.tr\/technical-info\/2-2\/kamloklar\" target=\"_blank\" class=\"button\" style=\"margin-top:12px;\" rel=\"noopener\">Click for Camlock Guide<\/a><\/p>","protected":false},"excerpt":{"rendered":"<p>DP Tipi Poliropilen Kamlok https:\/\/www.youtube.com\/watch?v=O8ZlzKEjfEQ Kamlok Rehberi i\u00e7in t\u0131klay\u0131n\u0131z<\/p>","protected":false},"featured_media":12592,"comment_status":"open","ping_status":"closed","template":"","meta":{"jetpack_post_was_ever_published":false},"product_brand":[],"product_cat":[2330],"product_tag":[271,752,278,270,269,277,2332,274,276,275],"class_list":{"0":"post-709","1":"product","2":"type-product","3":"status-publish","4":"has-post-thumbnail","6":"product_cat-polipropilen-kamloklar","7":"product_tag-baglanti-elemani","8":"product_tag-dp-tipi","9":"product_tag-hizli-baglanti","10":"product_tag-hortum-baglantisi","11":"product_tag-kamlok","12":"product_tag-kolay-baglanti","13":"product_tag-poliropilen","14":"product_tag-sok","15":"product_tag-sok-tak","16":"product_tag-tak","18":"first","19":"instock","20":"taxable","21":"shipping-taxable","22":"product-type-variable"},"jetpack-related-posts":[],"jetpack_sharing_enabled":true,"jetpack_likes_enabled":true,"_links":{"self":[{"href":"https:\/\/tuzlahortum.com.tr\/en\/wp-json\/wp\/v2\/product\/709","targetHints":{"allow":["GET"]}}],"collection":[{"href":"https:\/\/tuzlahortum.com.tr\/en\/wp-json\/wp\/v2\/product"}],"about":[{"href":"https:\/\/tuzlahortum.com.tr\/en\/wp-json\/wp\/v2\/types\/product"}],"replies":[{"embeddable":true,"href":"https:\/\/tuzlahortum.com.tr\/en\/wp-json\/wp\/v2\/comments?post=709"}],"wp:featuredmedia":[{"embeddable":true,"href":"https:\/\/tuzlahortum.com.tr\/en\/wp-json\/wp\/v2\/media\/12592"}],"wp:attachment":[{"href":"https:\/\/tuzlahortum.com.tr\/en\/wp-json\/wp\/v2\/media?parent=709"}],"wp:term":[{"taxonomy":"product_brand","embeddable":true,"href":"https:\/\/tuzlahortum.com.tr\/en\/wp-json\/wp\/v2\/product_brand?post=709"},{"taxonomy":"product_cat","embeddable":true,"href":"https:\/\/tuzlahortum.com.tr\/en\/wp-json\/wp\/v2\/product_cat?post=709"},{"taxonomy":"product_tag","embeddable":true,"href":"https:\/\/tuzlahortum.com.tr\/en\/wp-json\/wp\/v2\/product_tag?post=709"}],"curies":[{"name":"wp","href":"https:\/\/api.w.org\/{rel}","templated":true}]}}