{"id":689,"date":"2019-02-06T23:52:29","date_gmt":"2019-02-06T20:52:29","guid":{"rendered":"http:\/\/hortum.com.tr\/product\/import-placeholder-for-258\/"},"modified":"2024-03-21T17:43:52","modified_gmt":"2024-03-21T14:43:52","slug":"tc-20","status":"publish","type":"product","link":"https:\/\/tuzlahortum.com.tr\/en\/product\/tc-20\/","title":{"rendered":"TC 20"},"content":{"rendered":"<h2>TC 20<\/h2>\n<p>MATERIEL:<br \/>\nHose Wall: Silicon oxide and polyurethane coated<br \/>\nE-glass fiber fabric<br \/>\n\u2022 Weight: 1250 gr\/m2<br \/>\n\u2022 Tensile strength: Warp: 35 daN\/cm,<br \/>\nWeft: 25 daN\/cm<br \/>\n\u2022 Thickness : Approx. 2 mm<br \/>\n\u2022 Color : Gray<br \/>\nOuter Spiral: Galvanized or Cr-Ni steel<\/p>\n<div class=\"video video-fit mb\" style=\"padding-top:56.25%;\"><p><iframe loading=\"lazy\" title=\"Measurement Confusion (Inch, Finger, Haze, Millimeter)\" width=\"1020\" height=\"574\" src=\"https:\/\/www.youtube.com\/embed\/uKk6AG_AZls?feature=oembed\" frameborder=\"0\" allow=\"accelerometer; autoplay; clipboard-write; encrypted-media; gyroscope; picture-in-picture; web-share\" referrerpolicy=\"strict-origin-when-cross-origin\" allowfullscreen><\/iframe><\/p>\n<\/div>\n<p>APPS:<br \/>\n\u2022 Hot air transfer<br \/>\n\u2022 Defense industry high temperature applications<br \/>\n\u2022 Glass industry<br \/>\n\u2022 Low pressure applications<br \/>\n\u2022 Oven-Hob applications<br \/>\n\u2022 Iron and Steel industry<br \/>\n\u2022 Foundries<br \/>\n\u2022 Shipbuilding industry<br \/>\n\u2022 Industrial drying facilities<br \/>\nFEATURES:<br \/>\n\u2022 High temperature resistance<br \/>\n\u2022 Low bending radius<br \/>\n\u2022 Compression ratio 1:3<br \/>\n\u2022 Galvanized outer spiral against abrasion<br \/>\n\u2022 Production with strong mechanical joining technique<br \/>\n\u2022 Silicone-free structure<br \/>\n\u2022 Difficult burning properties<\/p>","protected":false},"excerpt":{"rendered":"<p>TC 20 MATERYAL: Hortum Duvar\u0131 : Silisyum oksit ve poli\u00fcretan kapl\u0131 E-Camelyaf kuma\u015f \u2022 A\u011f\u0131rl\u0131k : 1250 gr\/m2 \u2022 \u00c7ekme dayan\u0131m\u0131 : Warp: 35 daN\/cm, Weft: 25 daN\/cm \u2022 Kal\u0131nl\u0131k : Yakla\u015f\u0131k 2 mm \u2022 Renk : Gri D\u0131\u015f Spiral : Galvaniz veya Cr-Ni \u00e7elik UYGULAMALAR: \u2022 S\u0131cak hava transferi \u2022 Savunma sanayi y\u00fcksek s\u0131cakl\u0131k [&#8230;]\n","protected":false},"featured_media":6347,"comment_status":"open","ping_status":"closed","template":"","meta":{"jetpack_post_was_ever_published":false},"product_brand":[],"product_cat":[143,145],"product_tag":[705,697,393,704,706,230,498,707,703,635],"class_list":{"0":"post-689","1":"product","2":"type-product","3":"status-publish","4":"has-post-thumbnail","6":"product_cat-havacilik-endustrisi-hortumlari","7":"product_cat-isiya-dayanikli-hortumlar","8":"product_tag-cam-endustrisi","9":"product_tag-camelyaf-kumas","10":"product_tag-dokumhaneler","11":"product_tag-galvaniz-veya-cr-ni-celik-dis-spiral","12":"product_tag-gemi-insa-sektoru","13":"product_tag-gri","14":"product_tag-isiya-dayanikli","15":"product_tag-silikonsuz-yapi","16":"product_tag-silisyum-oksit-ve-poliuretan-kapli","17":"product_tag-sicak-hava-transferi","19":"first","20":"instock","21":"taxable","22":"shipping-taxable","23":"product-type-variable"},"jetpack-related-posts":[],"jetpack_sharing_enabled":true,"jetpack_likes_enabled":true,"_links":{"self":[{"href":"https:\/\/tuzlahortum.com.tr\/en\/wp-json\/wp\/v2\/product\/689","targetHints":{"allow":["GET"]}}],"collection":[{"href":"https:\/\/tuzlahortum.com.tr\/en\/wp-json\/wp\/v2\/product"}],"about":[{"href":"https:\/\/tuzlahortum.com.tr\/en\/wp-json\/wp\/v2\/types\/product"}],"replies":[{"embeddable":true,"href":"https:\/\/tuzlahortum.com.tr\/en\/wp-json\/wp\/v2\/comments?post=689"}],"wp:featuredmedia":[{"embeddable":true,"href":"https:\/\/tuzlahortum.com.tr\/en\/wp-json\/wp\/v2\/media\/6347"}],"wp:attachment":[{"href":"https:\/\/tuzlahortum.com.tr\/en\/wp-json\/wp\/v2\/media?parent=689"}],"wp:term":[{"taxonomy":"product_brand","embeddable":true,"href":"https:\/\/tuzlahortum.com.tr\/en\/wp-json\/wp\/v2\/product_brand?post=689"},{"taxonomy":"product_cat","embeddable":true,"href":"https:\/\/tuzlahortum.com.tr\/en\/wp-json\/wp\/v2\/product_cat?post=689"},{"taxonomy":"product_tag","embeddable":true,"href":"https:\/\/tuzlahortum.com.tr\/en\/wp-json\/wp\/v2\/product_tag?post=689"}],"curies":[{"name":"wp","href":"https:\/\/api.w.org\/{rel}","templated":true}]}}