{"id":686,"date":"2019-02-06T23:52:29","date_gmt":"2019-02-06T20:52:29","guid":{"rendered":"http:\/\/hortum.com.tr\/product\/import-placeholder-for-103\/"},"modified":"2024-03-21T17:43:55","modified_gmt":"2024-03-21T14:43:55","slug":"r2-hidrolik-hortumu","status":"publish","type":"product","link":"https:\/\/tuzlahortum.com.tr\/en\/product\/r2-hidrolik-hortumu\/","title":{"rendered":"R2 Hydraulic Hose"},"content":{"rendered":"<h2>R2 Hydraulic Hose<\/h2>\n<table border=\"0\">\n<tbody>\n<tr valign=\"top\">\n<td width=\"60\">Downstairs<\/td>\n<td width=\"15\">:<\/td>\n<td width=\"370\">SPECIAL SYNTHETIC RUBBER RESISTANT TO HYDRAULIC OILS.<\/td>\n<\/tr>\n<tr valign=\"top\">\n<td width=\"60\">Reinforcement<\/td>\n<td width=\"15\">:<\/td>\n<td width=\"370\">HIGH TENSILE 2 PLY STEEL WIRE MESH.<\/td>\n<\/tr>\n<tr valign=\"top\">\n<td width=\"60\">Upstairs<\/td>\n<td width=\"15\">:<\/td>\n<td width=\"370\">WRAPPED SPECIAL SYNTHETIC RUBBER RESISTANT TO OILS, WEAR AND ALL WEATHER CONDITIONS.<\/td>\n<\/tr>\n<tr valign=\"top\">\n<td width=\"60\">Place of use<\/td>\n<td width=\"15\">:<\/td>\n<td width=\"370\">IN HYDRAULIC CIRCUITS REQUESTING HIGH PRESSURE IN CONSTRUCTION AND AGRICULTURAL MACHINERY.<\/td>\n<\/tr>\n<\/tbody>\n<\/table>\n<table border=\"1\" cellspacing=\"1\" cellpadding=\"1\" align=\"center\">\n<thead>\n<tr>\n<th colspan=\"2\" rowspan=\"1\" scope=\"col\">INNER DIAMETER<\/th>\n<th scope=\"col\">OUTER DIAMETER<\/th>\n<th scope=\"col\">OPERATING PRESSURE<\/th>\n<th scope=\"col\">EXPLOSION PRESSURE<\/th>\n<\/tr>\n<\/thead>\n<tbody>\n<tr>\n<td><strong>inch<\/strong><\/td>\n<td><strong>mm<\/strong><\/td>\n<td><strong>mm<\/strong><\/td>\n<td><strong>bar<\/strong><\/td>\n<td><strong>bar<\/strong><\/td>\n<\/tr>\n<tr>\n<td>3\/16<\/td>\n<td>4.8<\/td>\n<td>13.3<\/td>\n<td>415<\/td>\n<td>1650<\/td>\n<\/tr>\n<tr>\n<td>1\/4<\/td>\n<td>6.4<\/td>\n<td>15<\/td>\n<td>400<\/td>\n<td>1600<\/td>\n<\/tr>\n<tr>\n<td>5\/16<\/td>\n<td>8<\/td>\n<td>16.5<\/td>\n<td>350<\/td>\n<td>1400<\/td>\n<\/tr>\n<tr>\n<td>3\/8<\/td>\n<td>9.5<\/td>\n<td>18.9<\/td>\n<td>330<\/td>\n<td>1320<\/td>\n<\/tr>\n<tr>\n<td>1\/2<\/td>\n<td>12.7<\/td>\n<td>22.2<\/td>\n<td>275<\/td>\n<td>1100<\/td>\n<\/tr>\n<tr>\n<td>5\/8<\/td>\n<td>16<\/td>\n<td>25.2<\/td>\n<td>250<\/td>\n<td>1000<\/td>\n<\/tr>\n<tr>\n<td>3\/4<\/td>\n<td>19<\/td>\n<td>29.2<\/td>\n<td>215<\/td>\n<td>850<\/td>\n<\/tr>\n<tr>\n<td>1\u2033<\/td>\n<td>25.4<\/td>\n<td>37.2<\/td>\n<td>165<\/td>\n<td>650<\/td>\n<\/tr>\n<tr>\n<td>1 1\/4<\/td>\n<td>31.8<\/td>\n<td>47.3<\/td>\n<td>125<\/td>\n<td>500<\/td>\n<\/tr>\n<tr>\n<td>1 1\/2<\/td>\n<td>38.1<\/td>\n<td>53.7<\/td>\n<td>90<\/td>\n<td>360<\/td>\n<\/tr>\n<tr>\n<td>2\u2033<\/td>\n<td>50.8<\/td>\n<td>66.7<\/td>\n<td>78<\/td>\n<td>310<\/td>\n<\/tr>\n<tr>\n<td>2 1\/2<\/td>\n<td>63.5<\/td>\n<td>79.3<\/td>\n<td>69<\/td>\n<td>276<\/td>\n<\/tr>\n<tr>\n<td>3\u2033<\/td>\n<td>76.2<\/td>\n<td>91.3<\/td>\n<td>50<\/td>\n<td>200<\/td>\n<\/tr>\n<\/tbody>\n<\/table>\n<p>&nbsp;<\/p>\n<div class=\"video video-fit mb\" style=\"padding-top:56.25%;\"><p><iframe loading=\"lazy\" title=\"Measurement Confusion (Inch, Finger, Haze, Millimeter)\" width=\"1020\" height=\"574\" src=\"https:\/\/www.youtube.com\/embed\/uKk6AG_AZls?feature=oembed\" frameborder=\"0\" allow=\"accelerometer; autoplay; clipboard-write; encrypted-media; gyroscope; picture-in-picture; web-share\" referrerpolicy=\"strict-origin-when-cross-origin\" allowfullscreen><\/iframe><\/p>\n<\/div>","protected":false},"excerpt":{"rendered":"<p>R2 Hidrolik Hortumu Alt Kat : H\u0130DROL\u0130K YA\u011eLARA DAYANIKLI \u00d6ZEL SENTET\u0130K KAU\u00c7UK. Takviye : Y\u00dcKSEK MUKAVEMETL\u0130 2 KAT \u00c7EL\u0130K TEL \u00d6RG\u00dc. \u00dcst Kat : YA\u011eLARA, A\u015eINMAYA VE HER T\u00dcRL\u00dc HAVA \u015eARTLARINA DAYANIKLI SARGILI \u00d6ZEL SENTET\u0130K KAU\u00c7UK. Kullan\u0131m Yeri : \u0130\u015e VE TARIM MAK\u0130NELER\u0130NDE Y\u00dcKSEK BASIN\u00c7 GEREKT\u0130REN H\u0130DROL\u0130K DEVRELERDE. \u0130\u00c7 \u00c7API DI\u015e \u00c7API \u00c7ALI\u015eMA BASINCI PATLAMA [&#8230;]\n","protected":false},"featured_media":8411,"comment_status":"open","ping_status":"closed","template":"","meta":{"jetpack_post_was_ever_published":false},"product_brand":[],"product_cat":[157,88],"product_tag":[664,658,660,662,2278,659,663,661],"class_list":{"0":"post-686","1":"product","2":"type-product","3":"status-publish","4":"has-post-thumbnail","6":"product_cat-hidrolik-hortum","7":"product_cat-hidrolik-hortumlar","8":"product_tag-atese-dayaniklilik","9":"product_tag-hidrolik-hortum","10":"product_tag-hidrolik-yaglara-dayanikli","11":"product_tag-is","12":"product_tag-r2-hidrolik-hortumu","13":"product_tag-sentetik-kaucuk","14":"product_tag-tarim-makinelerinde","15":"product_tag-yuksek-mukavemetli","17":"first","18":"instock","19":"taxable","20":"shipping-taxable","21":"product-type-variable"},"jetpack-related-posts":[],"jetpack_sharing_enabled":true,"jetpack_likes_enabled":true,"_links":{"self":[{"href":"https:\/\/tuzlahortum.com.tr\/en\/wp-json\/wp\/v2\/product\/686","targetHints":{"allow":["GET"]}}],"collection":[{"href":"https:\/\/tuzlahortum.com.tr\/en\/wp-json\/wp\/v2\/product"}],"about":[{"href":"https:\/\/tuzlahortum.com.tr\/en\/wp-json\/wp\/v2\/types\/product"}],"replies":[{"embeddable":true,"href":"https:\/\/tuzlahortum.com.tr\/en\/wp-json\/wp\/v2\/comments?post=686"}],"wp:featuredmedia":[{"embeddable":true,"href":"https:\/\/tuzlahortum.com.tr\/en\/wp-json\/wp\/v2\/media\/8411"}],"wp:attachment":[{"href":"https:\/\/tuzlahortum.com.tr\/en\/wp-json\/wp\/v2\/media?parent=686"}],"wp:term":[{"taxonomy":"product_brand","embeddable":true,"href":"https:\/\/tuzlahortum.com.tr\/en\/wp-json\/wp\/v2\/product_brand?post=686"},{"taxonomy":"product_cat","embeddable":true,"href":"https:\/\/tuzlahortum.com.tr\/en\/wp-json\/wp\/v2\/product_cat?post=686"},{"taxonomy":"product_tag","embeddable":true,"href":"https:\/\/tuzlahortum.com.tr\/en\/wp-json\/wp\/v2\/product_tag?post=686"}],"curies":[{"name":"wp","href":"https:\/\/api.w.org\/{rel}","templated":true}]}}