{"id":680,"date":"2019-02-06T23:52:27","date_gmt":"2019-02-06T20:52:27","guid":{"rendered":"http:\/\/hortum.com.tr\/product\/import-placeholder-for-270\/"},"modified":"2024-03-21T17:44:01","modified_gmt":"2024-03-21T14:44:01","slug":"paslanmaz-orgulu-duz-teflon-hortum","status":"publish","type":"product","link":"https:\/\/tuzlahortum.com.tr\/en\/product\/paslanmaz-orgulu-duz-teflon-hortum\/","title":{"rendered":"Stainless Braided Straight Teflon Hose"},"content":{"rendered":"<h2>Stainless Braided Straight Teflon Hose<\/h2>\n<p><strong>GENERAL FEATURES<\/strong><\/p>\n<ol>\n<li>Teflon (PTFE) flat interior, high mechanical resistance, dielectric, and fire resistant<\/li>\n<li>High tensile strength stainless AISI 304 steel wire braided<\/li>\n<li>It is used in compressors, gas, steam, water, air, fuel oil, chemistry, food, pharmaceutical industry, solvents, pigments, and paint transfer lines.<\/li>\n<li style=\"font-weight: 400;\">Temperature range: -40\u00b0C to 260\u00b0C<\/li>\n<\/ol>\n<div class=\"video video-fit mb\" style=\"padding-top:56.25%;\"><p><iframe loading=\"lazy\" title=\"Measurement Confusion (Inch, Finger, Haze, Millimeter)\" width=\"1020\" height=\"574\" src=\"https:\/\/www.youtube.com\/embed\/uKk6AG_AZls?feature=oembed\" frameborder=\"0\" allow=\"accelerometer; autoplay; clipboard-write; encrypted-media; gyroscope; picture-in-picture; web-share\" referrerpolicy=\"strict-origin-when-cross-origin\" allowfullscreen><\/iframe><\/p>\n<\/div>","protected":false},"excerpt":{"rendered":"<p>Paslanmaz \u00d6rg\u00fcl\u00fc D\u00fcz Teflon Hortum GENEL \u00d6ZELL\u0130KLER \u0130\u00e7 k\u0131sm\u0131 teflon (PTFE) d\u00fcz, y\u00fcksek\u00a0mekanik diren\u00e7li, dielektriksel,ve ate\u015fe dayan\u0131kl\u0131 Y\u00fcksek gerilmeye mukavemetli\u00a0 paslanmaz\u00a0\u00a0AISI 304 \u00e7elik tel \u00f6rg\u00fcl\u00fc Kompres\u00f6rlerde, gaz, buhar, su, hava, fuel\u00a0oil,kimya, g\u0131da,ila\u00e7 end\u00fcstrisinde,\u00a0solventlerde,pigmentlerde, ve boya transfer hatlar\u0131nda kullan\u0131lmaktad\u0131r. S\u0131cakl\u0131k aral\u0131\u011f\u0131 :-40\u00b0C ile260\u00b0C<\/p>","protected":false},"featured_media":9071,"comment_status":"open","ping_status":"closed","template":"","meta":{"jetpack_post_was_ever_published":false},"product_brand":[],"product_cat":[88],"product_tag":[2104,689,681,683,680,676,669,338,402,424,290,685,684,682,679,675,666,678,687,686,555,677],"class_list":{"0":"post-680","1":"product","2":"type-product","3":"status-publish","4":"has-post-thumbnail","6":"product_cat-hidrolik-hortumlar","7":"product_tag-40c","8":"product_tag-260c","9":"product_tag-atese-dayanikli","10":"product_tag-buhar","11":"product_tag-dielektriksel","12":"product_tag-duz","13":"product_tag-fuel-oil-2","14":"product_tag-gaz","15":"product_tag-gida","16":"product_tag-hava","17":"product_tag-hortum","18":"product_tag-ilac-endustrisinde","19":"product_tag-kimya","20":"product_tag-kompresorlerde","21":"product_tag-mekanik-direncli","22":"product_tag-orgulu","23":"product_tag-paslanmaz","24":"product_tag-paslanmaz-orgulu-duz-teflon-hortum","25":"product_tag-pigmentlerde","26":"product_tag-solventlerde","27":"product_tag-su","28":"product_tag-teflon","30":"first","31":"instock","32":"taxable","33":"shipping-taxable","34":"product-type-variable"},"jetpack-related-posts":[{"id":809,"url":"https:\/\/tuzlahortum.com.tr\/en\/product\/paslanmaz-orgulu-bogumlu-teflon-hortum\/","url_meta":{"origin":680,"position":0},"title":"Stainless Braided Knotted Teflon Hose","author":"admin","date":"6 February 2019","format":false,"excerpt":"Paslanmaz \u00d6rg\u00fcl\u00fc Bo\u011fumlu Teflon HortumGENEL \u00d6ZELL\u0130KLER \u0130\u00e7 k\u0131sm\u0131 teflon (PTFE), sarg\u0131l\u0131, y\u00fcksek\u00a0mekanik diren\u00e7li, dielektriksel,ve\u00a0 ate\u015fe dayan\u0131kl\u0131 Y\u00fcksek gerilmeye mukavemetli\u00a0 AISI 304 paslanmaz \u00e7elik tel \u00f6rg\u00fcl\u00fc Kompres\u00f6rlerde, gaz, buhar, su, hava, fuel oil,kimya, g\u0131da,ila\u00e7 end\u00fcstrisinde, solventlerde, pigmentlerde, ve boya transfer hatlar\u0131nda\u00a0kullan\u0131lmaktad\u0131r. S\u0131cakl\u0131k aral\u0131\u011f\u0131 :-40\u00b0C ile260\u00b0C","rel":"","context":"Similar post","block_context":{"text":"Similar post","link":""},"img":{"alt_text":"","src":"https:\/\/i0.wp.com\/tuzlahortum.com.tr\/wp-content\/uploads\/2019\/04\/Paslanmaz-%C3%96rg%C3%BCl%C3%BC-Bo%C4%9Fumlu-Teflon-Hortum.jpg?fit=771%2C500&ssl=1&resize=350%2C200","width":350,"height":200,"srcset":"https:\/\/i0.wp.com\/tuzlahortum.com.tr\/wp-content\/uploads\/2019\/04\/Paslanmaz-%C3%96rg%C3%BCl%C3%BC-Bo%C4%9Fumlu-Teflon-Hortum.jpg?fit=771%2C500&ssl=1&resize=350%2C200 1x, https:\/\/i0.wp.com\/tuzlahortum.com.tr\/wp-content\/uploads\/2019\/04\/Paslanmaz-%C3%96rg%C3%BCl%C3%BC-Bo%C4%9Fumlu-Teflon-Hortum.jpg?fit=771%2C500&ssl=1&resize=525%2C300 1.5x, https:\/\/i0.wp.com\/tuzlahortum.com.tr\/wp-content\/uploads\/2019\/04\/Paslanmaz-%C3%96rg%C3%BCl%C3%BC-Bo%C4%9Fumlu-Teflon-Hortum.jpg?fit=771%2C500&ssl=1&resize=700%2C400 2x"},"classes":[]},{"id":7104,"url":"https:\/\/tuzlahortum.com.tr\/en\/product\/ptfe-duz-teflon-hortum\/","url_meta":{"origin":680,"position":1},"title":"PTFE Straight Teflon Hose","author":"\u0130smail \u00c7elik","date":"8 March 2019","format":false,"excerpt":"PTFE D\u00fcz Teflon HortumGENEL \u00d6ZELL\u0130KLER Teflon (PTFE), sarg\u0131l\u0131, y\u00fcksek\u00a0mekanik diren\u00e7li, dielektriksel,ve\u00a0 ate\u015fe dayan\u0131kl\u0131 Kompres\u00f6rlerde, gaz, buhar, su, hava, fuel oil,kimya, g\u0131da,ila\u00e7 end\u00fcstrisinde, solventlerde, pigmentlerde, ve boya transfer hatlar\u0131nda\u00a0kullan\u0131lmaktad\u0131r. S\u0131cakl\u0131k aral\u0131\u011f\u0131 :-40\u00b0C ile 260\u00b0C","rel":"","context":"Similar post","block_context":{"text":"Similar post","link":""},"img":{"alt_text":"","src":"https:\/\/i0.wp.com\/tuzlahortum.com.tr\/wp-content\/uploads\/2019\/03\/PTFE.TEFLON.HORTUMLAR2.jpg?fit=455%2C455&ssl=1&resize=350%2C200","width":350,"height":200},"classes":[]},{"id":21145,"url":"https:\/\/tuzlahortum.com.tr\/en\/product\/selwash-4000\/","url_meta":{"origin":680,"position":2},"title":"SELWASH 4000","author":"admin","date":"11 August 2025","format":false,"excerpt":"\u00a0 \u00dcr\u00fcn Ad\u0131: SELWASH 4000 \u00dcr\u00fcn Kodu: SWHP344 Y\u00fcksek Bas\u0131n\u00e7 Hidro-Y\u0131kama Kullanim Alan\u0131 : S\u0131cak Su ile Y\u00fcksek Bas\u0131n\u00e7l\u0131 Temizlik Uygulamalar\u0131 \u0130\u00e7in Alt Katman : 120\u00b0C (Ara s\u0131ra 150\u00b0C) s\u0131cak su ve deterjan \u00e7\u00f6zeltilerine dayan\u0131kl\u0131 \u00f6zel sentetik kau\u00e7uk. Takviye Katman\u0131 : Y\u00fcksek Mukavemetli \u00c7elik Tel \u00d6rg\u00fc. \u00dcst Katman : Ya\u011f,\u2026","rel":"","context":"Similar post","block_context":{"text":"Similar post","link":""},"img":{"alt_text":"","src":"https:\/\/i0.wp.com\/tuzlahortum.com.tr\/wp-content\/uploads\/2025\/08\/HYD_51-1.png?fit=588%2C588&ssl=1&resize=350%2C200","width":350,"height":200,"srcset":"https:\/\/i0.wp.com\/tuzlahortum.com.tr\/wp-content\/uploads\/2025\/08\/HYD_51-1.png?fit=588%2C588&ssl=1&resize=350%2C200 1x, https:\/\/i0.wp.com\/tuzlahortum.com.tr\/wp-content\/uploads\/2025\/08\/HYD_51-1.png?fit=588%2C588&ssl=1&resize=525%2C300 1.5x"},"classes":[]},{"id":21142,"url":"https:\/\/tuzlahortum.com.tr\/en\/product\/selwash-2sc\/","url_meta":{"origin":680,"position":3},"title":"SELWASH 2SC","author":"admin","date":"11 August 2025","format":false,"excerpt":"\u00a0 \u00dcr\u00fcn Ad\u0131: SELWASH 2SC \u00dcr\u00fcn Kodu: SW2\/320 Hidro - Y\u0131kama Kullanim Alan\u0131 : S\u0131cak Su ile Y\u00fcksek Bas\u0131n\u00e7l\u0131 Temizlik Uygulamalar\u0131 \u0130\u00e7in Alt Katman : 120\u00b0C (Ara s\u0131ra 150\u00b0C) s\u0131cak su ve deterjan \u00e7\u00f6zeltilerine dayan\u0131kl\u0131 \u00f6zel sentetik kau\u00e7uk. Takviye Katman\u0131 : \u00c7ift Kat Y\u00fcksek Mukavemetli \u00c7elik Tel \u00d6rg\u00fc \u00dcst Katman\u2026","rel":"","context":"Similar post","block_context":{"text":"Similar post","link":""},"img":{"alt_text":"","src":"https:\/\/i0.wp.com\/tuzlahortum.com.tr\/wp-content\/uploads\/2025\/08\/HYD_49-1.png?fit=584%2C584&ssl=1&resize=350%2C200","width":350,"height":200,"srcset":"https:\/\/i0.wp.com\/tuzlahortum.com.tr\/wp-content\/uploads\/2025\/08\/HYD_49-1.png?fit=584%2C584&ssl=1&resize=350%2C200 1x, https:\/\/i0.wp.com\/tuzlahortum.com.tr\/wp-content\/uploads\/2025\/08\/HYD_49-1.png?fit=584%2C584&ssl=1&resize=525%2C300 1.5x"},"classes":[]},{"id":21186,"url":"https:\/\/tuzlahortum.com.tr\/en\/product\/selwash-2sn\/","url_meta":{"origin":680,"position":4},"title":"SELWASH 2SN","author":"admin","date":"11 August 2025","format":false,"excerpt":"\u00a0 \u00dcr\u00fcn Ad\u0131: SELWASH 2SN \u00dcr\u00fcn Kodu: SW2\/32A Hidro - Y\u0131kama Kullanim Alan\u0131 : S\u0131cak Su ile Y\u00fcksek Bas\u0131n\u00e7l\u0131 Temizlik Uygulamalar\u0131 \u0130\u00e7in Alt Katman : 120\u00b0C (Ara s\u0131ra 150\u00b0C) s\u0131cak su ve deterjan \u00e7\u00f6zeltilerine dayan\u0131kl\u0131 \u00f6zel sentetik kau\u00e7uk. Takviye Katman\u0131 : \u00c7ift Kat Y\u00fcksek Mukavemetli \u00c7elik Tel \u00d6rg\u00fc \u00dcst Katman\u2026","rel":"","context":"Similar post","block_context":{"text":"Similar post","link":""},"img":{"alt_text":"","src":"https:\/\/i0.wp.com\/tuzlahortum.com.tr\/wp-content\/uploads\/2025\/08\/HYD_49-1.png?fit=584%2C584&ssl=1&resize=350%2C200","width":350,"height":200,"srcset":"https:\/\/i0.wp.com\/tuzlahortum.com.tr\/wp-content\/uploads\/2025\/08\/HYD_49-1.png?fit=584%2C584&ssl=1&resize=350%2C200 1x, https:\/\/i0.wp.com\/tuzlahortum.com.tr\/wp-content\/uploads\/2025\/08\/HYD_49-1.png?fit=584%2C584&ssl=1&resize=525%2C300 1.5x"},"classes":[]},{"id":21148,"url":"https:\/\/tuzlahortum.com.tr\/en\/product\/selwash-8700\/","url_meta":{"origin":680,"position":5},"title":"SELWASH 8700","author":"admin","date":"11 August 2025","format":false,"excerpt":"\u00a0 \u00dcr\u00fcn Ad\u0131: SELWASH 8700 \u00dcr\u00fcn Kodu: SWHP346 \u00c7ok Y\u00fcksek Bas\u0131n\u00e7 Hidro - Y\u0131kama Kullanim Alan\u0131 : S\u0131cak Su ile Y\u00fcksek Bas\u0131n\u00e7l\u0131 Temizlik Uygulamalar\u0131 \u0130\u00e7in Alt Katman : 120\u00b0C (Ara s\u0131ra 150\u00b0C) s\u0131cak su ve deterjan \u00e7\u00f6zeltilerine dayan\u0131kl\u0131 \u00f6zel sentetik kau\u00e7uk. Takviye Katman\u0131 : \u00c7ift Kat Y\u00fcksek Mukavemetli \u00c7elik Tel\u2026","rel":"","context":"Similar post","block_context":{"text":"Similar post","link":""},"img":{"alt_text":"","src":"https:\/\/i0.wp.com\/tuzlahortum.com.tr\/wp-content\/uploads\/2025\/08\/HYD_52-1.png?fit=589%2C589&ssl=1&resize=350%2C200","width":350,"height":200,"srcset":"https:\/\/i0.wp.com\/tuzlahortum.com.tr\/wp-content\/uploads\/2025\/08\/HYD_52-1.png?fit=589%2C589&ssl=1&resize=350%2C200 1x, https:\/\/i0.wp.com\/tuzlahortum.com.tr\/wp-content\/uploads\/2025\/08\/HYD_52-1.png?fit=589%2C589&ssl=1&resize=525%2C300 1.5x"},"classes":[]}],"jetpack_sharing_enabled":true,"jetpack_likes_enabled":true,"_links":{"self":[{"href":"https:\/\/tuzlahortum.com.tr\/en\/wp-json\/wp\/v2\/product\/680","targetHints":{"allow":["GET"]}}],"collection":[{"href":"https:\/\/tuzlahortum.com.tr\/en\/wp-json\/wp\/v2\/product"}],"about":[{"href":"https:\/\/tuzlahortum.com.tr\/en\/wp-json\/wp\/v2\/types\/product"}],"replies":[{"embeddable":true,"href":"https:\/\/tuzlahortum.com.tr\/en\/wp-json\/wp\/v2\/comments?post=680"}],"wp:featuredmedia":[{"embeddable":true,"href":"https:\/\/tuzlahortum.com.tr\/en\/wp-json\/wp\/v2\/media\/9071"}],"wp:attachment":[{"href":"https:\/\/tuzlahortum.com.tr\/en\/wp-json\/wp\/v2\/media?parent=680"}],"wp:term":[{"taxonomy":"product_brand","embeddable":true,"href":"https:\/\/tuzlahortum.com.tr\/en\/wp-json\/wp\/v2\/product_brand?post=680"},{"taxonomy":"product_cat","embeddable":true,"href":"https:\/\/tuzlahortum.com.tr\/en\/wp-json\/wp\/v2\/product_cat?post=680"},{"taxonomy":"product_tag","embeddable":true,"href":"https:\/\/tuzlahortum.com.tr\/en\/wp-json\/wp\/v2\/product_tag?post=680"}],"curies":[{"name":"wp","href":"https:\/\/api.w.org\/{rel}","templated":true}]}}