{"id":675,"date":"2019-02-06T23:52:26","date_gmt":"2019-02-06T20:52:26","guid":{"rendered":"http:\/\/hortum.com.tr\/product\/import-placeholder-for-310\/"},"modified":"2024-03-21T17:44:05","modified_gmt":"2024-03-21T14:44:05","slug":"hidrolik-kuresel-vana","status":"publish","type":"product","link":"https:\/\/tuzlahortum.com.tr\/en\/product\/hidrolik-kuresel-vana\/","title":{"rendered":"Hydraulic Ball Valve"},"content":{"rendered":"<h2>Hydraulic Ball Valve<\/h2>\n<p>Bv2 Series Hydraulic 2-Way Ball Valves are used for opening and throttling of the fluid. Being able to open and close easily ensures that the fluid passage is comfortable. Due to their volumetric structure, they work quickly and efficiently and prevent cavitations that may occur in the fluid. When desired, they can be locked open or closed with the help of the locking washer on the square pin.\u00a0<br \/>In BV2 Series Hydraulic 2-Way Ball Valves, the inner sphere is steel, plated with hard chrome and seated with delrin (POM).\u00a0<br \/>BV2 Series Hydraulic 2-Way Ball Valves are used in the passage of fuel oil, LPG, CNG and other gas as well as hydraulic and other industrial oils.<\/p>\n<p>\u00a0<\/p>\n<table border=\"0\" width=\"1022\">\n<tbody>\n<tr>\n<td width=\"578\">Body Material\u00a0<\/td>\n<td width=\"444\">Free Cutting Steel<\/td>\n<\/tr>\n<tr>\n<td>Sphere Material\u00a0<\/td>\n<td>Hard Chrome Plated Steel<\/td>\n<\/tr>\n<tr>\n<td>Screw Size<\/td>\n<td>BSP, NPT<\/td>\n<\/tr>\n<tr>\n<td>Sphere Bearing\u00a0<\/td>\n<td>Delrin (POM)<\/td>\n<\/tr>\n<tr>\n<td>Sealing<\/td>\n<td>Nitrile O-ring (NBR)<\/td>\n<\/tr>\n<tr>\n<td>Operating temperature\u00a0<\/td>\n<td>-30 \u00b0C to +110 \u00b0C<\/td>\n<\/tr>\n<tr>\n<td>Covering<\/td>\n<td>Galvanized (Chrome III passivation)<\/td>\n<\/tr>\n<tr>\n<td>In Special Circumstances<\/td>\n<td>VITON<\/td>\n<\/tr>\n<tr>\n<td>Usage Area<\/td>\n<td>Excavation machines, plastic stamping molding machines,\u00a0<\/td>\n<\/tr>\n<tr>\n<td>\u00a0<\/td>\n<td>chemical production plants, cranes,\u00a0<\/td>\n<\/tr>\n<tr>\n<td>\u00a0<\/td>\n<td>trucks and general hydraulic applications<\/td>\n<\/tr>\n<\/tbody>\n<\/table>","protected":false},"excerpt":{"rendered":"<p>Hidrolik K\u00fcresel Vana Bv2 Serisi Hidrolik 2 Yollu K\u00fcresel Vanalar, ak\u0131\u015fkan\u0131n a\u00e7ma ve k\u0131s\u0131lmas\u0131nda kullan\u0131l\u0131rlar. Kolayca a\u00e7\u0131l\u0131p kapanabilmeleri ak\u0131\u015fkan ge\u00e7i\u015finin rahat olmas\u0131n\u0131 sa\u011flar. Volumetrik yap\u0131lar\u0131ndan dolay\u0131 h\u0131zl\u0131 ve verimli \u00e7al\u0131\u015f\u0131rlar ve ak\u0131\u015fkanda olu\u015fabilecek kavitasyonlar\u0131 engellerler. \u0130stenildi\u011finde kare pim \u00fczerindeki kilitleme pulu yard\u0131m\u0131yla a\u00e7\u0131k veya kapal\u0131 olarak kilitlenebilirler.\u00a0BV2 Serisi Hidrolik 2 Yollu K\u00fcresel Vanalarda i\u00e7teki k\u00fcre [&#8230;]\n","protected":false},"featured_media":2879,"comment_status":"open","ping_status":"closed","template":"","meta":[],"product_brand":[],"product_cat":[91],"product_tag":[647,2270,672,965,331],"class_list":{"0":"post-675","1":"product","2":"type-product","3":"status-publish","4":"has-post-thumbnail","6":"product_cat-hidrolik-baglanti-elemanlari","7":"product_tag-hidrolik","8":"product_tag-hidrolik-kuresel-vana","9":"product_tag-kuresel","10":"product_tag-kuresel-vana","11":"product_tag-vana","13":"first","14":"instock","15":"taxable","16":"shipping-taxable","17":"product-type-variable"},"jetpack-related-posts":[{"id":797,"url":"https:\/\/tuzlahortum.com.tr\/en\/product\/mini-kuresel-vana\/","url_meta":{"origin":675,"position":0},"title":"Mini Ball Valve","author":"admin","date":"6 February 2019","format":false,"excerpt":"Mini K\u00fcresel VanaISO 9001 Kalite Sistem Sertfikas\u0131.Daha uzun \u00f6m\u00fcr i\u00e7in kurum kaplama k\u00fcre.Maksimum g\u00fcvenlik i\u00e7in PTFE conta ve EPDM O-ring.Plastik kol.End\u00fcstriyel, Tesisat ve sulama sistemlerinde kullan\u0131lmak\u00fczere geni\u015f kullan\u0131m alan\u0131.S\u0131cakl\u0131k -10\u00b0C + 120\u00b0C\u00a0","rel":"","context":"Similar post","block_context":{"text":"Similar post","link":""},"img":{"alt_text":"","src":"https:\/\/i0.wp.com\/tuzlahortum.com.tr\/wp-content\/uploads\/2019\/02\/Mini-K%C3%BCresel-Vana.jpg?fit=520%2C350&ssl=1&resize=350%2C200","width":350,"height":200},"classes":[]},{"id":874,"url":"https:\/\/tuzlahortum.com.tr\/en\/product\/hidrolik-otomatik-rekor\/","url_meta":{"origin":675,"position":1},"title":"Hydraulic Automatic Record","author":"admin","date":"6 February 2019","format":false,"excerpt":"Hidrolik Otomatik RekorQC Serisi Hidrolik Otomatik Rekorlar pek \u00e7ok tar\u0131msal ve end\u00fcstriyel alanda hidrolik \u00e7abuk\u00a0ba\u011flant\u0131 eleman\u0131 olarak kullan\u0131lmaktad\u0131rlar.QC Serisi'nde erkek u\u00e7lar \u0131s\u0131l i\u015flem uygulanarak sertle\u015ftirilmi\u015ftir.UyumlulukISO 7241-AValf SistemiPimliMalzemeOtomat \u00c7eli\u011fiVida \u00d6l\u00e7\u00fcs\u00fcBSP (\u0130ste\u011fe Ba\u011fl\u0131: Metrik)S\u0131zd\u0131rmazl\u0131kNitril O-ring (NBR)\u00c7al\u0131\u015fma S\u0131cakl\u0131\u011f\u0131-30 \u00b0C ile +110 \u00b0CKaplamaGalvaniz (Chrome III pasivasyon)Is\u0131l \u0130\u015flemOtomatik Erkek RekorTakma SistemiY\u00fcz\u00fck geri \u00e7ekilerek\u00c7\u0131karma SistemiY\u00fcz\u00fck geri\u2026","rel":"","context":"Similar post","block_context":{"text":"Similar post","link":""},"img":{"alt_text":"","src":"https:\/\/i0.wp.com\/tuzlahortum.com.tr\/wp-content\/uploads\/2019\/02\/Hidrolik-Otomatik-Rekor.jpg?fit=400%2C400&ssl=1&resize=350%2C200","width":350,"height":200},"classes":[]},{"id":790,"url":"https:\/\/tuzlahortum.com.tr\/en\/product\/tam-gecisli-kuresel-vana-dis-disli\/","url_meta":{"origin":675,"position":2},"title":"Full Bore Ball Valve External Thread","author":"admin","date":"6 February 2019","format":false,"excerpt":"Tam Ge\u00e7i\u015fli K\u00fcresel Vana D\u0131\u015f Di\u015fliTS CEN\/EN 13547 T\u00fcrk Standartlar\u0131 Enstit\u00fcs\u00fc Onay\u0131.ISO 9001 Kalite Sistem Sertfikas\u0131.Daha uzun \u00f6m\u00fcr i\u00e7in kurum kaplama k\u00fcre.Maksimum g\u00fcvenlik i\u00e7in PTFE conta ve EPDM O-ring.Kal\u0131n PVC kapl\u0131 \u00e7elik kol.End\u00fcstriyel, Tesisat ve sulama sistemlerinde kullan\u0131lmak \u00fczere geni\u015f kullan\u0131m alan\u0131.S\u0131cakl\u0131k -10\u00b0C + 120\u00b0C","rel":"","context":"Similar post","block_context":{"text":"Similar post","link":""},"img":{"alt_text":"","src":"https:\/\/i0.wp.com\/tuzlahortum.com.tr\/wp-content\/uploads\/2019\/02\/Tam-Ge%C3%A7i%C5%9Fli-K%C3%BCresel-Vana-D%C4%B1%C5%9F-Di%C5%9FliERKEK.jpg?fit=520%2C350&ssl=1&resize=350%2C200","width":350,"height":200},"classes":[]},{"id":791,"url":"https:\/\/tuzlahortum.com.tr\/en\/product\/tam-gecisli-kuresel-vana-pn-16-2-parcali\/","url_meta":{"origin":675,"position":3},"title":"Full Bore Ball Valve PN 16 \u2013 2 Pieces","author":"admin","date":"6 February 2019","format":false,"excerpt":"Tam Ge\u00e7i\u015fli K\u00fcresel Vana PN 16 - 2 Par\u00e7al\u0131TS CEN\/EN 3148 T\u00fcrk Standartlar\u0131 Enstit\u00fcs\u00fc Onay\u0131.ISO 9001 Kalite Sistem Sertfikas\u0131.Maksimum ak\u0131\u015fkanl\u0131k i\u00e7in tam ge\u00e7i\u015f.S\u0131cak, K\u0131zg\u0131n ve so\u011fuk su sistemleriBas\u0131n\u00e7l\u0131 hava sistemleriAsit ve alkali \u00f6zelli\u011fi bulunmayan ak\u0131\u015fkanlarKal\u0131n PVC kapl\u0131 \u00e7elik kol.S\u0131cakl\u0131k -10\u00b0C + 120\u00b0C","rel":"","context":"Similar post","block_context":{"text":"Similar post","link":""},"img":{"alt_text":"","src":"https:\/\/i0.wp.com\/tuzlahortum.com.tr\/wp-content\/uploads\/2019\/02\/Tam-Ge%C3%A7i%C5%9Fli-K%C3%BCresel-Vana-PN-16-2-Par%C3%A7al%C4%B1.jpg?fit=520%2C350&ssl=1&resize=350%2C200","width":350,"height":200},"classes":[]},{"id":669,"url":"https:\/\/tuzlahortum.com.tr\/en\/product\/hidrolik-bilya-gobekli-otomatik-rekor\/","url_meta":{"origin":675,"position":4},"title":"Hydraulic Ball-Center Automatic Union","author":"admin","date":"6 February 2019","format":false,"excerpt":"Hidrolik Bilya G\u00f6bekli Otomatik RekorBT Serisi Hidrolik Bilya G\u00f6bekli Otomatik Rekorlar pek\u00e7ok end\u00fcstriyel alanda hidrolik \u00e7abuk ba\u011flant\u0131 eleman\u0131 olarak kullan\u0131lmaktad\u0131rlar.\u00a0BT Serisi'nde erkek u\u00e7lar \u0131s\u0131l i\u015flem uygulanarak sertle\u015ftirilmi\u015ftir.Valf SistemiBilyal\u0131Malzeme\u00a0Otomat \u00c7eli\u011fiVida \u00d6l\u00e7\u00fcs\u00fc\u00a0BSP (\u0130ste\u011fe Ba\u011fl\u0131: NPT, Metrik)S\u0131zd\u0131rmazl\u0131k\u00a0Nitril O-ring (NBR)\u00c7al\u0131\u015fma S\u0131cakl\u0131\u011f\u0131\u00a0-30 \u00b0C ile +110 \u00b0CKaplama\u00a0Galvaniz (Chrome III pasivasyon)Is\u0131l \u0130\u015flemOtomatik Erkek RekorTakma SistemiY\u00fcz\u00fck geri \u00e7ekilerek\u00c7\u0131karma\u2026","rel":"","context":"Similar post","block_context":{"text":"Similar post","link":""},"img":{"alt_text":"","src":"https:\/\/i0.wp.com\/tuzlahortum.com.tr\/wp-content\/uploads\/2019\/02\/Hidrolik-Bilya-G%C3%B6bekli-Otomatik-Rekor.jpg?fit=400%2C400&ssl=1&resize=350%2C200","width":350,"height":200},"classes":[]},{"id":672,"url":"https:\/\/tuzlahortum.com.tr\/en\/product\/paslanmaz-hidrolik-otomatik-rekor\/","url_meta":{"origin":675,"position":5},"title":"Stainless Hydraulic Automatic Union","author":"admin","date":"6 February 2019","format":false,"excerpt":"Paslanmaz Hidrolik Otomatik RekorKomple olarak AISI 316-L kalite paslanmaz \u00e7elikten imal edilen QCSS Serisi Otomatik Rekorlar her t\u00fcrl\u00fc kimyasal ve korozyona kar\u015f\u0131 m\u00fckemmel dirence sahiptir.Standart olarak V\u0130TON s\u0131zd\u0131rmazl\u0131k kullan\u0131lan QCSS serisinde y\u00fcksek \u0131s\u0131ya dayan\u0131kl\u0131 \u00f6zel yaylar kullan\u0131lmaktad\u0131r.\u00a0UyumlulukISO 7241-AValf SistemiPimliMalzeme\u00a0316-L kalite paslanmaz \u00e7elikVida \u00d6l\u00e7\u00fcs\u00fc\u00a0BSP (\u0130ste\u011fe Ba\u011fl\u0131: NPT, Metrik)S\u0131zd\u0131rmazl\u0131k\u00a0V\u0130TON\u00c7al\u0131\u015fma S\u0131cakl\u0131\u011f\u0131\u00a0-30 \u00b0C ile\u2026","rel":"","context":"Similar post","block_context":{"text":"Similar post","link":""},"img":{"alt_text":"","src":"https:\/\/i0.wp.com\/tuzlahortum.com.tr\/wp-content\/uploads\/2019\/02\/Paslanmaz-Hidrolik-Otomatik-Rekor.jpg?fit=400%2C400&ssl=1&resize=350%2C200","width":350,"height":200},"classes":[]}],"jetpack_sharing_enabled":true,"jetpack_likes_enabled":true,"_links":{"self":[{"href":"https:\/\/tuzlahortum.com.tr\/en\/wp-json\/wp\/v2\/product\/675","targetHints":{"allow":["GET"]}}],"collection":[{"href":"https:\/\/tuzlahortum.com.tr\/en\/wp-json\/wp\/v2\/product"}],"about":[{"href":"https:\/\/tuzlahortum.com.tr\/en\/wp-json\/wp\/v2\/types\/product"}],"replies":[{"embeddable":true,"href":"https:\/\/tuzlahortum.com.tr\/en\/wp-json\/wp\/v2\/comments?post=675"}],"wp:featuredmedia":[{"embeddable":true,"href":"https:\/\/tuzlahortum.com.tr\/en\/wp-json\/wp\/v2\/media\/2879"}],"wp:attachment":[{"href":"https:\/\/tuzlahortum.com.tr\/en\/wp-json\/wp\/v2\/media?parent=675"}],"wp:term":[{"taxonomy":"product_brand","embeddable":true,"href":"https:\/\/tuzlahortum.com.tr\/en\/wp-json\/wp\/v2\/product_brand?post=675"},{"taxonomy":"product_cat","embeddable":true,"href":"https:\/\/tuzlahortum.com.tr\/en\/wp-json\/wp\/v2\/product_cat?post=675"},{"taxonomy":"product_tag","embeddable":true,"href":"https:\/\/tuzlahortum.com.tr\/en\/wp-json\/wp\/v2\/product_tag?post=675"}],"curies":[{"name":"wp","href":"https:\/\/api.w.org\/{rel}","templated":true}]}}