{"id":673,"date":"2019-02-06T23:52:25","date_gmt":"2019-02-06T20:52:25","guid":{"rendered":"http:\/\/hortum.com.tr\/product\/import-placeholder-for-263\/"},"modified":"2024-03-21T17:44:07","modified_gmt":"2024-03-21T14:44:07","slug":"r6-hidrolik-hortumu","status":"publish","type":"product","link":"https:\/\/tuzlahortum.com.tr\/en\/product\/r6-hidrolik-hortumu\/","title":{"rendered":"R6 Hydraulic Hose"},"content":{"rendered":"<h2>R6 Hydraulic Hose<\/h2>\n<table border=\"0\">\n<tbody>\n<tr>\n<td colspan=\"2\" valign=\"top\">\n<table border=\"0\">\n<tbody>\n<tr valign=\"top\">\n<td width=\"60\">Downstairs<\/td>\n<td width=\"15\">:<\/td>\n<td width=\"370\">SPECIAL SYNTHETIC RUBBER RESISTANT TO HYDRAULIC OILS.<\/td>\n<\/tr>\n<tr valign=\"top\">\n<td width=\"60\">Reinforcement<\/td>\n<td width=\"15\">:<\/td>\n<td width=\"370\">HIGH TENSILE SINGLE PLY SYNTHETIC TEXTILE KNIT.<\/td>\n<\/tr>\n<tr valign=\"top\">\n<td width=\"60\">Upstairs<\/td>\n<td width=\"15\">:<\/td>\n<td width=\"370\">SYNTHETIC TOP COAT RESISTANT TO OILS, OZONE, Abrasion and all weather conditions.<\/td>\n<\/tr>\n<tr valign=\"top\">\n<td width=\"60\">Place of use<\/td>\n<td width=\"15\">:<\/td>\n<td width=\"370\">FOR HIGH PRESSURE HYDRAULIC OIL, FUEL-OIL, GREASE, WATER AND AIR DISCHARGE IN HYDRAULIC CONTROLLED UNITS.<\/td>\n<\/tr>\n<\/tbody>\n<\/table>\n<\/td>\n<\/tr>\n<\/tbody>\n<\/table>\n<table border=\"1\" cellspacing=\"1\" cellpadding=\"1\" align=\"center\">\n<thead>\n<tr>\n<th colspan=\"2\" rowspan=\"1\" scope=\"col\">INNER DIAMETER<\/th>\n<th scope=\"col\">OUTER DIAMETER<\/th>\n<th scope=\"col\">OPERATING PRESSURE<\/th>\n<th scope=\"col\">EXPLOSION B.A.<\/th>\n<\/tr>\n<\/thead>\n<tbody>\n<tr>\n<td><strong>inch<\/strong><\/td>\n<td><strong>mm<\/strong><\/td>\n<td><strong>mm<\/strong><\/td>\n<td><strong>bar<\/strong><\/td>\n<td><strong>bar<\/strong><\/td>\n<\/tr>\n<tr>\n<td>3\/16<\/td>\n<td>4.8<\/td>\n<td>10.7<\/td>\n<td>34<\/td>\n<td>136<\/td>\n<\/tr>\n<tr>\n<td>1\/4<\/td>\n<td>6.4<\/td>\n<td>12.3<\/td>\n<td>28<\/td>\n<td>112<\/td>\n<\/tr>\n<tr>\n<td>5\/16<\/td>\n<td>8<\/td>\n<td>13.9<\/td>\n<td>28<\/td>\n<td>112<\/td>\n<\/tr>\n<tr>\n<td>3\/8<\/td>\n<td>9.5<\/td>\n<td>15.5<\/td>\n<td>28<\/td>\n<td>112<\/td>\n<\/tr>\n<tr>\n<td>1\/2<\/td>\n<td>12.7<\/td>\n<td>19.5<\/td>\n<td>28<\/td>\n<td>112<\/td>\n<\/tr>\n<tr>\n<td>5\/8<\/td>\n<td>16<\/td>\n<td>22.6<\/td>\n<td>24<\/td>\n<td>96<\/td>\n<\/tr>\n<tr>\n<td>3\/4<\/td>\n<td>19<\/td>\n<td>25.8<\/td>\n<td>21<\/td>\n<td>83<\/td>\n<\/tr>\n<tr>\n<td>1\u2033<\/td>\n<td>25.4<\/td>\n<td>33.2<\/td>\n<td>20<\/td>\n<td>80<\/td>\n<\/tr>\n<\/tbody>\n<\/table>\n<p>&nbsp;<\/p>\n<div class=\"video video-fit mb\" style=\"padding-top:56.25%;\"><p><iframe loading=\"lazy\" title=\"Measurement Confusion (Inch, Finger, Haze, Millimeter)\" width=\"1020\" height=\"574\" src=\"https:\/\/www.youtube.com\/embed\/uKk6AG_AZls?feature=oembed\" frameborder=\"0\" allow=\"accelerometer; autoplay; clipboard-write; encrypted-media; gyroscope; picture-in-picture\" allowfullscreen><\/iframe><\/p>\n<\/div>","protected":false},"excerpt":{"rendered":"<p>R6 Hidrolik Hortumu Alt Kat : H\u0130DROL\u0130K YA\u011eLARA DAYANIKLI \u00d6ZEL SENTET\u0130K KAU\u00c7UK. Takviye : Y\u00dcKSEK MUKAVEMETL\u0130 TEK KAT SENTET\u0130K TEKST\u0130L \u00d6RG\u00dc. \u00dcst Kat : YA\u011eLARA, OZONA, A\u015eINMAYA VE HER T\u00dcRL\u00dc HAVA \u015eARTLARINA DAYANIKLI SENTET\u0130K \u00dcST KAT. Kullan\u0131m Yeri : H\u0130DROL\u0130K KONTROLL\u00dc \u00dcN\u0130TELERDE Y\u00dcKSEK BASIN\u00c7LI H\u0130DROL\u0130K YA\u011e, FUEL-OIL, GRES YA\u011eI, SU VE HAVA TAHL\u0130YES\u0130NDE. \u0130\u00c7 \u00c7API [&#8230;]\n","protected":false},"featured_media":8421,"comment_status":"open","ping_status":"closed","template":"","meta":{"jetpack_post_was_ever_published":false},"product_brand":[],"product_cat":[157,88],"product_tag":[669,670,671,658,668,660,2287,659,555,661],"class_list":{"0":"post-673","1":"product","2":"type-product","3":"status-publish","4":"has-post-thumbnail","6":"product_cat-hidrolik-hortum","7":"product_cat-hidrolik-hortumlar","8":"product_tag-fuel-oil-2","9":"product_tag-gres-yagi","10":"product_tag-hava-tahliyesinde","11":"product_tag-hidrolik-hortum","12":"product_tag-hidrolik-yag","13":"product_tag-hidrolik-yaglara-dayanikli","14":"product_tag-r6-hidrolik","15":"product_tag-sentetik-kaucuk","16":"product_tag-su","17":"product_tag-yuksek-mukavemetli","19":"first","20":"instock","21":"taxable","22":"shipping-taxable","23":"product-type-variable"},"jetpack-related-posts":[],"jetpack_sharing_enabled":true,"jetpack_likes_enabled":true,"_links":{"self":[{"href":"https:\/\/tuzlahortum.com.tr\/en\/wp-json\/wp\/v2\/product\/673","targetHints":{"allow":["GET"]}}],"collection":[{"href":"https:\/\/tuzlahortum.com.tr\/en\/wp-json\/wp\/v2\/product"}],"about":[{"href":"https:\/\/tuzlahortum.com.tr\/en\/wp-json\/wp\/v2\/types\/product"}],"replies":[{"embeddable":true,"href":"https:\/\/tuzlahortum.com.tr\/en\/wp-json\/wp\/v2\/comments?post=673"}],"wp:featuredmedia":[{"embeddable":true,"href":"https:\/\/tuzlahortum.com.tr\/en\/wp-json\/wp\/v2\/media\/8421"}],"wp:attachment":[{"href":"https:\/\/tuzlahortum.com.tr\/en\/wp-json\/wp\/v2\/media?parent=673"}],"wp:term":[{"taxonomy":"product_brand","embeddable":true,"href":"https:\/\/tuzlahortum.com.tr\/en\/wp-json\/wp\/v2\/product_brand?post=673"},{"taxonomy":"product_cat","embeddable":true,"href":"https:\/\/tuzlahortum.com.tr\/en\/wp-json\/wp\/v2\/product_cat?post=673"},{"taxonomy":"product_tag","embeddable":true,"href":"https:\/\/tuzlahortum.com.tr\/en\/wp-json\/wp\/v2\/product_tag?post=673"}],"curies":[{"name":"wp","href":"https:\/\/api.w.org\/{rel}","templated":true}]}}