{"id":672,"date":"2019-02-06T23:52:25","date_gmt":"2019-02-06T20:52:25","guid":{"rendered":"http:\/\/hortum.com.tr\/product\/import-placeholder-for-275\/"},"modified":"2024-03-21T17:44:08","modified_gmt":"2024-03-21T14:44:08","slug":"paslanmaz-hidrolik-otomatik-rekor","status":"publish","type":"product","link":"https:\/\/tuzlahortum.com.tr\/en\/product\/paslanmaz-hidrolik-otomatik-rekor\/","title":{"rendered":"Stainless Hydraulic Automatic Union"},"content":{"rendered":"<h2>Stainless Hydraulic Automatic Union<\/h2>\n<p>QCSS Series Automatic Unions, which are completely made of AISI 316-L quality stainless steel, have excellent resistance to all kinds of chemicals and corrosion.<br \/>In the QCSS series, where VITON sealing is used as standard, special springs resistant to high temperatures are used.<\/p>\n<p>\u00a0<\/p>\n<table border=\"0\" width=\"1022\">\n<tbody>\n<tr>\n<td width=\"578\">Compatibility<\/td>\n<td width=\"444\">ISO 7241-A<\/td>\n<\/tr>\n<tr>\n<td width=\"578\">Valve System<\/td>\n<td width=\"444\">pinned<\/td>\n<\/tr>\n<tr>\n<td width=\"578\">Material\u00a0<\/td>\n<td width=\"444\">316-L grade stainless steel<\/td>\n<\/tr>\n<tr>\n<td width=\"578\">Screw Size\u00a0<\/td>\n<td width=\"444\">BSP (Optional: NPT, Metric)<\/td>\n<\/tr>\n<tr>\n<td width=\"578\">Sealing\u00a0<\/td>\n<td width=\"444\">VITON<\/td>\n<\/tr>\n<tr>\n<td width=\"578\">Operating temperature\u00a0<\/td>\n<td width=\"444\">-30 \u00b0C to +225 \u00b0C<\/td>\n<\/tr>\n<tr>\n<td width=\"578\">Docking System\u00a0<\/td>\n<td width=\"444\">The ring is pulled back<\/td>\n<\/tr>\n<tr>\n<td width=\"578\">Extraction System\u00a0<\/td>\n<td width=\"444\">The ring is pulled back<\/td>\n<\/tr>\n<tr>\n<td width=\"578\">Pluggable Under Pressure<\/td>\n<td width=\"444\">can&#039;t be done<\/td>\n<\/tr>\n<tr>\n<td width=\"578\">Removable Under Pressure<\/td>\n<td width=\"444\">can&#039;t be done<\/td>\n<\/tr>\n<tr>\n<td width=\"578\">In Special Circumstances<\/td>\n<td width=\"444\">EPDM (Special for Steam applications), Polyurethane (PU), Silicone (MVQ)\u00a0<\/td>\n<\/tr>\n<tr>\n<td width=\"578\">Usage Area<\/td>\n<td width=\"444\">Marine, food, pharmaceutical, medical, chemical, irrigation, paper, paint, textile, gas, aviation<\/td>\n<\/tr>\n<\/tbody>\n<\/table>","protected":false},"excerpt":{"rendered":"<p>Paslanmaz Hidrolik Otomatik Rekor Komple olarak AISI 316-L kalite paslanmaz \u00e7elikten imal edilen QCSS Serisi Otomatik Rekorlar her t\u00fcrl\u00fc kimyasal ve korozyona kar\u015f\u0131 m\u00fckemmel dirence sahiptir.Standart olarak V\u0130TON s\u0131zd\u0131rmazl\u0131k kullan\u0131lan QCSS serisinde y\u00fcksek \u0131s\u0131ya dayan\u0131kl\u0131 \u00f6zel yaylar kullan\u0131lmaktad\u0131r. \u00a0 Uyumluluk ISO 7241-A Valf Sistemi Pimli Malzeme\u00a0 316-L kalite paslanmaz \u00e7elik Vida \u00d6l\u00e7\u00fcs\u00fc\u00a0 BSP (\u0130ste\u011fe Ba\u011fl\u0131: [&#8230;]\n","protected":false},"featured_media":2882,"comment_status":"open","ping_status":"closed","template":"","meta":[],"product_brand":[],"product_cat":[91],"product_tag":[646,649,647,648,666,667,252],"class_list":{"0":"post-672","1":"product","2":"type-product","3":"status-publish","4":"has-post-thumbnail","6":"product_cat-hidrolik-baglanti-elemanlari","7":"product_tag-celik","8":"product_tag-galvaniz-kaplama","9":"product_tag-hidrolik","10":"product_tag-otomatik-rekor","11":"product_tag-paslanmaz","12":"product_tag-paslanmaz-hidrolik-otomatik-rekor","13":"product_tag-rekor","15":"first","16":"instock","17":"taxable","18":"shipping-taxable","19":"product-type-variable"},"jetpack-related-posts":[{"id":874,"url":"https:\/\/tuzlahortum.com.tr\/en\/product\/hidrolik-otomatik-rekor\/","url_meta":{"origin":672,"position":0},"title":"Hydraulic Automatic Record","author":"admin","date":"6 February 2019","format":false,"excerpt":"Hidrolik Otomatik RekorQC Serisi Hidrolik Otomatik Rekorlar pek \u00e7ok tar\u0131msal ve end\u00fcstriyel alanda hidrolik \u00e7abuk\u00a0ba\u011flant\u0131 eleman\u0131 olarak kullan\u0131lmaktad\u0131rlar.QC Serisi'nde erkek u\u00e7lar \u0131s\u0131l i\u015flem uygulanarak sertle\u015ftirilmi\u015ftir.UyumlulukISO 7241-AValf SistemiPimliMalzemeOtomat \u00c7eli\u011fiVida \u00d6l\u00e7\u00fcs\u00fcBSP (\u0130ste\u011fe Ba\u011fl\u0131: Metrik)S\u0131zd\u0131rmazl\u0131kNitril O-ring (NBR)\u00c7al\u0131\u015fma S\u0131cakl\u0131\u011f\u0131-30 \u00b0C ile +110 \u00b0CKaplamaGalvaniz (Chrome III pasivasyon)Is\u0131l \u0130\u015flemOtomatik Erkek RekorTakma SistemiY\u00fcz\u00fck geri \u00e7ekilerek\u00c7\u0131karma SistemiY\u00fcz\u00fck geri\u2026","rel":"","context":"Similar post","block_context":{"text":"Similar post","link":""},"img":{"alt_text":"","src":"https:\/\/i0.wp.com\/tuzlahortum.com.tr\/wp-content\/uploads\/2019\/02\/Hidrolik-Otomatik-Rekor.jpg?fit=400%2C400&ssl=1&resize=350%2C200","width":350,"height":200},"classes":[]},{"id":669,"url":"https:\/\/tuzlahortum.com.tr\/en\/product\/hidrolik-bilya-gobekli-otomatik-rekor\/","url_meta":{"origin":672,"position":1},"title":"Hydraulic Ball-Center Automatic Union","author":"admin","date":"6 February 2019","format":false,"excerpt":"Hidrolik Bilya G\u00f6bekli Otomatik RekorBT Serisi Hidrolik Bilya G\u00f6bekli Otomatik Rekorlar pek\u00e7ok end\u00fcstriyel alanda hidrolik \u00e7abuk ba\u011flant\u0131 eleman\u0131 olarak kullan\u0131lmaktad\u0131rlar.\u00a0BT Serisi'nde erkek u\u00e7lar \u0131s\u0131l i\u015flem uygulanarak sertle\u015ftirilmi\u015ftir.Valf SistemiBilyal\u0131Malzeme\u00a0Otomat \u00c7eli\u011fiVida \u00d6l\u00e7\u00fcs\u00fc\u00a0BSP (\u0130ste\u011fe Ba\u011fl\u0131: NPT, Metrik)S\u0131zd\u0131rmazl\u0131k\u00a0Nitril O-ring (NBR)\u00c7al\u0131\u015fma S\u0131cakl\u0131\u011f\u0131\u00a0-30 \u00b0C ile +110 \u00b0CKaplama\u00a0Galvaniz (Chrome III pasivasyon)Is\u0131l \u0130\u015flemOtomatik Erkek RekorTakma SistemiY\u00fcz\u00fck geri \u00e7ekilerek\u00c7\u0131karma\u2026","rel":"","context":"Similar post","block_context":{"text":"Similar post","link":""},"img":{"alt_text":"","src":"https:\/\/i0.wp.com\/tuzlahortum.com.tr\/wp-content\/uploads\/2019\/02\/Hidrolik-Bilya-G%C3%B6bekli-Otomatik-Rekor.jpg?fit=400%2C400&ssl=1&resize=350%2C200","width":350,"height":200},"classes":[]},{"id":875,"url":"https:\/\/tuzlahortum.com.tr\/en\/product\/hava-jak-cesitleri-erkek-disigovde-uc\/","url_meta":{"origin":672,"position":2},"title":"Air Jack Types (Male-Female,Body-Tip)","author":"admin","date":"6 February 2019","format":false,"excerpt":"Air Jack Types (Male-Female, Body-End)PN25 Series Pneumatic Automatic Connectors can be disassembled and assembled with one hand under pressure. PN25 series springs are chrome nickel.  Pn25 Series Pneumatic Automatic Connectors are used safely in compressed air lines in all industries thanks to their robust and durable structures, high air flow capacities and ease of use. Compatibility Rectus 26 (European Standard)...","rel":"","context":"Similar post","block_context":{"text":"Similar post","link":""},"img":{"alt_text":"","src":"https:\/\/i0.wp.com\/tuzlahortum.com.tr\/wp-content\/uploads\/2019\/03\/hava-jak-%C3%A7e%C5%9Fitleri.jpg?fit=502%2C570&ssl=1&resize=350%2C200","width":350,"height":200},"classes":[]},{"id":7222,"url":"https:\/\/tuzlahortum.com.tr\/en\/product\/hava-jak-cesitleri-hortumgovde-uc\/","url_meta":{"origin":672,"position":3},"title":"Air Jack Types (Hose, Body-End)","author":"\u0130smail \u00c7elik","date":"8 March 2019","format":false,"excerpt":"Air Jack Types (Hose, Body-End)PN25 Series Pneumatic Automatic Connectors can be disassembled and assembled with one hand under pressure. PN25 series springs are chrome nickel.  Pn25 Series Pneumatic Automatic Connectors are used safely in compressed air lines in all industries thanks to their robust and durable structures, high air flow capacities and ease of use. Compatibility Rectus 26 (European Standard)...","rel":"","context":"Similar post","block_context":{"text":"Similar post","link":""},"img":{"alt_text":"","src":"https:\/\/i0.wp.com\/tuzlahortum.com.tr\/wp-content\/uploads\/2019\/03\/hava-jak-%C3%A7e%C5%9Fitleri.jpg?fit=502%2C570&ssl=1&resize=350%2C200","width":350,"height":200},"classes":[]},{"id":1013,"url":"https:\/\/tuzlahortum.com.tr\/en\/product\/semiafs-inox\/","url_meta":{"origin":672,"position":4},"title":"SEMIAFS-INOX","author":"admin","date":"7 February 2019","format":false,"excerpt":"SEMIAFS-INOXPaslanmaz \u00e7elik yar\u0131 esnek hava kanallar\u0131 Genel \u00d6zellikler Flexible Kanal Konstr\u00fcksiyonu 1 kat Paslanmaz \u00c7elik (316 L) (koruge) Flexible Kanal Nominal Kal\u0131nl\u0131\u011f\u0131 100 mikron \u00c7ap Aral\u0131\u011f\u0131 80 mm - 800 mm \u00c7al\u0131\u015fma S\u0131cakl\u0131\u011f\u0131 Aral\u0131\u011f\u0131 -30 \u00b0C \/ +800 \u00b0C Hava Ak\u0131\u015f H\u0131z\u0131 30 m\/s (maksimum) \u00c7al\u0131\u015fma Bas\u0131nc\u0131 3000 Pa (maksimum)\u2026","rel":"","context":"Similar post","block_context":{"text":"Similar post","link":""},"img":{"alt_text":"","src":"https:\/\/i0.wp.com\/tuzlahortum.com.tr\/wp-content\/uploads\/urunler\/afs\/SEMIAFS-INOX.png?fit=550%2C410&ssl=1&resize=350%2C200","width":350,"height":200,"srcset":"https:\/\/i0.wp.com\/tuzlahortum.com.tr\/wp-content\/uploads\/urunler\/afs\/SEMIAFS-INOX.png?fit=550%2C410&ssl=1&resize=350%2C200 1x, https:\/\/i0.wp.com\/tuzlahortum.com.tr\/wp-content\/uploads\/urunler\/afs\/SEMIAFS-INOX.png?fit=550%2C410&ssl=1&resize=525%2C300 1.5x"},"classes":[]},{"id":13075,"url":"https:\/\/tuzlahortum.com.tr\/en\/product\/3-4-zva-akaryakit-tabancasi\/","url_meta":{"origin":672,"position":5},"title":"ZVA Fuel Gun 3\/4","author":"admin","date":"16 March 2024","format":false,"excerpt":"ZVA Akaryak\u0131t Tabancas\u0131 3\/4 3\/4 ZVA Akaryak\u0131t Tabancas\u0131 ZVA Akaryak\u0131t tabancas\u0131, kullan\u0131c\u0131lara kolay ve g\u00fcvenli bir \u015fekilde akaryak\u0131t dolumu yapmalar\u0131n\u0131 sa\u011flayan \u00f6nemli bir ekipmand\u0131r. A\u015fa\u011f\u0131daki \u00f6zellikler \u00f6ne \u00e7\u0131kmaktad\u0131r: FlowLock Sistemi: Standart benzin ve bio yak\u0131tlarda kullan\u0131labilen bir tabanca, ara\u00e7 deposundan d\u00fc\u015fme veya yukar\u0131 kald\u0131r\u0131lmas\u0131 durumunda otomatik yak\u0131t kesme \u00f6zelli\u011fine sahiptir.\u2026","rel":"","context":"Similar post","block_context":{"text":"Similar post","link":""},"img":{"alt_text":"","src":"https:\/\/i0.wp.com\/tuzlahortum.com.tr\/wp-content\/uploads\/2024\/03\/ZVA_Akaryakit_Tabanca_3.jpg?fit=1199%2C1200&ssl=1&resize=350%2C200","width":350,"height":200,"srcset":"https:\/\/i0.wp.com\/tuzlahortum.com.tr\/wp-content\/uploads\/2024\/03\/ZVA_Akaryakit_Tabanca_3.jpg?fit=1199%2C1200&ssl=1&resize=350%2C200 1x, https:\/\/i0.wp.com\/tuzlahortum.com.tr\/wp-content\/uploads\/2024\/03\/ZVA_Akaryakit_Tabanca_3.jpg?fit=1199%2C1200&ssl=1&resize=525%2C300 1.5x, https:\/\/i0.wp.com\/tuzlahortum.com.tr\/wp-content\/uploads\/2024\/03\/ZVA_Akaryakit_Tabanca_3.jpg?fit=1199%2C1200&ssl=1&resize=700%2C400 2x, https:\/\/i0.wp.com\/tuzlahortum.com.tr\/wp-content\/uploads\/2024\/03\/ZVA_Akaryakit_Tabanca_3.jpg?fit=1199%2C1200&ssl=1&resize=1050%2C600 3x"},"classes":[]}],"jetpack_sharing_enabled":true,"jetpack_likes_enabled":true,"_links":{"self":[{"href":"https:\/\/tuzlahortum.com.tr\/en\/wp-json\/wp\/v2\/product\/672","targetHints":{"allow":["GET"]}}],"collection":[{"href":"https:\/\/tuzlahortum.com.tr\/en\/wp-json\/wp\/v2\/product"}],"about":[{"href":"https:\/\/tuzlahortum.com.tr\/en\/wp-json\/wp\/v2\/types\/product"}],"replies":[{"embeddable":true,"href":"https:\/\/tuzlahortum.com.tr\/en\/wp-json\/wp\/v2\/comments?post=672"}],"wp:featuredmedia":[{"embeddable":true,"href":"https:\/\/tuzlahortum.com.tr\/en\/wp-json\/wp\/v2\/media\/2882"}],"wp:attachment":[{"href":"https:\/\/tuzlahortum.com.tr\/en\/wp-json\/wp\/v2\/media?parent=672"}],"wp:term":[{"taxonomy":"product_brand","embeddable":true,"href":"https:\/\/tuzlahortum.com.tr\/en\/wp-json\/wp\/v2\/product_brand?post=672"},{"taxonomy":"product_cat","embeddable":true,"href":"https:\/\/tuzlahortum.com.tr\/en\/wp-json\/wp\/v2\/product_cat?post=672"},{"taxonomy":"product_tag","embeddable":true,"href":"https:\/\/tuzlahortum.com.tr\/en\/wp-json\/wp\/v2\/product_tag?post=672"}],"curies":[{"name":"wp","href":"https:\/\/api.w.org\/{rel}","templated":true}]}}