{"id":671,"date":"2019-02-06T23:52:25","date_gmt":"2019-02-06T20:52:25","guid":{"rendered":"http:\/\/hortum.com.tr\/product\/import-placeholder-for-266\/"},"modified":"2024-03-21T17:44:08","modified_gmt":"2024-03-21T14:44:08","slug":"kuka-hortumu-kanal-acma","status":"publish","type":"product","link":"https:\/\/tuzlahortum.com.tr\/en\/product\/kuka-hortumu-kanal-acma\/","title":{"rendered":"Kuka Hose (Grooving)"},"content":{"rendered":"<h2>Kuka Hose (Grooving)<\/h2>\n<p>GROOVING HOSE (WITH BOTH FITTINGS)<\/p>\n<table border=\"0\" width=\"570\">\n<tbody>\n<tr>\n<td colspan=\"2\" valign=\"top\">\n<table border=\"0\" width=\"100%\">\n<tbody>\n<tr valign=\"top\">\n<td width=\"60\">Downstairs<\/td>\n<td width=\"15\">:<\/td>\n<td width=\"370\">NR\/SBR RUBBER.<\/td>\n<\/tr>\n<tr valign=\"top\">\n<td width=\"60\">Reinforcement<\/td>\n<td width=\"15\">:<\/td>\n<td width=\"370\">HIGH TENSILE SYNTHETIC TEXTILE AND ARAMID KNITTING.<\/td>\n<\/tr>\n<tr valign=\"top\">\n<td width=\"60\">Upstairs<\/td>\n<td width=\"15\">:<\/td>\n<td width=\"370\">NR\/SBR RUBBER RESISTANT TO Abrasion, All Weather Conditions and Abrasion.<\/td>\n<\/tr>\n<tr valign=\"top\">\n<td width=\"60\">Place of use<\/td>\n<td width=\"15\">:<\/td>\n<td width=\"370\">WORKS REQUIRING HIGH PRESSURE CLEANING AND SEWAGE CLEANING WORKS.<\/td>\n<\/tr>\n<\/tbody>\n<\/table>\n<\/td>\n<td width=\"71\">\n<div align=\"center\"><\/div>\n<\/td>\n<\/tr>\n<\/tbody>\n<\/table>\n<div>-40\u00b0C\/+70\u00b0C<\/div>\n<div>-40\u00b0F\/+158\u00b0F : OPERATING 250 BAR<\/div>\n<table border=\"0\" width=\"570\">\n<tbody>\n<tr>\n<td>\n<table border=\"0\" width=\"570\">\n<tbody>\n<tr>\n<td width=\"69\" height=\"25\"><strong>Norms:<\/strong><\/td>\n<td width=\"217\">ISO 1307<\/td>\n<\/tr>\n<tr>\n<td height=\"25\"><\/td>\n<td><\/td>\n<\/tr>\n<\/tbody>\n<\/table>\n<\/td>\n<\/tr>\n<\/tbody>\n<\/table>\n<p>&nbsp;<\/p>\n<div class=\"video video-fit mb\" style=\"padding-top:56.25%;\"><p><iframe loading=\"lazy\" title=\"Measurement Confusion (Inch, Finger, Haze, Millimeter)\" width=\"1020\" height=\"574\" src=\"https:\/\/www.youtube.com\/embed\/uKk6AG_AZls?feature=oembed\" frameborder=\"0\" allow=\"accelerometer; autoplay; clipboard-write; encrypted-media; gyroscope; picture-in-picture\" allowfullscreen><\/iframe><\/p>\n<\/div>","protected":false},"excerpt":{"rendered":"<p>Kuka Hortumu (Kanal A\u00e7ma) KANAL A\u00c7MA HORTUMU (HER \u0130K\u0130 UCU RAKORLU) Alt Kat : NR\/SBR KAU\u00c7UK. Takviye : Y\u00dcKSEK MUKAVEMETL\u0130 SENTET\u0130K TEKST\u0130L VE ARAM\u0130D \u00d6RG\u00dc. \u00dcst Kat : A\u015eINMAYA, HER T\u00dcRL\u00dc HAVA \u015eARTLARINA VE YIPRANMAYA DAYANIKLI NR\/SBR KAU\u00c7UK. Kullan\u0131m Yeri : Y\u00dcKSEK BASIN\u00c7LA TEM\u0130ZLEME GEREKT\u0130REN \u0130\u015eLERDE VE KANAL\u0130ZASYON TEM\u0130ZL\u0130K \u0130\u015eLER\u0130NDE. -40\u00b0C\/+70\u00b0C -40\u00b0F\/+158\u00b0F \u00a0 : \u00a0\u00c7ALI\u015eMA [&#8230;]\n","protected":false},"featured_media":2897,"comment_status":"open","ping_status":"closed","template":"","meta":[],"product_brand":[],"product_cat":[157,88,2327],"product_tag":[558,290,354,665,518,353,355,661],"class_list":{"0":"post-671","1":"product","2":"type-product","3":"status-publish","4":"has-post-thumbnail","6":"product_cat-hidrolik-hortum","7":"product_cat-hidrolik-hortumlar","8":"product_cat-kanal-acma-hortumlari","9":"product_tag-basinc","10":"product_tag-hortum","11":"product_tag-kanal-acma","12":"product_tag-kanalizasyon","13":"product_tag-kaucuk","14":"product_tag-kuka","15":"product_tag-kuka-hortumu","16":"product_tag-yuksek-mukavemetli","18":"first","19":"instock","20":"featured","21":"taxable","22":"shipping-taxable","23":"product-type-variable"},"jetpack-related-posts":[{"id":561,"url":"https:\/\/tuzlahortum.com.tr\/en\/product\/trelleborg-kuka-hortumu-kanal-acma\/","url_meta":{"origin":671,"position":0},"title":"Trelleborg Kuka Hose (CANALKLER 250 S )","author":"admin","date":"6 February 2019","format":false,"excerpt":"Trelleborg Kuka Hortumu (CANALKLER 250 S )Drenaj ve kanalizasyon temizli\u011fi Kanalizasyon bas\u0131n\u00e7l\u0131 su p\u00fcsk\u00fcrtme ve a\u011f\u0131r hizmet ko\u015fullar\u0131nda, y\u00fcksek bas\u0131n\u00e7l\u0131 suyla temizlik. Avantajlar Daha y\u00fcksek temizlik verimi, temizlik s\u00fcresinden tasarruf, dolay\u0131s\u0131yla yak\u0131t t\u00fcketiminde azalma sa\u011flayan \u00e7ok d\u00fc\u015f\u00fck kayma direnci. Daha y\u00fcksek a\u015f\u0131nma dayan\u0131m\u0131na sahip \u00f6zel kaplama bile\u015fi\u011fi sayesinde daha uzun\u2026","rel":"","context":"Similar post","block_context":{"text":"Similar post","link":""},"img":{"alt_text":"","src":"https:\/\/i0.wp.com\/tuzlahortum.com.tr\/wp-content\/uploads\/2019\/02\/CANALKLER-250-S-ASSEMBLY.jpg?fit=800%2C800&ssl=1&resize=350%2C200","width":350,"height":200,"srcset":"https:\/\/i0.wp.com\/tuzlahortum.com.tr\/wp-content\/uploads\/2019\/02\/CANALKLER-250-S-ASSEMBLY.jpg?fit=800%2C800&ssl=1&resize=350%2C200 1x, https:\/\/i0.wp.com\/tuzlahortum.com.tr\/wp-content\/uploads\/2019\/02\/CANALKLER-250-S-ASSEMBLY.jpg?fit=800%2C800&ssl=1&resize=525%2C300 1.5x, https:\/\/i0.wp.com\/tuzlahortum.com.tr\/wp-content\/uploads\/2019\/02\/CANALKLER-250-S-ASSEMBLY.jpg?fit=800%2C800&ssl=1&resize=700%2C400 2x"},"classes":[]},{"id":21243,"url":"https:\/\/tuzlahortum.com.tr\/en\/product\/tb-kuka-200\/","url_meta":{"origin":671,"position":1},"title":"TB KUKA - 200","author":"admin","date":"11 August 2025","format":false,"excerpt":"\u00a0 \u00dcr\u00fcn Ad\u0131: TB KUKA - 200 \u00dcr\u00fcn Kodu: SEW22K\/200 Kanal A\u00e7ma Temizleme 200 BAR Kullanim Alan\u0131 : Kanalizasyon sistemlerinin y\u00fcksek bas\u0131n\u00e7l\u0131 su ile temizlenmesi ve durulanmas\u0131 i\u00e7in. Alt Katman : \u00d6zel Sentetik Kau\u00e7uk. Takviye Katman\u0131 : Y\u00fcksek Mukavemetli Sentetik Tekstil. \u00dcst Katman : A\u015f\u0131nmaya, Oksijene ve Hava Ko\u015fullar\u0131na Dayan\u0131kl\u0131\u2026","rel":"","context":"Similar post","block_context":{"text":"Similar post","link":""},"img":{"alt_text":"","src":"https:\/\/i0.wp.com\/tuzlahortum.com.tr\/wp-content\/uploads\/2025\/08\/tbkuka200-p.png?fit=333%2C333&ssl=1&resize=350%2C200","width":350,"height":200},"classes":[]},{"id":21249,"url":"https:\/\/tuzlahortum.com.tr\/en\/product\/tb-kuka-250\/","url_meta":{"origin":671,"position":2},"title":"TB KUKA - 250","author":"admin","date":"11 August 2025","format":false,"excerpt":"\u00a0 \u00dcr\u00fcn Ad\u0131: TB KUKA - 250 \u00dcr\u00fcn Kodu: SEW22K\/250 Kanal A\u00e7ma Temizleme 250 BAR Kullanim Alan\u0131 : Kanalizasyon sistemlerinin y\u00fcksek bas\u0131n\u00e7l\u0131 su ile temizlenmesi ve durulanmas\u0131 i\u00e7in. Alt Katman : \u00d6zel Sentetik Kau\u00e7uk. Takviye Katman\u0131 : Y\u00fcksek Mukavemetli Sentetik Kau\u00e7uk \u00dcst Katman : A\u015f\u0131nmaya Dayan\u0131kl\u0131 Ya\u011f ve Hava Ko\u015fullar\u0131na\u2026","rel":"","context":"Similar post","block_context":{"text":"Similar post","link":""},"img":{"alt_text":"","src":"https:\/\/i0.wp.com\/tuzlahortum.com.tr\/wp-content\/uploads\/2025\/08\/tbkuka250-p.png?fit=536%2C536&ssl=1&resize=350%2C200","width":350,"height":200,"srcset":"https:\/\/i0.wp.com\/tuzlahortum.com.tr\/wp-content\/uploads\/2025\/08\/tbkuka250-p.png?fit=536%2C536&ssl=1&resize=350%2C200 1x, https:\/\/i0.wp.com\/tuzlahortum.com.tr\/wp-content\/uploads\/2025\/08\/tbkuka250-p.png?fit=536%2C536&ssl=1&resize=525%2C300 1.5x"},"classes":[]},{"id":21246,"url":"https:\/\/tuzlahortum.com.tr\/en\/product\/tpu-kuka-200\/","url_meta":{"origin":671,"position":3},"title":"TPU KUKA - 200","author":"admin","date":"11 August 2025","format":false,"excerpt":"\u00a0 \u00dcr\u00fcn Ad\u0131: TPU KUKA - 200 \u00dcr\u00fcn Kodu: TPSW165 Kanal A\u00e7ma Temizleme 200 BAR Kullanim Alan\u0131 : Kanalizasyon sistemlerinin y\u00fcksek bas\u0131n\u00e7l\u0131 su ile temizlenmesi ve durulanmas\u0131 i\u00e7in. Alt Katman : \u00d6zel PE Bile\u015fi\u011fi. Takviye Katman\u0131 : Y\u00fcksek Mukavemetli Sentetik Tekstil. \u00dcst Katman : A\u015f\u0131nmaya ve Hava Ko\u015fullar\u0131na Dayan\u0131kl\u0131 TPU\u2026","rel":"","context":"Similar post","block_context":{"text":"Similar post","link":""},"img":{"alt_text":"","src":"https:\/\/i0.wp.com\/tuzlahortum.com.tr\/wp-content\/uploads\/2025\/08\/tpukuka200-p.png?fit=554%2C554&ssl=1&resize=350%2C200","width":350,"height":200,"srcset":"https:\/\/i0.wp.com\/tuzlahortum.com.tr\/wp-content\/uploads\/2025\/08\/tpukuka200-p.png?fit=554%2C554&ssl=1&resize=350%2C200 1x, https:\/\/i0.wp.com\/tuzlahortum.com.tr\/wp-content\/uploads\/2025\/08\/tpukuka200-p.png?fit=554%2C554&ssl=1&resize=525%2C300 1.5x"},"classes":[]},{"id":21252,"url":"https:\/\/tuzlahortum.com.tr\/en\/product\/tpu-kuka-250\/","url_meta":{"origin":671,"position":4},"title":"TPU KUKA - 250","author":"admin","date":"11 August 2025","format":false,"excerpt":"\u00a0 \u00dcr\u00fcn Ad\u0131: TPU KUKA - 250 \u00dcr\u00fcn Kodu: TPSW166 Kanal A\u00e7ma Temizleme 250 BAR Kullanim Alan\u0131 : Y\u00fcksek Bas\u0131n\u00e7l\u0131 Suya Dayan\u0131kl\u0131 TPU Bile\u015fi\u011fi \u0130\u00e7in Alt Katman : \u00d6zel PE Bile\u015fi\u011fi Takviye Katman\u0131 : Y\u00fcksek Mukavemetli Sentetik Tekstil. \u00dcst Katman : A\u015f\u0131nmaya ve hava ko\u015fullar\u0131na dayan\u0131kl\u0131 TPU bile\u015feni. Talep \u00dczerine:\u2026","rel":"","context":"Similar post","block_context":{"text":"Similar post","link":""},"img":{"alt_text":"","src":"https:\/\/i0.wp.com\/tuzlahortum.com.tr\/wp-content\/uploads\/2025\/08\/tpukuka250-p.png?fit=554%2C554&ssl=1&resize=350%2C200","width":350,"height":200,"srcset":"https:\/\/i0.wp.com\/tuzlahortum.com.tr\/wp-content\/uploads\/2025\/08\/tpukuka250-p.png?fit=554%2C554&ssl=1&resize=350%2C200 1x, https:\/\/i0.wp.com\/tuzlahortum.com.tr\/wp-content\/uploads\/2025\/08\/tpukuka250-p.png?fit=554%2C554&ssl=1&resize=525%2C300 1.5x"},"classes":[]},{"id":21255,"url":"https:\/\/tuzlahortum.com.tr\/en\/product\/swb-kuka-250\/","url_meta":{"origin":671,"position":5},"title":"SWB KUKA - 250","author":"admin","date":"11 August 2025","format":false,"excerpt":"\u00a0 \u00dcr\u00fcn Ad\u0131: SWB KUKA - 250 \u00dcr\u00fcn Kodu: SEW31K\/250 Kanal Temizleme Kullanim Alan\u0131 : Kanalizasyon sistemlerinin y\u00fcksek bas\u0131n\u00e7l\u0131 su ile temizlenmesi ve durulanmas\u0131 i\u00e7in. Alt Katman : \u00d6zel Sentetik Kau\u00e7uk. Takviye Katman\u0131 : Tek Kat Y\u00fcksek Mukavemetli \u00c7elik Tel \u00d6rg\u00fc \u00dcst Katman : Ya\u011f, A\u015f\u0131nma ve Hava Ko\u015fullar\u0131na Dayan\u0131kl\u0131\u2026","rel":"","context":"Similar post","block_context":{"text":"Similar post","link":""},"img":{"alt_text":"","src":"https:\/\/i0.wp.com\/tuzlahortum.com.tr\/wp-content\/uploads\/2025\/08\/swbkuka250-p.png?fit=547%2C547&ssl=1&resize=350%2C200","width":350,"height":200,"srcset":"https:\/\/i0.wp.com\/tuzlahortum.com.tr\/wp-content\/uploads\/2025\/08\/swbkuka250-p.png?fit=547%2C547&ssl=1&resize=350%2C200 1x, https:\/\/i0.wp.com\/tuzlahortum.com.tr\/wp-content\/uploads\/2025\/08\/swbkuka250-p.png?fit=547%2C547&ssl=1&resize=525%2C300 1.5x"},"classes":[]}],"jetpack_sharing_enabled":true,"jetpack_likes_enabled":true,"_links":{"self":[{"href":"https:\/\/tuzlahortum.com.tr\/en\/wp-json\/wp\/v2\/product\/671","targetHints":{"allow":["GET"]}}],"collection":[{"href":"https:\/\/tuzlahortum.com.tr\/en\/wp-json\/wp\/v2\/product"}],"about":[{"href":"https:\/\/tuzlahortum.com.tr\/en\/wp-json\/wp\/v2\/types\/product"}],"replies":[{"embeddable":true,"href":"https:\/\/tuzlahortum.com.tr\/en\/wp-json\/wp\/v2\/comments?post=671"}],"wp:featuredmedia":[{"embeddable":true,"href":"https:\/\/tuzlahortum.com.tr\/en\/wp-json\/wp\/v2\/media\/2897"}],"wp:attachment":[{"href":"https:\/\/tuzlahortum.com.tr\/en\/wp-json\/wp\/v2\/media?parent=671"}],"wp:term":[{"taxonomy":"product_brand","embeddable":true,"href":"https:\/\/tuzlahortum.com.tr\/en\/wp-json\/wp\/v2\/product_brand?post=671"},{"taxonomy":"product_cat","embeddable":true,"href":"https:\/\/tuzlahortum.com.tr\/en\/wp-json\/wp\/v2\/product_cat?post=671"},{"taxonomy":"product_tag","embeddable":true,"href":"https:\/\/tuzlahortum.com.tr\/en\/wp-json\/wp\/v2\/product_tag?post=671"}],"curies":[{"name":"wp","href":"https:\/\/api.w.org\/{rel}","templated":true}]}}