{"id":670,"date":"2019-02-06T23:52:25","date_gmt":"2019-02-06T20:52:25","guid":{"rendered":"http:\/\/hortum.com.tr\/product\/import-placeholder-for-590\/"},"modified":"2024-03-21T17:44:09","modified_gmt":"2024-03-21T14:44:09","slug":"r13-hidrolik-hortumu","status":"publish","type":"product","link":"https:\/\/tuzlahortum.com.tr\/en\/product\/r13-hidrolik-hortumu\/","title":{"rendered":"R13 Hydraulic Hose"},"content":{"rendered":"<h2>R13 Hydraulic Hose<\/h2>\n<p class=\"description\">Made of special synthetic rubber resistant to mineral, vegetable and glucose-based hydraulic oils, very high peak<\/p>\n<p class=\"description\">It is a type of hose used in systems that will be exposed to pressures and difficult conditions.<\/p>\n<ul class=\"list\">\n<li>\u00a0-40\u00b0C \/ +120\u00b0C<\/li>\n<\/ul>\n<table border=\"1\" cellspacing=\"1\" cellpadding=\"1\" align=\"center\">\n<thead>\n<tr>\n<th colspan=\"2\" rowspan=\"1\" scope=\"col\">INNER DIAMETER<\/th>\n<th scope=\"col\">OUTER DIAMETER<\/th>\n<th scope=\"col\">OPERATING PRESSURE<\/th>\n<th scope=\"col\">EXPLOSION PRESSURE<\/th>\n<\/tr>\n<\/thead>\n<tbody>\n<tr>\n<td><strong>inch<\/strong><\/td>\n<td><strong>mm<\/strong><\/td>\n<td><strong>mm<\/strong><\/td>\n<td><strong>bar<\/strong><\/td>\n<td><strong>bar<\/strong><\/td>\n<\/tr>\n<tr>\n<td>3\/4<\/td>\n<td>19<\/td>\n<td>32<\/td>\n<td>345<\/td>\n<td>1380<\/td>\n<\/tr>\n<tr>\n<td>1\u2033<\/td>\n<td>25.4<\/td>\n<td>38.4<\/td>\n<td>345<\/td>\n<td>1380<\/td>\n<\/tr>\n<tr>\n<td>1 1\/4<\/td>\n<td>31.8<\/td>\n<td>49.3<\/td>\n<td>345<\/td>\n<td>1380<\/td>\n<\/tr>\n<tr>\n<td>1 1\/2<\/td>\n<td>38.1<\/td>\n<td>57.3<\/td>\n<td>345<\/td>\n<td>1380<\/td>\n<\/tr>\n<tr>\n<td>2\u2033<\/td>\n<td>50.8<\/td>\n<td>71.6<\/td>\n<td>345<\/td>\n<td>1380<\/td>\n<\/tr>\n<\/tbody>\n<\/table>\n<p>&nbsp;<\/p>\n<div class=\"video video-fit mb\" style=\"padding-top:56.25%;\"><p><iframe loading=\"lazy\" title=\"Measurement Confusion (Inch, Finger, Haze, Millimeter)\" width=\"1020\" height=\"574\" src=\"https:\/\/www.youtube.com\/embed\/uKk6AG_AZls?feature=oembed\" frameborder=\"0\" allow=\"accelerometer; autoplay; clipboard-write; encrypted-media; gyroscope; picture-in-picture; web-share\" referrerpolicy=\"strict-origin-when-cross-origin\" allowfullscreen><\/iframe><\/p>\n<\/div>","protected":false},"excerpt":{"rendered":"<p>R13 Hidrolik Hortumu Mineral, nebati ve glikoz bazl\u0131 hidrolik ya\u011flara dayan\u0131kl\u0131 \u00f6zel sentetik kau\u00e7uktan mamul, \u00e7ok y\u00fcksek pik bas\u0131n\u00e7lara ve zor \u015fartlara maruz kalacak sistemlerde kullan\u0131lan hortum \u00e7e\u015fididir. \u00a0-40\u00b0C \/ +120\u00b0C \u0130\u00c7 \u00c7API DI\u015e \u00c7API \u00c7ALI\u015eMA BASINCI PATLAMA BASINCI inch mm mm bar bar 3\/4 19 32 345 1380 1&#8243; 25.4 38.4 345 1380 1 [&#8230;]\n","protected":false},"featured_media":8415,"comment_status":"open","ping_status":"closed","template":"","meta":{"jetpack_post_was_ever_published":false},"product_brand":[],"product_cat":[157,88],"product_tag":[664,658,660,662,2288,659,663,661],"class_list":{"0":"post-670","1":"product","2":"type-product","3":"status-publish","4":"has-post-thumbnail","6":"product_cat-hidrolik-hortum","7":"product_cat-hidrolik-hortumlar","8":"product_tag-atese-dayaniklilik","9":"product_tag-hidrolik-hortum","10":"product_tag-hidrolik-yaglara-dayanikli","11":"product_tag-is","12":"product_tag-r13-hidrolik","13":"product_tag-sentetik-kaucuk","14":"product_tag-tarim-makinelerinde","15":"product_tag-yuksek-mukavemetli","17":"first","18":"instock","19":"taxable","20":"shipping-taxable","21":"product-type-variable"},"jetpack-related-posts":[],"jetpack_sharing_enabled":true,"jetpack_likes_enabled":true,"_links":{"self":[{"href":"https:\/\/tuzlahortum.com.tr\/en\/wp-json\/wp\/v2\/product\/670","targetHints":{"allow":["GET"]}}],"collection":[{"href":"https:\/\/tuzlahortum.com.tr\/en\/wp-json\/wp\/v2\/product"}],"about":[{"href":"https:\/\/tuzlahortum.com.tr\/en\/wp-json\/wp\/v2\/types\/product"}],"replies":[{"embeddable":true,"href":"https:\/\/tuzlahortum.com.tr\/en\/wp-json\/wp\/v2\/comments?post=670"}],"wp:featuredmedia":[{"embeddable":true,"href":"https:\/\/tuzlahortum.com.tr\/en\/wp-json\/wp\/v2\/media\/8415"}],"wp:attachment":[{"href":"https:\/\/tuzlahortum.com.tr\/en\/wp-json\/wp\/v2\/media?parent=670"}],"wp:term":[{"taxonomy":"product_brand","embeddable":true,"href":"https:\/\/tuzlahortum.com.tr\/en\/wp-json\/wp\/v2\/product_brand?post=670"},{"taxonomy":"product_cat","embeddable":true,"href":"https:\/\/tuzlahortum.com.tr\/en\/wp-json\/wp\/v2\/product_cat?post=670"},{"taxonomy":"product_tag","embeddable":true,"href":"https:\/\/tuzlahortum.com.tr\/en\/wp-json\/wp\/v2\/product_tag?post=670"}],"curies":[{"name":"wp","href":"https:\/\/api.w.org\/{rel}","templated":true}]}}