{"id":667,"date":"2019-02-06T23:52:06","date_gmt":"2019-02-06T20:52:06","guid":{"rendered":"http:\/\/hortum.com.tr\/product\/import-placeholder-for-245\/"},"modified":"2024-03-21T17:44:12","modified_gmt":"2024-03-21T14:44:12","slug":"tc-10","status":"publish","type":"product","link":"https:\/\/tuzlahortum.com.tr\/en\/product\/tc-10\/","title":{"rendered":"TC 10"},"content":{"rendered":"<h2>TC 10<\/h2>\n<div>MATERIEL:<\/div>\n<div>Fabric wall : PVC Coated Canvas<\/div>\n<div>\u2022 Weight: 600 gr\/m2<\/div>\n<div>\u2022 Tensile Strength: 150 \/ 75 kg \/ 5cm<\/div>\n<div>\u2022 Joint Thickness: 0.90 mm<\/div>\n<div>\u2022 Color : Black<\/div>\n<div>Outer Spiral : Galvanized Steel<\/div>\n<div><\/div>\n<div><div class=\"video video-fit mb\" style=\"padding-top:56.25%;\"><p><iframe loading=\"lazy\" title=\"Measurement Confusion (Inch, Finger, Haze, Millimeter)\" width=\"1020\" height=\"574\" src=\"https:\/\/www.youtube.com\/embed\/uKk6AG_AZls?feature=oembed\" frameborder=\"0\" allow=\"accelerometer; autoplay; clipboard-write; encrypted-media; gyroscope; picture-in-picture; web-share\" referrerpolicy=\"strict-origin-when-cross-origin\" allowfullscreen><\/iframe><\/p>\n<\/div><\/div>\n<div><\/div>\n<div>APPS:<\/div>\n<div>\u2022 Hot air transfer<\/div>\n<div>\u2022 In the discharge of food grains<\/div>\n<div>\u2022 In low pressure applications<\/div>\n<div>\u2022 In the defense industry<\/div>\n<div>\u2022 In the discharge of abrasive materials<\/div>\n<div>\u2022 In chemical plants<\/div>\n<div>\u2022 Sovent discharge<\/div>\n<div>\u2022 In paint fume evacuation<\/div>\n<div>FEATURES:<\/div>\n<div>\u2022 Resistant to mechanical damage<\/div>\n<div>\u2022 Strong<\/div>\n<div>\u2022 Stronger material than TechniConnect 01<\/div>\n<div>\u2022 High flexibility, compression ratio 1:7<\/div>\n<div>\u2022 External galvanized spiral against abrasion<\/div>\n<div>\u2022 Extremely robust manufacturing method.<\/div>","protected":false},"excerpt":{"rendered":"<p>TC 10 MATERYAL: Kuma\u015f duvar\u0131 : PVC Kapl\u0131 Canvas \u2022 A\u011f\u0131rl\u0131k : 600 gr\/m2 \u2022 \u00c7ekme Dayan\u0131m\u0131 : 150 \/ 75 kg \/ 5cm \u2022 Ek Kal\u0131nl\u0131\u011f\u0131 : 0,90 mm \u2022 Renk : Siyah D\u0131\u015f Spiral : Galvaniz \u00c7elik UYGULAMALAR: \u2022 S\u0131cak hava transferi \u2022 G\u0131da tanelerinin tahliyesinde \u2022 D\u00fc\u015f\u00fck bas\u0131n\u00e7l\u0131 uygulamalarda \u2022 Savunma sanayinde [&#8230;]\n","protected":false},"featured_media":6345,"comment_status":"open","ping_status":"closed","template":"","meta":{"jetpack_post_was_ever_published":false},"product_brand":[],"product_cat":[144],"product_tag":[642,481,643,488,641,454,635],"class_list":{"0":"post-667","1":"product","2":"type-product","3":"status-publish","4":"has-post-thumbnail","6":"product_cat-havalandirma-ve-kaynak-hortumlari","7":"product_tag-asindirici-materyallerin-tahliyesinde","8":"product_tag-galvaniz-celik-dis-spiral","9":"product_tag-kimya-tesislerinde","10":"product_tag-mekanik-dayanim","11":"product_tag-pvc-kapli-kanvas-kumas","12":"product_tag-siyah","13":"product_tag-sicak-hava-transferi","15":"first","16":"instock","17":"taxable","18":"shipping-taxable","19":"product-type-variable"},"jetpack-related-posts":[],"jetpack_sharing_enabled":true,"jetpack_likes_enabled":true,"_links":{"self":[{"href":"https:\/\/tuzlahortum.com.tr\/en\/wp-json\/wp\/v2\/product\/667","targetHints":{"allow":["GET"]}}],"collection":[{"href":"https:\/\/tuzlahortum.com.tr\/en\/wp-json\/wp\/v2\/product"}],"about":[{"href":"https:\/\/tuzlahortum.com.tr\/en\/wp-json\/wp\/v2\/types\/product"}],"replies":[{"embeddable":true,"href":"https:\/\/tuzlahortum.com.tr\/en\/wp-json\/wp\/v2\/comments?post=667"}],"wp:featuredmedia":[{"embeddable":true,"href":"https:\/\/tuzlahortum.com.tr\/en\/wp-json\/wp\/v2\/media\/6345"}],"wp:attachment":[{"href":"https:\/\/tuzlahortum.com.tr\/en\/wp-json\/wp\/v2\/media?parent=667"}],"wp:term":[{"taxonomy":"product_brand","embeddable":true,"href":"https:\/\/tuzlahortum.com.tr\/en\/wp-json\/wp\/v2\/product_brand?post=667"},{"taxonomy":"product_cat","embeddable":true,"href":"https:\/\/tuzlahortum.com.tr\/en\/wp-json\/wp\/v2\/product_cat?post=667"},{"taxonomy":"product_tag","embeddable":true,"href":"https:\/\/tuzlahortum.com.tr\/en\/wp-json\/wp\/v2\/product_tag?post=667"}],"curies":[{"name":"wp","href":"https:\/\/api.w.org\/{rel}","templated":true}]}}