{"id":660,"date":"2019-02-06T23:52:04","date_gmt":"2019-02-06T20:52:04","guid":{"rendered":"http:\/\/hortum.com.tr\/product\/import-placeholder-for-482\/"},"modified":"2024-03-21T17:44:17","modified_gmt":"2024-03-21T14:44:17","slug":"trelleborg-normines-ii","status":"publish","type":"product","link":"https:\/\/tuzlahortum.com.tr\/en\/product\/trelleborg-normines-ii\/","title":{"rendered":"Trelleborg NORMINES II"},"content":{"rendered":"<h2>Trelleborg NORMINES II<\/h2>\n<div>Air\/Compressed air applications<\/div>\n<div>Rock drills, abrasive and slot machine, rivet and deburring hammers, etc. like<\/div>\n<div>Air hose suitable for extra heavy working conditions used in pneumatic machines.<\/div>\n<div>Multi-purpose compressed air hose used in the mining industry, construction, manufacturing industry and others.<\/div>\n<div>Compressed air for all applications, oxygen (IN\u226425mm only) and arc welding<\/div>\n<div>It is suitable for the inert gases used, argon, nitrogen and carbon dioxide.<\/div>\n<div>Also, aqueous solutions or emulsions used in industrial water agricultural spraying,<\/div>\n<div>Also suitable for other media (under certain conditions) such as whitewash, disinfection, acids and alkalis.<\/div>\n<div>Advantages<\/div>\n<div>*Very high resistance to abrasion and atmospheric conditions.<\/div>\n<div>*Good cold flexibility.<\/div>\n<div>*Wide variety of diameters and sizes.<\/div>\n<div>*High safety factor.<\/div>\n<div>technical description<\/div>\n<div>Inner tube: SBR, black, straight.<\/div>\n<div>Reinforcement: synthetic textile.<\/div>\n<div>Coating : SBR, black, fabric look for DIA&gt;25mm, plain for DIA \u226425mm.<\/div>\n<div>Temperature range: -40\u00b0C to +70\u00b0C.<\/div>\n<div>Electrical properties : conductive inner tube and lining, R&lt;106\u03a9\/m.<\/div>\n<div>\n<div class=\"video video-fit mb\" style=\"padding-top:56.25%;\"><p><iframe loading=\"lazy\" title=\"Measurement Confusion (Inch, Finger, Haze, Millimeter)\" width=\"1020\" height=\"574\" src=\"https:\/\/www.youtube.com\/embed\/uKk6AG_AZls?feature=oembed\" frameborder=\"0\" allow=\"accelerometer; autoplay; clipboard-write; encrypted-media; gyroscope; picture-in-picture; web-share\" referrerpolicy=\"strict-origin-when-cross-origin\" allowfullscreen><\/iframe><\/p>\n<\/div>\n<div class=\"video video-fit mb\" style=\"padding-top:56.25%;\"><p>https:\/\/www.youtube.com\/watch?v=O8ZlzKEjfEQ%20<\/p>\n<\/div>\n<\/div>\n<p><img data-recalc-dims=\"1\" loading=\"lazy\" decoding=\"async\" class=\"alignnone size-medium wp-image-2096\" src=\"https:\/\/i0.wp.com\/hortum.com.tr\/wp-content\/uploads\/urunler\/trelleborg\/Trelleborg-NORMINES-II-662x400.jpg?resize=662%2C400\" alt=\"\" width=\"662\" height=\"400\" title=\"\" srcset=\"https:\/\/i0.wp.com\/tuzlahortum.com.tr\/wp-content\/uploads\/urunler\/trelleborg\/Trelleborg-NORMINES-II.jpg?resize=662%2C400&amp;ssl=1 662w, https:\/\/i0.wp.com\/tuzlahortum.com.tr\/wp-content\/uploads\/urunler\/trelleborg\/Trelleborg-NORMINES-II.jpg?resize=768%2C464&amp;ssl=1 768w, https:\/\/i0.wp.com\/tuzlahortum.com.tr\/wp-content\/uploads\/urunler\/trelleborg\/Trelleborg-NORMINES-II.jpg?resize=600%2C362&amp;ssl=1 600w, https:\/\/i0.wp.com\/tuzlahortum.com.tr\/wp-content\/uploads\/urunler\/trelleborg\/Trelleborg-NORMINES-II.jpg?w=846&amp;ssl=1 846w\" sizes=\"auto, (max-width: 662px) 100vw, 662px\" \/><\/p>","protected":false},"excerpt":{"rendered":"<p>Trelleborg NORMINES II Hava\/Bas\u0131n\u00e7l\u0131 hava uygulamalar\u0131 Kaya deliciler, a\u015f\u0131nd\u0131r\u0131c\u0131 ve slot makinesi, per\u00e7in ve \u00e7apak temizleme \u00e7eki\u00e7leri, vs. gibi pn\u00f6matik makinelerde kullan\u0131lan ekstra a\u011f\u0131r \u00e7al\u0131\u015fma ko\u015fullar\u0131na uygun hava hortumu. Madencilik end\u00fcstrisi, in\u015faat, imalat end\u00fcstrisi ve di\u011ferlerinde kullan\u0131lan \u00e7ok ama\u00e7l\u0131 bas\u0131n\u00e7l\u0131\u00a0hava hortumu. T\u00fcm uygulamalara y\u00f6nelik s\u0131k\u0131\u015ft\u0131r\u0131lm\u0131\u015f hava, oksijen (sadece \u0130\u00c7\u226425mm) ve ark kayna\u011f\u0131nda kullan\u0131lan asal gazlardan [&#8230;]\n","protected":false},"featured_media":2657,"comment_status":"open","ping_status":"closed","template":"","meta":{"jetpack_post_was_ever_published":false},"product_brand":[],"product_cat":[178],"product_tag":[620,558,623,294,424,290,626,625,619,624,622,621],"class_list":{"0":"post-660","1":"product","2":"type-product","3":"status-publish","4":"has-post-thumbnail","6":"product_cat-hava-basincli-hava-hortumlari","7":"product_tag-asindirici","8":"product_tag-basinc","9":"product_tag-capak-temizleme","10":"product_tag-dayanikli","11":"product_tag-hava","12":"product_tag-hortum","13":"product_tag-imalat-endustrisi","14":"product_tag-insaat","15":"product_tag-kaya-deliciler","16":"product_tag-madencilik-endustrisi","17":"product_tag-percin","18":"product_tag-slot-makinesi","20":"first","21":"instock","22":"taxable","23":"shipping-taxable","24":"product-type-variable"},"jetpack-related-posts":[],"jetpack_sharing_enabled":true,"jetpack_likes_enabled":true,"_links":{"self":[{"href":"https:\/\/tuzlahortum.com.tr\/en\/wp-json\/wp\/v2\/product\/660","targetHints":{"allow":["GET"]}}],"collection":[{"href":"https:\/\/tuzlahortum.com.tr\/en\/wp-json\/wp\/v2\/product"}],"about":[{"href":"https:\/\/tuzlahortum.com.tr\/en\/wp-json\/wp\/v2\/types\/product"}],"replies":[{"embeddable":true,"href":"https:\/\/tuzlahortum.com.tr\/en\/wp-json\/wp\/v2\/comments?post=660"}],"wp:featuredmedia":[{"embeddable":true,"href":"https:\/\/tuzlahortum.com.tr\/en\/wp-json\/wp\/v2\/media\/2657"}],"wp:attachment":[{"href":"https:\/\/tuzlahortum.com.tr\/en\/wp-json\/wp\/v2\/media?parent=660"}],"wp:term":[{"taxonomy":"product_brand","embeddable":true,"href":"https:\/\/tuzlahortum.com.tr\/en\/wp-json\/wp\/v2\/product_brand?post=660"},{"taxonomy":"product_cat","embeddable":true,"href":"https:\/\/tuzlahortum.com.tr\/en\/wp-json\/wp\/v2\/product_cat?post=660"},{"taxonomy":"product_tag","embeddable":true,"href":"https:\/\/tuzlahortum.com.tr\/en\/wp-json\/wp\/v2\/product_tag?post=660"}],"curies":[{"name":"wp","href":"https:\/\/api.w.org\/{rel}","templated":true}]}}