{"id":653,"date":"2019-02-06T23:52:02","date_gmt":"2019-02-06T20:52:02","guid":{"rendered":"http:\/\/hortum.com.tr\/product\/import-placeholder-for-68\/"},"modified":"2024-03-21T17:44:20","modified_gmt":"2024-03-21T14:44:20","slug":"toz-ve-hava-emis-hortumlari","status":"publish","type":"product","link":"https:\/\/tuzlahortum.com.tr\/en\/product\/toz-ve-hava-emis-hortumlari\/","title":{"rendered":"Dust and Air Suction Hoses"},"content":{"rendered":"<h2>Dust and Air Suction Hoses<\/h2>\n<div>USAGE AREAS: It is the suction hose used in dust and polluted air suction works in agriculture, mines and factories.<\/div>\n<div><\/div>\n<div>CONSTRUCTION<\/div>\n<div>Bottom : SBR\/NR, black, antistatic and abrasion resistant<\/div>\n<div>Reinforcement: Cord fabric, steel spiral wire between layers<\/div>\n<div>Upper : SBR\/NR, black, resistant to abrasion and all climatic conditions<\/div>\n<div><\/div>\n<div><div class=\"video video-fit mb\" style=\"padding-top:56.25%;\"><p><iframe loading=\"lazy\" title=\"Measurement Confusion (Inch, Finger, Haze, Millimeter)\" width=\"1020\" height=\"574\" src=\"https:\/\/www.youtube.com\/embed\/uKk6AG_AZls?feature=oembed\" frameborder=\"0\" allow=\"accelerometer; autoplay; clipboard-write; encrypted-media; gyroscope; picture-in-picture; web-share\" referrerpolicy=\"strict-origin-when-cross-origin\" allowfullscreen><\/iframe><\/p>\n<\/div><\/div>","protected":false},"excerpt":{"rendered":"<p>Dust and Air Suction Hoses AREAS OF USE : Suction hose for suction of dust and contaminated air in agriculture, mines and factories CONSTRUCTION Bottom : SBR\/NR, black, antistatic and abrasion resistant Reinforcement : Cord fabric, steel spiral wire between layers Top : SBR\/NR, black, resistant to friction and all climatic conditions<\/p>","protected":false},"featured_media":1688,"comment_status":"open","ping_status":"closed","template":"","meta":{"jetpack_post_was_ever_published":false},"product_brand":[],"product_cat":[156],"product_tag":[611,615,613,612,614,610,617,616],"class_list":{"0":"post-653","1":"product","2":"type-product","3":"status-publish","4":"has-post-thumbnail","6":"product_cat-hava-hortumlari","7":"product_tag-emici-hortum","8":"product_tag-kirlenmis-hava-hortumu","9":"product_tag-maden-toz-hortumu","10":"product_tag-marangoz-talas-hortumu","11":"product_tag-tarim-hortumu","12":"product_tag-toz-ve-hava-emis-hortumlari","13":"product_tag-tunel-havalandirma-hortumu","14":"product_tag-tunel-hortumu","16":"first","17":"instock","18":"taxable","19":"shipping-taxable","20":"product-type-variable"},"jetpack-related-posts":[{"id":736,"url":"https:\/\/tuzlahortum.com.tr\/en\/product\/vibrator-hortumu\/","url_meta":{"origin":653,"position":0},"title":"Vibrator Hose","author":"admin","date":"6 February 2019","format":false,"excerpt":"Vibrat\u00f6r HortumuKULLANIM ALANLARI : Beton ve \u00e7imento d\u00f6k\u00fcmlerinde gaz ve hava kabarc\u0131\u011f\u0131n\u0131 \u00f6nleyen hortum KONTR\u00dcKS\u0130YON Alt : SBR, siyah, d\u00fcz ve sert Takviye : Y\u00fcksek mukavemetli kord bezi \u00dcst : SBR\/NR, siyah, s\u00fcrt\u00fcnmeye ve iklim \u015fartlar\u0131na dayan\u0131kl\u0131","rel":"","context":"Similar post","block_context":{"text":"Similar post","link":""},"img":{"alt_text":"","src":"https:\/\/i0.wp.com\/tuzlahortum.com.tr\/wp-content\/uploads\/urunler\/hidrolik\/vibrator-hortumu.png?fit=700%2C262&ssl=1&resize=350%2C200","width":350,"height":200,"srcset":"https:\/\/i0.wp.com\/tuzlahortum.com.tr\/wp-content\/uploads\/urunler\/hidrolik\/vibrator-hortumu.png?fit=700%2C262&ssl=1&resize=350%2C200 1x, https:\/\/i0.wp.com\/tuzlahortum.com.tr\/wp-content\/uploads\/urunler\/hidrolik\/vibrator-hortumu.png?fit=700%2C262&ssl=1&resize=525%2C300 1.5x, https:\/\/i0.wp.com\/tuzlahortum.com.tr\/wp-content\/uploads\/urunler\/hidrolik\/vibrator-hortumu.png?fit=700%2C262&ssl=1&resize=700%2C400 2x"},"classes":[]},{"id":21309,"url":"https:\/\/tuzlahortum.com.tr\/en\/product\/mars\/","url_meta":{"origin":653,"position":1},"title":"MARS","author":"admin","date":"11 August 2025","format":false,"excerpt":"\u00a0 \u00dcr\u00fcn Ad\u0131: MARS \u00dcr\u00fcn Kodu: ADS240 Hava ve Toz Emme Kullanim Alan\u0131 : Hava, toz, tah\u0131l, toz madde vb. emi\u015f ve transferi i\u00e7in. Alt Katman : Do\u011fal ve Sentetik Kau\u00e7uk. Takviye Katman\u0131 : Sentetik Tekstil ve \u00c7elik Tel Spiral \u00dcst Katman : A\u015f\u0131nma, Ozon, Is\u0131 ve Hava Ko\u015fullar\u0131na Dayan\u0131kl\u0131\u2026","rel":"","context":"Similar post","block_context":{"text":"Similar post","link":""},"img":{"alt_text":"","src":"https:\/\/i0.wp.com\/tuzlahortum.com.tr\/wp-content\/uploads\/2025\/08\/mars-p.png?fit=539%2C539&ssl=1&resize=350%2C200","width":350,"height":200,"srcset":"https:\/\/i0.wp.com\/tuzlahortum.com.tr\/wp-content\/uploads\/2025\/08\/mars-p.png?fit=539%2C539&ssl=1&resize=350%2C200 1x, https:\/\/i0.wp.com\/tuzlahortum.com.tr\/wp-content\/uploads\/2025\/08\/mars-p.png?fit=539%2C539&ssl=1&resize=525%2C300 1.5x"},"classes":[]},{"id":725,"url":"https:\/\/tuzlahortum.com.tr\/en\/product\/bezli-su-hortumlari-orta-tip\/","url_meta":{"origin":653,"position":2},"title":"Clothed Water Hoses (Medium Type)","author":"admin","date":"6 February 2019","format":false,"excerpt":"Bezli Su Hortumlar\u0131 (Orta Tip)KULLANIM ALANLARI : \u00c7al\u0131\u015fma bas\u0131n\u00e7lar\u0131na g\u00f6re sanayi, in\u015faat, tar\u0131m ve spor alanlar\u0131 gibi su nakledilmesi gereken t\u00fcm i\u015flerde kullan\u0131labilir. SERT\u0130F\u0130KALAR : Hortumlar TSE markal\u0131d\u0131r. TS2420 ISO 1403 KONTR\u00dcKS\u0130YON Alt : SBR\/NR siyah neme dayan\u0131kl\u0131 Takviye : Y\u00fcksek mukavemetli kord bezi \u00dcst : SBR siyah hava \u015fartlar\u0131na\u2026","rel":"","context":"Similar post","block_context":{"text":"Similar post","link":""},"img":{"alt_text":"","src":"https:\/\/i0.wp.com\/tuzlahortum.com.tr\/wp-content\/uploads\/urunler\/kaucuk\/superlas-orta-basinc-su-hortum.jpg?fit=360%2C270&ssl=1&resize=350%2C200","width":350,"height":200},"classes":[]},{"id":726,"url":"https:\/\/tuzlahortum.com.tr\/en\/product\/bezli-su-hortumlari-agir-tip\/","url_meta":{"origin":653,"position":3},"title":"Cloth Water Hoses (Heavy Type)","author":"admin","date":"6 February 2019","format":false,"excerpt":"Bezli Su Hortumlar\u0131 (A\u011f\u0131r Tip)KULLANIM ALANLARI : \u00c7al\u0131\u015fma bas\u0131n\u00e7lar\u0131na g\u00f6re sanayi, in\u015faat, tar\u0131m ve spor alanlar\u0131 gibi su nakledilmesi gereken t\u00fcm i\u015flerde kullan\u0131labilir. SERT\u0130F\u0130KALAR : Hortumlar TSE markal\u0131d\u0131r. TS2420 ISO 1403 KONTR\u00dcKS\u0130YON Alt : SBR\/NR siyah neme dayan\u0131kl\u0131 Takviye : Y\u00fcksek mukavemetli kord bezi \u00dcst : SBR siyah hava \u015fartlar\u0131na\u2026","rel":"","context":"Similar post","block_context":{"text":"Similar post","link":""},"img":{"alt_text":"","src":"https:\/\/i0.wp.com\/tuzlahortum.com.tr\/wp-content\/uploads\/urunler\/kaucuk\/superlas-orta-basinc-su-hortum.jpg?fit=360%2C270&ssl=1&resize=350%2C200","width":350,"height":200},"classes":[]},{"id":735,"url":"https:\/\/tuzlahortum.com.tr\/en\/product\/telli-su-alici-verici-hortumlar\/","url_meta":{"origin":653,"position":4},"title":"Wired Water Transceiver Hoses","author":"admin","date":"6 February 2019","format":false,"excerpt":"Telli Su Al\u0131c\u0131-Verici HortumlarKULLANIM ALANLARI : Sanayi, in\u015faat tar\u0131m\u0131n a\u011f\u0131r uygulama \u015fartlar\u0131na elveri\u015fli sa\u011flam ve esnek al\u0131c\u0131 ve verici hortumdur. KONTR\u00dcKS\u0130YON Alt : SBR\/NR siyah, at\u0131k suya dayan\u0131kl\u0131 ( 5 to 9 pH ) Takviye : Y\u00fcksek mukavemetli kord bezi, katlararas\u0131 g\u00f6m\u00fcl\u00fc \u00e7elik tel \u00dcst : SBR siyah, d\u00fcz, hava\u2026","rel":"","context":"Similar post","block_context":{"text":"Similar post","link":""},"img":{"alt_text":"","src":"https:\/\/i0.wp.com\/tuzlahortum.com.tr\/wp-content\/uploads\/urunler\/kaucuk\/superlas-telli-su-alici-verici.jpg?fit=360%2C270&ssl=1&resize=350%2C200","width":350,"height":200},"classes":[]},{"id":900,"url":"https:\/\/tuzlahortum.com.tr\/en\/product\/bezli-su-hortumlari-hafif-tip\/","url_meta":{"origin":653,"position":5},"title":"Cloth Water Hoses (Light Type)","author":"admin","date":"6 February 2019","format":false,"excerpt":"Bezli Su Hortumlar\u0131 (Hafif Tip)KULLANIM ALANLARI : \u00c7al\u0131\u015fma bas\u0131n\u00e7lar\u0131na g\u00f6re sanayi, in\u015faat, tar\u0131m ve spor alanlar\u0131 gibi su nakledilmesi gereken t\u00fcm i\u015flerde kullan\u0131labilir. SERT\u0130F\u0130KALAR : Hortumlar TSE markal\u0131d\u0131r. TS2420 ISO 1403 KONTR\u00dcKS\u0130YON Alt : SBR\/NR siyah neme dayan\u0131kl\u0131 Takviye : Y\u00fcksek mukavemetli kord bezi \u00dcst : SBR siyah hava \u015fartlar\u0131na\u2026","rel":"","context":"Similar post","block_context":{"text":"Similar post","link":""},"img":{"alt_text":"","src":"https:\/\/i0.wp.com\/tuzlahortum.com.tr\/wp-content\/uploads\/urunler\/kaucuk\/superlas-bezli-su-verici-hortum.jpg?fit=360%2C270&ssl=1&resize=350%2C200","width":350,"height":200},"classes":[]}],"jetpack_sharing_enabled":true,"jetpack_likes_enabled":true,"_links":{"self":[{"href":"https:\/\/tuzlahortum.com.tr\/en\/wp-json\/wp\/v2\/product\/653","targetHints":{"allow":["GET"]}}],"collection":[{"href":"https:\/\/tuzlahortum.com.tr\/en\/wp-json\/wp\/v2\/product"}],"about":[{"href":"https:\/\/tuzlahortum.com.tr\/en\/wp-json\/wp\/v2\/types\/product"}],"replies":[{"embeddable":true,"href":"https:\/\/tuzlahortum.com.tr\/en\/wp-json\/wp\/v2\/comments?post=653"}],"wp:featuredmedia":[{"embeddable":true,"href":"https:\/\/tuzlahortum.com.tr\/en\/wp-json\/wp\/v2\/media\/1688"}],"wp:attachment":[{"href":"https:\/\/tuzlahortum.com.tr\/en\/wp-json\/wp\/v2\/media?parent=653"}],"wp:term":[{"taxonomy":"product_brand","embeddable":true,"href":"https:\/\/tuzlahortum.com.tr\/en\/wp-json\/wp\/v2\/product_brand?post=653"},{"taxonomy":"product_cat","embeddable":true,"href":"https:\/\/tuzlahortum.com.tr\/en\/wp-json\/wp\/v2\/product_cat?post=653"},{"taxonomy":"product_tag","embeddable":true,"href":"https:\/\/tuzlahortum.com.tr\/en\/wp-json\/wp\/v2\/product_tag?post=653"}],"curies":[{"name":"wp","href":"https:\/\/api.w.org\/{rel}","templated":true}]}}