{"id":652,"date":"2019-02-06T23:52:01","date_gmt":"2019-02-06T20:52:01","guid":{"rendered":"http:\/\/hortum.com.tr\/product\/import-placeholder-for-603\/"},"modified":"2024-03-21T17:44:21","modified_gmt":"2024-03-21T14:44:21","slug":"duz-kompresor-hortumu","status":"publish","type":"product","link":"https:\/\/tuzlahortum.com.tr\/en\/product\/duz-kompresor-hortumu\/","title":{"rendered":"Straight Compressor Hose"},"content":{"rendered":"<h2>Straight Compressor Hose<\/h2>\n<p>In air-operated tools and compressed air evacuation<\/p>\n<p>Natural and synthetic rubber resistant to compressor oils<\/p>\n<p>High strength synthetic textile<\/p>\n<p>Flat synthetic rubber resistant to abrasion, ozone and all weather conditions<\/p>\n<p>&nbsp;<\/p>\n<div class=\"video video-fit mb\" style=\"padding-top:56.25%;\"><p><iframe loading=\"lazy\" title=\"Measurement Confusion (Inch, Finger, Haze, Millimeter)\" width=\"1020\" height=\"574\" src=\"https:\/\/www.youtube.com\/embed\/uKk6AG_AZls?feature=oembed\" frameborder=\"0\" allow=\"accelerometer; autoplay; clipboard-write; encrypted-media; gyroscope; picture-in-picture; web-share\" referrerpolicy=\"strict-origin-when-cross-origin\" allowfullscreen><\/iframe><\/p>\n<\/div>","protected":false},"excerpt":{"rendered":"<p>D\u00fcz Kompres\u00f6r Hortumu Hava ile \u00e7al\u0131\u015fan aletlerde ve bas\u0131n\u00e7l\u0131 hava tahliyesinde Kompres\u00f6r ya\u011flar\u0131na dayan\u0131kl\u0131 tabii ve sentetik kau\u00e7uk Y\u00fcksek mukavemetli sentetik tekstil A\u015f\u0131nmaya,ozona ve her t\u00fcrl\u00fc hava \u015fartlar\u0131na dayan\u0131kl\u0131 d\u00fcz sentetik kau\u00e7uk &nbsp;<\/p>","protected":false},"featured_media":1739,"comment_status":"open","ping_status":"closed","template":"","meta":{"jetpack_post_was_ever_published":false},"product_brand":[],"product_cat":[156],"product_tag":[608,607,609,598],"class_list":{"0":"post-652","1":"product","2":"type-product","3":"status-publish","4":"has-post-thumbnail","6":"product_cat-hava-hortumlari","7":"product_tag-10-bar","8":"product_tag-duz-kompresor-hortumlari","9":"product_tag-hava-ile-calisan-aletlerde-ve-basincli-hava-tahliyesinde","10":"product_tag-kompresor-hortumu","12":"first","13":"instock","14":"taxable","15":"shipping-taxable","16":"product-type-variable"},"jetpack-related-posts":[],"jetpack_sharing_enabled":true,"jetpack_likes_enabled":true,"_links":{"self":[{"href":"https:\/\/tuzlahortum.com.tr\/en\/wp-json\/wp\/v2\/product\/652","targetHints":{"allow":["GET"]}}],"collection":[{"href":"https:\/\/tuzlahortum.com.tr\/en\/wp-json\/wp\/v2\/product"}],"about":[{"href":"https:\/\/tuzlahortum.com.tr\/en\/wp-json\/wp\/v2\/types\/product"}],"replies":[{"embeddable":true,"href":"https:\/\/tuzlahortum.com.tr\/en\/wp-json\/wp\/v2\/comments?post=652"}],"wp:featuredmedia":[{"embeddable":true,"href":"https:\/\/tuzlahortum.com.tr\/en\/wp-json\/wp\/v2\/media\/1739"}],"wp:attachment":[{"href":"https:\/\/tuzlahortum.com.tr\/en\/wp-json\/wp\/v2\/media?parent=652"}],"wp:term":[{"taxonomy":"product_brand","embeddable":true,"href":"https:\/\/tuzlahortum.com.tr\/en\/wp-json\/wp\/v2\/product_brand?post=652"},{"taxonomy":"product_cat","embeddable":true,"href":"https:\/\/tuzlahortum.com.tr\/en\/wp-json\/wp\/v2\/product_cat?post=652"},{"taxonomy":"product_tag","embeddable":true,"href":"https:\/\/tuzlahortum.com.tr\/en\/wp-json\/wp\/v2\/product_tag?post=652"}],"curies":[{"name":"wp","href":"https:\/\/api.w.org\/{rel}","templated":true}]}}