{"id":646,"date":"2019-02-06T23:52:00","date_gmt":"2019-02-06T20:52:00","guid":{"rendered":"http:\/\/hortum.com.tr\/product\/import-placeholder-for-86\/"},"modified":"2024-03-21T17:44:27","modified_gmt":"2024-03-21T14:44:27","slug":"gida-icme-suyu-alici-verici-hortumlar","status":"publish","type":"product","link":"https:\/\/tuzlahortum.com.tr\/en\/product\/gida-icme-suyu-alici-verici-hortumlar\/","title":{"rendered":"Food Drinking Water Transceiver Hoses"},"content":{"rendered":"<h2>Food Drinking Water Transceiver Hoses<\/h2>\n<div>USAGE AREAS: It can be used in the transportation and suction of all kinds of alcoholic beverages, oily food and drinking water upon request.<\/div>\n<div><\/div>\n<div>Produced in accordance with FDA (Food) Norms<\/div>\n<div><\/div>\n<div>CONSTRUCTION<\/div>\n<div>Bottom : NR\/NBR, white, plain, food-regulated<\/div>\n<div>Reinforcement: High strength cord fabric, interlayer steel wire<\/div>\n<div>Upper : NR\/EPDM, NBR\/PVC\/SBR red or blue, resistant to abrasion and all weather conditions<\/div>\n<div><\/div>\n<div>\n<div class=\"video video-fit mb\" style=\"padding-top:56.25%;\"><p><iframe loading=\"lazy\" title=\"Which Food Hose should we choose?\" width=\"1020\" height=\"574\" src=\"https:\/\/www.youtube.com\/embed\/1RIgy8WF1Ao?feature=oembed\" frameborder=\"0\" allow=\"accelerometer; autoplay; clipboard-write; encrypted-media; gyroscope; picture-in-picture; web-share\" referrerpolicy=\"strict-origin-when-cross-origin\" allowfullscreen><\/iframe><\/p>\n<\/div>\n<div class=\"video video-fit mb\" style=\"padding-top:56.25%;\"><p><iframe loading=\"lazy\" title=\"Measurement Confusion (Inch, Finger, Haze, Millimeter)\" width=\"1020\" height=\"574\" src=\"https:\/\/www.youtube.com\/embed\/uKk6AG_AZls?feature=oembed\" frameborder=\"0\" allow=\"accelerometer; autoplay; clipboard-write; encrypted-media; gyroscope; picture-in-picture; web-share\" referrerpolicy=\"strict-origin-when-cross-origin\" allowfullscreen><\/iframe><\/p>\n<\/div>\n<\/div>","protected":false},"excerpt":{"rendered":"<p>G\u0131da \u0130\u00e7me Suyu Al\u0131c\u0131-Verici Hortumlar KULLANIM ALANLARI : \u0130ste\u011fe g\u00f6re, her t\u00fcrl\u00fc alkoll\u00fc i\u00e7ecek, ya\u011fl\u0131 g\u0131da ve i\u00e7me suyunun nakil ve emi\u015flerinde kullan\u0131l\u0131r. FDA (G\u0131da) Normlar\u0131na Uygun Olarak \u00dcretilmektedir KONTR\u00dcKS\u0130YON Alt : NR\/NBR, beyaz, d\u00fcz, g\u0131da t\u00fcz\u00fc\u011f\u00fcne uygun Takviye : Y\u00fcksek mukavemetli kord bezi, katlararas\u0131 \u00e7elik tel \u00dcst : NR\/EPDM, NBR\/PVC\/SBR k\u0131rm\u0131z\u0131 veya mavi, a\u015f\u0131nmaya [&#8230;]\n","protected":false},"featured_media":1686,"comment_status":"open","ping_status":"closed","template":"","meta":{"jetpack_post_was_ever_published":false},"product_brand":[],"product_cat":[155],"product_tag":[570,547,575,569,574,542,571,540,549,539,576,548,572,573],"class_list":{"0":"post-646","1":"product","2":"type-product","3":"status-publish","4":"has-post-thumbnail","6":"product_cat-gida-hortumlari","7":"product_tag-alkollu-icecek-nakil-ve-emis","8":"product_tag-bira","9":"product_tag-emici","10":"product_tag-gida-alici-verici-hortumlar","11":"product_tag-icme-suyu","12":"product_tag-meyve-suyu","13":"product_tag-raki","14":"product_tag-sarap","15":"product_tag-sivi-gida","16":"product_tag-sut","17":"product_tag-verici","18":"product_tag-yag","19":"product_tag-yagli-gida","20":"product_tag-zeytinyag","22":"first","23":"instock","24":"taxable","25":"shipping-taxable","26":"product-type-variable"},"jetpack-related-posts":[],"jetpack_sharing_enabled":true,"jetpack_likes_enabled":true,"_links":{"self":[{"href":"https:\/\/tuzlahortum.com.tr\/en\/wp-json\/wp\/v2\/product\/646","targetHints":{"allow":["GET"]}}],"collection":[{"href":"https:\/\/tuzlahortum.com.tr\/en\/wp-json\/wp\/v2\/product"}],"about":[{"href":"https:\/\/tuzlahortum.com.tr\/en\/wp-json\/wp\/v2\/types\/product"}],"replies":[{"embeddable":true,"href":"https:\/\/tuzlahortum.com.tr\/en\/wp-json\/wp\/v2\/comments?post=646"}],"wp:featuredmedia":[{"embeddable":true,"href":"https:\/\/tuzlahortum.com.tr\/en\/wp-json\/wp\/v2\/media\/1686"}],"wp:attachment":[{"href":"https:\/\/tuzlahortum.com.tr\/en\/wp-json\/wp\/v2\/media?parent=646"}],"wp:term":[{"taxonomy":"product_brand","embeddable":true,"href":"https:\/\/tuzlahortum.com.tr\/en\/wp-json\/wp\/v2\/product_brand?post=646"},{"taxonomy":"product_cat","embeddable":true,"href":"https:\/\/tuzlahortum.com.tr\/en\/wp-json\/wp\/v2\/product_cat?post=646"},{"taxonomy":"product_tag","embeddable":true,"href":"https:\/\/tuzlahortum.com.tr\/en\/wp-json\/wp\/v2\/product_tag?post=646"}],"curies":[{"name":"wp","href":"https:\/\/api.w.org\/{rel}","templated":true}]}}