{"id":645,"date":"2019-02-06T23:51:59","date_gmt":"2019-02-06T20:51:59","guid":{"rendered":"http:\/\/hortum.com.tr\/product\/import-placeholder-for-529\/"},"modified":"2024-03-21T17:44:28","modified_gmt":"2024-03-21T14:44:28","slug":"trelleborg-trelljet-681-antimicrobial-protection","status":"publish","type":"product","link":"https:\/\/tuzlahortum.com.tr\/en\/product\/trelleborg-trelljet-681-antimicrobial-protection\/","title":{"rendered":"Trelleborg TRELLJET 681 Antimicrobial Protection"},"content":{"rendered":"<h2>Trelleborg TRELLJET 681 Antimicrobial Protection<\/h2>\n<div>Food Industry\/High pressure spray<\/div>\n<div>Specially designed for professional and industrial high pressure cleaning.<\/div>\n<div>Antimicrobial TRELLJET 681 for all environments with bacterial growth<\/div>\n<div>suitable for: cleaning companies, food industries, pharmaceutical, packaging\/bottling, healthcare<\/div>\n<div>facilities, schools, etc. Mobile pressure washers are suitable for fixed installations and wheel-mounted applications.<\/div>\n<div>Advantages<\/div>\n<div>* Resistant to crushing.<\/div>\n<div>* Antimicrobial protection: prevents breakage as a result of odor, stain, deterioration and bacterial attacks.<\/div>\n<div>* Stain-proof smooth coating.<\/div>\n<div>* Non-staining smooth coating.<\/div>\n<div>*High temperature resistance.<\/div>\n<div>*High flexibility and crease resistance.<\/div>\n<div>*Long lifetime.<\/div>\n<div>technical description<\/div>\n<div>Inner tube: NBR\/SBR, black, straight.<\/div>\n<div>Reinforcement: synthetic textile.<\/div>\n<div>Coating: NBR\/SBR, blue, plain.<\/div>\n<div>Temperature range : -40\u00b0C to +120\u00b0C.<\/div>\n<div>Standard\/Approval :<\/div>\n<div>Antimicrobial protection conforming to the following standards:<\/div>\n<div>\u2013 ISO 22196:2007 (Quantitative analysis of bacterial growth)<\/div>\n<div>\u2013 AATCC 30-2004 (Qualitative analysis for evaluation of antimicrobial activity of fungicides).<\/div>\n<div>Unions\/Fittings<\/div>\n<div>Specially designed fittings are available, to achieve optimum connections<\/div>\n<div>Contact us for more information on.<\/div>\n<div>Additional Information<\/div>\n<div>Available in random lengths: 10\/-95m.<\/div>\n<div>Her teslimat hacminin %50&#8217;si rastgele uzunluklarda olacak, en k\u0131sa uzunluk 10m, en az %50<\/div>\n<div>shall be of fixed length specified in the table.<\/div>\n<div><\/div>\n<div>\n<div class=\"video video-fit mb\" style=\"padding-top:56.25%;\"><p><iframe loading=\"lazy\" title=\"Which Food Hose should we choose?\" width=\"1020\" height=\"574\" src=\"https:\/\/www.youtube.com\/embed\/1RIgy8WF1Ao?feature=oembed\" frameborder=\"0\" allow=\"accelerometer; autoplay; clipboard-write; encrypted-media; gyroscope; picture-in-picture; web-share\" referrerpolicy=\"strict-origin-when-cross-origin\" allowfullscreen><\/iframe><\/p>\n<\/div>\n<div class=\"video video-fit mb\" style=\"padding-top:56.25%;\"><p><iframe loading=\"lazy\" title=\"Measurement Confusion (Inch, Finger, Haze, Millimeter)\" width=\"1020\" height=\"574\" src=\"https:\/\/www.youtube.com\/embed\/uKk6AG_AZls?feature=oembed\" frameborder=\"0\" allow=\"accelerometer; autoplay; clipboard-write; encrypted-media; gyroscope; picture-in-picture; web-share\" referrerpolicy=\"strict-origin-when-cross-origin\" allowfullscreen><\/iframe><\/p>\n<\/div>\n<\/div>\n<p><img data-recalc-dims=\"1\" loading=\"lazy\" decoding=\"async\" class=\"alignnone size-medium wp-image-2077\" src=\"https:\/\/i0.wp.com\/hortum.com.tr\/wp-content\/uploads\/urunler\/trelleborg\/Trelleborg-TRELLJET-681-Antimicrobial-Protection-800x88.jpg?resize=800%2C88\" alt=\"\" width=\"800\" height=\"88\" title=\"\" srcset=\"https:\/\/i0.wp.com\/tuzlahortum.com.tr\/wp-content\/uploads\/urunler\/trelleborg\/Trelleborg-TRELLJET-681-Antimicrobial-Protection.jpg?resize=800%2C88&amp;ssl=1 800w, https:\/\/i0.wp.com\/tuzlahortum.com.tr\/wp-content\/uploads\/urunler\/trelleborg\/Trelleborg-TRELLJET-681-Antimicrobial-Protection.jpg?resize=768%2C84&amp;ssl=1 768w, https:\/\/i0.wp.com\/tuzlahortum.com.tr\/wp-content\/uploads\/urunler\/trelleborg\/Trelleborg-TRELLJET-681-Antimicrobial-Protection.jpg?resize=600%2C66&amp;ssl=1 600w, https:\/\/i0.wp.com\/tuzlahortum.com.tr\/wp-content\/uploads\/urunler\/trelleborg\/Trelleborg-TRELLJET-681-Antimicrobial-Protection.jpg?w=855&amp;ssl=1 855w\" sizes=\"auto, (max-width: 800px) 100vw, 800px\" \/><\/p>","protected":false},"excerpt":{"rendered":"<p>Trelleborg TRELLJET 681 Antimicrobial Protection G\u0131da End\u00fcstrisi\/Y\u00fcksek bas\u0131n\u00e7l\u0131 p\u00fcsk\u00fcrtme \u00d6zel olarak profesyonel ve end\u00fcstriyel y\u00fcksek bas\u0131n\u00e7l\u0131 temizlik i\u00e7in tasarlanm\u0131\u015ft\u0131r. Antimikrobiyel TRELLJET 681 bakteri \u00fcremesinin s\u00f6z konusu oldu\u011fu t\u00fcm ortamlar i\u00e7in uygundur: temizlik \u015firketleri, g\u0131da end\u00fcstrileri, farmas\u00f6tik, ambalajlama\/\u015fi\u015feleme, sa\u011fl\u0131k tesisleri, okullar, vs. Mobil bas\u0131n\u00e7l\u0131 y\u0131kay\u0131c\u0131lar, sabit tesisatlar ve tekerle\u011fe monte uygulamalar\u00a0i\u00e7in uygundur. Avantajlar *Ezilmeye kar\u015f\u0131 dayan\u0131kl\u0131d\u0131r. [&#8230;]\n","protected":false},"featured_media":2680,"comment_status":"open","ping_status":"closed","template":"","meta":{"jetpack_post_was_ever_published":false},"product_brand":[],"product_cat":[194],"product_tag":[563,567,556,568,558,561,560,565,559,566,564,555,525,562,557],"class_list":{"0":"post-645","1":"product","2":"type-product","3":"status-publish","4":"has-post-thumbnail","6":"product_cat-gida-endustrisi-yuksek-basincli-puskurtme-hortumlari","7":"product_tag-ambalajlama","8":"product_tag-antimikrobiyel","9":"product_tag-asinmaya-yuksek-dayanim","10":"product_tag-bakteri","11":"product_tag-basinc","12":"product_tag-farmasotik","13":"product_tag-gida-endustrisi","14":"product_tag-okullar","15":"product_tag-puskurtme","16":"product_tag-saglik-tesisleri","17":"product_tag-siseleme","18":"product_tag-su","19":"product_tag-temizlik","20":"product_tag-temizlik-sirketleri","21":"product_tag-yuksek","23":"first","24":"instock","25":"taxable","26":"shipping-taxable","27":"product-type-variable"},"jetpack-related-posts":[],"jetpack_sharing_enabled":true,"jetpack_likes_enabled":true,"_links":{"self":[{"href":"https:\/\/tuzlahortum.com.tr\/en\/wp-json\/wp\/v2\/product\/645","targetHints":{"allow":["GET"]}}],"collection":[{"href":"https:\/\/tuzlahortum.com.tr\/en\/wp-json\/wp\/v2\/product"}],"about":[{"href":"https:\/\/tuzlahortum.com.tr\/en\/wp-json\/wp\/v2\/types\/product"}],"replies":[{"embeddable":true,"href":"https:\/\/tuzlahortum.com.tr\/en\/wp-json\/wp\/v2\/comments?post=645"}],"wp:featuredmedia":[{"embeddable":true,"href":"https:\/\/tuzlahortum.com.tr\/en\/wp-json\/wp\/v2\/media\/2680"}],"wp:attachment":[{"href":"https:\/\/tuzlahortum.com.tr\/en\/wp-json\/wp\/v2\/media?parent=645"}],"wp:term":[{"taxonomy":"product_brand","embeddable":true,"href":"https:\/\/tuzlahortum.com.tr\/en\/wp-json\/wp\/v2\/product_brand?post=645"},{"taxonomy":"product_cat","embeddable":true,"href":"https:\/\/tuzlahortum.com.tr\/en\/wp-json\/wp\/v2\/product_cat?post=645"},{"taxonomy":"product_tag","embeddable":true,"href":"https:\/\/tuzlahortum.com.tr\/en\/wp-json\/wp\/v2\/product_tag?post=645"}],"curies":[{"name":"wp","href":"https:\/\/api.w.org\/{rel}","templated":true}]}}