{"id":643,"date":"2019-02-06T23:51:59","date_gmt":"2019-02-06T20:51:59","guid":{"rendered":"http:\/\/hortum.com.tr\/product\/import-placeholder-for-538\/"},"modified":"2024-03-21T17:44:30","modified_gmt":"2024-03-21T14:44:30","slug":"trelleborg-vendange","status":"publish","type":"product","link":"https:\/\/tuzlahortum.com.tr\/en\/product\/trelleborg-vendange\/","title":{"rendered":"Trelleborg VENDANGE"},"content":{"rendered":"<h2>Trelleborg VENDANGE<\/h2>\n<div>Food Industry\/Transfer<\/div>\n<div>Specially designed for the transfer of fresh grapes in the wine production industries.<\/div>\n<div>Advantages<\/div>\n<div>*Unique flexibility and easy handling.<\/div>\n<div>*Requires low force during pulling due to smooth coating.<\/div>\n<div>*Smooth surface suitable for use in food, seamless inner tube prevents the formation of bacteria.<\/div>\n<div>*Provides durability in cleaning with detergents or steam at temperatures up to 110\u00b0C (maximum 10 minutes).<\/div>\n<div>* Non-marking coating.<\/div>\n<div>* Does not contain phthalates.<\/div>\n<div>technical description<\/div>\n<div>Inner tube : Food grade, NR, white, straight.<\/div>\n<div>Reinforcement: synthetic textile with embedded steel spring.<\/div>\n<div>Coating : special polymer based, red.<\/div>\n<div>Temperature range: -30\u00b0C to +80\u00b0C.<\/div>\n<div>Standard\/Approval: EU regulations 1935\/2004 and 2023\/2006 FDA regulation 21 CFR 177.2600.<\/div>\n<div>Unions\/Fittings<\/div>\n<div>Specially designed fittings are available, to achieve optimum connections<\/div>\n<div>Contact us for more information on.<\/div>\n<div><\/div>\n<div>\n<div class=\"video video-fit mb\" style=\"padding-top:56.25%;\"><p><iframe loading=\"lazy\" title=\"Which Food Hose should we choose?\" width=\"1020\" height=\"574\" src=\"https:\/\/www.youtube.com\/embed\/1RIgy8WF1Ao?feature=oembed\" frameborder=\"0\" allow=\"accelerometer; autoplay; clipboard-write; encrypted-media; gyroscope; picture-in-picture; web-share\" referrerpolicy=\"strict-origin-when-cross-origin\" allowfullscreen><\/iframe><\/p>\n<\/div>\n<div class=\"video video-fit mb\" style=\"padding-top:56.25%;\"><p><iframe loading=\"lazy\" title=\"Measurement Confusion (Inch, Finger, Haze, Millimeter)\" width=\"1020\" height=\"574\" src=\"https:\/\/www.youtube.com\/embed\/uKk6AG_AZls?feature=oembed\" frameborder=\"0\" allow=\"accelerometer; autoplay; clipboard-write; encrypted-media; gyroscope; picture-in-picture; web-share\" referrerpolicy=\"strict-origin-when-cross-origin\" allowfullscreen><\/iframe><\/p>\n<\/div>\n<\/div>\n<p><img data-recalc-dims=\"1\" loading=\"lazy\" decoding=\"async\" class=\"alignnone size-medium wp-image-2075\" src=\"https:\/\/i0.wp.com\/hortum.com.tr\/wp-content\/uploads\/urunler\/trelleborg\/Trelleborg-VENDANGE-800x94.jpg?resize=800%2C94\" alt=\"\" width=\"800\" height=\"94\" title=\"\" srcset=\"https:\/\/i0.wp.com\/tuzlahortum.com.tr\/wp-content\/uploads\/urunler\/trelleborg\/Trelleborg-VENDANGE.jpg?resize=800%2C94&amp;ssl=1 800w, https:\/\/i0.wp.com\/tuzlahortum.com.tr\/wp-content\/uploads\/urunler\/trelleborg\/Trelleborg-VENDANGE.jpg?resize=768%2C91&amp;ssl=1 768w, https:\/\/i0.wp.com\/tuzlahortum.com.tr\/wp-content\/uploads\/urunler\/trelleborg\/Trelleborg-VENDANGE.jpg?resize=600%2C71&amp;ssl=1 600w, https:\/\/i0.wp.com\/tuzlahortum.com.tr\/wp-content\/uploads\/urunler\/trelleborg\/Trelleborg-VENDANGE.jpg?w=830&amp;ssl=1 830w\" sizes=\"auto, (max-width: 800px) 100vw, 800px\" \/><\/p>","protected":false},"excerpt":{"rendered":"<p>Trelleborg VENDANGE G\u0131da End\u00fcstrisi\/Transfer \u015earap \u00fcretim end\u00fcstrilerinde taze \u00fcz\u00fcm\u00fcn aktar\u0131lmas\u0131 i\u00e7in \u00f6zel olarak tasarlanm\u0131\u015ft\u0131r. Avantajlar *Benzersiz esneklik ve kolay ta\u015f\u0131ma. *P\u00fcr\u00fczs\u00fcz kaplamadan dolay\u0131 \u00e7ekme esnas\u0131nda d\u00fc\u015f\u00fck kuvvet gerektirir. *G\u0131dada kullan\u0131ma uygun d\u00fczg\u00fcn y\u00fczeyli, eksiz i\u00e7 lastik bakteri olu\u015fumunu engeller. *Deterjanlar veya 110\u00b0C&#8217;ye kadar olan s\u0131cakl\u0131klardaki buhar ile (maksimum 10 dakika)\u00a0yap\u0131lan temizlikte dayan\u0131m sa\u011flar. *\u0130z b\u0131rakmayan [&#8230;]\n","protected":false},"featured_media":2682,"comment_status":"open","ping_status":"closed","template":"","meta":{"jetpack_post_was_ever_published":false},"product_brand":[],"product_cat":[193],"product_tag":[537,294,402,290,533,552,551,535,532,534,536],"class_list":{"0":"post-643","1":"product","2":"type-product","3":"status-publish","4":"has-post-thumbnail","6":"product_cat-gida-endustrisi-transfer-hortumlari","7":"product_tag-bosaltma","8":"product_tag-dayanikli","9":"product_tag-gida","10":"product_tag-hortum","11":"product_tag-icecekler","12":"product_tag-sarap-uretim","13":"product_tag-taze-uzum-aktarma","14":"product_tag-tesis","15":"product_tag-transfer","16":"product_tag-uretim","17":"product_tag-yukleme","19":"first","20":"instock","21":"taxable","22":"shipping-taxable","23":"product-type-variable"},"jetpack-related-posts":[],"jetpack_sharing_enabled":true,"jetpack_likes_enabled":true,"_links":{"self":[{"href":"https:\/\/tuzlahortum.com.tr\/en\/wp-json\/wp\/v2\/product\/643","targetHints":{"allow":["GET"]}}],"collection":[{"href":"https:\/\/tuzlahortum.com.tr\/en\/wp-json\/wp\/v2\/product"}],"about":[{"href":"https:\/\/tuzlahortum.com.tr\/en\/wp-json\/wp\/v2\/types\/product"}],"replies":[{"embeddable":true,"href":"https:\/\/tuzlahortum.com.tr\/en\/wp-json\/wp\/v2\/comments?post=643"}],"wp:featuredmedia":[{"embeddable":true,"href":"https:\/\/tuzlahortum.com.tr\/en\/wp-json\/wp\/v2\/media\/2682"}],"wp:attachment":[{"href":"https:\/\/tuzlahortum.com.tr\/en\/wp-json\/wp\/v2\/media?parent=643"}],"wp:term":[{"taxonomy":"product_brand","embeddable":true,"href":"https:\/\/tuzlahortum.com.tr\/en\/wp-json\/wp\/v2\/product_brand?post=643"},{"taxonomy":"product_cat","embeddable":true,"href":"https:\/\/tuzlahortum.com.tr\/en\/wp-json\/wp\/v2\/product_cat?post=643"},{"taxonomy":"product_tag","embeddable":true,"href":"https:\/\/tuzlahortum.com.tr\/en\/wp-json\/wp\/v2\/product_tag?post=643"}],"curies":[{"name":"wp","href":"https:\/\/api.w.org\/{rel}","templated":true}]}}