{"id":635,"date":"2019-02-06T23:46:53","date_gmt":"2019-02-06T20:46:53","guid":{"rendered":"http:\/\/hortum.com.tr\/product\/import-placeholder-for-530\/"},"modified":"2024-03-21T17:44:36","modified_gmt":"2024-03-21T14:44:36","slug":"trelleborg-alcodial","status":"publish","type":"product","link":"https:\/\/tuzlahortum.com.tr\/en\/product\/trelleborg-alcodial\/","title":{"rendered":"Trelleborg ALCODIAL"},"content":{"rendered":"<h2>Trelleborg ALCODIAL<\/h2>\n<div>Food Industry\/Transfer<\/div>\n<div>\u00d6zellikle %99&#8217;a kadar olan alkol\u00fcn ta\u015f\u0131nmas\u0131 i\u00e7in uyarlanm\u0131\u015ft\u0131r.<\/div>\n<div>Wine, beer, brandy and spirits, juice, milk, etc. Suitable for all drinks, including<\/div>\n<div>\u2013 Production facilities (distillery, alcoholic beverage and liquor producers, etc.),<\/div>\n<div>\u2013 designed for equipment used in road and rail tankers loading and unloading areas.<\/div>\n<div>Advantages<\/div>\n<div>*Highly flexible and break resistant hose.<\/div>\n<div>*UPE allows for temporary holding of alcohol without the risk of tube leakage.<\/div>\n<div>* Odor and taste-free inner tube.<\/div>\n<div>* Non-marking, wear-resistant coating.<\/div>\n<div>*Does not contain phthalates.<\/div>\n<div>*The hose has been tested and approved by the British authorities for the transport of cold (max.23\u00b0C) drinking water.<\/div>\n<div>technical description<\/div>\n<div>Inner tube: Food grade, UPE, white, straight.<\/div>\n<div>Reinforcement: synthetic textile with embedded steel spring.<\/div>\n<div>Coating : NR, blue, fabric look.<\/div>\n<div>Temperature range: -30\u00b0C to +80\u00b0C.<\/div>\n<div>Standard\/Approval :<\/div>\n<div>In food products: EU regulations 1935\/2004, 2023\/2006, 10\/2011,<\/div>\n<div>\u2013 FDA regulation,<\/div>\n<div>\u2013 French legislation.<\/div>\n<div>All relevant pass tests (France and FDA) have been conducted and approved by the French institute of Poitiers (IANESCO).<\/div>\n<div>For drinking water: WRAS, BS 6920:2000, cold water use.<\/div>\n<div>Unions\/Fittings<\/div>\n<div>Specially designed fittings are available, to achieve optimum connections<\/div>\n<div>Contact us for more information on.<\/div>\n<div><\/div>\n<div>\n<div class=\"video video-fit mb\" style=\"padding-top:56.25%;\"><p><iframe loading=\"lazy\" title=\"Which Food Hose should we choose?\" width=\"1020\" height=\"574\" src=\"https:\/\/www.youtube.com\/embed\/1RIgy8WF1Ao?feature=oembed\" frameborder=\"0\" allow=\"accelerometer; autoplay; clipboard-write; encrypted-media; gyroscope; picture-in-picture; web-share\" referrerpolicy=\"strict-origin-when-cross-origin\" allowfullscreen><\/iframe><\/p>\n<\/div>\n<div class=\"video video-fit mb\" style=\"padding-top:56.25%;\"><p><iframe loading=\"lazy\" title=\"Measurement Confusion (Inch, Finger, Haze, Millimeter)\" width=\"1020\" height=\"574\" src=\"https:\/\/www.youtube.com\/embed\/uKk6AG_AZls?feature=oembed\" frameborder=\"0\" allow=\"accelerometer; autoplay; clipboard-write; encrypted-media; gyroscope; picture-in-picture; web-share\" referrerpolicy=\"strict-origin-when-cross-origin\" allowfullscreen><\/iframe><\/p>\n<\/div>\n<\/div>\n<p><img data-recalc-dims=\"1\" loading=\"lazy\" decoding=\"async\" class=\"alignnone size-medium wp-image-2141\" src=\"https:\/\/i0.wp.com\/hortum.com.tr\/wp-content\/uploads\/urunler\/trelleborg\/Trelleborg-ALCODIAL-800x162.jpg?resize=800%2C162\" alt=\"\" width=\"800\" height=\"162\" title=\"\" srcset=\"https:\/\/i0.wp.com\/tuzlahortum.com.tr\/wp-content\/uploads\/urunler\/trelleborg\/Trelleborg-ALCODIAL.jpg?resize=800%2C162&amp;ssl=1 800w, https:\/\/i0.wp.com\/tuzlahortum.com.tr\/wp-content\/uploads\/urunler\/trelleborg\/Trelleborg-ALCODIAL.jpg?resize=768%2C156&amp;ssl=1 768w, https:\/\/i0.wp.com\/tuzlahortum.com.tr\/wp-content\/uploads\/urunler\/trelleborg\/Trelleborg-ALCODIAL.jpg?resize=600%2C122&amp;ssl=1 600w, https:\/\/i0.wp.com\/tuzlahortum.com.tr\/wp-content\/uploads\/urunler\/trelleborg\/Trelleborg-ALCODIAL.jpg?w=847&amp;ssl=1 847w\" sizes=\"auto, (max-width: 800px) 100vw, 800px\" \/><\/p>","protected":false},"excerpt":{"rendered":"<p>Trelleborg ALCODIAL G\u0131da End\u00fcstrisi\/Transfer \u00d6zellikle %99&#8217;a kadar olan alkol\u00fcn ta\u015f\u0131nmas\u0131 i\u00e7in uyarlanm\u0131\u015ft\u0131r. \u015earap, bira, brandy ve alkoll\u00fc i\u00e7ecekler, meyve suyu, s\u00fct, vs. dahil t\u00fcm i\u00e7ecekler i\u00e7in uygundur. &#8211; \u00dcretim tesislerinde (dam\u0131tma, alkoll\u00fc i\u00e7ecek ve lik\u00f6r \u00fcreticileri, vs.), &#8211; karayolu ve demiryolu tankerleri y\u00fckleme ve bo\u015faltma alanlar\u0131nda kullan\u0131lan ekipmanlar i\u00e7in\u00a0tasarlanm\u0131\u015ft\u0131r. Avantajlar *Olduk\u00e7a esnek ve k\u0131r\u0131lmaya kar\u015f\u0131 [&#8230;]\n","protected":false},"featured_media":2615,"comment_status":"open","ping_status":"closed","template":"","meta":{"jetpack_post_was_ever_published":false},"product_brand":[],"product_cat":[193],"product_tag":[537,294,402,290,533,535,532,534,536],"class_list":{"0":"post-635","1":"product","2":"type-product","3":"status-publish","4":"has-post-thumbnail","6":"product_cat-gida-endustrisi-transfer-hortumlari","7":"product_tag-bosaltma","8":"product_tag-dayanikli","9":"product_tag-gida","10":"product_tag-hortum","11":"product_tag-icecekler","12":"product_tag-tesis","13":"product_tag-transfer","14":"product_tag-uretim","15":"product_tag-yukleme","17":"first","18":"instock","19":"taxable","20":"shipping-taxable","21":"product-type-variable"},"jetpack-related-posts":[],"jetpack_sharing_enabled":true,"jetpack_likes_enabled":true,"_links":{"self":[{"href":"https:\/\/tuzlahortum.com.tr\/en\/wp-json\/wp\/v2\/product\/635","targetHints":{"allow":["GET"]}}],"collection":[{"href":"https:\/\/tuzlahortum.com.tr\/en\/wp-json\/wp\/v2\/product"}],"about":[{"href":"https:\/\/tuzlahortum.com.tr\/en\/wp-json\/wp\/v2\/types\/product"}],"replies":[{"embeddable":true,"href":"https:\/\/tuzlahortum.com.tr\/en\/wp-json\/wp\/v2\/comments?post=635"}],"wp:featuredmedia":[{"embeddable":true,"href":"https:\/\/tuzlahortum.com.tr\/en\/wp-json\/wp\/v2\/media\/2615"}],"wp:attachment":[{"href":"https:\/\/tuzlahortum.com.tr\/en\/wp-json\/wp\/v2\/media?parent=635"}],"wp:term":[{"taxonomy":"product_brand","embeddable":true,"href":"https:\/\/tuzlahortum.com.tr\/en\/wp-json\/wp\/v2\/product_brand?post=635"},{"taxonomy":"product_cat","embeddable":true,"href":"https:\/\/tuzlahortum.com.tr\/en\/wp-json\/wp\/v2\/product_cat?post=635"},{"taxonomy":"product_tag","embeddable":true,"href":"https:\/\/tuzlahortum.com.tr\/en\/wp-json\/wp\/v2\/product_tag?post=635"}],"curies":[{"name":"wp","href":"https:\/\/api.w.org\/{rel}","templated":true}]}}