{"id":633,"date":"2019-02-06T23:46:52","date_gmt":"2019-02-06T20:46:52","guid":{"rendered":"http:\/\/hortum.com.tr\/product\/import-placeholder-for-526\/"},"modified":"2024-03-21T17:44:38","modified_gmt":"2024-03-21T14:44:38","slug":"trelleborg-biovast","status":"publish","type":"product","link":"https:\/\/tuzlahortum.com.tr\/en\/product\/trelleborg-biovast\/","title":{"rendered":"Trelleborg BIOVAST"},"content":{"rendered":"<h2>Trelleborg BIOVAST<\/h2>\n<div>Food Industry\/Cleaning<\/div>\n<div>Steam cleaning at +165 \u00b0C and hot water washing in food processing plants.<\/div>\n<div>Transport of hot liquid foodstuffs. Suitable for wheel mounted applications.<\/div>\n<div>Advantages<\/div>\n<div>* Dairies, canneries, fish markets, etc. It is a specially designed hose.<\/div>\n<div>* Extremely flexible.<\/div>\n<div>*Stain-repellent coating compound.<\/div>\n<div>* Resistant to animal and vegetable oils.<\/div>\n<div>*Does not contain phthalates.<\/div>\n<div>technical description<\/div>\n<div>Inner tube : Food grade, oil resistant, NBR, white, plain.<\/div>\n<div>Reinforcement: synthetic textile.<\/div>\n<div>Coating : oil and aging resistant NBR\/PVC, blue, plain.<\/div>\n<div>Temperature range :<\/div>\n<div>Water : -20\u00b0C to +100\u00b0C, \u00c7B=20bar.<\/div>\n<div>Saturated or superheated steam: +165 \u00b0C\/6bar..<\/div>\n<div>Standard\/Approval :<\/div>\n<div>EU regulations 1935\/2004 and 2023\/2006 FDA regulation 21 CFR 177.2600.<\/div>\n<div>German legislation: BfR recommendation XXI cat. 2. French legislation.<\/div>\n<div>All relevant pass tests (France and FDA) by the French institute of Poitiers (IANESCO)<\/div>\n<div>has been made and its suitability has been confirmed.<\/div>\n<div>Unions\/Fittings<\/div>\n<div>Specially designed fittings are available, to achieve optimum connections<\/div>\n<div>Contact us for more information on.<\/div>\n<div><\/div>\n<div>\n<div class=\"video video-fit mb\" style=\"padding-top:56.25%;\"><p><iframe loading=\"lazy\" title=\"Which Food Hose should we choose?\" width=\"1020\" height=\"574\" src=\"https:\/\/www.youtube.com\/embed\/1RIgy8WF1Ao?feature=oembed\" frameborder=\"0\" allow=\"accelerometer; autoplay; clipboard-write; encrypted-media; gyroscope; picture-in-picture; web-share\" referrerpolicy=\"strict-origin-when-cross-origin\" allowfullscreen><\/iframe><\/p>\n<\/div>\n<div class=\"video video-fit mb\" style=\"padding-top:56.25%;\"><p><iframe loading=\"lazy\" title=\"Measurement Confusion (Inch, Finger, Haze, Millimeter)\" width=\"1020\" height=\"574\" src=\"https:\/\/www.youtube.com\/embed\/uKk6AG_AZls?feature=oembed\" frameborder=\"0\" allow=\"accelerometer; autoplay; clipboard-write; encrypted-media; gyroscope; picture-in-picture; web-share\" referrerpolicy=\"strict-origin-when-cross-origin\" allowfullscreen><\/iframe><\/p>\n<\/div>\n<\/div>\n<p><img data-recalc-dims=\"1\" loading=\"lazy\" decoding=\"async\" class=\"alignnone size-medium wp-image-2132\" src=\"https:\/\/i0.wp.com\/hortum.com.tr\/wp-content\/uploads\/urunler\/trelleborg\/Trelleborg-BIOVAST-800x124.jpg?resize=800%2C124\" alt=\"\" width=\"800\" height=\"124\" title=\"\" srcset=\"https:\/\/i0.wp.com\/tuzlahortum.com.tr\/wp-content\/uploads\/urunler\/trelleborg\/Trelleborg-BIOVAST.jpg?resize=800%2C124&amp;ssl=1 800w, https:\/\/i0.wp.com\/tuzlahortum.com.tr\/wp-content\/uploads\/urunler\/trelleborg\/Trelleborg-BIOVAST.jpg?resize=768%2C119&amp;ssl=1 768w, https:\/\/i0.wp.com\/tuzlahortum.com.tr\/wp-content\/uploads\/urunler\/trelleborg\/Trelleborg-BIOVAST.jpg?resize=600%2C93&amp;ssl=1 600w, https:\/\/i0.wp.com\/tuzlahortum.com.tr\/wp-content\/uploads\/urunler\/trelleborg\/Trelleborg-BIOVAST.jpg?w=845&amp;ssl=1 845w\" sizes=\"auto, (max-width: 800px) 100vw, 800px\" \/><\/p>","protected":false},"excerpt":{"rendered":"<p>Trelleborg BIOVAST G\u0131da End\u00fcstrisi\/Temizlik +165\u00b0C s\u0131cakl\u0131klarda buharla temizleme ve g\u0131da i\u015fleme tesislerinde s\u0131cak su ile y\u0131kama. S\u0131cak s\u0131v\u0131 g\u0131da maddelerinin ta\u015f\u0131nmas\u0131. Tekerlek \u00fczerine monte uygulamalar i\u00e7in uygundur. Avantajlar *Mand\u0131ralar, konserve fabrikalar\u0131, bal\u0131k pazarlar\u0131, vs. \u00f6zel olarak tasarlanm\u0131\u015f bir hortumdur. *Son derece esnek. *Leke tutmayan kaplama bile\u015fi\u011fi. *Hayvansal ve nebati ya\u011flara kar\u015f\u0131 dayan\u0131kl\u0131. *Ftalat i\u00e7ermez. Teknik [&#8230;]\n","protected":false},"featured_media":2625,"comment_status":"open","ping_status":"closed","template":"","meta":{"jetpack_post_was_ever_published":false},"product_brand":[],"product_cat":[192],"product_tag":[294,402,290,525],"class_list":{"0":"post-633","1":"product","2":"type-product","3":"status-publish","4":"has-post-thumbnail","6":"product_cat-gida-endustrisi-temizlik-hortumlari","7":"product_tag-dayanikli","8":"product_tag-gida","9":"product_tag-hortum","10":"product_tag-temizlik","12":"first","13":"instock","14":"taxable","15":"shipping-taxable","16":"product-type-variable"},"jetpack-related-posts":[],"jetpack_sharing_enabled":true,"jetpack_likes_enabled":true,"_links":{"self":[{"href":"https:\/\/tuzlahortum.com.tr\/en\/wp-json\/wp\/v2\/product\/633","targetHints":{"allow":["GET"]}}],"collection":[{"href":"https:\/\/tuzlahortum.com.tr\/en\/wp-json\/wp\/v2\/product"}],"about":[{"href":"https:\/\/tuzlahortum.com.tr\/en\/wp-json\/wp\/v2\/types\/product"}],"replies":[{"embeddable":true,"href":"https:\/\/tuzlahortum.com.tr\/en\/wp-json\/wp\/v2\/comments?post=633"}],"wp:featuredmedia":[{"embeddable":true,"href":"https:\/\/tuzlahortum.com.tr\/en\/wp-json\/wp\/v2\/media\/2625"}],"wp:attachment":[{"href":"https:\/\/tuzlahortum.com.tr\/en\/wp-json\/wp\/v2\/media?parent=633"}],"wp:term":[{"taxonomy":"product_brand","embeddable":true,"href":"https:\/\/tuzlahortum.com.tr\/en\/wp-json\/wp\/v2\/product_brand?post=633"},{"taxonomy":"product_cat","embeddable":true,"href":"https:\/\/tuzlahortum.com.tr\/en\/wp-json\/wp\/v2\/product_cat?post=633"},{"taxonomy":"product_tag","embeddable":true,"href":"https:\/\/tuzlahortum.com.tr\/en\/wp-json\/wp\/v2\/product_tag?post=633"}],"curies":[{"name":"wp","href":"https:\/\/api.w.org\/{rel}","templated":true}]}}