{"id":631,"date":"2019-02-06T23:46:52","date_gmt":"2019-02-06T20:46:52","guid":{"rendered":"http:\/\/hortum.com.tr\/product\/import-placeholder-for-525\/"},"modified":"2024-03-21T17:44:39","modified_gmt":"2024-03-21T14:44:39","slug":"trelleborg-bergalav","status":"publish","type":"product","link":"https:\/\/tuzlahortum.com.tr\/en\/product\/trelleborg-bergalav\/","title":{"rendered":"Trelleborg BERGALAV"},"content":{"rendered":"<h2>Trelleborg BERGALAV<\/h2>\n<div>Food Industry\/Cleaning<\/div>\n<div>Food for temporary use at steam temperatures up to 160\u00b0C<\/div>\n<div>for cleaning with hot water in processing plants.<\/div>\n<div>Advantages<\/div>\n<div>* Extremely flexible.<\/div>\n<div>*Specially designed to hang on pulleys.<\/div>\n<div>*Does not contain phthalates.<\/div>\n<div>technical description<\/div>\n<div>Inner tube : Food grade, EPDM, white, plain.<\/div>\n<div>Reinforcement: synthetic textile.<\/div>\n<div>Coating: weatherproof EPDM, blue, plain.<\/div>\n<div>Temperature range: -30\u00b0C to +160\u00b0C.<\/div>\n<div>Standard\/Approval :<\/div>\n<div>EU regulations 1935\/2004 and 2023\/2006 FDA regulation 21 CFR 177.2600.<\/div>\n<div>French legislation.<\/div>\n<div>All relevant pass tests (France and FDA) by the French institute of Poitiers (IANESCO)<\/div>\n<div>has been made and its suitability has been confirmed.<\/div>\n<div>Unions\/Fittings<\/div>\n<div>Specially designed fittings are available, to achieve optimum connections<\/div>\n<div>Contact us for more information on.<\/div>\n<div><\/div>\n<div>\n<div class=\"video video-fit mb\" style=\"padding-top:56.25%;\"><p><iframe loading=\"lazy\" title=\"Which Food Hose should we choose?\" width=\"1020\" height=\"574\" src=\"https:\/\/www.youtube.com\/embed\/1RIgy8WF1Ao?feature=oembed\" frameborder=\"0\" allow=\"accelerometer; autoplay; clipboard-write; encrypted-media; gyroscope; picture-in-picture; web-share\" referrerpolicy=\"strict-origin-when-cross-origin\" allowfullscreen><\/iframe><\/p>\n<\/div>\n<div class=\"video video-fit mb\" style=\"padding-top:56.25%;\"><p><iframe loading=\"lazy\" title=\"Measurement Confusion (Inch, Finger, Haze, Millimeter)\" width=\"1020\" height=\"574\" src=\"https:\/\/www.youtube.com\/embed\/uKk6AG_AZls?feature=oembed\" frameborder=\"0\" allow=\"accelerometer; autoplay; clipboard-write; encrypted-media; gyroscope; picture-in-picture; web-share\" referrerpolicy=\"strict-origin-when-cross-origin\" allowfullscreen><\/iframe><\/p>\n<\/div>\n<\/div>\n<p><img data-recalc-dims=\"1\" loading=\"lazy\" decoding=\"async\" class=\"alignnone size-medium wp-image-2128\" src=\"https:\/\/i0.wp.com\/hortum.com.tr\/wp-content\/uploads\/urunler\/trelleborg\/Trelleborg-Bergalav-800x148.jpg?resize=800%2C148\" alt=\"\" width=\"800\" height=\"148\" title=\"\" srcset=\"https:\/\/i0.wp.com\/tuzlahortum.com.tr\/wp-content\/uploads\/urunler\/trelleborg\/Trelleborg-Bergalav.jpg?resize=800%2C148&amp;ssl=1 800w, https:\/\/i0.wp.com\/tuzlahortum.com.tr\/wp-content\/uploads\/urunler\/trelleborg\/Trelleborg-Bergalav.jpg?resize=768%2C142&amp;ssl=1 768w, https:\/\/i0.wp.com\/tuzlahortum.com.tr\/wp-content\/uploads\/urunler\/trelleborg\/Trelleborg-Bergalav.jpg?resize=600%2C111&amp;ssl=1 600w, https:\/\/i0.wp.com\/tuzlahortum.com.tr\/wp-content\/uploads\/urunler\/trelleborg\/Trelleborg-Bergalav.jpg?w=832&amp;ssl=1 832w\" sizes=\"auto, (max-width: 800px) 100vw, 800px\" \/><\/p>","protected":false},"excerpt":{"rendered":"<p>Trelleborg BERGALAV G\u0131da End\u00fcstrisi\/Temizlik 160\u00b0C&#8217;ye kadar olan buhar s\u0131cakl\u0131klar\u0131nda ge\u00e7ici olarak kullan\u0131m\u0131n s\u00f6z konusu oldu\u011fu g\u0131da i\u015fleme tesislerinde s\u0131cak su ile temizlik i\u00e7in. Avantajlar *Son derece esnek. *Kasnaklar \u00fczerinde sar\u0131l\u0131 durmas\u0131 i\u00e7in \u00f6zel olarak tasarlanm\u0131\u015ft\u0131r. *Ftalat i\u00e7ermez. Teknik a\u00e7\u0131klama \u0130\u00e7 t\u00fcp :\u00a0G\u0131daya uygun kalitede, EPDM, beyaz, d\u00fcz. Takviye :\u00a0sentetik tekstil. Kaplama :\u00a0hava ko\u015fullar\u0131na dayan\u0131kl\u0131 EPDM, [&#8230;]\n","protected":false},"featured_media":2623,"comment_status":"open","ping_status":"closed","template":"","meta":{"jetpack_post_was_ever_published":false},"product_brand":[],"product_cat":[192],"product_tag":[294,402,290,525],"class_list":{"0":"post-631","1":"product","2":"type-product","3":"status-publish","4":"has-post-thumbnail","6":"product_cat-gida-endustrisi-temizlik-hortumlari","7":"product_tag-dayanikli","8":"product_tag-gida","9":"product_tag-hortum","10":"product_tag-temizlik","12":"first","13":"instock","14":"taxable","15":"shipping-taxable","16":"product-type-variable"},"jetpack-related-posts":[],"jetpack_sharing_enabled":true,"jetpack_likes_enabled":true,"_links":{"self":[{"href":"https:\/\/tuzlahortum.com.tr\/en\/wp-json\/wp\/v2\/product\/631","targetHints":{"allow":["GET"]}}],"collection":[{"href":"https:\/\/tuzlahortum.com.tr\/en\/wp-json\/wp\/v2\/product"}],"about":[{"href":"https:\/\/tuzlahortum.com.tr\/en\/wp-json\/wp\/v2\/types\/product"}],"replies":[{"embeddable":true,"href":"https:\/\/tuzlahortum.com.tr\/en\/wp-json\/wp\/v2\/comments?post=631"}],"wp:featuredmedia":[{"embeddable":true,"href":"https:\/\/tuzlahortum.com.tr\/en\/wp-json\/wp\/v2\/media\/2623"}],"wp:attachment":[{"href":"https:\/\/tuzlahortum.com.tr\/en\/wp-json\/wp\/v2\/media?parent=631"}],"wp:term":[{"taxonomy":"product_brand","embeddable":true,"href":"https:\/\/tuzlahortum.com.tr\/en\/wp-json\/wp\/v2\/product_brand?post=631"},{"taxonomy":"product_cat","embeddable":true,"href":"https:\/\/tuzlahortum.com.tr\/en\/wp-json\/wp\/v2\/product_cat?post=631"},{"taxonomy":"product_tag","embeddable":true,"href":"https:\/\/tuzlahortum.com.tr\/en\/wp-json\/wp\/v2\/product_tag?post=631"}],"curies":[{"name":"wp","href":"https:\/\/api.w.org\/{rel}","templated":true}]}}