{"id":629,"date":"2019-02-06T23:46:51","date_gmt":"2019-02-06T20:46:51","guid":{"rendered":"http:\/\/hortum.com.tr\/product\/import-placeholder-for-475\/"},"modified":"2024-03-21T17:44:41","modified_gmt":"2024-03-21T14:44:41","slug":"trelleborg-pluton-twin","status":"publish","type":"product","link":"https:\/\/tuzlahortum.com.tr\/en\/product\/trelleborg-pluton-twin\/","title":{"rendered":"Trelleborg PLUTON TWIN"},"content":{"rendered":"<h2>Trelleborg PLUTON TWIN<\/h2>\n<p>Gas and welding<\/p>\n<p>Double line rubber hose for welding gas supply.<\/p>\n<p>Advantages<\/p>\n<p>*Low weight for flexible and easy transport. Having a double line eliminates the need for connection systems.<\/p>\n<p>*Long, safe service life.<\/p>\n<p>* Especially the coating is resistant to atmospheric conditions (ozone and hot regions).<\/p>\n<p>*Flame resistance in case of flashback.<\/p>\n<p>*Very strong textile reinforcement giving a high factor of safety.<\/p>\n<p>*Clear marking with gas symbol and date of manufacture.<\/p>\n<p>technical description<\/p>\n<p>Inner tube: SBR\/NR, black, straight.<\/p>\n<p>Reinforcement: synthetic textile.<\/p>\n<p>Coating: EPDM, red for acetylene, blue for oxygen, plain.<\/p>\n<p>Temperature range: -30\u00b0C to +80\u00b0C.<\/p>\n<p>Standard\/Approval: EN 559, ISO 3821.<\/p>\n<p>Additional Information<\/p>\n<p>It is produced in 80 and 120 mm lengths upon request. The hoses are combined with a tensile rubber bridge.<\/p>\n<div class=\"video video-fit mb\" style=\"padding-top:56.25%;\"><p><iframe loading=\"lazy\" title=\"Measurement Confusion (Inch, Finger, Haze, Millimeter)\" width=\"1020\" height=\"574\" src=\"https:\/\/www.youtube.com\/embed\/uKk6AG_AZls?feature=oembed\" frameborder=\"0\" allow=\"accelerometer; autoplay; clipboard-write; encrypted-media; gyroscope; picture-in-picture; web-share\" referrerpolicy=\"strict-origin-when-cross-origin\" allowfullscreen><\/iframe><\/p>\n<\/div>\n<p><img data-recalc-dims=\"1\" loading=\"lazy\" decoding=\"async\" class=\"alignnone size-medium wp-image-2087\" src=\"https:\/\/i0.wp.com\/hortum.com.tr\/wp-content\/uploads\/urunler\/trelleborg\/Trelleborg-PLUTON-TWIN-800x110.jpg?resize=800%2C110\" alt=\"\" width=\"800\" height=\"110\" title=\"\" srcset=\"https:\/\/i0.wp.com\/tuzlahortum.com.tr\/wp-content\/uploads\/urunler\/trelleborg\/Trelleborg-PLUTON-TWIN.jpg?resize=800%2C110&amp;ssl=1 800w, https:\/\/i0.wp.com\/tuzlahortum.com.tr\/wp-content\/uploads\/urunler\/trelleborg\/Trelleborg-PLUTON-TWIN.jpg?resize=768%2C106&amp;ssl=1 768w, https:\/\/i0.wp.com\/tuzlahortum.com.tr\/wp-content\/uploads\/urunler\/trelleborg\/Trelleborg-PLUTON-TWIN.jpg?resize=600%2C83&amp;ssl=1 600w, https:\/\/i0.wp.com\/tuzlahortum.com.tr\/wp-content\/uploads\/urunler\/trelleborg\/Trelleborg-PLUTON-TWIN.jpg?w=915&amp;ssl=1 915w\" sizes=\"auto, (max-width: 800px) 100vw, 800px\" \/><\/p>","protected":false},"excerpt":{"rendered":"<p>Trelleborg PLUTON TWIN Gaz ve kaynak Kaynak gaz beslemesi i\u00e7in \u00e7ift hatl\u0131 kau\u00e7uk hortum. Avantajlar *Esnek ve kolay ta\u015f\u0131ma sa\u011flayan d\u00fc\u015f\u00fck a\u011f\u0131rl\u0131k. \u00c7ift hat olmas\u0131 ba\u011flant\u0131 sistemleri gereklili\u011fini\u00a0ortadan kald\u0131r\u0131r. *Uzun, g\u00fcvenli hizmet \u00f6mr\u00fc. *\u00d6zellikle kaplama atmosfer ko\u015fullar\u0131na kar\u015f\u0131 dayan\u0131kl\u0131d\u0131r (ozon ve s\u0131cak b\u00f6lgeler). *Alev tepmesi durumunda alev dayan\u0131m\u0131. *Y\u00fcksek emniyet katsay\u0131s\u0131 kazand\u0131ran olduk\u00e7a g\u00fc\u00e7l\u00fc tekstil [&#8230;]\n","protected":false},"featured_media":2666,"comment_status":"open","ping_status":"closed","template":"","meta":{"jetpack_post_was_ever_published":false},"product_brand":[],"product_cat":[177],"product_tag":[521,294,338,290,522,518,516],"class_list":{"0":"post-629","1":"product","2":"type-product","3":"status-publish","4":"has-post-thumbnail","6":"product_cat-gaz-ve-kaynak-hortumlari","7":"product_tag-cift","8":"product_tag-dayanikli","9":"product_tag-gaz","10":"product_tag-hortum","11":"product_tag-kat","12":"product_tag-kaucuk","13":"product_tag-kaynak","15":"first","16":"instock","17":"taxable","18":"shipping-taxable","19":"product-type-variable"},"jetpack-related-posts":[],"jetpack_sharing_enabled":true,"jetpack_likes_enabled":true,"_links":{"self":[{"href":"https:\/\/tuzlahortum.com.tr\/en\/wp-json\/wp\/v2\/product\/629","targetHints":{"allow":["GET"]}}],"collection":[{"href":"https:\/\/tuzlahortum.com.tr\/en\/wp-json\/wp\/v2\/product"}],"about":[{"href":"https:\/\/tuzlahortum.com.tr\/en\/wp-json\/wp\/v2\/types\/product"}],"replies":[{"embeddable":true,"href":"https:\/\/tuzlahortum.com.tr\/en\/wp-json\/wp\/v2\/comments?post=629"}],"wp:featuredmedia":[{"embeddable":true,"href":"https:\/\/tuzlahortum.com.tr\/en\/wp-json\/wp\/v2\/media\/2666"}],"wp:attachment":[{"href":"https:\/\/tuzlahortum.com.tr\/en\/wp-json\/wp\/v2\/media?parent=629"}],"wp:term":[{"taxonomy":"product_brand","embeddable":true,"href":"https:\/\/tuzlahortum.com.tr\/en\/wp-json\/wp\/v2\/product_brand?post=629"},{"taxonomy":"product_cat","embeddable":true,"href":"https:\/\/tuzlahortum.com.tr\/en\/wp-json\/wp\/v2\/product_cat?post=629"},{"taxonomy":"product_tag","embeddable":true,"href":"https:\/\/tuzlahortum.com.tr\/en\/wp-json\/wp\/v2\/product_tag?post=629"}],"curies":[{"name":"wp","href":"https:\/\/api.w.org\/{rel}","templated":true}]}}