{"id":627,"date":"2019-02-06T23:46:51","date_gmt":"2019-02-06T20:46:51","guid":{"rendered":"http:\/\/hortum.com.tr\/product\/import-placeholder-for-474\/"},"modified":"2024-03-21T17:44:43","modified_gmt":"2024-03-21T14:44:43","slug":"trelleborg-pluton-20-red","status":"publish","type":"product","link":"https:\/\/tuzlahortum.com.tr\/en\/product\/trelleborg-pluton-20-red\/","title":{"rendered":"Trelleborg PLUTON 20 RED"},"content":{"rendered":"<h2>Trelleborg PLUTON 20 RED<\/h2>\n<p>Gas and welding<\/p>\n<p>Rubber hose used for acetylene supply in welding application.<\/p>\n<p>Advantages<\/p>\n<p>*Low weight for flexible and easy transport.<\/p>\n<p>*Long, safe service life.<\/p>\n<p>* Especially the coating is resistant to atmospheric conditions (ozone and hot regions).<\/p>\n<p>*Flame resistance in case of flashback.<\/p>\n<p>*Very strong textile reinforcement giving a high factor of safety.<\/p>\n<p>*Clear marking with gas symbol and date of manufacture.<\/p>\n<p>technical description<\/p>\n<p>Inner tube: SBR\/NR, black, straight.<\/p>\n<p>Reinforcement: synthetic textile.<\/p>\n<p>Coating : EPDM, red, plain.<\/p>\n<p>Temperature range: -30\u00b0C to +80\u00b0C.<\/p>\n<p>Standard\/Approval: EN 559, ISO 3821.<\/p>\n<div class=\"video video-fit mb\" style=\"padding-top:56.25%;\"><p><iframe loading=\"lazy\" title=\"Measurement Confusion (Inch, Finger, Haze, Millimeter)\" width=\"1020\" height=\"574\" src=\"https:\/\/www.youtube.com\/embed\/uKk6AG_AZls?feature=oembed\" frameborder=\"0\" allow=\"accelerometer; autoplay; clipboard-write; encrypted-media; gyroscope; picture-in-picture; web-share\" referrerpolicy=\"strict-origin-when-cross-origin\" allowfullscreen><\/iframe><\/p>\n<\/div>\n<p><img data-recalc-dims=\"1\" loading=\"lazy\" decoding=\"async\" class=\"alignnone size-medium wp-image-2089\" src=\"https:\/\/i0.wp.com\/hortum.com.tr\/wp-content\/uploads\/urunler\/trelleborg\/Trelleborg-PLUTON-20-RED-800x127.jpg?resize=800%2C127\" alt=\"\" width=\"800\" height=\"127\" title=\"\" srcset=\"https:\/\/i0.wp.com\/tuzlahortum.com.tr\/wp-content\/uploads\/urunler\/trelleborg\/Trelleborg-PLUTON-20-RED.jpg?resize=800%2C127&amp;ssl=1 800w, https:\/\/i0.wp.com\/tuzlahortum.com.tr\/wp-content\/uploads\/urunler\/trelleborg\/Trelleborg-PLUTON-20-RED.jpg?resize=768%2C121&amp;ssl=1 768w, https:\/\/i0.wp.com\/tuzlahortum.com.tr\/wp-content\/uploads\/urunler\/trelleborg\/Trelleborg-PLUTON-20-RED.jpg?resize=600%2C95&amp;ssl=1 600w, https:\/\/i0.wp.com\/tuzlahortum.com.tr\/wp-content\/uploads\/urunler\/trelleborg\/Trelleborg-PLUTON-20-RED.jpg?w=923&amp;ssl=1 923w\" sizes=\"auto, (max-width: 800px) 100vw, 800px\" \/><\/p>","protected":false},"excerpt":{"rendered":"<p>Trelleborg PLUTON 20 RED Gaz ve kaynak Kaynak uygulamas\u0131nda asetilen beslemesinde kullan\u0131lan kau\u00e7uk hortum. Avantajlar *Esnek ve kolay ta\u015f\u0131ma sa\u011flayan d\u00fc\u015f\u00fck a\u011f\u0131rl\u0131k. *Uzun, g\u00fcvenli hizmet \u00f6mr\u00fc. *\u00d6zellikle kaplama atmosfer ko\u015fullar\u0131na kar\u015f\u0131 dayan\u0131kl\u0131d\u0131r (ozon ve s\u0131cak b\u00f6lgeler). *Alev tepmesi durumunda alev dayan\u0131m\u0131. *Y\u00fcksek emniyet katsay\u0131s\u0131 kazand\u0131ran olduk\u00e7a g\u00fc\u00e7l\u00fc tekstil takviye. *Gaz sembol\u00fc ve \u00fcretim tarihini g\u00f6steren [&#8230;]\n","protected":false},"featured_media":2665,"comment_status":"open","ping_status":"closed","template":"","meta":{"jetpack_post_was_ever_published":false},"product_brand":[],"product_cat":[177],"product_tag":[519,294,338,290,518,516],"class_list":{"0":"post-627","1":"product","2":"type-product","3":"status-publish","4":"has-post-thumbnail","6":"product_cat-gaz-ve-kaynak-hortumlari","7":"product_tag-asetilen","8":"product_tag-dayanikli","9":"product_tag-gaz","10":"product_tag-hortum","11":"product_tag-kaucuk","12":"product_tag-kaynak","14":"first","15":"instock","16":"taxable","17":"shipping-taxable","18":"product-type-variable"},"jetpack-related-posts":[{"id":626,"url":"https:\/\/tuzlahortum.com.tr\/en\/product\/trelleborg-pluton-20-blue\/","url_meta":{"origin":627,"position":0},"title":"Trelleborg PLUTON 20 BLUE","author":"admin","date":"6 February 2019","format":false,"excerpt":"Trelleborg PLUTON 20 BLUEGaz ve kaynak Kaynak uygulamas\u0131nda oksijen beslemesinde kullan\u0131lan kau\u00e7uk hortum. Avantajlar *Esnek ve kolay ta\u015f\u0131ma sa\u011flayan d\u00fc\u015f\u00fck a\u011f\u0131rl\u0131k. *Uzun, g\u00fcvenli hizmet \u00f6mr\u00fc. *\u00d6zellikle kaplama atmosfer ko\u015fullar\u0131na kar\u015f\u0131 dayan\u0131kl\u0131d\u0131r (ozon ve s\u0131cak b\u00f6lgeler). *Alev tepmesi durumunda alev dayan\u0131m\u0131. *Y\u00fcksek emniyet katsay\u0131s\u0131 kazand\u0131ran olduk\u00e7a g\u00fc\u00e7l\u00fc tekstil takviye. *Gaz sembol\u00fc\u2026","rel":"","context":"Similar post","block_context":{"text":"Similar post","link":""},"img":{"alt_text":"","src":"https:\/\/i0.wp.com\/tuzlahortum.com.tr\/wp-content\/uploads\/2019\/02\/PLUTON-BLUE.jpg?fit=800%2C800&ssl=1&resize=350%2C200","width":350,"height":200,"srcset":"https:\/\/i0.wp.com\/tuzlahortum.com.tr\/wp-content\/uploads\/2019\/02\/PLUTON-BLUE.jpg?fit=800%2C800&ssl=1&resize=350%2C200 1x, https:\/\/i0.wp.com\/tuzlahortum.com.tr\/wp-content\/uploads\/2019\/02\/PLUTON-BLUE.jpg?fit=800%2C800&ssl=1&resize=525%2C300 1.5x, https:\/\/i0.wp.com\/tuzlahortum.com.tr\/wp-content\/uploads\/2019\/02\/PLUTON-BLUE.jpg?fit=800%2C800&ssl=1&resize=700%2C400 2x"},"classes":[]},{"id":628,"url":"https:\/\/tuzlahortum.com.tr\/en\/product\/trelleborg-pluton-2g\/","url_meta":{"origin":627,"position":1},"title":"Trelleborg PLUTON 2G","author":"admin","date":"6 February 2019","format":false,"excerpt":"Trelleborg PLUTON 2GGaz ve kaynak LPG (gaz t\u00fcpleri, \u0131s\u0131t\u0131c\u0131lar, kaynak ve LPG hatlar\u0131) ve kaynak gaz beslemesinde asetilen i\u00e7in\u00a0kau\u00e7uk hortum. Avantajlar *Esnek ve kolay ta\u015f\u0131ma sa\u011flayan d\u00fc\u015f\u00fck a\u011f\u0131rl\u0131k. *Uzun, g\u00fcvenli hizmet \u00f6mr\u00fc. *\u00d6zellikle kaplama atmosfer ko\u015fullar\u0131na kar\u015f\u0131 dayan\u0131kl\u0131d\u0131r (ozon ve s\u0131cak b\u00f6lgeler). *Alev tepmesi durumunda alev dayan\u0131m\u0131. *Y\u00fcksek emniyet katsay\u0131s\u0131\u2026","rel":"","context":"Similar post","block_context":{"text":"Similar post","link":""},"img":{"alt_text":"","src":"https:\/\/i0.wp.com\/tuzlahortum.com.tr\/wp-content\/uploads\/2019\/02\/PLUTON-2G.jpg?fit=800%2C800&ssl=1&resize=350%2C200","width":350,"height":200,"srcset":"https:\/\/i0.wp.com\/tuzlahortum.com.tr\/wp-content\/uploads\/2019\/02\/PLUTON-2G.jpg?fit=800%2C800&ssl=1&resize=350%2C200 1x, https:\/\/i0.wp.com\/tuzlahortum.com.tr\/wp-content\/uploads\/2019\/02\/PLUTON-2G.jpg?fit=800%2C800&ssl=1&resize=525%2C300 1.5x, https:\/\/i0.wp.com\/tuzlahortum.com.tr\/wp-content\/uploads\/2019\/02\/PLUTON-2G.jpg?fit=800%2C800&ssl=1&resize=700%2C400 2x"},"classes":[]},{"id":629,"url":"https:\/\/tuzlahortum.com.tr\/en\/product\/trelleborg-pluton-twin\/","url_meta":{"origin":627,"position":2},"title":"Trelleborg PLUTON TWIN","author":"admin","date":"6 February 2019","format":false,"excerpt":"Trelleborg PLUTON TWINGaz ve kaynak Kaynak gaz beslemesi i\u00e7in \u00e7ift hatl\u0131 kau\u00e7uk hortum. Avantajlar *Esnek ve kolay ta\u015f\u0131ma sa\u011flayan d\u00fc\u015f\u00fck a\u011f\u0131rl\u0131k. \u00c7ift hat olmas\u0131 ba\u011flant\u0131 sistemleri gereklili\u011fini\u00a0ortadan kald\u0131r\u0131r. *Uzun, g\u00fcvenli hizmet \u00f6mr\u00fc. *\u00d6zellikle kaplama atmosfer ko\u015fullar\u0131na kar\u015f\u0131 dayan\u0131kl\u0131d\u0131r (ozon ve s\u0131cak b\u00f6lgeler). *Alev tepmesi durumunda alev dayan\u0131m\u0131. *Y\u00fcksek emniyet katsay\u0131s\u0131\u2026","rel":"","context":"Similar post","block_context":{"text":"Similar post","link":""},"img":{"alt_text":"","src":"https:\/\/i0.wp.com\/tuzlahortum.com.tr\/wp-content\/uploads\/2019\/02\/PLUTON-TWIN.jpg?fit=800%2C800&ssl=1&resize=350%2C200","width":350,"height":200,"srcset":"https:\/\/i0.wp.com\/tuzlahortum.com.tr\/wp-content\/uploads\/2019\/02\/PLUTON-TWIN.jpg?fit=800%2C800&ssl=1&resize=350%2C200 1x, https:\/\/i0.wp.com\/tuzlahortum.com.tr\/wp-content\/uploads\/2019\/02\/PLUTON-TWIN.jpg?fit=800%2C800&ssl=1&resize=525%2C300 1.5x, https:\/\/i0.wp.com\/tuzlahortum.com.tr\/wp-content\/uploads\/2019\/02\/PLUTON-TWIN.jpg?fit=800%2C800&ssl=1&resize=700%2C400 2x"},"classes":[]},{"id":630,"url":"https:\/\/tuzlahortum.com.tr\/en\/product\/trelleborg-vulpane\/","url_meta":{"origin":627,"position":3},"title":"Trelleborg VULPANE","author":"admin","date":"6 February 2019","format":false,"excerpt":"Trelleborg VULPANEGaz ve kaynak LPG i\u00e7in kau\u00e7uk hortum (gaz t\u00fcpleri, \u0131s\u0131t\u0131c\u0131lar, kaynak ve LPG hatlar\u0131). Avantajlar *Esnek ve kolay ta\u015f\u0131ma sa\u011flayan d\u00fc\u015f\u00fck a\u011f\u0131rl\u0131k. *Uzun, g\u00fcvenli hizmet \u00f6mr\u00fc. *\u00d6zellikle hortum kaplamas\u0131 atmosfer ko\u015fullar\u0131na kar\u015f\u0131 dayan\u0131kl\u0131d\u0131r (ozon ve s\u0131cak b\u00f6lgeler). *\u00d6zel, y\u00fcksek kalitede kau\u00e7uk bile\u015fikler. *Y\u00fcksek emniyet katsay\u0131s\u0131 kazand\u0131ran olduk\u00e7a g\u00fc\u00e7l\u00fc tekstil\u2026","rel":"","context":"Similar post","block_context":{"text":"Similar post","link":""},"img":{"alt_text":"","src":"https:\/\/i0.wp.com\/tuzlahortum.com.tr\/wp-content\/uploads\/2019\/02\/VULPANE.jpg?fit=800%2C800&ssl=1&resize=350%2C200","width":350,"height":200,"srcset":"https:\/\/i0.wp.com\/tuzlahortum.com.tr\/wp-content\/uploads\/2019\/02\/VULPANE.jpg?fit=800%2C800&ssl=1&resize=350%2C200 1x, https:\/\/i0.wp.com\/tuzlahortum.com.tr\/wp-content\/uploads\/2019\/02\/VULPANE.jpg?fit=800%2C800&ssl=1&resize=525%2C300 1.5x, https:\/\/i0.wp.com\/tuzlahortum.com.tr\/wp-content\/uploads\/2019\/02\/VULPANE.jpg?fit=800%2C800&ssl=1&resize=700%2C400 2x"},"classes":[]},{"id":21332,"url":"https:\/\/tuzlahortum.com.tr\/en\/product\/jupiter-astm-c-542\/","url_meta":{"origin":627,"position":4},"title":"JUPITER-ASTM C 542","author":"admin","date":"11 August 2025","format":false,"excerpt":"\u00a0 \u00dcr\u00fcn Ad\u0131: JUPITER-ASTM C 542 \u00dcr\u00fcn Kodu: WHB211 Kaynak (Oksijen - Asetilen) Kullanim Alan\u0131 : Oksijen veya asetilen ile end\u00fcstriyel kaynak i\u00e7in. Alt Katman : Oksijen ve Asetilene Dayan\u0131kl\u0131 Siyah D\u00fcz Sentetik Kau\u00e7uk. Takviye Katman\u0131 : Y\u00fcksek Mukavemetli Sentetik Tekstil. \u00dcst Katman : A\u015f\u0131nmaya, Hava ve Alev Ko\u015fullar\u0131na Dayan\u0131kl\u0131\u2026","rel":"","context":"Similar post","block_context":{"text":"Similar post","link":""},"img":{"alt_text":"","src":"https:\/\/i0.wp.com\/tuzlahortum.com.tr\/wp-content\/uploads\/2025\/08\/jupiterastmc542-p.png?fit=519%2C519&ssl=1&resize=350%2C200","width":350,"height":200},"classes":[]},{"id":904,"url":"https:\/\/tuzlahortum.com.tr\/en\/product\/trelleborg-ap-blue\/","url_meta":{"origin":627,"position":5},"title":"Trelleborg AP BLUE","author":"admin","date":"6 February 2019","format":false,"excerpt":"Trelleborg AP BLUESu\/Tahliye uygulamalar\u0131 Su tahliyesi. Avantajlar *Kolay depolama ve ta\u015f\u0131ma i\u00e7in d\u00fcz olarak sar\u0131l\u0131r. *Hafif. *Y\u00fcksek uzunluk. *Geni\u015f \u00e7e\u015fitlilikte \u00e7aplar. Teknik a\u00e7\u0131klama \u0130\u00e7 t\u00fcp :\u00a0PVC, siyah, d\u00fcz. Takviye :\u00a0sentetik tekstil. Kaplama :\u00a0PVC, mavi, d\u00fcz. S\u0131cakl\u0131k aral\u0131\u011f\u0131 :\u00a0-10\u00b0C to +40\u00b0C. Ek bilgiler Bahsi ge\u00e7en \u00e7al\u0131\u015fma bas\u0131nc\u0131 ve patlama bas\u0131nc\u0131 +20\u00b0C\u2026","rel":"","context":"Similar post","block_context":{"text":"Similar post","link":""},"img":{"alt_text":"","src":"https:\/\/i0.wp.com\/tuzlahortum.com.tr\/wp-content\/uploads\/2019\/02\/AP-BLUE.jpg?fit=800%2C800&ssl=1&resize=350%2C200","width":350,"height":200,"srcset":"https:\/\/i0.wp.com\/tuzlahortum.com.tr\/wp-content\/uploads\/2019\/02\/AP-BLUE.jpg?fit=800%2C800&ssl=1&resize=350%2C200 1x, https:\/\/i0.wp.com\/tuzlahortum.com.tr\/wp-content\/uploads\/2019\/02\/AP-BLUE.jpg?fit=800%2C800&ssl=1&resize=525%2C300 1.5x, https:\/\/i0.wp.com\/tuzlahortum.com.tr\/wp-content\/uploads\/2019\/02\/AP-BLUE.jpg?fit=800%2C800&ssl=1&resize=700%2C400 2x"},"classes":[]}],"jetpack_sharing_enabled":true,"jetpack_likes_enabled":true,"_links":{"self":[{"href":"https:\/\/tuzlahortum.com.tr\/en\/wp-json\/wp\/v2\/product\/627","targetHints":{"allow":["GET"]}}],"collection":[{"href":"https:\/\/tuzlahortum.com.tr\/en\/wp-json\/wp\/v2\/product"}],"about":[{"href":"https:\/\/tuzlahortum.com.tr\/en\/wp-json\/wp\/v2\/types\/product"}],"replies":[{"embeddable":true,"href":"https:\/\/tuzlahortum.com.tr\/en\/wp-json\/wp\/v2\/comments?post=627"}],"wp:featuredmedia":[{"embeddable":true,"href":"https:\/\/tuzlahortum.com.tr\/en\/wp-json\/wp\/v2\/media\/2665"}],"wp:attachment":[{"href":"https:\/\/tuzlahortum.com.tr\/en\/wp-json\/wp\/v2\/media?parent=627"}],"wp:term":[{"taxonomy":"product_brand","embeddable":true,"href":"https:\/\/tuzlahortum.com.tr\/en\/wp-json\/wp\/v2\/product_brand?post=627"},{"taxonomy":"product_cat","embeddable":true,"href":"https:\/\/tuzlahortum.com.tr\/en\/wp-json\/wp\/v2\/product_cat?post=627"},{"taxonomy":"product_tag","embeddable":true,"href":"https:\/\/tuzlahortum.com.tr\/en\/wp-json\/wp\/v2\/product_tag?post=627"}],"curies":[{"name":"wp","href":"https:\/\/api.w.org\/{rel}","templated":true}]}}