{"id":622,"date":"2019-02-06T23:46:49","date_gmt":"2019-02-06T20:46:49","guid":{"rendered":"http:\/\/hortum.com.tr\/product\/import-placeholder-for-229\/"},"modified":"2024-03-21T17:44:46","modified_gmt":"2024-03-21T14:44:46","slug":"poliuretan-hortum","status":"publish","type":"product","link":"https:\/\/tuzlahortum.com.tr\/en\/product\/poliuretan-hortum\/","title":{"rendered":"Polyurethane Hose"},"content":{"rendered":"<h2>Polyurethane Hose<\/h2>\n<div>MATERIEL:<\/div>\n<div>Fabric Wall : Special Premium ester-polyurethane<\/div>\n<div>\u2022 Wall Thickness: 0.7 mm<\/div>\n<div>\u2022 Standard Length: 10 m.<\/div>\n<div>\u2022 Color : Transparent<\/div>\n<div>Outer Spiral : Copper Spiral Wire<\/div>\n<div><strong>-20 C \/ +90 C<\/strong>\u00a0<img data-recalc-dims=\"1\" decoding=\"async\" src=\"https:\/\/i0.wp.com\/www.burcugroup.com\/images\/termo.png?w=1020\" alt=\"\" title=\"\"><\/div>\n<div><\/div>\n<div><div class=\"video video-fit mb\" style=\"padding-top:56.25%;\"><p><iframe loading=\"lazy\" title=\"Measurement Confusion (Inch, Finger, Haze, Millimeter)\" width=\"1020\" height=\"574\" src=\"https:\/\/www.youtube.com\/embed\/uKk6AG_AZls?feature=oembed\" frameborder=\"0\" allow=\"accelerometer; autoplay; clipboard-write; encrypted-media; gyroscope; picture-in-picture\" allowfullscreen><\/iframe><\/p>\n<\/div><\/div>\n<div><\/div>\n<div>APPS:<\/div>\n<div>\u2022 Absorption and transfer of abrasive materials<\/div>\n<div>\u2022 Transfer of small granular particles<\/div>\n<div>\u2022 As a protection hose against mechanical pressure<\/div>\n<div>\u2022 Absorption and transfer of parts in the paper and textile industry<\/div>\n<div>\u2022 Transfer of gaseous and liquid materials<\/div>\n<div>\u2022 Silo loading<\/div>\n<div>\u2022 Transfer of abrasive fluids and powders<\/div>\n<div>\u2022 Granule transfer<\/div>\n<div>\u2022 In the food industry<\/div>\n<div>\u2022 Anti-Static applications<\/div>\n<div>FEATURES:<\/div>\n<div>\u2022 Lightweight and reinforced structure<\/div>\n<div>\u2022 Good flexibility and compression ratio: 4:1<\/div>\n<div>\u2022 Abrasion resistant<\/div>\n<div>\u2022 Resistant to chemicals<\/div>\n<div>\u2022 Good bending radius<\/div>\n<div>\u2022 Resistant to gas and liquid permeability<\/div>\n<div>\u2022 Germ proof<\/div>\n<div>\u2022 Resistant to mineral oils<\/div>\n<div>\u2022 Static electricity can be discharged<\/div>\n<div>\u2022 More durable than Techni PU 50<\/div>\n<div><\/div>","protected":false},"excerpt":{"rendered":"<p>Poli\u00fcretan Hortum MATERYAL: Kuma\u015f Duvar\u0131 : \u00d6zel Premium ester-poli\u00fcretan \u2022 \u00a0Duvar Kal\u0131nl\u0131\u011f\u0131 : \u00a00,7 mm \u2022 \u00a0Standart Uzunluk : 10 mt. \u2022 Renk : \u00a0Transparent D\u0131\u015f Spiral : Bak\u0131r Spiral Tel -20 C \/ +90 C\u00a0 UYGULAMALAR: \u2022 \u00a0 A\u015f\u0131nd\u0131r\u0131c\u0131 materyallerin emilmesi ve transferi \u2022 \u00a0 K\u00fc\u00e7\u00fck tanecikli par\u00e7alar\u0131n transferi \u2022 \u00a0 Mekanik bas\u0131nca kar\u015f\u0131 [&#8230;]\n","protected":false},"featured_media":5881,"comment_status":"open","ping_status":"closed","template":"","meta":[],"product_brand":[],"product_cat":[142,147,150],"product_tag":[509,507,510,511,508],"class_list":{"0":"post-622","1":"product","2":"type-product","3":"status-publish","4":"has-post-thumbnail","6":"product_cat-agac-isleri-hortumlari","7":"product_cat-poliuretan-pu-flex-hortumlari","8":"product_cat-tarim-sektoru-hortumlari","9":"product_tag-bakir-dis-spiral-tel","10":"product_tag-ester-poliuretan-kumas","11":"product_tag-mikrop-gecirmez","12":"product_tag-statik-elektrik","13":"product_tag-transparent","15":"first","16":"outofstock","17":"sold-individually","18":"taxable","19":"shipping-taxable","20":"product-type-variable"},"jetpack-related-posts":[{"id":880,"url":"https:\/\/tuzlahortum.com.tr\/en\/product\/tpu52-heavy\/","url_meta":{"origin":622,"position":0},"title":"TPU52 Heavy","author":"admin","date":"6 February 2019","format":false,"excerpt":"TPU52 Heavy Steel Wire Transparent Hose Features : -Suction and transfer of cutting materials - Transfer of small particles - As a protection hose against mechanical pressure - Suction and transfer of parts in the paper and textile industry - Transfer of gaseous and liquid materials - Silo loading - Transfer of abrasive fluids &amp; powders - Transfer of granules...","rel":"","context":"Similar post","block_context":{"text":"Similar post","link":""},"img":{"alt_text":"TPU52 Heavy","src":"https:\/\/i0.wp.com\/tuzlahortum.com.tr\/wp-content\/uploads\/2019\/02\/tPU52h-600x315.jpg?fit=600%2C315&ssl=1&resize=350%2C200","width":350,"height":200,"srcset":"https:\/\/i0.wp.com\/tuzlahortum.com.tr\/wp-content\/uploads\/2019\/02\/tPU52h-600x315.jpg?fit=600%2C315&ssl=1&resize=350%2C200 1x, https:\/\/i0.wp.com\/tuzlahortum.com.tr\/wp-content\/uploads\/2019\/02\/tPU52h-600x315.jpg?fit=600%2C315&ssl=1&resize=525%2C300 1.5x"},"classes":[]},{"id":668,"url":"https:\/\/tuzlahortum.com.tr\/en\/product\/tc-25\/","url_meta":{"origin":622,"position":1},"title":"TC 25","author":"admin","date":"6 February 2019","format":false,"excerpt":"TC 25MATERYAL: Hortum duvar\u0131 : PVC Kapl\u0131 Kuma\u015f \u2022 A\u011f\u0131rl\u0131k : 850 gr\/m2 \u2022 \u00c7ekme dayan\u0131m\u0131 : 320 \/ 300 kg.F \u2022 Y\u0131rt\u0131lma dayan\u0131m\u0131 : 37 \/ 45 kg.F \u2022 Kal\u0131nl\u0131k : 0.65 mm \u2022 Renk : Sar\u0131 - Gri \u2022 Su Ge\u00e7irgenli\u011fi : 2000 mmWG D\u0131\u015f Spiral : Galvaniz\u2026","rel":"","context":"Similar post","block_context":{"text":"Similar post","link":""},"img":{"alt_text":"","src":"https:\/\/i0.wp.com\/tuzlahortum.com.tr\/wp-content\/uploads\/2019\/03\/TC-02FR-01FR-TC25.jpg?fit=600%2C450&ssl=1&resize=350%2C200","width":350,"height":200,"srcset":"https:\/\/i0.wp.com\/tuzlahortum.com.tr\/wp-content\/uploads\/2019\/03\/TC-02FR-01FR-TC25.jpg?fit=600%2C450&ssl=1&resize=350%2C200 1x, https:\/\/i0.wp.com\/tuzlahortum.com.tr\/wp-content\/uploads\/2019\/03\/TC-02FR-01FR-TC25.jpg?fit=600%2C450&ssl=1&resize=525%2C300 1.5x"},"classes":[]},{"id":667,"url":"https:\/\/tuzlahortum.com.tr\/en\/product\/tc-10\/","url_meta":{"origin":622,"position":2},"title":"TC 10","author":"admin","date":"6 February 2019","format":false,"excerpt":"TC 10MATERYAL: Kuma\u015f duvar\u0131 : PVC Kapl\u0131 Canvas \u2022 A\u011f\u0131rl\u0131k : 600 gr\/m2 \u2022 \u00c7ekme Dayan\u0131m\u0131 : 150 \/ 75 kg \/ 5cm \u2022 Ek Kal\u0131nl\u0131\u011f\u0131 : 0,90 mm \u2022 Renk : Siyah D\u0131\u015f Spiral : Galvaniz \u00c7elik UYGULAMALAR: \u2022 S\u0131cak hava transferi \u2022 G\u0131da tanelerinin tahliyesinde \u2022 D\u00fc\u015f\u00fck bas\u0131n\u00e7l\u0131\u2026","rel":"","context":"Similar post","block_context":{"text":"Similar post","link":""},"img":{"alt_text":"","src":"https:\/\/i0.wp.com\/tuzlahortum.com.tr\/wp-content\/uploads\/2019\/03\/TC-10.jpg?fit=600%2C450&ssl=1&resize=350%2C200","width":350,"height":200,"srcset":"https:\/\/i0.wp.com\/tuzlahortum.com.tr\/wp-content\/uploads\/2019\/03\/TC-10.jpg?fit=600%2C450&ssl=1&resize=350%2C200 1x, https:\/\/i0.wp.com\/tuzlahortum.com.tr\/wp-content\/uploads\/2019\/03\/TC-10.jpg?fit=600%2C450&ssl=1&resize=525%2C300 1.5x"},"classes":[]},{"id":689,"url":"https:\/\/tuzlahortum.com.tr\/en\/product\/tc-20\/","url_meta":{"origin":622,"position":3},"title":"TC 20","author":"admin","date":"6 February 2019","format":false,"excerpt":"TC 20MATERYAL: Hortum Duvar\u0131 : Silisyum oksit ve poli\u00fcretan kapl\u0131 E-Camelyaf kuma\u015f \u2022 A\u011f\u0131rl\u0131k : 1250 gr\/m2 \u2022 \u00c7ekme dayan\u0131m\u0131 : Warp: 35 daN\/cm, Weft: 25 daN\/cm \u2022 Kal\u0131nl\u0131k : Yakla\u015f\u0131k 2 mm \u2022 Renk : Gri D\u0131\u015f Spiral : Galvaniz veya Cr-Ni \u00e7elik UYGULAMALAR: \u2022 S\u0131cak hava transferi \u2022\u2026","rel":"","context":"Similar post","block_context":{"text":"Similar post","link":""},"img":{"alt_text":"","src":"https:\/\/i0.wp.com\/tuzlahortum.com.tr\/wp-content\/uploads\/2019\/03\/TC-21-20.jpg?fit=600%2C450&ssl=1&resize=350%2C200","width":350,"height":200,"srcset":"https:\/\/i0.wp.com\/tuzlahortum.com.tr\/wp-content\/uploads\/2019\/03\/TC-21-20.jpg?fit=600%2C450&ssl=1&resize=350%2C200 1x, https:\/\/i0.wp.com\/tuzlahortum.com.tr\/wp-content\/uploads\/2019\/03\/TC-21-20.jpg?fit=600%2C450&ssl=1&resize=525%2C300 1.5x"},"classes":[]},{"id":691,"url":"https:\/\/tuzlahortum.com.tr\/en\/product\/tc-24\/","url_meta":{"origin":622,"position":4},"title":"TC 24","author":"admin","date":"6 February 2019","format":false,"excerpt":"TC 24MATERYAL: Hortum Cidar\u0131 : PTFE (Teflon) Kapl\u0131 kuma\u015f \u2022 A\u011f\u0131rl\u0131k : 155 - 270 gr\/m2 \u00c7apa g\u00f6re de\u011fi\u015fmektedir \u2022 \u00c7ekme dayan\u0131m\u0131 : Warp: 800 N\/5cm, Weft: 1200 N\/5cm \u2022 Renk : Gri D\u0131\u015f Spiaral : Galvaniz \u00e7elik UYGULAMALAR: \u2022 S\u0131cak hava transferi \u2022 Egzoz transferi \u2022 Savunma sanayi \u0131s\u0131\u2026","rel":"","context":"Similar post","block_context":{"text":"Similar post","link":""},"img":{"alt_text":"","src":"https:\/\/i0.wp.com\/tuzlahortum.com.tr\/wp-content\/uploads\/2019\/03\/TC-24.jpg?fit=600%2C450&ssl=1&resize=350%2C200","width":350,"height":200,"srcset":"https:\/\/i0.wp.com\/tuzlahortum.com.tr\/wp-content\/uploads\/2019\/03\/TC-24.jpg?fit=600%2C450&ssl=1&resize=350%2C200 1x, https:\/\/i0.wp.com\/tuzlahortum.com.tr\/wp-content\/uploads\/2019\/03\/TC-24.jpg?fit=600%2C450&ssl=1&resize=525%2C300 1.5x"},"classes":[]},{"id":21434,"url":"https:\/\/tuzlahortum.com.tr\/en\/product\/lymra-hd-pu\/","url_meta":{"origin":622,"position":5},"title":"LYMRA HD-PU","author":"admin","date":"11 August 2025","format":false,"excerpt":"\u00a0 \u00dcr\u00fcn Ad\u0131: LYMRA HD-PU \u00dcr\u00fcn Kodu: TSA80 A\u011f\u0131r Hizmet Anti-A\u015f\u0131nd\u0131r\u0131c\u0131 Al\u0131c\u0131 ve Verici PU KAPLAMA Kullanim Alan\u0131 : End\u00fcstriyel ve in\u015faat uygulamalar\u0131nda su, bulama\u00e7, toz ve \u00e7ak\u0131l gibi malzemelerin a\u011f\u0131r hizmet tipi emi\u015f ve transferi i\u00e7in kullan\u0131l\u0131r. A\u015f\u0131nd\u0131r\u0131c\u0131 uygulamalara kar\u015f\u0131 m\u00fckemmel diren\u00e7 g\u00f6sterir. Takviye Katman\u0131 : G\u00fc\u00e7l\u00fc, Esnek Plastikle\u015ftirilmi\u015f\u2026","rel":"","context":"Similar post","block_context":{"text":"Similar post","link":""},"img":{"alt_text":"","src":"https:\/\/i0.wp.com\/tuzlahortum.com.tr\/wp-content\/uploads\/2025\/08\/lymrahdpu-p.png?fit=490%2C490&ssl=1&resize=350%2C200","width":350,"height":200},"classes":[]}],"jetpack_sharing_enabled":true,"jetpack_likes_enabled":true,"_links":{"self":[{"href":"https:\/\/tuzlahortum.com.tr\/en\/wp-json\/wp\/v2\/product\/622","targetHints":{"allow":["GET"]}}],"collection":[{"href":"https:\/\/tuzlahortum.com.tr\/en\/wp-json\/wp\/v2\/product"}],"about":[{"href":"https:\/\/tuzlahortum.com.tr\/en\/wp-json\/wp\/v2\/types\/product"}],"replies":[{"embeddable":true,"href":"https:\/\/tuzlahortum.com.tr\/en\/wp-json\/wp\/v2\/comments?post=622"}],"wp:featuredmedia":[{"embeddable":true,"href":"https:\/\/tuzlahortum.com.tr\/en\/wp-json\/wp\/v2\/media\/5881"}],"wp:attachment":[{"href":"https:\/\/tuzlahortum.com.tr\/en\/wp-json\/wp\/v2\/media?parent=622"}],"wp:term":[{"taxonomy":"product_brand","embeddable":true,"href":"https:\/\/tuzlahortum.com.tr\/en\/wp-json\/wp\/v2\/product_brand?post=622"},{"taxonomy":"product_cat","embeddable":true,"href":"https:\/\/tuzlahortum.com.tr\/en\/wp-json\/wp\/v2\/product_cat?post=622"},{"taxonomy":"product_tag","embeddable":true,"href":"https:\/\/tuzlahortum.com.tr\/en\/wp-json\/wp\/v2\/product_tag?post=622"}],"curies":[{"name":"wp","href":"https:\/\/api.w.org\/{rel}","templated":true}]}}