{"id":621,"date":"2019-02-06T23:46:49","date_gmt":"2019-02-06T20:46:49","guid":{"rendered":"http:\/\/hortum.com.tr\/product\/import-placeholder-for-254\/"},"modified":"2024-03-21T17:44:47","modified_gmt":"2024-03-21T14:44:47","slug":"tn-80","status":"publish","type":"product","link":"https:\/\/tuzlahortum.com.tr\/en\/product\/tn-80\/","title":{"rendered":"TN 80"},"content":{"rendered":"<h2>TN 80<\/h2>\n<div>MATERIEL:<\/div>\n<div>Fabric Wall : Neoprene coated Glass fiber fabric, single ply<\/div>\n<div>\u2022 Standard Length : 4 m<\/div>\n<div>\u2022 Color : Black<\/div>\n<div>Outer Spiral : Spiral steel wire<\/div>\n<div><\/div>\n<div><div class=\"video video-fit mb\" style=\"padding-top:56.25%;\"><p><iframe loading=\"lazy\" title=\"Measurement Confusion (Inch, Finger, Haze, Millimeter)\" width=\"1020\" height=\"574\" src=\"https:\/\/www.youtube.com\/embed\/uKk6AG_AZls?feature=oembed\" frameborder=\"0\" allow=\"accelerometer; autoplay; clipboard-write; encrypted-media; gyroscope; picture-in-picture; web-share\" referrerpolicy=\"strict-origin-when-cross-origin\" allowfullscreen><\/iframe><\/p>\n<\/div><\/div>\n<div><\/div>\n<div>APPS:<\/div>\n<div>\u2022 In aircraft construction<\/div>\n<div>\u2022 Hot materials containing gas fluid<\/div>\n<div>in transport<\/div>\n<div>\u2022 In vehicle construction<\/div>\n<div>\u2022 In the chemical industry<\/div>\n<div>\u2022 In shipyards<\/div>\n<div>\u2022 General engineering and engine construction<\/div>\n<div>\u2022 Combustion plants<\/div>\n<div>\u2022 In the plastics industry<\/div>\n<div>\u2022 Hot air conveying for granule dryers<\/div>\n<div>hose<\/div>\n<div>FEATURES:<\/div>\n<div>\u2022 Low bending radius<\/div>\n<div>\u2022 Extremely flexible<\/div>\n<div>\u2022 Self-flattening when freed<\/div>\n<div>\u2022 Good chemical resistance<\/div>\n<div>\u2022 Light<\/div>\n<div>\u2022 Smooth inner surface<\/div>\n<div>\u2022 Symmetrical bending<\/div>\n<div>\u2022 Stable vulcanized hose wall and<\/div>\n<div>spiral steel<\/div>","protected":false},"excerpt":{"rendered":"<p>TN 80 MATERYAL: Kuma\u015f Duvar\u0131 : Neoprene kapl\u0131 Cam elyaf kuma\u015f, tek katl\u0131 \u2022 Standart Uzunluk : 4 mt \u2022 Renk : Siyah D\u0131\u015f Spiral : Spiral \u00e7elik tel UYGULAMALAR: \u2022 U\u00e7ak yap\u0131m\u0131nda \u2022 Gaz ak\u0131\u015fkan ihtiva eden s\u0131cak materyallerin ta\u015f\u0131nmas\u0131nda \u2022 Ta\u015f\u0131t yap\u0131m\u0131nda \u2022 Kimya sekt\u00f6r\u00fcnde \u2022 Tersanelerde \u2022 Genel m\u00fchendislik ve motor yap\u0131m\u0131nda [&#8230;]\n","protected":false},"featured_media":6352,"comment_status":"open","ping_status":"closed","template":"","meta":{"jetpack_post_was_ever_published":false},"product_brand":[],"product_cat":[143,145,146],"product_tag":[499,500,498,503,506,454,502,504,501,505],"class_list":{"0":"post-621","1":"product","2":"type-product","3":"status-publish","4":"has-post-thumbnail","6":"product_cat-havacilik-endustrisi-hortumlari","7":"product_cat-isiya-dayanikli-hortumlar","8":"product_cat-kimyasal-hortumlar","9":"product_tag-cam-elyaf-kumas","10":"product_tag-celik-dis-spiral","11":"product_tag-isiya-dayanikli","12":"product_tag-kimya-sektorunde","13":"product_tag-plastik-sanayinde","14":"product_tag-siyah","15":"product_tag-tasit-yapiminda","16":"product_tag-tersanelerde","17":"product_tag-ucak-yapiminda","18":"product_tag-yakma-tesisleri","20":"first","21":"instock","22":"taxable","23":"shipping-taxable","24":"product-type-variable"},"jetpack-related-posts":[],"jetpack_sharing_enabled":true,"jetpack_likes_enabled":true,"_links":{"self":[{"href":"https:\/\/tuzlahortum.com.tr\/en\/wp-json\/wp\/v2\/product\/621","targetHints":{"allow":["GET"]}}],"collection":[{"href":"https:\/\/tuzlahortum.com.tr\/en\/wp-json\/wp\/v2\/product"}],"about":[{"href":"https:\/\/tuzlahortum.com.tr\/en\/wp-json\/wp\/v2\/types\/product"}],"replies":[{"embeddable":true,"href":"https:\/\/tuzlahortum.com.tr\/en\/wp-json\/wp\/v2\/comments?post=621"}],"wp:featuredmedia":[{"embeddable":true,"href":"https:\/\/tuzlahortum.com.tr\/en\/wp-json\/wp\/v2\/media\/6352"}],"wp:attachment":[{"href":"https:\/\/tuzlahortum.com.tr\/en\/wp-json\/wp\/v2\/media?parent=621"}],"wp:term":[{"taxonomy":"product_brand","embeddable":true,"href":"https:\/\/tuzlahortum.com.tr\/en\/wp-json\/wp\/v2\/product_brand?post=621"},{"taxonomy":"product_cat","embeddable":true,"href":"https:\/\/tuzlahortum.com.tr\/en\/wp-json\/wp\/v2\/product_cat?post=621"},{"taxonomy":"product_tag","embeddable":true,"href":"https:\/\/tuzlahortum.com.tr\/en\/wp-json\/wp\/v2\/product_tag?post=621"}],"curies":[{"name":"wp","href":"https:\/\/api.w.org\/{rel}","templated":true}]}}