{"id":619,"date":"2019-02-06T23:46:49","date_gmt":"2019-02-06T20:46:49","guid":{"rendered":"http:\/\/hortum.com.tr\/product\/import-placeholder-for-260\/"},"modified":"2024-03-21T17:44:48","modified_gmt":"2024-03-21T14:44:48","slug":"tc-06","status":"publish","type":"product","link":"https:\/\/tuzlahortum.com.tr\/en\/product\/tc-06\/","title":{"rendered":"TC 06"},"content":{"rendered":"<h2>TC 06<\/h2>\n<div>MATERIEL:<\/div>\n<div>Fabric Wall: 170 micron Aluminum+PVC<\/div>\n<div>\u2022 Standard Length: 10 m.<\/div>\n<div>\u2022 Acceleration: 30 m\/s (max)<\/div>\n<div>\u2022 Working Pressure: 3000 Pa (max)<\/div>\n<div>\u2022 Color : Black<\/div>\n<div>Outer Spiral : Helical Steel<\/div>\n<div><\/div>\n<div><div class=\"video video-fit mb\" style=\"padding-top:56.25%;\"><p><iframe loading=\"lazy\" title=\"Measurement Confusion (Inch, Finger, Haze, Millimeter)\" width=\"1020\" height=\"574\" src=\"https:\/\/www.youtube.com\/embed\/uKk6AG_AZls?feature=oembed\" frameborder=\"0\" allow=\"accelerometer; autoplay; clipboard-write; encrypted-media; gyroscope; picture-in-picture; web-share\" referrerpolicy=\"strict-origin-when-cross-origin\" allowfullscreen><\/iframe><\/p>\n<\/div><\/div>\n<div><\/div>\n<div>APPS:<\/div>\n<div>\u2022 Welding suction lines<\/div>\n<div>\u2022 Difficulty igniting hoses in suction lines<\/div>\n<div>where needed<\/div>\n<div>\u2022 Steam evacuation<\/div>\n<div>\u2022 Air conditioning applications and ventilation<\/div>\n<div>in systems<\/div>\n<div>FEATURES:<\/div>\n<div>\u2022 Compressible at a ratio of 1:5<\/div>\n<div>\u2022 Extremely flexible.<\/div>\n<div>\u2022 Fire class DIN 4102 B2<\/div>\n<div>\u2022 Low bending radius<\/div>\n<div>\u2022 Extremely lightweight.<\/div>\n<div>\u2022 Spiral reinforced with steel spring.<\/div>","protected":false},"excerpt":{"rendered":"<p>TC 06 MATERYAL: Kuma\u015f Duvar\u0131 : 170 mikron Aluminum+PVC \u2022 Standart Uzunluk : 10 mt. \u2022 \u0130vme : 30 m\/s (max) \u2022 \u00c7al\u0131\u015fma Bas\u0131nc\u0131 : 3000 Pa (max) \u2022 Renk : Siyah D\u0131\u015f Spiral : Helisel \u00c7elik UYGULAMALAR: \u2022 \u00a0Kaynak emi\u015f hatlar\u0131 \u2022 \u00a0Emi\u015f hatlar\u0131nda, hortumlar\u0131n zor alev almas\u0131 gerekti\u011fi yerlerde \u2022 Buhar tahliyesi \u2022 [&#8230;]\n","protected":false},"featured_media":6344,"comment_status":"open","ping_status":"closed","template":"","meta":{"jetpack_post_was_ever_published":false},"product_brand":[],"product_cat":[145],"product_tag":[493,495,497,492,498,496,494,454],"class_list":{"0":"post-619","1":"product","2":"type-product","3":"status-publish","4":"has-post-thumbnail","6":"product_cat-isiya-dayanikli-hortumlar","7":"product_tag-170-mikron-aluminumpvc","8":"product_tag-buhar-tahliyesi","9":"product_tag-calisma-basinci-3000-pa-max","10":"product_tag-helisel-celik-dis-spiral","11":"product_tag-isiya-dayanikli","12":"product_tag-kaynak-emis-hatlari","13":"product_tag-klima-ve-havalandirma-sistemleri","14":"product_tag-siyah","16":"first","17":"instock","18":"taxable","19":"shipping-taxable","20":"product-type-variable"},"jetpack-related-posts":[],"jetpack_sharing_enabled":true,"jetpack_likes_enabled":true,"_links":{"self":[{"href":"https:\/\/tuzlahortum.com.tr\/en\/wp-json\/wp\/v2\/product\/619","targetHints":{"allow":["GET"]}}],"collection":[{"href":"https:\/\/tuzlahortum.com.tr\/en\/wp-json\/wp\/v2\/product"}],"about":[{"href":"https:\/\/tuzlahortum.com.tr\/en\/wp-json\/wp\/v2\/types\/product"}],"replies":[{"embeddable":true,"href":"https:\/\/tuzlahortum.com.tr\/en\/wp-json\/wp\/v2\/comments?post=619"}],"wp:featuredmedia":[{"embeddable":true,"href":"https:\/\/tuzlahortum.com.tr\/en\/wp-json\/wp\/v2\/media\/6344"}],"wp:attachment":[{"href":"https:\/\/tuzlahortum.com.tr\/en\/wp-json\/wp\/v2\/media?parent=619"}],"wp:term":[{"taxonomy":"product_brand","embeddable":true,"href":"https:\/\/tuzlahortum.com.tr\/en\/wp-json\/wp\/v2\/product_brand?post=619"},{"taxonomy":"product_cat","embeddable":true,"href":"https:\/\/tuzlahortum.com.tr\/en\/wp-json\/wp\/v2\/product_cat?post=619"},{"taxonomy":"product_tag","embeddable":true,"href":"https:\/\/tuzlahortum.com.tr\/en\/wp-json\/wp\/v2\/product_tag?post=619"}],"curies":[{"name":"wp","href":"https:\/\/api.w.org\/{rel}","templated":true}]}}