{"id":617,"date":"2019-02-06T23:46:48","date_gmt":"2019-02-06T20:46:48","guid":{"rendered":"http:\/\/hortum.com.tr\/product\/import-placeholder-for-241\/"},"modified":"2024-03-21T17:44:49","modified_gmt":"2024-03-21T14:44:49","slug":"tc-02fr","status":"publish","type":"product","link":"https:\/\/tuzlahortum.com.tr\/en\/product\/tc-02fr\/","title":{"rendered":"TC 02FR"},"content":{"rendered":"<h2>TC 02FR<\/h2>\n<p>MATERIEL:<br \/>\nFabric Wall : PVC Coated Fabric, Flame Resistant<br \/>\n\u2022 Weight: 630 gr\/m2<br \/>\n\u2022 Tensile Strength: Warp 200 kg.F, Weft 200 kg.F<br \/>\n\u2022 Fabric Strength: Warp 25 kg.F, Weft 25 kg.F<br \/>\n\u2022 Thickness: 0.55 mm<br \/>\n\u2022 Color : Yellow - Black - Gray - Green<br \/>\nOuter Spiral : Galvanized Steel<\/p>\n<div class=\"video video-fit mb\" style=\"padding-top:56.25%;\"><p><iframe loading=\"lazy\" title=\"Measurement Confusion (Inch, Finger, Haze, Millimeter)\" width=\"1020\" height=\"574\" src=\"https:\/\/www.youtube.com\/embed\/uKk6AG_AZls?feature=oembed\" frameborder=\"0\" allow=\"accelerometer; autoplay; clipboard-write; encrypted-media; gyroscope; picture-in-picture; web-share\" referrerpolicy=\"strict-origin-when-cross-origin\" allowfullscreen><\/iframe><\/p>\n<\/div>\n<p>APPS:<br \/>\n\u2022 Air Conditioning<br \/>\n\u2022 Suction application<br \/>\n\u2022 In air suction and transfer<br \/>\n\u2022 Tent ventilation \/ heating<br \/>\n\u2022 Welding fume extraction systems<br \/>\n\u2022 Low pressure applications<br \/>\nFEATURES:<br \/>\n\u2022 Resistant to mechanical damage<br \/>\n\u2022 Strong<br \/>\n\u2022 More powerful than TechniConnect 01<br \/>\nmateriel<br \/>\n\u2022 High flexibility, compression ratio 1:<strong>8<\/strong><br \/>\n\u2022 External galvanized spiral against abrasion<br \/>\n\u2022 Extremely robust manufacturing method<\/p>","protected":false},"excerpt":{"rendered":"<p>TC 02FR MATERYAL: Kuma\u015f Duvar\u0131 : PVC Kapl\u0131 kuma\u015f, Alev Y\u00fcr\u00fcmez \u00d6zellikte \u2022 A\u011f\u0131rl\u0131k : 630 gr\/m2 \u2022 \u00c7ekme Dayan\u0131m\u0131 : Warp 200 kg.F, Weft 200 kg.F \u2022 Kuma\u015f Dayan\u0131m\u0131 : Warp 25 kg.F, Weft 25 kg.F \u2022 Kal\u0131nl\u0131k : 0,55 mm \u2022 Renk : Sar\u0131 \u2013 Siyah \u2013 Gri &#8211; Ye\u015fil D\u0131\u015f Spiral : [&#8230;]\n","protected":false},"featured_media":6342,"comment_status":"open","ping_status":"closed","template":"","meta":{"jetpack_post_was_ever_published":false},"product_brand":[],"product_cat":[143,144,151],"product_tag":[481,230,484,465,454,485],"class_list":{"0":"post-617","1":"product","2":"type-product","3":"status-publish","4":"has-post-thumbnail","6":"product_cat-havacilik-endustrisi-hortumlari","7":"product_cat-havalandirma-ve-kaynak-hortumlari","8":"product_cat-tunel-kanali-havalandirma-hortumlari","9":"product_tag-galvaniz-celik-dis-spiral","10":"product_tag-gri","11":"product_tag-pvc-kapli-kumas","12":"product_tag-sari","13":"product_tag-siyah","14":"product_tag-yesil","16":"first","17":"instock","18":"taxable","19":"shipping-taxable","20":"product-type-variable"},"jetpack-related-posts":[],"jetpack_sharing_enabled":true,"jetpack_likes_enabled":true,"_links":{"self":[{"href":"https:\/\/tuzlahortum.com.tr\/en\/wp-json\/wp\/v2\/product\/617","targetHints":{"allow":["GET"]}}],"collection":[{"href":"https:\/\/tuzlahortum.com.tr\/en\/wp-json\/wp\/v2\/product"}],"about":[{"href":"https:\/\/tuzlahortum.com.tr\/en\/wp-json\/wp\/v2\/types\/product"}],"replies":[{"embeddable":true,"href":"https:\/\/tuzlahortum.com.tr\/en\/wp-json\/wp\/v2\/comments?post=617"}],"wp:featuredmedia":[{"embeddable":true,"href":"https:\/\/tuzlahortum.com.tr\/en\/wp-json\/wp\/v2\/media\/6342"}],"wp:attachment":[{"href":"https:\/\/tuzlahortum.com.tr\/en\/wp-json\/wp\/v2\/media?parent=617"}],"wp:term":[{"taxonomy":"product_brand","embeddable":true,"href":"https:\/\/tuzlahortum.com.tr\/en\/wp-json\/wp\/v2\/product_brand?post=617"},{"taxonomy":"product_cat","embeddable":true,"href":"https:\/\/tuzlahortum.com.tr\/en\/wp-json\/wp\/v2\/product_cat?post=617"},{"taxonomy":"product_tag","embeddable":true,"href":"https:\/\/tuzlahortum.com.tr\/en\/wp-json\/wp\/v2\/product_tag?post=617"}],"curies":[{"name":"wp","href":"https:\/\/api.w.org\/{rel}","templated":true}]}}