{"id":616,"date":"2019-02-06T23:46:48","date_gmt":"2019-02-06T20:46:48","guid":{"rendered":"http:\/\/hortum.com.tr\/product\/import-placeholder-for-242\/"},"modified":"2024-03-21T17:44:49","modified_gmt":"2024-03-21T14:44:49","slug":"tc-02as","status":"publish","type":"product","link":"https:\/\/tuzlahortum.com.tr\/en\/product\/tc-02as\/","title":{"rendered":"TC 02AS"},"content":{"rendered":"<h2>TC 02AS<\/h2>\n<p>MATERIEL:<br \/>\nFabric Wall : Antistatic \u2264 10^8Ohm<br \/>\n\u2022 Weight: 570 gr\/m2<br \/>\nDIN EN ISO 2286-2<br \/>\n\u2022 Tensile Strength: 2200 \/ 2200 N\/5 cm<br \/>\n\u2022 Tear Strength: 310 \/ 350 N<br \/>\n\u2022 Joint Thickness: 0.55 mm<br \/>\n\u2022 Color : Black<br \/>\nOuter Spiral : Galvanized Steel<\/p>\n<div class=\"video video-fit mb\" style=\"padding-top:56.25%;\"><p><iframe loading=\"lazy\" title=\"Measurement Confusion (Inch, Finger, Haze, Millimeter)\" width=\"1020\" height=\"574\" src=\"https:\/\/www.youtube.com\/embed\/uKk6AG_AZls?feature=oembed\" frameborder=\"0\" allow=\"accelerometer; autoplay; clipboard-write; encrypted-media; gyroscope; picture-in-picture; web-share\" referrerpolicy=\"strict-origin-when-cross-origin\" allowfullscreen><\/iframe><\/p>\n<\/div>\n<p>APPS:<br \/>\n\u2022 In vacuum and air evacuation<br \/>\n\u2022 Air conditioning and ventilation<br \/>\n\u2022 In low pressure applications<br \/>\n\u2022 In exhaust transfer<br \/>\n\u2022 Where high security conditions are required<br \/>\nFEATURES:<br \/>\n\u2022 Durable<br \/>\n\u2022 Low bending radius<br \/>\n\u2022 Antistatic \u2264 10<br \/>\n8 Ohms<br \/>\n\u2022 Extremely flexible<br \/>\n\u2022 Resistant to mechanical impacts and tearing<br \/>\n\u2022 Special joining method allows the hose to be spiral and<br \/>\ntightly together the fabric.<br \/>\nensures locking.<br \/>\n\u2022 Light<br \/>\n\u2022 Compressible 1:6<br \/>\n\u2022 Outer spiral protects against wear<\/p>","protected":false},"excerpt":{"rendered":"<p>TC 02AS MATERYAL: Kuma\u015f Duvar : Antistatik \u2264 10^8Ohm \u2022 A\u011f\u0131rl\u0131k : 570 gr\/m2 DIN EN ISO 2286-2 \u2022 \u00c7ekme Dayan\u0131m\u0131 : 2200 \/ 2200 N\/5 cm \u2022 Y\u0131rt\u0131lma Dayan\u0131m\u0131 : 310 \/ 350 N \u2022 Ek Kal\u0131nl\u0131\u011f\u0131 : 0,55 mm \u2022 Renk : Siyah D\u0131\u015f Spiral : Galvaniz \u00c7elik UYGULAMALAR: \u2022 Vakum ve havan\u0131n [&#8230;]\n","protected":false},"featured_media":6341,"comment_status":"open","ping_status":"closed","template":"","meta":{"jetpack_post_was_ever_published":false},"product_brand":[],"product_cat":[143,144,151],"product_tag":[483,481,482,454],"class_list":{"0":"post-616","1":"product","2":"type-product","3":"status-publish","4":"has-post-thumbnail","6":"product_cat-havacilik-endustrisi-hortumlari","7":"product_cat-havalandirma-ve-kaynak-hortumlari","8":"product_cat-tunel-kanali-havalandirma-hortumlari","9":"product_tag-egzos-transferinde","10":"product_tag-galvaniz-celik-dis-spiral","11":"product_tag-klima-ve-havalandirma","12":"product_tag-siyah","14":"first","15":"instock","16":"taxable","17":"shipping-taxable","18":"product-type-variable"},"jetpack-related-posts":[],"jetpack_sharing_enabled":true,"jetpack_likes_enabled":true,"_links":{"self":[{"href":"https:\/\/tuzlahortum.com.tr\/en\/wp-json\/wp\/v2\/product\/616","targetHints":{"allow":["GET"]}}],"collection":[{"href":"https:\/\/tuzlahortum.com.tr\/en\/wp-json\/wp\/v2\/product"}],"about":[{"href":"https:\/\/tuzlahortum.com.tr\/en\/wp-json\/wp\/v2\/types\/product"}],"replies":[{"embeddable":true,"href":"https:\/\/tuzlahortum.com.tr\/en\/wp-json\/wp\/v2\/comments?post=616"}],"wp:featuredmedia":[{"embeddable":true,"href":"https:\/\/tuzlahortum.com.tr\/en\/wp-json\/wp\/v2\/media\/6341"}],"wp:attachment":[{"href":"https:\/\/tuzlahortum.com.tr\/en\/wp-json\/wp\/v2\/media?parent=616"}],"wp:term":[{"taxonomy":"product_brand","embeddable":true,"href":"https:\/\/tuzlahortum.com.tr\/en\/wp-json\/wp\/v2\/product_brand?post=616"},{"taxonomy":"product_cat","embeddable":true,"href":"https:\/\/tuzlahortum.com.tr\/en\/wp-json\/wp\/v2\/product_cat?post=616"},{"taxonomy":"product_tag","embeddable":true,"href":"https:\/\/tuzlahortum.com.tr\/en\/wp-json\/wp\/v2\/product_tag?post=616"}],"curies":[{"name":"wp","href":"https:\/\/api.w.org\/{rel}","templated":true}]}}