{"id":615,"date":"2019-02-06T23:46:48","date_gmt":"2019-02-06T20:46:48","guid":{"rendered":"http:\/\/hortum.com.tr\/product\/import-placeholder-for-240\/"},"modified":"2024-03-21T17:44:50","modified_gmt":"2024-03-21T14:44:50","slug":"tc-02","status":"publish","type":"product","link":"https:\/\/tuzlahortum.com.tr\/en\/product\/tc-02\/","title":{"rendered":"TC 02"},"content":{"rendered":"<h2>TC 02<\/h2>\n<div>MATERIEL:<\/div>\n<div>Fabric Wall : PVC Coated fabric<\/div>\n<div>\u2022 Weight: 630 gr\/m2<\/div>\n<div>\u2022 Tensile Strength: Warp 200 kg.F, Weft 200 kg.F<\/div>\n<div>\u2022 Fabric Strength: Warp 25 kg.F, Weft 25 kg.F<\/div>\n<div>\u2022 Thickness: 0.55 mm<\/div>\n<div>\u2022 Color : Yellow - Black - Gray - Green<\/div>\n<div>Outer Spiral : Galvanized Steel<\/div>\n<div><\/div>\n<div><div class=\"video video-fit mb\" style=\"padding-top:56.25%;\"><p><iframe loading=\"lazy\" title=\"Measurement Confusion (Inch, Finger, Haze, Millimeter)\" width=\"1020\" height=\"574\" src=\"https:\/\/www.youtube.com\/embed\/uKk6AG_AZls?feature=oembed\" frameborder=\"0\" allow=\"accelerometer; autoplay; clipboard-write; encrypted-media; gyroscope; picture-in-picture; web-share\" referrerpolicy=\"strict-origin-when-cross-origin\" allowfullscreen><\/iframe><\/p>\n<\/div><\/div>\n<div><\/div>\n<div>APPS:<\/div>\n<div>\u2022 Air Conditioning<\/div>\n<div>\u2022 Ventilation<\/div>\n<div>\u2022 Suction application<\/div>\n<div>\u2022 In air suction and transfer<\/div>\n<div>\u2022 Tent ventilation \/ heating<\/div>\n<div>\u2022 Welding fume extraction systems<\/div>\n<div>\u2022 Low pressure applications<\/div>\n<div>\u2022 Vehicle ventilation<\/div>\n<div>\u2022 Ship ventilation<\/div>\n<div>\u2022 Asphalt plants filters<\/div>\n<div>\u2022 In printing facilities<\/div>\n<div>\u2022 Tunnel \u2013 Mine ventilation<\/div>\n<div>FEATURES:<\/div>\n<div>\u2022 Resistant to mechanical damage<\/div>\n<div>\u2022  Strong<\/div>\n<div>\u2022 More powerful than TechniConnect 01<\/div>\n<div>materiel<\/div>\n<div>\u2022 High flexibility, compression ratio 1:7<\/div>\n<div>\u2022 External galvanized spiral against abrasion<\/div>\n<div>\u2022 Extremely robust manufacturing method<\/div>","protected":false},"excerpt":{"rendered":"<p>TC 02 MATERYAL: Kuma\u015f Duvar\u0131 : PVC Kapl\u0131 kuma\u015f \u2022 A\u011f\u0131rl\u0131k : 630 gr\/m2 \u2022 \u00c7ekme Dayan\u0131m\u0131 : Warp 200 kg.F, Weft 200 kg.F \u2022 Kuma\u015f Dayan\u0131m\u0131 : Warp 25 kg.F, Weft 25 kg.F \u2022 Kal\u0131nl\u0131k : 0,55 mm \u2022 Renk : Sar\u0131 \u2013 Siyah \u2013 Gri &#8211; Ye\u015fil D\u0131\u015f Spiral : Galvaniz \u00c7elik UYGULAMALAR: [&#8230;]\n","protected":false},"featured_media":6340,"comment_status":"open","ping_status":"closed","template":"","meta":{"jetpack_post_was_ever_published":false},"product_brand":[],"product_cat":[144,146,150,151],"product_tag":[490,489,481,230,369,491,484,465,454,485],"class_list":{"0":"post-615","1":"product","2":"type-product","3":"status-publish","4":"has-post-thumbnail","6":"product_cat-havalandirma-ve-kaynak-hortumlari","7":"product_cat-kimyasal-hortumlar","8":"product_cat-tarim-sektoru-hortumlari","9":"product_cat-tunel-kanali-havalandirma-hortumlari","10":"product_tag-asfalt-plentleri","11":"product_tag-cadir","12":"product_tag-galvaniz-celik-dis-spiral","13":"product_tag-gri","14":"product_tag-havalandirma","15":"product_tag-matbaa","16":"product_tag-pvc-kapli-kumas","17":"product_tag-sari","18":"product_tag-siyah","19":"product_tag-yesil","21":"first","22":"instock","23":"taxable","24":"shipping-taxable","25":"product-type-variable"},"jetpack-related-posts":[],"jetpack_sharing_enabled":true,"jetpack_likes_enabled":true,"_links":{"self":[{"href":"https:\/\/tuzlahortum.com.tr\/en\/wp-json\/wp\/v2\/product\/615","targetHints":{"allow":["GET"]}}],"collection":[{"href":"https:\/\/tuzlahortum.com.tr\/en\/wp-json\/wp\/v2\/product"}],"about":[{"href":"https:\/\/tuzlahortum.com.tr\/en\/wp-json\/wp\/v2\/types\/product"}],"replies":[{"embeddable":true,"href":"https:\/\/tuzlahortum.com.tr\/en\/wp-json\/wp\/v2\/comments?post=615"}],"wp:featuredmedia":[{"embeddable":true,"href":"https:\/\/tuzlahortum.com.tr\/en\/wp-json\/wp\/v2\/media\/6340"}],"wp:attachment":[{"href":"https:\/\/tuzlahortum.com.tr\/en\/wp-json\/wp\/v2\/media?parent=615"}],"wp:term":[{"taxonomy":"product_brand","embeddable":true,"href":"https:\/\/tuzlahortum.com.tr\/en\/wp-json\/wp\/v2\/product_brand?post=615"},{"taxonomy":"product_cat","embeddable":true,"href":"https:\/\/tuzlahortum.com.tr\/en\/wp-json\/wp\/v2\/product_cat?post=615"},{"taxonomy":"product_tag","embeddable":true,"href":"https:\/\/tuzlahortum.com.tr\/en\/wp-json\/wp\/v2\/product_tag?post=615"}],"curies":[{"name":"wp","href":"https:\/\/api.w.org\/{rel}","templated":true}]}}