{"id":614,"date":"2019-02-06T23:46:48","date_gmt":"2019-02-06T20:46:48","guid":{"rendered":"http:\/\/hortum.com.tr\/product\/import-placeholder-for-239\/"},"modified":"2024-03-21T17:44:51","modified_gmt":"2024-03-21T14:44:51","slug":"tc-01fr","status":"publish","type":"product","link":"https:\/\/tuzlahortum.com.tr\/en\/product\/tc-01fr\/","title":{"rendered":"TC 01FR"},"content":{"rendered":"<h2>TC 01FR<\/h2>\n<div>MATERIEL:<\/div>\n<div>Fabric Wall: PVC Coated Fabric, Flameproof<\/div>\n<div>\u2022 Weight: 430 gr\/m2<\/div>\n<div>\u2022 Tensile Strength: 100\/100 kg.F<\/div>\n<div>\u2022 Tear Strength: 5\/6 kg.F<\/div>\n<div>\u2022 Color : Yellow \u2013 Black \u2013 Gray<\/div>\n<div>Outer Spiral : Galvanized Steel<\/div>\n<div><\/div>\n<div><div class=\"video video-fit mb\" style=\"padding-top:56.25%;\"><p><iframe loading=\"lazy\" title=\"Measurement Confusion (Inch, Finger, Haze, Millimeter)\" width=\"1020\" height=\"574\" src=\"https:\/\/www.youtube.com\/embed\/uKk6AG_AZls?feature=oembed\" frameborder=\"0\" allow=\"accelerometer; autoplay; clipboard-write; encrypted-media; gyroscope; picture-in-picture; web-share\" referrerpolicy=\"strict-origin-when-cross-origin\" allowfullscreen><\/iframe><\/p>\n<\/div><\/div>\n<div><\/div>\n<div>APPS:<\/div>\n<div>\u2022 Air Conditioning<\/div>\n<div>\u2022 Ventilation<\/div>\n<div>\u2022 Suction application<\/div>\n<div>\u2022 In air suction and transfer<\/div>\n<div>\u2022 Tent ventilation \/ heating<\/div>\n<div>\u2022 Welding fume extraction systems<\/div>\n<div>\u2022 Low pressure applications<\/div>\n<div>\u2022 Vehicle ventilation<\/div>\n<div>\u2022 Ship ventilation<\/div>\n<div>FEATURES:<\/div>\n<div>\u2022 Resistant to mechanical damage<\/div>\n<div>\u2022 Strong<\/div>\n<div>\u2022 Light<\/div>\n<div>\u2022 High flexibility, compression ratio 1:8<\/div>\n<div>\u2022 External galvanized spiral against abrasion<\/div>\n<div>\u2022 Extremely robust manufacturing method<\/div>","protected":false},"excerpt":{"rendered":"<p>TC 01FR MATERYAL: Kuma\u015f Duvar\u0131 : PVC Kapl\u0131 Kuma\u015f, Alev Y\u00fcr\u00fcmez \u00d6zellikte \u2022 A\u011f\u0131rl\u0131k : 430 gr\/m2 \u2022 \u00c7ekme Dayan\u0131m\u0131 : 100\/100 kg.F \u2022 Y\u0131rt\u0131lma Dayan\u0131m\u0131 : 5\/6 kg.F \u2022 Renk : Sar\u0131 &#8211; Siyah &#8211; Gri D\u0131\u015f Spiral : Galvaniz \u00c7elik UYGULAMALAR: \u2022 Klima \u2022 Havaland\u0131rma \u2022 Emi\u015f uygulamas\u0131 \u2022 Hava emi\u015fi ve transferinde [&#8230;]\n","protected":false},"featured_media":6342,"comment_status":"open","ping_status":"closed","template":"","meta":{"jetpack_post_was_ever_published":false},"product_brand":[],"product_cat":[144,151],"product_tag":[489,481,230,369,484,465,454],"class_list":{"0":"post-614","1":"product","2":"type-product","3":"status-publish","4":"has-post-thumbnail","6":"product_cat-havalandirma-ve-kaynak-hortumlari","7":"product_cat-tunel-kanali-havalandirma-hortumlari","8":"product_tag-cadir","9":"product_tag-galvaniz-celik-dis-spiral","10":"product_tag-gri","11":"product_tag-havalandirma","12":"product_tag-pvc-kapli-kumas","13":"product_tag-sari","14":"product_tag-siyah","16":"first","17":"instock","18":"taxable","19":"shipping-taxable","20":"product-type-variable"},"jetpack-related-posts":[],"jetpack_sharing_enabled":true,"jetpack_likes_enabled":true,"_links":{"self":[{"href":"https:\/\/tuzlahortum.com.tr\/en\/wp-json\/wp\/v2\/product\/614","targetHints":{"allow":["GET"]}}],"collection":[{"href":"https:\/\/tuzlahortum.com.tr\/en\/wp-json\/wp\/v2\/product"}],"about":[{"href":"https:\/\/tuzlahortum.com.tr\/en\/wp-json\/wp\/v2\/types\/product"}],"replies":[{"embeddable":true,"href":"https:\/\/tuzlahortum.com.tr\/en\/wp-json\/wp\/v2\/comments?post=614"}],"wp:featuredmedia":[{"embeddable":true,"href":"https:\/\/tuzlahortum.com.tr\/en\/wp-json\/wp\/v2\/media\/6342"}],"wp:attachment":[{"href":"https:\/\/tuzlahortum.com.tr\/en\/wp-json\/wp\/v2\/media?parent=614"}],"wp:term":[{"taxonomy":"product_brand","embeddable":true,"href":"https:\/\/tuzlahortum.com.tr\/en\/wp-json\/wp\/v2\/product_brand?post=614"},{"taxonomy":"product_cat","embeddable":true,"href":"https:\/\/tuzlahortum.com.tr\/en\/wp-json\/wp\/v2\/product_cat?post=614"},{"taxonomy":"product_tag","embeddable":true,"href":"https:\/\/tuzlahortum.com.tr\/en\/wp-json\/wp\/v2\/product_tag?post=614"}],"curies":[{"name":"wp","href":"https:\/\/api.w.org\/{rel}","templated":true}]}}