{"id":610,"date":"2019-02-06T23:46:47","date_gmt":"2019-02-06T20:46:47","guid":{"rendered":"http:\/\/hortum.com.tr\/product\/import-placeholder-for-299\/"},"modified":"2024-03-21T17:44:53","modified_gmt":"2024-03-21T14:44:53","slug":"sari-te","status":"publish","type":"product","link":"https:\/\/tuzlahortum.com.tr\/en\/product\/sari-te\/","title":{"rendered":"Yellow Tee"},"content":{"rendered":"<h2>Yellow Tee<\/h2>","protected":false},"excerpt":{"rendered":"<p>Yellow Tee<\/p>","protected":false},"featured_media":3836,"comment_status":"open","ping_status":"closed","template":"","meta":[],"product_brand":[],"product_cat":[99],"product_tag":[465,478],"class_list":{"0":"post-610","1":"product","2":"type-product","3":"status-publish","4":"has-post-thumbnail","6":"product_cat-sari-fittings","7":"product_tag-sari","8":"product_tag-sari-te","10":"first","11":"instock","12":"taxable","13":"shipping-taxable","14":"product-type-variable"},"jetpack-related-posts":[{"id":22004,"url":"https:\/\/tuzlahortum.com.tr\/en\/product\/soma-17-bar-wp\/","url_meta":{"origin":610,"position":0},"title":"SOMA 17 BAR WP","author":"admin","date":"11 August 2025","format":false,"excerpt":"\u00a0 Product Name: SOMA 17 BAR WP Product Code: TBF87 Flame Retardant and Antistatic Hose Area of Use : High technology anti-static air and water supply hose designed for the mining industry. Bottom Layer : Conductive Black PVC Reinforcement Layer : High Tenacity Polyester Fiber Yarn. Top Layer : Abrasion Resistant Yellow...","rel":"","context":"Similar post","block_context":{"text":"Similar post","link":""},"img":{"alt_text":"","src":"https:\/\/i0.wp.com\/tuzlahortum.com.tr\/wp-content\/uploads\/2025\/08\/PVC_97.png?fit=449%2C449&ssl=1&resize=350%2C200","width":350,"height":200},"classes":[]},{"id":22814,"url":"https:\/\/tuzlahortum.com.tr\/en\/product\/soma-21-bar-wp\/","url_meta":{"origin":610,"position":1},"title":"SOMA 21 BAR WP","author":"admin","date":"11 August 2025","format":false,"excerpt":"\u00a0 Product Name: SOMA 21 BAR WP Product Code: TBF87 Flame Retardant and Antistatic Hose Area of Use : High technology antistatic air and water supply hose designed for the mining industry. Bottom Layer: Conductive Black PVC Reinforcement Layer: High Tenacity Polyester Fiber Yarn. Top Layer : Abrasion Resistant Yellow...","rel":"","context":"Similar post","block_context":{"text":"Similar post","link":""},"img":{"alt_text":"","src":"https:\/\/i0.wp.com\/tuzlahortum.com.tr\/wp-content\/uploads\/2025\/08\/PVC_97.png?fit=449%2C449&ssl=1&resize=350%2C200","width":350,"height":200},"classes":[]},{"id":22816,"url":"https:\/\/tuzlahortum.com.tr\/en\/product\/soma-25-bar-wp\/","url_meta":{"origin":610,"position":2},"title":"SOMA 25 BAR WP","author":"admin","date":"11 August 2025","format":false,"excerpt":"\u00a0 Product Name: SOMA 25 BAR WP Product Code: TBF87 Flame Retardant and Antistatic Hose Area of Use : High technology anti-static air and water supply hose designed for the mining industry. Bottom Layer : Conductive Black PVC Reinforcement Layer : High Tenacity Polyester Fiber Yarn. Top Layer : Abrasion Resistant Yellow...","rel":"","context":"Similar post","block_context":{"text":"Similar post","link":""},"img":{"alt_text":"","src":"https:\/\/i0.wp.com\/tuzlahortum.com.tr\/wp-content\/uploads\/2025\/08\/PVC_97.png?fit=449%2C449&ssl=1&resize=350%2C200","width":350,"height":200},"classes":[]},{"id":828,"url":"https:\/\/tuzlahortum.com.tr\/en\/product\/te-tipi-gri-toz-emis-hortumu-standart\/","url_meta":{"origin":610,"position":3},"title":"TE Type Gray Dust Suction Hose (STANDARD)","author":"admin","date":"6 February 2019","format":false,"excerpt":"TE Type Gray Suction Hose (STANDARD)\nFeatures: Can be used as a transmitter. Made of flexible transparent PVC with hard PVC reinforcement for high strength and maximum resistance to breakage. The inner surface is smooth, the outer surface is corrugated.\nWorking Temperature: -5\u00b0C to +60\u00b0C\nAreas of Use: For all kinds of air, smoke, gas, sawdust, etc. suction applications, especially in textile and furniture...","rel":"","context":"Similar post","block_context":{"text":"Similar post","link":""},"img":{"alt_text":"","src":"https:\/\/i0.wp.com\/tuzlahortum.com.tr\/wp-content\/uploads\/urunler\/plastik\/19.jpg?fit=588%2C373&ssl=1&resize=350%2C200","width":350,"height":200,"srcset":"https:\/\/i0.wp.com\/tuzlahortum.com.tr\/wp-content\/uploads\/urunler\/plastik\/19.jpg?fit=588%2C373&ssl=1&resize=350%2C200 1x, https:\/\/i0.wp.com\/tuzlahortum.com.tr\/wp-content\/uploads\/urunler\/plastik\/19.jpg?fit=588%2C373&ssl=1&resize=525%2C300 1.5x"},"classes":[]},{"id":866,"url":"https:\/\/tuzlahortum.com.tr\/en\/product\/te-tipi-gri-toz-emis-hortumu-orta-hizmet\/","url_meta":{"origin":610,"position":4},"title":"TE Type Gray Dust Suction Hose (MEDIUM DUTY)","author":"admin","date":"6 February 2019","format":false,"excerpt":"TE Tipi Gri Toz Emi\u015f Hortumu (ORTA H\u0130ZMET)\u00d6zellikler Verici olarak kullan\u0131labilir. Esnek \u015feffaf PVC, y\u00fcksek mukavemetli, k\u0131r\u0131lmaya kar\u015f\u0131 maksimum dayan\u0131kl\u0131 sert PVC takviyesiyle \u00fcretilmektedir. \u0130\u00e7 y\u00fczey d\u00fcz, d\u0131\u015f y\u00fczey bo\u011fumludur. \u00c7al\u0131\u015fma S\u0131cakl\u0131\u011f\u0131 -5\u00b0C ile +60\u00b0C aras\u0131 Kullan\u0131m Alanlar\u0131 Her t\u00fcrl\u00fc hava, duman, gaz, tala\u015f vb. emme i\u015flerinde \u00f6zellikle tekstil ve\u2026","rel":"","context":"Similar post","block_context":{"text":"Similar post","link":""},"img":{"alt_text":"","src":"https:\/\/i0.wp.com\/tuzlahortum.com.tr\/wp-content\/uploads\/urunler\/plastik\/19.jpg?fit=588%2C373&ssl=1&resize=350%2C200","width":350,"height":200,"srcset":"https:\/\/i0.wp.com\/tuzlahortum.com.tr\/wp-content\/uploads\/urunler\/plastik\/19.jpg?fit=588%2C373&ssl=1&resize=350%2C200 1x, https:\/\/i0.wp.com\/tuzlahortum.com.tr\/wp-content\/uploads\/urunler\/plastik\/19.jpg?fit=588%2C373&ssl=1&resize=525%2C300 1.5x"},"classes":[]},{"id":679,"url":"https:\/\/tuzlahortum.com.tr\/en\/product\/trelleborg-din-3-te\/","url_meta":{"origin":610,"position":5},"title":"Trelleborg DIN 3 TE","author":"admin","date":"6 February 2019","format":false,"excerpt":"Trelleborg DIN 3 TEHidrolik kontrol hatlar\u0131 Hidrolik kontrol hatlar\u0131 i\u00e7in tekstil takviyeli kau\u00e7uk hortum. Bas\u0131n\u00e7 alt\u0131ndaki hidrolik s\u0131v\u0131lar, ya\u011f, hava ve suyun tahliyesi. Avantajlar *Tekstil takviyesi sayesinde hafif ve esnektir. *Hidrolik hatlarda tire\u015fimleri engeller. *Hortum kapmalar\u0131 ya\u011f ve grese kar\u015f\u0131 son derece dayan\u0131kl\u0131d\u0131r. Teknik a\u00e7\u0131klama \u0130\u00e7 t\u00fcp :\u00a0ya\u011fa dayan\u0131kl\u0131 NBR,\u2026","rel":"","context":"Similar post","block_context":{"text":"Similar post","link":""},"img":{"alt_text":"","src":"https:\/\/i0.wp.com\/tuzlahortum.com.tr\/wp-content\/uploads\/2019\/02\/DIN-3TE.jpg?fit=800%2C800&ssl=1&resize=350%2C200","width":350,"height":200,"srcset":"https:\/\/i0.wp.com\/tuzlahortum.com.tr\/wp-content\/uploads\/2019\/02\/DIN-3TE.jpg?fit=800%2C800&ssl=1&resize=350%2C200 1x, https:\/\/i0.wp.com\/tuzlahortum.com.tr\/wp-content\/uploads\/2019\/02\/DIN-3TE.jpg?fit=800%2C800&ssl=1&resize=525%2C300 1.5x, https:\/\/i0.wp.com\/tuzlahortum.com.tr\/wp-content\/uploads\/2019\/02\/DIN-3TE.jpg?fit=800%2C800&ssl=1&resize=700%2C400 2x"},"classes":[]}],"jetpack_sharing_enabled":true,"jetpack_likes_enabled":true,"_links":{"self":[{"href":"https:\/\/tuzlahortum.com.tr\/en\/wp-json\/wp\/v2\/product\/610","targetHints":{"allow":["GET"]}}],"collection":[{"href":"https:\/\/tuzlahortum.com.tr\/en\/wp-json\/wp\/v2\/product"}],"about":[{"href":"https:\/\/tuzlahortum.com.tr\/en\/wp-json\/wp\/v2\/types\/product"}],"replies":[{"embeddable":true,"href":"https:\/\/tuzlahortum.com.tr\/en\/wp-json\/wp\/v2\/comments?post=610"}],"wp:featuredmedia":[{"embeddable":true,"href":"https:\/\/tuzlahortum.com.tr\/en\/wp-json\/wp\/v2\/media\/3836"}],"wp:attachment":[{"href":"https:\/\/tuzlahortum.com.tr\/en\/wp-json\/wp\/v2\/media?parent=610"}],"wp:term":[{"taxonomy":"product_brand","embeddable":true,"href":"https:\/\/tuzlahortum.com.tr\/en\/wp-json\/wp\/v2\/product_brand?post=610"},{"taxonomy":"product_cat","embeddable":true,"href":"https:\/\/tuzlahortum.com.tr\/en\/wp-json\/wp\/v2\/product_cat?post=610"},{"taxonomy":"product_tag","embeddable":true,"href":"https:\/\/tuzlahortum.com.tr\/en\/wp-json\/wp\/v2\/product_tag?post=610"}],"curies":[{"name":"wp","href":"https:\/\/api.w.org\/{rel}","templated":true}]}}