{"id":609,"date":"2019-02-06T23:46:47","date_gmt":"2019-02-06T20:46:47","guid":{"rendered":"http:\/\/hortum.com.tr\/product\/import-placeholder-for-291\/"},"modified":"2024-03-21T17:44:53","modified_gmt":"2024-03-21T14:44:53","slug":"sari-kose-rekor","status":"publish","type":"product","link":"https:\/\/tuzlahortum.com.tr\/en\/product\/sari-kose-rekor\/","title":{"rendered":"Yellow Corner Radiator Union"},"content":{"rendered":"<h2>Yellow Corner Radiator Union<\/h2>\n<div class=\"content-wrap\">\n<section id=\"genelozellikler\" class=\"content-current\">\n<p>ISO 9001 Quality System Certificate.<\/p>\n<p>ISO 228 Female X Female connection.<\/p>\n<p><img data-recalc-dims=\"1\" loading=\"lazy\" decoding=\"async\" class=\"size-full wp-image-4610 alignright\" src=\"https:\/\/i0.wp.com\/hortum.com.tr\/wp-content\/uploads\/2019\/02\/Sar%C4%B1-K%C3%B6%C5%9Fe-Radyat%C3%B6r-Rekoru-1.jpg?resize=520%2C350\" alt=\"\" width=\"520\" height=\"350\" title=\"\"><\/p>\n<p>Wide usage area for use in industrial, plumbing and irrigation systems.<\/p>\n<p>Temperature -10\u00b0C + 120\u00b0C<\/p>\n<p>\u00a0<\/p>\n<\/section>\n<\/div>\n<p>\u00a0<\/p>","protected":false},"excerpt":{"rendered":"<p>Sar\u0131 K\u00f6\u015fe Radyat\u00f6r Rekoru ISO 9001 Kalite Sistem Sertfikas\u0131. ISO 228 Di\u015fi X Di\u015fi ba\u011flant\u0131. End\u00fcstriyel, Tesisat ve sulama sistemlerinde kullan\u0131lmak \u00fczere geni\u015f kullan\u0131m alan\u0131. S\u0131cakl\u0131k -10\u00b0C + 120\u00b0C \u00a0 \u00a0<\/p>","protected":false},"featured_media":4609,"comment_status":"open","ping_status":"closed","template":"","meta":{"jetpack_post_was_ever_published":false},"product_brand":[],"product_cat":[99],"product_tag":[252,465,476,477],"class_list":{"0":"post-609","1":"product","2":"type-product","3":"status-publish","4":"has-post-thumbnail","6":"product_cat-sari-fittings","7":"product_tag-rekor","8":"product_tag-sari","9":"product_tag-sari-kose","10":"product_tag-sari-kose-rekor","12":"first","13":"instock","14":"taxable","15":"shipping-taxable","16":"product-type-variable"},"jetpack-related-posts":[{"id":755,"url":"https:\/\/tuzlahortum.com.tr\/en\/product\/sari-klape\/","url_meta":{"origin":609,"position":0},"title":"Yellow Flap","author":"admin","date":"6 February 2019","format":false,"excerpt":"Sar\u0131 Klape\u00a0 ISO 9001 Kalite Sistem Sertfikas\u0131. Maksimum ak\u0131\u015fkanl\u0131k i\u00e7in tam ge\u00e7i\u015f. ISO 228 Di\u015fi X Di\u015fi ba\u011flant\u0131. Maksimum g\u00fcvenlik i\u00e7in EPDM O-ring. End\u00fcstriyel, Tesisat ve sulama sistemlerinde kullan\u0131lmak \u00fczere geni\u015f kullan\u0131m alan\u0131. S\u0131cakl\u0131k -10\u00b0C + 50\u00b0C ANMA \u00d6L\u00c7\u00dcS\u00dc G (mm) d (mm) L (mm) 3\/4\" 20 18 90 1\"\u2026","rel":"","context":"Similar post","block_context":{"text":"Similar post","link":""},"img":{"alt_text":"","src":"https:\/\/i0.wp.com\/tuzlahortum.com.tr\/wp-content\/uploads\/2019\/02\/Sar%C4%B1-Klape.jpg?fit=520%2C350&ssl=1&resize=350%2C200","width":350,"height":200},"classes":[]},{"id":603,"url":"https:\/\/tuzlahortum.com.tr\/en\/product\/sari-disi-hortum-rekoru\/","url_meta":{"origin":609,"position":1},"title":"Yellow Female Hose Union","author":"admin","date":"6 February 2019","format":false,"excerpt":"Yellow Female Hose Union","rel":"","context":"Similar post","block_context":{"text":"Similar post","link":""},"img":{"alt_text":"","src":"https:\/\/i0.wp.com\/tuzlahortum.com.tr\/wp-content\/uploads\/2019\/02\/disihortumrekor-300x300.jpg?fit=300%2C300&ssl=1&resize=350%2C200","width":350,"height":200},"classes":[]},{"id":8168,"url":"https:\/\/tuzlahortum.com.tr\/en\/product\/sari-su-jak-cesitleri-erkek-disigovde-uc\/","url_meta":{"origin":609,"position":2},"title":"Yellow Water Jack Types (Male-Female,Body-Tip)","author":"\u0130smail \u00c7elik","date":"15 March 2019","format":false,"excerpt":"Yellow Water Jack Types (Male-Female,Body-Tip)","rel":"","context":"Similar post","block_context":{"text":"Similar post","link":""},"img":{"alt_text":"","src":"https:\/\/i0.wp.com\/tuzlahortum.com.tr\/wp-content\/uploads\/2019\/03\/sar%C4%B1-su-jak%C4%B1-600-x-800.jpg?fit=600%2C800&ssl=1&resize=350%2C200","width":350,"height":200,"srcset":"https:\/\/i0.wp.com\/tuzlahortum.com.tr\/wp-content\/uploads\/2019\/03\/sar%C4%B1-su-jak%C4%B1-600-x-800.jpg?fit=600%2C800&ssl=1&resize=350%2C200 1x, https:\/\/i0.wp.com\/tuzlahortum.com.tr\/wp-content\/uploads\/2019\/03\/sar%C4%B1-su-jak%C4%B1-600-x-800.jpg?fit=600%2C800&ssl=1&resize=525%2C300 1.5x"},"classes":[]},{"id":7264,"url":"https:\/\/tuzlahortum.com.tr\/en\/product\/sari-hava-jak-cesitleri-erkek-disigovde-uc\/","url_meta":{"origin":609,"position":3},"title":"Yellow Air Jack Types (Male-Female,Body-Tip)","author":"\u0130smail \u00c7elik","date":"8 March 2019","format":false,"excerpt":"Yellow Air Jack Types (Male-Female,Body-Tip)","rel":"","context":"Similar post","block_context":{"text":"Similar post","link":""},"img":{"alt_text":"","src":"https:\/\/i0.wp.com\/tuzlahortum.com.tr\/wp-content\/uploads\/2019\/03\/sar%C4%B1-hava-jak2.jpg?fit=628%2C830&ssl=1&resize=350%2C200","width":350,"height":200,"srcset":"https:\/\/i0.wp.com\/tuzlahortum.com.tr\/wp-content\/uploads\/2019\/03\/sar%C4%B1-hava-jak2.jpg?fit=628%2C830&ssl=1&resize=350%2C200 1x, https:\/\/i0.wp.com\/tuzlahortum.com.tr\/wp-content\/uploads\/2019\/03\/sar%C4%B1-hava-jak2.jpg?fit=628%2C830&ssl=1&resize=525%2C300 1.5x"},"classes":[]},{"id":8181,"url":"https:\/\/tuzlahortum.com.tr\/en\/product\/sari-su-jak-cesitleri-hortumgovde-uc\/","url_meta":{"origin":609,"position":4},"title":"Yellow Water Jack Types (Hose, Body-Tip)","author":"\u0130smail \u00c7elik","date":"15 March 2019","format":false,"excerpt":"Yellow Water Jack Types (Hose, Body-Tip)","rel":"","context":"Similar post","block_context":{"text":"Similar post","link":""},"img":{"alt_text":"","src":"https:\/\/i0.wp.com\/tuzlahortum.com.tr\/wp-content\/uploads\/2019\/03\/sar%C4%B1-su-jak%C4%B1-600-x-800.jpg?fit=600%2C800&ssl=1&resize=350%2C200","width":350,"height":200,"srcset":"https:\/\/i0.wp.com\/tuzlahortum.com.tr\/wp-content\/uploads\/2019\/03\/sar%C4%B1-su-jak%C4%B1-600-x-800.jpg?fit=600%2C800&ssl=1&resize=350%2C200 1x, https:\/\/i0.wp.com\/tuzlahortum.com.tr\/wp-content\/uploads\/2019\/03\/sar%C4%B1-su-jak%C4%B1-600-x-800.jpg?fit=600%2C800&ssl=1&resize=525%2C300 1.5x"},"classes":[]},{"id":810,"url":"https:\/\/tuzlahortum.com.tr\/en\/product\/pislik-tutucu\/","url_meta":{"origin":609,"position":5},"title":"Strainer","author":"admin","date":"6 February 2019","format":false,"excerpt":"Pislik TutucuISO 9001 Kalite Sistem Sertfikas\u0131.ISO 228 Di\u015fi X Di\u015fi ba\u011flant\u0131.End\u00fcstriyel, Tesisat ve sulama sistemlerinde kullan\u0131lmak \u00fczere geni\u015f kullan\u0131m alan\u0131.S\u0131cakl\u0131k -10\u00b0C + 120\u00b0C","rel":"","context":"Similar post","block_context":{"text":"Similar post","link":""},"img":{"alt_text":"","src":"https:\/\/i0.wp.com\/tuzlahortum.com.tr\/wp-content\/uploads\/urunler\/vanalar\/pisliktutucu.png?fit=367%2C210&ssl=1&resize=350%2C200","width":350,"height":200},"classes":[]}],"jetpack_sharing_enabled":true,"jetpack_likes_enabled":true,"_links":{"self":[{"href":"https:\/\/tuzlahortum.com.tr\/en\/wp-json\/wp\/v2\/product\/609","targetHints":{"allow":["GET"]}}],"collection":[{"href":"https:\/\/tuzlahortum.com.tr\/en\/wp-json\/wp\/v2\/product"}],"about":[{"href":"https:\/\/tuzlahortum.com.tr\/en\/wp-json\/wp\/v2\/types\/product"}],"replies":[{"embeddable":true,"href":"https:\/\/tuzlahortum.com.tr\/en\/wp-json\/wp\/v2\/comments?post=609"}],"wp:featuredmedia":[{"embeddable":true,"href":"https:\/\/tuzlahortum.com.tr\/en\/wp-json\/wp\/v2\/media\/4609"}],"wp:attachment":[{"href":"https:\/\/tuzlahortum.com.tr\/en\/wp-json\/wp\/v2\/media?parent=609"}],"wp:term":[{"taxonomy":"product_brand","embeddable":true,"href":"https:\/\/tuzlahortum.com.tr\/en\/wp-json\/wp\/v2\/product_brand?post=609"},{"taxonomy":"product_cat","embeddable":true,"href":"https:\/\/tuzlahortum.com.tr\/en\/wp-json\/wp\/v2\/product_cat?post=609"},{"taxonomy":"product_tag","embeddable":true,"href":"https:\/\/tuzlahortum.com.tr\/en\/wp-json\/wp\/v2\/product_tag?post=609"}],"curies":[{"name":"wp","href":"https:\/\/api.w.org\/{rel}","templated":true}]}}