{"id":597,"date":"2019-02-06T23:46:31","date_gmt":"2019-02-06T20:46:31","guid":{"rendered":"http:\/\/hortum.com.tr\/product\/import-placeholder-for-576\/"},"modified":"2024-03-21T17:45:03","modified_gmt":"2024-03-21T14:45:03","slug":"galvaniz-demir-hortum-rekoru","status":"publish","type":"product","link":"https:\/\/tuzlahortum.com.tr\/en\/product\/galvaniz-demir-hortum-rekoru\/","title":{"rendered":"Galvanized Iron Hose Coupling"},"content":{"rendered":"<h2>Galvanized Iron Hose Coupling<\/h2>\n<table>\n<tbody>\n<tr>\n<td><\/td>\n<td>Product Size<\/td>\n<td>Number of parcels<\/td>\n<td><\/td>\n<\/tr>\n<tr>\n<td><\/td>\n<td>1\/2\u2033<\/td>\n<td>100<\/td>\n<td><\/td>\n<\/tr>\n<tr>\n<td><\/td>\n<td>3\/4\u2033<\/td>\n<td>80<\/td>\n<td><\/td>\n<\/tr>\n<tr>\n<td><\/td>\n<td>1\u2033<\/td>\n<td>100<\/td>\n<td><\/td>\n<\/tr>\n<tr>\n<td><\/td>\n<td>1\u00bc\u201d<\/td>\n<td>60<\/td>\n<td><\/td>\n<\/tr>\n<tr>\n<td><\/td>\n<td>1\u00bd\u201d<\/td>\n<td>40<\/td>\n<td><\/td>\n<\/tr>\n<tr>\n<td><\/td>\n<td>2\u2033<\/td>\n<td>40<\/td>\n<td><\/td>\n<\/tr>\n<tr>\n<td><\/td>\n<td>2\u00bd\u201d<\/td>\n<td>25<\/td>\n<td><\/td>\n<\/tr>\n<tr>\n<td><\/td>\n<td>3\u2033<\/td>\n<td>24<\/td>\n<td><\/td>\n<\/tr>\n<tr>\n<td><\/td>\n<td>4\u2033<\/td>\n<td>24<\/td>\n<td><\/td>\n<\/tr>\n<tr>\n<td><\/td>\n<td>5\u2033<\/td>\n<td>6<\/td>\n<td><\/td>\n<\/tr>\n<tr>\n<td><\/td>\n<td>6\u2033<\/td>\n<td>5<\/td>\n<td><\/td>\n<\/tr>\n<tr>\n<td><\/td>\n<td>8\u2033<\/td>\n<td><\/td>\n<td><\/td>\n<\/tr>\n<tr>\n<td><\/td>\n<td>10\u2033<\/td>\n<td><\/td>\n<\/tr>\n<\/tbody>\n<\/table>","protected":false},"excerpt":{"rendered":"<p>Galvaniz Demir Hortum Rekoru \u00dcr\u00fcn \u00d6l\u00e7\u00fcs\u00fc Koli Adeti 1\/2&#8243; 100 3\/4&#8243; 80 1&#8243; 100 1\u00bc&#8221; 60 1\u00bd&#8221; 40 2&#8243; 40 2\u00bd&#8221; 25 3&#8243; 24 4&#8243; 24 5&#8243; 6 6&#8243; 5 8&#8243; 10&#8243;<\/p>","protected":false},"featured_media":1373,"comment_status":"open","ping_status":"closed","template":"","meta":{"jetpack_post_was_ever_published":false},"product_brand":[],"product_cat":[98],"product_tag":[457,456,458,290,252],"class_list":{"0":"post-597","1":"product","2":"type-product","3":"status-publish","4":"has-post-thumbnail","6":"product_cat-galvaniz-fittings","7":"product_tag-demir","8":"product_tag-galvaniz","9":"product_tag-galvaniz-demir-hortum-rekoru","10":"product_tag-hortum","11":"product_tag-rekor","13":"first","14":"instock","15":"taxable","16":"shipping-taxable","17":"product-type-variable"},"jetpack-related-posts":[{"id":625,"url":"https:\/\/tuzlahortum.com.tr\/en\/product\/galvaniz-demir-hortum-ekleme-rekoru\/","url_meta":{"origin":597,"position":0},"title":"Galvanized Iron Hose Fitting Union","author":"admin","date":"6 February 2019","format":false,"excerpt":"Galvanized Iron Hose Fitting Union","rel":"","context":"Similar post","block_context":{"text":"Similar post","link":""},"img":{"alt_text":"","src":"https:\/\/i0.wp.com\/tuzlahortum.com.tr\/wp-content\/uploads\/2019\/02\/Galvaniz-Demir-Hortum-Ekleme-Rekoru-300x300.jpg?fit=300%2C300&ssl=1&resize=350%2C200","width":350,"height":200},"classes":[]},{"id":665,"url":"https:\/\/tuzlahortum.com.tr\/en\/product\/tc-28\/","url_meta":{"origin":597,"position":1},"title":"TC 28","author":"admin","date":"6 February 2019","format":false,"excerpt":"TC 28MATERYAL: Hortum Cidar\u0131 : \u00d6zel kaplamal\u0131 E-Camelyaf \u2022 A\u011f\u0131rl\u0131k : 490 gr\/m2 \u2022 \u00c7ekme Dayan\u0131m\u0131: Warp 1100 N\/cm, Weft 700 N\/cm \u2022 Kal\u0131nl\u0131k : 0.45 mm \u2022 Renk : Gri \u2022 Kaplama : \u00c7ift taraf\u0131 30 gr\/m2 Gri poli\u00fcretan kaplama \u2022 Alev S\u0131n\u0131f\u0131 : DIN 66083 D\u0131\u015f Spiaral :\u2026","rel":"","context":"Similar post","block_context":{"text":"Similar post","link":""},"img":{"alt_text":"","src":"https:\/\/i0.wp.com\/tuzlahortum.com.tr\/wp-content\/uploads\/2019\/03\/TC-28.jpg?fit=600%2C450&ssl=1&resize=350%2C200","width":350,"height":200,"srcset":"https:\/\/i0.wp.com\/tuzlahortum.com.tr\/wp-content\/uploads\/2019\/03\/TC-28.jpg?fit=600%2C450&ssl=1&resize=350%2C200 1x, https:\/\/i0.wp.com\/tuzlahortum.com.tr\/wp-content\/uploads\/2019\/03\/TC-28.jpg?fit=600%2C450&ssl=1&resize=525%2C300 1.5x"},"classes":[]},{"id":3243,"url":"https:\/\/tuzlahortum.com.tr\/en\/product\/galvaniz-reduksiyon\/","url_meta":{"origin":597,"position":2},"title":"Galvanized Reduction","author":"\u0130smail \u00c7elik","date":"19 February 2019","format":false,"excerpt":"Galvanized Reduction","rel":"","context":"Similar post","block_context":{"text":"Similar post","link":""},"img":{"alt_text":"","src":"https:\/\/i0.wp.com\/tuzlahortum.com.tr\/wp-content\/uploads\/2019\/02\/Galvaniz-Red%C3%BCksiyon-1.jpg?fit=600%2C600&ssl=1&resize=350%2C200","width":350,"height":200,"srcset":"https:\/\/i0.wp.com\/tuzlahortum.com.tr\/wp-content\/uploads\/2019\/02\/Galvaniz-Red%C3%BCksiyon-1.jpg?fit=600%2C600&ssl=1&resize=350%2C200 1x, https:\/\/i0.wp.com\/tuzlahortum.com.tr\/wp-content\/uploads\/2019\/02\/Galvaniz-Red%C3%BCksiyon-1.jpg?fit=600%2C600&ssl=1&resize=525%2C300 1.5x"},"classes":[]},{"id":3264,"url":"https:\/\/tuzlahortum.com.tr\/en\/product\/galvaniz-manson\/","url_meta":{"origin":597,"position":3},"title":"Galvanized Manson","author":"\u0130smail \u00c7elik","date":"19 February 2019","format":false,"excerpt":"Galvanized Manson","rel":"","context":"Similar post","block_context":{"text":"Similar post","link":""},"img":{"alt_text":"","src":"https:\/\/i0.wp.com\/tuzlahortum.com.tr\/wp-content\/uploads\/2019\/02\/Galvaniz-Manson.jpg?fit=600%2C600&ssl=1&resize=350%2C200","width":350,"height":200,"srcset":"https:\/\/i0.wp.com\/tuzlahortum.com.tr\/wp-content\/uploads\/2019\/02\/Galvaniz-Manson.jpg?fit=600%2C600&ssl=1&resize=350%2C200 1x, https:\/\/i0.wp.com\/tuzlahortum.com.tr\/wp-content\/uploads\/2019\/02\/Galvaniz-Manson.jpg?fit=600%2C600&ssl=1&resize=525%2C300 1.5x"},"classes":[]},{"id":3284,"url":"https:\/\/tuzlahortum.com.tr\/en\/product\/galvaniz-dirsek\/","url_meta":{"origin":597,"position":4},"title":"Galvanized Elbow","author":"\u0130smail \u00c7elik","date":"19 February 2019","format":false,"excerpt":"Galvanized Elbow","rel":"","context":"Similar post","block_context":{"text":"Similar post","link":""},"img":{"alt_text":"","src":"https:\/\/i0.wp.com\/tuzlahortum.com.tr\/wp-content\/uploads\/2019\/02\/Galvaniz-Dirsek-1.jpg?fit=600%2C600&ssl=1&resize=350%2C200","width":350,"height":200,"srcset":"https:\/\/i0.wp.com\/tuzlahortum.com.tr\/wp-content\/uploads\/2019\/02\/Galvaniz-Dirsek-1.jpg?fit=600%2C600&ssl=1&resize=350%2C200 1x, https:\/\/i0.wp.com\/tuzlahortum.com.tr\/wp-content\/uploads\/2019\/02\/Galvaniz-Dirsek-1.jpg?fit=600%2C600&ssl=1&resize=525%2C300 1.5x"},"classes":[]},{"id":3304,"url":"https:\/\/tuzlahortum.com.tr\/en\/product\/galvaniz-te\/","url_meta":{"origin":597,"position":5},"title":"Galvanized Tee","author":"\u0130smail \u00c7elik","date":"19 February 2019","format":false,"excerpt":"Galvanized Tee","rel":"","context":"Similar post","block_context":{"text":"Similar post","link":""},"img":{"alt_text":"","src":"https:\/\/i0.wp.com\/tuzlahortum.com.tr\/wp-content\/uploads\/2019\/02\/Galvaniz-Te-1.jpg?fit=600%2C600&ssl=1&resize=350%2C200","width":350,"height":200,"srcset":"https:\/\/i0.wp.com\/tuzlahortum.com.tr\/wp-content\/uploads\/2019\/02\/Galvaniz-Te-1.jpg?fit=600%2C600&ssl=1&resize=350%2C200 1x, https:\/\/i0.wp.com\/tuzlahortum.com.tr\/wp-content\/uploads\/2019\/02\/Galvaniz-Te-1.jpg?fit=600%2C600&ssl=1&resize=525%2C300 1.5x"},"classes":[]}],"jetpack_sharing_enabled":true,"jetpack_likes_enabled":true,"_links":{"self":[{"href":"https:\/\/tuzlahortum.com.tr\/en\/wp-json\/wp\/v2\/product\/597","targetHints":{"allow":["GET"]}}],"collection":[{"href":"https:\/\/tuzlahortum.com.tr\/en\/wp-json\/wp\/v2\/product"}],"about":[{"href":"https:\/\/tuzlahortum.com.tr\/en\/wp-json\/wp\/v2\/types\/product"}],"replies":[{"embeddable":true,"href":"https:\/\/tuzlahortum.com.tr\/en\/wp-json\/wp\/v2\/comments?post=597"}],"wp:featuredmedia":[{"embeddable":true,"href":"https:\/\/tuzlahortum.com.tr\/en\/wp-json\/wp\/v2\/media\/1373"}],"wp:attachment":[{"href":"https:\/\/tuzlahortum.com.tr\/en\/wp-json\/wp\/v2\/media?parent=597"}],"wp:term":[{"taxonomy":"product_brand","embeddable":true,"href":"https:\/\/tuzlahortum.com.tr\/en\/wp-json\/wp\/v2\/product_brand?post=597"},{"taxonomy":"product_cat","embeddable":true,"href":"https:\/\/tuzlahortum.com.tr\/en\/wp-json\/wp\/v2\/product_cat?post=597"},{"taxonomy":"product_tag","embeddable":true,"href":"https:\/\/tuzlahortum.com.tr\/en\/wp-json\/wp\/v2\/product_tag?post=597"}],"curies":[{"name":"wp","href":"https:\/\/api.w.org\/{rel}","templated":true}]}}